{"id":3843,"date":"2024-08-03T07:10:12","date_gmt":"2024-08-03T07:10:12","guid":{"rendered":"https:\/\/rental-car.company\/?page_id=3843"},"modified":"2024-08-03T07:10:12","modified_gmt":"2024-08-03T07:10:12","slug":"auto-a-noleggio-per-il-viaggio-in-auto","status":"publish","type":"page","link":"https:\/\/rental-car.company\/it\/auto-a-noleggio-per-il-viaggio-in-auto\/","title":{"rendered":"Auto a noleggio per il viaggio in auto: Tutto quello che c'\u00e8 da sapere"},"content":{"rendered":"<div class=\"wpb-content-wrapper\"><h2>Perch\u00e9 noleggiare un'auto \u00e8 l'opzione migliore per il vostro viaggio in macchina<\/h2>\n<p>Avete in programma un viaggio in auto nel prossimo futuro? Una delle decisioni pi\u00f9 importanti che dovrete prendere \u00e8 se usare la vostra auto o noleggiarne una. Sebbene l'uso della propria auto possa sembrare l'opzione pi\u00f9 conveniente, ci sono molti vantaggi nel noleggiare un'auto appositamente per il vostro viaggio. In questo articolo analizzeremo perch\u00e9 noleggiare un'auto \u00e8 la scelta migliore per il vostro prossimo viaggio in auto.<\/p>\n<div class=\"vc_row wpb_row vc_row-fluid\"><div class=\"wpb_column vc_column_container vc_col-sm-12\"><div class=\"vc_column-inner\"><div class=\"wpb_wrapper\">\n\t<div class=\"wpb_text_column wpb_content_element\" >\n\t\t<div class=\"wpb_wrapper\">\n\t\t\t<p><script id=\"dchwidget\" src=\"https:\/\/www.discovercars.com\/wg.js\" async=\"\" data-dev-env=\"com\" data-location=\"\" data-lang=\"en\" data-utm-source=\"malina\" data-utm-medium=\"widget\" data-aff-code=\"a_aid\" data-autocomplete=\"on\" data-style-submit-bg-color=\"00A200\" data-style-submit-font-color=\"white\" data-style-form-bg-color=\"FAD130\" data-style-form-font-color=\"333\" data-style-submit-text=\"Search now\"><\/script><\/p>\n\n\t\t<\/div>\n\t<\/div>\n<\/div><\/div><\/div><\/div>\n<p>&nbsp;<\/p>\n<h2>Scoprire l'auto a noleggio per il viaggio in auto<\/h2>\n<p><img loading=\"lazy\" decoding=\"async\" class=\"alignleft\" src=\"\/wp-content\/uploads\/images\/rent_car_461.png\" alt=\"auto a noleggio per il viaggio in auto\" width=\"350\" height=\"350\" \/><\/p>\n<p>Quando si parla di auto a noleggio, le opzioni disponibili sono molte. La maggior parte delle grandi citt\u00e0 ha diverse societ\u00e0 di autonoleggio che offrono vari tipi di veicoli, dalle auto economiche ai SUV di lusso. Questo vi permette di scegliere il veicolo perfetto per le vostre esigenze e il vostro budget per il vostro viaggio.<\/p>\n<p>Le auto a noleggio offrono anche vantaggi aggiuntivi, come la copertura assicurativa e l'assistenza stradale, che possono garantirvi la massima tranquillit\u00e0 durante il viaggio. Inoltre, la maggior parte delle societ\u00e0 di autonoleggio offre opzioni di chilometraggio illimitato, in modo da poter guidare quanto si vuole senza preoccuparsi di costi aggiuntivi.<\/p>\n<p>Quando si tratta di pianificare un viaggio in auto, una delle maggiori preoccupazioni \u00e8 la quantit\u00e0 di bagagli e attrezzature che si possono trasportare in auto. Con le auto a noleggio, avete accesso a veicoli di diverse dimensioni e tipologie che possono ospitare comodamente tutti i vostri effetti personali. Questo facilita i gruppi pi\u00f9 numerosi o le famiglie che hanno bisogno di pi\u00f9 spazio.<\/p>\n<h3>I vantaggi del noleggio di un'auto per il vostro viaggio in auto<\/h3>\n<p>- Nessuna usura del veicolo personale: Utilizzando un'auto a noleggio appositamente per il vostro viaggio in auto, potrete evitare di fare chilometri in pi\u00f9 con il vostro veicolo e prevenire qualsiasi potenziale usura.<br \/>\n- Pi\u00f9 opzioni: Come gi\u00e0 accennato, le societ\u00e0 di autonoleggio offrono numerosi tipi di veicoli che rispondono a esigenze e budget diversi.<br \/>\n- Convenienza: Noleggiare un'auto per il vostro viaggio vi permette di viaggiare senza stress, senza preoccuparvi della manutenzione e della cura del vostro veicolo.<br \/>\n- Economico: A seconda della lunghezza del viaggio, il noleggio di un'auto pu\u00f2 essere pi\u00f9 conveniente rispetto all'utilizzo del proprio veicolo. Questo vale soprattutto per i viaggi pi\u00f9 lunghi, in cui \u00e8 necessario tenere conto di benzina, manutenzione e altre spese.<\/p>\n<h3>I contro del noleggio di un'auto per il vostro viaggio in macchina<\/h3>\n<p>- Costi aggiuntivi: Sebbene le compagnie di autonoleggio offrano tariffe competitive, ci sono costi aggiuntivi, come la copertura assicurativa e gli optional, che possono aumentare il costo complessivo del noleggio di un'auto.<br \/>\n- Flessibilit\u00e0 limitata: Con le auto a noleggio, siete vincolati da limiti di tempo e di chilometraggio. Questo potrebbe non essere l'ideale se volete avere una maggiore flessibilit\u00e0 durante il vostro viaggio.<\/p>\n<h4>Domande frequenti<\/h4>\n<p><img loading=\"lazy\" decoding=\"async\" class=\"alignright\" src=\"\/wp-content\/uploads\/images\/rent_car_1128.png\" alt=\"auto a noleggio per il viaggio in auto\" width=\"350\" height=\"350\" \/><\/p>\n<p>D: Ho bisogno di un'assicurazione quando noleggio un'auto?<br \/>\nR: La maggior parte delle societ\u00e0 di autonoleggio offre una copertura assicurativa come parte dei pacchetti di noleggio. Tuttavia, \u00e8 sempre meglio verificare con la compagnia prima di prenotare.<\/p>\n<p>D: Posso noleggiare un'auto con chilometraggio illimitato?<br \/>\nR: Molte societ\u00e0 di autonoleggio offrono opzioni di chilometraggio illimitato per i loro veicoli. \u00c8 importante chiarire questo aspetto con la compagnia prima di prenotare.<\/p>\n<p>D: Quanti anni devo avere per noleggiare un'auto?<br \/>\nR: L'et\u00e0 minima richiesta varia a seconda dello Stato e del Paese. La maggior parte delle societ\u00e0 di autonoleggio richiede che i conducenti abbiano almeno 21 anni, mentre alcune possono avere requisiti di et\u00e0 pi\u00f9 elevati o applicare una tariffa aggiuntiva per i conducenti di et\u00e0 inferiore ai 25 anni.<\/p>\n<p>In conclusione, noleggiare un'auto appositamente per il viaggio pu\u00f2 offrire numerosi vantaggi, come la comodit\u00e0, l'economicit\u00e0 e l'accesso a diversi tipi di veicoli. Sebbene vi siano alcuni svantaggi associati al noleggio di un'auto, questi possono essere facilmente superati dai vantaggi, a seconda delle vostre specifiche esigenze e circostanze. Quindi, prima di mettervi in viaggio per la vostra prossima avventura, prendete in considerazione il noleggio di un'auto e godetevi un viaggio senza stress.<\/p>\n<\/div>","protected":false},"excerpt":{"rendered":"<p>Why Renting a Car is the Best Option for Your Road Trip Are you planning a road trip in the near future? One of the most important decisions you will have to make is whether to use your own car or rent one. While using your own car may seem like the more convenient option, [&hellip;]<\/p>\n","protected":false},"author":1,"featured_media":3007,"parent":0,"menu_order":0,"comment_status":"closed","ping_status":"closed","template":"","meta":{"rs_blank_template":"","rs_page_bg_color":"","slide_template_v7":"","footnotes":""},"categories":[1],"tags":[],"class_list":["post-3843","page","type-page","status-publish","has-post-thumbnail","hentry","category-blog"],"_links":{"self":[{"href":"https:\/\/rental-car.company\/it\/wp-json\/wp\/v2\/pages\/3843","targetHints":{"allow":["GET"]}}],"collection":[{"href":"https:\/\/rental-car.company\/it\/wp-json\/wp\/v2\/pages"}],"about":[{"href":"https:\/\/rental-car.company\/it\/wp-json\/wp\/v2\/types\/page"}],"author":[{"embeddable":true,"href":"https:\/\/rental-car.company\/it\/wp-json\/wp\/v2\/users\/1"}],"replies":[{"embeddable":true,"href":"https:\/\/rental-car.company\/it\/wp-json\/wp\/v2\/comments?post=3843"}],"version-history":[{"count":0,"href":"https:\/\/rental-car.company\/it\/wp-json\/wp\/v2\/pages\/3843\/revisions"}],"wp:featuredmedia":[{"embeddable":true,"href":"https:\/\/rental-car.company\/it\/wp-json\/wp\/v2\/media\/3007"}],"wp:attachment":[{"href":"https:\/\/rental-car.company\/it\/wp-json\/wp\/v2\/media?parent=3843"}],"wp:term":[{"taxonomy":"category","embeddable":true,"href":"https:\/\/rental-car.company\/it\/wp-json\/wp\/v2\/categories?post=3843"},{"taxonomy":"post_tag","embeddable":true,"href":"https:\/\/rental-car.company\/it\/wp-json\/wp\/v2\/tags?post=3843"}],"curies":[{"name":"wp","href":"https:\/\/api.w.org\/{rel}","templated":true}]}}