{"id":3859,"date":"2024-08-03T10:06:10","date_gmt":"2024-08-03T10:06:10","guid":{"rendered":"https:\/\/rental-car.company\/?page_id=3859"},"modified":"2024-08-03T10:06:10","modified_gmt":"2024-08-03T10:06:10","slug":"noleggio-auto-norvegia","status":"publish","type":"page","link":"https:\/\/rental-car.company\/it\/noleggio-auto-norvegia\/","title":{"rendered":"Noleggio auto Norvegia - Esplorate la bellezza di questo paese panoramico"},"content":{"rendered":"<div class=\"wpb-content-wrapper\"><h2>Noleggiare un'auto in Norvegia: Il vostro biglietto per la libert\u00e0<\/h2>\n<p>State programmando un viaggio in Norvegia e vi state chiedendo come fare per spostarvi? Non cercate altro che il noleggio auto in Norvegia. Con i suoi paesaggi mozzafiato, le sue citt\u00e0 affascinanti e la sua cultura unica, questo Paese scandinavo si vive al meglio in auto. Noleggiare un'auto in Norvegia vi dar\u00e0 la libert\u00e0 e la flessibilit\u00e0 di esplorare al vostro ritmo e di vedere tutto ci\u00f2 che questo splendido Paese ha da offrire.<\/p>\n<div class=\"vc_row wpb_row vc_row-fluid\"><div class=\"wpb_column vc_column_container vc_col-sm-12\"><div class=\"vc_column-inner\"><div class=\"wpb_wrapper\">\n\t<div class=\"wpb_text_column wpb_content_element\" >\n\t\t<div class=\"wpb_wrapper\">\n\t\t\t<p><script id=\"dchwidget\" src=\"https:\/\/www.discovercars.com\/wg.js\" async=\"\" data-dev-env=\"com\" data-location=\"\" data-lang=\"en\" data-utm-source=\"malina\" data-utm-medium=\"widget\" data-aff-code=\"a_aid\" data-autocomplete=\"on\" data-style-submit-bg-color=\"00A200\" data-style-submit-font-color=\"white\" data-style-form-bg-color=\"FAD130\" data-style-form-font-color=\"333\" data-style-submit-text=\"Search now\"><\/script><\/p>\n\n\t\t<\/div>\n\t<\/div>\n<\/div><\/div><\/div><\/div>\n<p>&nbsp;<\/p>\n<h2>Scoprire il noleggio auto in Norvegia<\/h2>\n<p><img loading=\"lazy\" decoding=\"async\" class=\"alignleft\" src=\"\/wp-content\/uploads\/images\/rent_car_1067.png\" alt=\"noleggio auto norvegia\" width=\"350\" height=\"350\" \/><\/p>\n<p>Quando si tratta di noleggiare un'auto in Norvegia, ci sono molte opzioni disponibili. Potete scegliere tra le principali compagnie di noleggio internazionali come Hertz, Avis e Budget o optare per compagnie locali come Rent-A-Wreck o Sixt. Queste societ\u00e0 hanno filiali nei principali aeroporti e citt\u00e0 del Paese, il che rende facile il ritiro dell'auto a noleggio al vostro arrivo.<\/p>\n<p>Una cosa da tenere presente quando si noleggia un'auto in Norvegia \u00e8 che pu\u00f2 essere piuttosto costosa rispetto ad altri Paesi europei. Tuttavia, la convenienza e la flessibilit\u00e0 che offre valgono il costo. Inoltre, con una pianificazione adeguata e prenotando in anticipo, \u00e8 possibile trovare buone offerte sulle auto a noleggio.<\/p>\n<h3>Parole chiave correlate per \"noleggio auto in Norvegia\".<\/h3>\n<p>- Noleggiare un'auto in Norvegia<br \/>\n- Noleggio auto in Norvegia<br \/>\n- Viaggio in Norvegia<br \/>\n- Regole di guida in Norvegia<\/p>\n<h4>Pro e contro<\/h4>\n<p>Pro:<br \/>\n- Libert\u00e0 e flessibilit\u00e0 di esplorare al proprio ritmo<br \/>\n- Accesso a zone remote non facilmente raggiungibili con i mezzi di trasporto pubblico<br \/>\n- Possibilit\u00e0 di fare giri panoramici attraverso paesaggi mozzafiato<br \/>\n- Comodit\u00e0 di ritiro dell'auto a noleggio nei principali aeroporti o citt\u00e0<\/p>\n<p>Contro:<br \/>\n- Pu\u00f2 essere costoso rispetto ad altri paesi europei<br \/>\n- Elevati costi del carburante (la benzina \u00e8 pi\u00f9 costosa rispetto alla maggior parte dei paesi)<br \/>\n- Condizioni di guida difficili in inverno (a causa di neve e ghiaccio)<\/p>\n<h4>FAQ<\/h4>\n<p><img loading=\"lazy\" decoding=\"async\" class=\"alignright\" src=\"\/wp-content\/uploads\/images\/rent_car_1424.png\" alt=\"noleggio auto norvegia\" width=\"350\" height=\"350\" \/><\/p>\n<h5>1. Di quali documenti ho bisogno per noleggiare un'auto in Norvegia?<\/h5>\n<p>Per noleggiare un'auto in Norvegia \u00e8 necessario avere una patente di guida valida, un passaporto e una carta di credito. Alcune societ\u00e0 di noleggio potrebbero richiedere anche un permesso di guida internazionale.<\/p>\n<h5>2. Ci sono restrizioni di et\u00e0 per noleggiare un'auto in Norvegia?<\/h5>\n<p>L'et\u00e0 minima per noleggiare un'auto in Norvegia \u00e8 solitamente di 21 anni, ma alcune societ\u00e0 di noleggio possono avere requisiti di et\u00e0 pi\u00f9 elevati.<\/p>\n<h5>3. Quali sono le regole per la guida in Norvegia?<\/h5>\n<p>In Norvegia si guida sul lato destro della strada e si sorpassa sul lato sinistro. I limiti di velocit\u00e0 sono rigorosamente rispettati e possono variare a seconda del tipo di strada e delle condizioni atmosferiche. \u00c8 inoltre obbligatorio utilizzare sempre i fari durante la guida.<\/p>\n<h5>4. \u00c8 necessario acquistare un'assicurazione aggiuntiva quando si noleggia un'auto in Norvegia?<\/h5>\n<p>La maggior parte delle auto a noleggio include una copertura assicurativa di base, ma si consiglia di acquistare un'assicurazione aggiuntiva per stare tranquilli.<\/p>\n<p>In conclusione, noleggiare un'auto in Norvegia \u00e8 altamente consigliato se si vuole vivere appieno questo bellissimo Paese. Forse \u00e8 pi\u00f9 costoso rispetto ad altri Paesi europei, ma la libert\u00e0 e la flessibilit\u00e0 che offre valgono ogni centesimo. Quindi prenotate subito la vostra auto a noleggio e preparatevi a un viaggio indimenticabile attraverso gli splendidi paesaggi della Norvegia!<\/p>\n<\/div>","protected":false},"excerpt":{"rendered":"<p>Renting a Car in Norway: Your Ticket to Freedom Are you planning a trip to Norway and wondering how you&#8217;ll get around? Look no further than car rental in Norway. With its stunning landscapes, charming cities, and unique culture, this Scandinavian country is best experienced by car. Renting a car in Norway will give you [&hellip;]<\/p>\n","protected":false},"author":1,"featured_media":2950,"parent":0,"menu_order":0,"comment_status":"closed","ping_status":"closed","template":"","meta":{"rs_blank_template":"","rs_page_bg_color":"","slide_template_v7":"","footnotes":""},"categories":[1],"tags":[],"class_list":["post-3859","page","type-page","status-publish","has-post-thumbnail","hentry","category-blog"],"_links":{"self":[{"href":"https:\/\/rental-car.company\/it\/wp-json\/wp\/v2\/pages\/3859","targetHints":{"allow":["GET"]}}],"collection":[{"href":"https:\/\/rental-car.company\/it\/wp-json\/wp\/v2\/pages"}],"about":[{"href":"https:\/\/rental-car.company\/it\/wp-json\/wp\/v2\/types\/page"}],"author":[{"embeddable":true,"href":"https:\/\/rental-car.company\/it\/wp-json\/wp\/v2\/users\/1"}],"replies":[{"embeddable":true,"href":"https:\/\/rental-car.company\/it\/wp-json\/wp\/v2\/comments?post=3859"}],"version-history":[{"count":0,"href":"https:\/\/rental-car.company\/it\/wp-json\/wp\/v2\/pages\/3859\/revisions"}],"wp:featuredmedia":[{"embeddable":true,"href":"https:\/\/rental-car.company\/it\/wp-json\/wp\/v2\/media\/2950"}],"wp:attachment":[{"href":"https:\/\/rental-car.company\/it\/wp-json\/wp\/v2\/media?parent=3859"}],"wp:term":[{"taxonomy":"category","embeddable":true,"href":"https:\/\/rental-car.company\/it\/wp-json\/wp\/v2\/categories?post=3859"},{"taxonomy":"post_tag","embeddable":true,"href":"https:\/\/rental-car.company\/it\/wp-json\/wp\/v2\/tags?post=3859"}],"curies":[{"name":"wp","href":"https:\/\/api.w.org\/{rel}","templated":true}]}}