{"id":3911,"date":"2024-08-03T21:05:19","date_gmt":"2024-08-03T21:05:19","guid":{"rendered":"https:\/\/rental-car.company\/?page_id=3911"},"modified":"2024-08-03T21:05:19","modified_gmt":"2024-08-03T21:05:19","slug":"noleggio-auto-raleigh-nc","status":"publish","type":"page","link":"https:\/\/rental-car.company\/it\/noleggio-auto-raleigh-nc\/","title":{"rendered":"Autonoleggio Raleigh NC - Trasporto comodo e conveniente"},"content":{"rendered":"<div class=\"wpb-content-wrapper\"><div class=\"vc_row wpb_row vc_row-fluid\"><div class=\"wpb_column vc_column_container vc_col-sm-12\"><div class=\"vc_column-inner\"><div class=\"wpb_wrapper\">\n\t<div class=\"wpb_text_column wpb_content_element\" >\n\t\t<div class=\"wpb_wrapper\">\n\t\t\t<p><script id=\"dchwidget\" src=\"https:\/\/www.discovercars.com\/wg.js\" async=\"\" data-dev-env=\"com\" data-location=\"\" data-lang=\"en\" data-utm-source=\"malina\" data-utm-medium=\"widget\" data-aff-code=\"a_aid\" data-autocomplete=\"on\" data-style-submit-bg-color=\"00A200\" data-style-submit-font-color=\"white\" data-style-form-bg-color=\"FAD130\" data-style-form-font-color=\"333\" data-style-submit-text=\"Search now\"><\/script><\/p>\n\n\t\t<\/div>\n\t<\/div>\n<\/div><\/div><\/div><\/div>\n<p>&nbsp;<\/p>\n<h2>Scoprire gli autonoleggi a Raleigh NC<\/h2>\n<p><img loading=\"lazy\" decoding=\"async\" class=\"alignleft\" src=\"\/wp-content\/uploads\/images\/rent_car_879.png\" alt=\"noleggio auto raleigh nc\" width=\"350\" height=\"350\" \/><\/p>\n<p>Quando si visita la vivace citt\u00e0 di Raleigh, nella Carolina del Nord, avere un mezzo di trasporto affidabile \u00e8 essenziale per esplorare tutto ci\u00f2 che la citt\u00e0 ha da offrire. Anche se i mezzi pubblici possono essere un'opzione, possono essere limitati e richiedere molto tempo. \u00c8 qui che entra in gioco il noleggio auto a Raleigh NC.<\/p>\n<p>Noleggiare un'auto a Raleigh vi permette di avere la libert\u00e0 di andare dove volete, quando volete. Non dovrete affidarvi agli orari degli autobus o a costose corse in taxi. Con un'auto a noleggio di una delle tante aziende rinomate della zona, potrete navigare facilmente attraverso la citt\u00e0 e non solo.<\/p>\n<h3>La convenienza di noleggiare un'auto a Raleigh<\/h3>\n<p>Uno dei principali vantaggi di noleggiare un'auto a Raleigh \u00e8 la convenienza. Sia che arriviate all'aeroporto o che rimaniate in citt\u00e0, ci sono numerose societ\u00e0 di autonoleggio disponibili per la vostra comodit\u00e0. Potete facilmente prenotare online o visitare una delle loro sedi fisiche per noleggiare un veicolo adatto alle vostre esigenze.<\/p>\n<p>Inoltre, con la vostra auto a noleggio, non dovrete preoccuparvi di aspettare i mezzi pubblici o di organizzare costosi passaggi. Avrete anche la libert\u00e0 di pianificare il vostro itinerario senza restrizioni di tempo o di luogo.<\/p>\n<h3>Convenienza e variet\u00e0<\/h3>\n<p>Noleggiare un'auto a Raleigh \u00e8 anche incredibilmente conveniente rispetto ad altre grandi citt\u00e0. Ci sono diverse opzioni disponibili a seconda del vostro budget e delle vostre esigenze: dalle auto compatte perfette per chi viaggia da solo o in coppia, agli spaziosi SUV ideali per famiglie o gruppi.<\/p>\n<p>Inoltre, molte societ\u00e0 di noleggio offrono sconti e promozioni durante tutto l'anno, rendendo il noleggio ancora pi\u00f9 conveniente per i viaggiatori. Quindi, sia che cerchiate un noleggio a breve termine durante il vostro soggiorno a Raleigh, sia che abbiate bisogno di una soluzione a lungo termine per visitare la famiglia o per un viaggio d'affari, ce n'\u00e8 per tutte le tasche.<\/p>\n<h4>I vantaggi del noleggio di un'auto a Raleigh NC<\/h4>\n<p>- Convenienza e flessibilit\u00e0<br \/>\n- Opzioni convenienti per tutte le tasche<br \/>\n- Variet\u00e0 di veicoli tra cui scegliere<br \/>\n- Sconti e promozioni disponibili<\/p>\n<h4>Contro del noleggio di un'auto a Raleigh NC<\/h4>\n<p><img loading=\"lazy\" decoding=\"async\" class=\"alignright\" src=\"\/wp-content\/uploads\/images\/rent_car_182.png\" alt=\"noleggio auto raleigh nc\" width=\"350\" height=\"350\" \/><\/p>\n<p>- Costi aggiuntivi per assicurazione, GPS, ecc.<br \/>\n- Il traffico e il parcheggio possono essere problematici nelle ore di punta<br \/>\n- Per noleggiare un'auto \u00e8 necessario avere almeno 21 anni (alcune compagnie possono richiedere un costo aggiuntivo per i conducenti di et\u00e0 inferiore ai 25 anni).<\/p>\n<h3>Domande frequenti sul noleggio auto a Raleigh NC<\/h3>\n<p>D: Di cosa ho bisogno per noleggiare un'auto a Raleigh?<br \/>\nR: Per noleggiare un'auto a Raleigh, \u00e8 necessario avere una patente di guida valida, una carta di credito e una prova dell'assicurazione. Alcune compagnie potrebbero richiedere anche un permesso di guida internazionale se non si proviene dagli Stati Uniti.<\/p>\n<p>D: Posso restituire l'auto a noleggio in un luogo diverso?<br \/>\nR: S\u00ec, molte societ\u00e0 di autonoleggio offrono la possibilit\u00e0 di restituire il veicolo in un altro luogo a pagamento. Assicuratevi di verificare in anticipo con la compagnia.<\/p>\n<p>D: \u00c8 necessario acquistare un'assicurazione quando si noleggia un'auto?<br \/>\nR: Anche se alcune polizze di assicurazione auto personali possono coprire le auto a noleggio, si consiglia sempre di acquistare un'assicurazione aggiuntiva dalla compagnia di noleggio per una maggiore protezione.<\/p>\n<p>In conclusione, noleggiare un'auto a Raleigh NC \u00e8 senza dubbio il modo pi\u00f9 comodo e conveniente per esplorare questa vivace citt\u00e0. Grazie alla variet\u00e0 di opzioni e all'eccellente servizio clienti fornito da aziende affidabili come Rental-Car.company, potrete facilmente trovare il veicolo perfetto per le vostre esigenze. Quindi perch\u00e9 aspettare? Prenotate oggi stesso la vostra auto a noleggio e scoprite tutto ci\u00f2 che Raleigh ha da offrire al vostro ritmo.<\/p>\n<\/div>","protected":false},"excerpt":{"rendered":"<p>&nbsp; Discover Car Rentals Raleigh NC When visiting the vibrant city of Raleigh, North Carolina, having a reliable mode of transportation is essential for exploring all that the city has to offer. While public transportation may be an option, it can be restrictive and time-consuming. This is where car rentals in Raleigh NC come in. [&hellip;]<\/p>\n","protected":false},"author":1,"featured_media":3913,"parent":0,"menu_order":0,"comment_status":"closed","ping_status":"closed","template":"","meta":{"rs_blank_template":"","rs_page_bg_color":"","slide_template_v7":"","footnotes":""},"categories":[1],"tags":[],"class_list":["post-3911","page","type-page","status-publish","has-post-thumbnail","hentry","category-blog"],"_links":{"self":[{"href":"https:\/\/rental-car.company\/it\/wp-json\/wp\/v2\/pages\/3911","targetHints":{"allow":["GET"]}}],"collection":[{"href":"https:\/\/rental-car.company\/it\/wp-json\/wp\/v2\/pages"}],"about":[{"href":"https:\/\/rental-car.company\/it\/wp-json\/wp\/v2\/types\/page"}],"author":[{"embeddable":true,"href":"https:\/\/rental-car.company\/it\/wp-json\/wp\/v2\/users\/1"}],"replies":[{"embeddable":true,"href":"https:\/\/rental-car.company\/it\/wp-json\/wp\/v2\/comments?post=3911"}],"version-history":[{"count":0,"href":"https:\/\/rental-car.company\/it\/wp-json\/wp\/v2\/pages\/3911\/revisions"}],"wp:featuredmedia":[{"embeddable":true,"href":"https:\/\/rental-car.company\/it\/wp-json\/wp\/v2\/media\/3913"}],"wp:attachment":[{"href":"https:\/\/rental-car.company\/it\/wp-json\/wp\/v2\/media?parent=3911"}],"wp:term":[{"taxonomy":"category","embeddable":true,"href":"https:\/\/rental-car.company\/it\/wp-json\/wp\/v2\/categories?post=3911"},{"taxonomy":"post_tag","embeddable":true,"href":"https:\/\/rental-car.company\/it\/wp-json\/wp\/v2\/tags?post=3911"}],"curies":[{"name":"wp","href":"https:\/\/api.w.org\/{rel}","templated":true}]}}