{"id":3917,"date":"2024-08-03T22:06:51","date_gmt":"2024-08-03T22:06:51","guid":{"rendered":"https:\/\/rental-car.company\/?page_id=3917"},"modified":"2024-08-03T22:06:51","modified_gmt":"2024-08-03T22:06:51","slug":"noleggio-seggiolini-auto-enterprise","status":"publish","type":"page","link":"https:\/\/rental-car.company\/it\/noleggio-seggiolini-auto-enterprise\/","title":{"rendered":"Noleggio seggiolini auto Enterprise - La vostra soluzione per viaggiare con i bambini"},"content":{"rendered":"<div class=\"wpb-content-wrapper\"><h2>Noleggiare un seggiolino auto da Enterprise: l'opzione migliore per le famiglie in viaggio<\/h2>\n<p>Viaggiare con i bambini pu\u00f2 essere stressante, soprattutto quando si tratta di trasporto. In qualit\u00e0 di genitore o di assistente, garantire la sicurezza e il comfort dei pi\u00f9 piccoli \u00e8 sempre una priorit\u00e0 assoluta. \u00c8 qui che il noleggio di seggiolini auto enterprise rappresenta la soluzione perfetta per le famiglie in viaggio.<\/p>\n<div class=\"vc_row wpb_row vc_row-fluid\"><div class=\"wpb_column vc_column_container vc_col-sm-12\"><div class=\"vc_column-inner\"><div class=\"wpb_wrapper\">\n\t<div class=\"wpb_text_column wpb_content_element\" >\n\t\t<div class=\"wpb_wrapper\">\n\t\t\t<p><script id=\"dchwidget\" src=\"https:\/\/www.discovercars.com\/wg.js\" async=\"\" data-dev-env=\"com\" data-location=\"\" data-lang=\"en\" data-utm-source=\"malina\" data-utm-medium=\"widget\" data-aff-code=\"a_aid\" data-autocomplete=\"on\" data-style-submit-bg-color=\"00A200\" data-style-submit-font-color=\"white\" data-style-form-bg-color=\"FAD130\" data-style-form-font-color=\"333\" data-style-submit-text=\"Search now\"><\/script><\/p>\n\n\t\t<\/div>\n\t<\/div>\n<\/div><\/div><\/div><\/div>\n<p>&nbsp;<\/p>\n<h2>Scoprire il noleggio di seggiolini auto Enterprise<\/h2>\n<p><img loading=\"lazy\" decoding=\"async\" class=\"alignleft\" src=\"\/wp-content\/uploads\/images\/rent_car_782.png\" alt=\"noleggio seggiolini auto enterprise\" width=\"350\" height=\"350\" \/><\/p>\n<p>Il noleggio di seggiolini auto Enterprise vi permette di noleggiare un seggiolino di alta qualit\u00e0 da una delle societ\u00e0 di autonoleggio pi\u00f9 affidabili e conosciute al mondo. Con oltre 6.000 sedi nel solo Nord America, Enterprise rende comodo e facile noleggiare un'auto e aggiungere un seggiolino per il vostro bambino.<\/p>\n<p>Enterprise offre due opzioni per il noleggio di un seggiolino auto: seggiolini per neonati fino a 12 mesi di et\u00e0 o seggiolini convertibili per bambini che pesano fino a 65 libbre. Entrambe le opzioni sono disponibili con un costo aggiuntivo al giorno, il che le rende accessibili e convenienti per le famiglie di tutte le tasche.<\/p>\n<h3>La convenienza di noleggiare da Enterprise<\/h3>\n<p>Noleggiare un seggiolino auto da Enterprise offre numerosi vantaggi che rendono i viaggi con i bambini privi di problemi:<\/p>\n<p>- Non c'\u00e8 bisogno di portarsi dietro un seggiolino ingombrante e pesante durante il viaggio.<br \/>\n- Enterprise fornisce seggiolini auto di alta qualit\u00e0 che soddisfano tutte le norme di sicurezza.<br \/>\n- Risparmiate denaro evitando le spese per i bagagli in aereo: basta noleggiare all'arrivo a destinazione.<br \/>\n- Opzioni flessibili: scegliete tra un seggiolino per neonati o uno convertibile in base alle esigenze del vostro bambino.<br \/>\n- Facile installazione: il personale addestrato delle sedi Enterprise pu\u00f2 assistere nell'installazione corretta del seggiolino noleggiato.<\/p>\n<h3>Gli svantaggi del noleggio presso Enterprise<\/h3>\n<p>Sebbene i vantaggi del noleggio di un seggiolino auto da Enterprise siano numerosi, ci sono anche alcuni svantaggi che vale la pena considerare:<\/p>\n<p>- Il costo aggiuntivo al giorno pu\u00f2 aumentare, soprattutto per i viaggi pi\u00f9 lunghi.<br \/>\n- Disponibilit\u00e0 limitata: si consiglia di prenotare un seggiolino in anticipo per garantirne la disponibilit\u00e0.<br \/>\n- Alcuni clienti hanno segnalato difficolt\u00e0 nell'ottenere il tipo specifico di seggiolino auto prenotato.<\/p>\n<h4>Pro e contro<\/h4>\n<p><b>Pro:<\/b><br \/>\n- Una soluzione comoda e semplice per le famiglie in viaggio<br \/>\n- Seggiolini auto sicuri e di alta qualit\u00e0 forniti da Enterprise<br \/>\n- Risparmio sulle spese per i bagagli quando si vola<br \/>\n- Opzioni flessibili per seggiolini per neonati o convertibili<br \/>\n- Assistenza per l'installazione disponibile presso le sedi Enterprise<\/p>\n<p><b>Contro:<\/b><br \/>\n- Il costo aggiuntivo al giorno potrebbe non essere conveniente per alcune famiglie.<br \/>\n- Disponibilit\u00e0 limitata, si consiglia la prenotazione<br \/>\n- Alcune segnalazioni di difficolt\u00e0 nell'ottenere il seggiolino riservato<\/p>\n<h4>Domande frequenti<\/h4>\n<p><img loading=\"lazy\" decoding=\"async\" class=\"alignright\" src=\"\/wp-content\/uploads\/images\/rent_car_1373.png\" alt=\"noleggio seggiolini auto enterprise\" width=\"350\" height=\"350\" \/><\/p>\n<p><b>D: \u00c8 necessario prenotare un seggiolino in anticipo?<\/b><br \/>\nR: Anche se non \u00e8 obbligatorio, si consiglia vivamente di prenotare il seggiolino desiderato in anticipo per garantirne la disponibilit\u00e0.<\/p>\n<p><b>D: Posso scegliere tra un seggiolino per neonati e uno convertibile?<\/b><br \/>\nR: S\u00ec, Enterprise offre entrambe le opzioni, da scegliere in base alle esigenze del bambino.<\/p>\n<p><b>D: Devo portare i miei strumenti di installazione?<\/b><br \/>\nR: No, il personale addestrato delle sedi Enterprise pu\u00f2 assistere nell'installazione corretta del seggiolino noleggiato.<\/p>\n<p>Nel complesso, il noleggio di seggiolini auto di Enterprise \u00e8 un'opzione conveniente e affidabile per le famiglie che viaggiano con bambini. Con i seggiolini di alta qualit\u00e0 e sicurezza forniti da una societ\u00e0 di noleggio affidabile come Enterprise, i genitori possono stare tranquilli sapendo che i loro piccoli sono al sicuro durante il viaggio. Quindi, la prossima volta che programmate una vacanza con la famiglia o un viaggio d'affari che richiede un mezzo di trasporto, prendete in considerazione il noleggio di un seggiolino auto da Enterprise, la vostra soluzione per viaggiare con i bambini.<\/p>\n<\/div>","protected":false},"excerpt":{"rendered":"<p>Renting a Car Seat from Enterprise &#8211; The Best Option for Families on the Go Traveling with children can be stressful, especially when it comes to transportation. As a parent or caregiver, ensuring the safety and comfort of your little ones is always a top priority. This is where enterprise car seat rental comes in [&hellip;]<\/p>\n","protected":false},"author":1,"featured_media":3919,"parent":0,"menu_order":0,"comment_status":"closed","ping_status":"closed","template":"","meta":{"rs_blank_template":"","rs_page_bg_color":"","slide_template_v7":"","footnotes":""},"categories":[1],"tags":[],"class_list":["post-3917","page","type-page","status-publish","has-post-thumbnail","hentry","category-blog"],"_links":{"self":[{"href":"https:\/\/rental-car.company\/it\/wp-json\/wp\/v2\/pages\/3917","targetHints":{"allow":["GET"]}}],"collection":[{"href":"https:\/\/rental-car.company\/it\/wp-json\/wp\/v2\/pages"}],"about":[{"href":"https:\/\/rental-car.company\/it\/wp-json\/wp\/v2\/types\/page"}],"author":[{"embeddable":true,"href":"https:\/\/rental-car.company\/it\/wp-json\/wp\/v2\/users\/1"}],"replies":[{"embeddable":true,"href":"https:\/\/rental-car.company\/it\/wp-json\/wp\/v2\/comments?post=3917"}],"version-history":[{"count":0,"href":"https:\/\/rental-car.company\/it\/wp-json\/wp\/v2\/pages\/3917\/revisions"}],"wp:featuredmedia":[{"embeddable":true,"href":"https:\/\/rental-car.company\/it\/wp-json\/wp\/v2\/media\/3919"}],"wp:attachment":[{"href":"https:\/\/rental-car.company\/it\/wp-json\/wp\/v2\/media?parent=3917"}],"wp:term":[{"taxonomy":"category","embeddable":true,"href":"https:\/\/rental-car.company\/it\/wp-json\/wp\/v2\/categories?post=3917"},{"taxonomy":"post_tag","embeddable":true,"href":"https:\/\/rental-car.company\/it\/wp-json\/wp\/v2\/tags?post=3917"}],"curies":[{"name":"wp","href":"https:\/\/api.w.org\/{rel}","templated":true}]}}