{"id":4114,"date":"2024-08-05T14:07:22","date_gmt":"2024-08-05T14:07:22","guid":{"rendered":"https:\/\/rental-car.company\/?page_id=4114"},"modified":"2024-08-05T14:07:22","modified_gmt":"2024-08-05T14:07:22","slug":"noleggio-auto-brooklyn-ny","status":"publish","type":"page","link":"https:\/\/rental-car.company\/it\/noleggio-auto-brooklyn-ny\/","title":{"rendered":"Noleggio auto Brooklyn NY: Esplorare la citt\u00e0 che non dorme mai"},"content":{"rendered":"<div class=\"wpb-content-wrapper\"><h2>Il modo migliore per esplorare Brooklyn: Noleggio auto Brooklyn NY<\/h2>\n<p>Brooklyn, uno dei cinque distretti di New York, \u00e8 un quartiere vivace e diversificato, noto per le sue attrazioni culturali, i quartieri alla moda e le strade trafficate. Con cos\u00ec tante cose da vedere e da fare in questa dinamica citt\u00e0, il noleggio auto a Brooklyn \u00e8 il modo migliore per esplorare tutto ci\u00f2 che ha da offrire.<\/p>\n<div class=\"vc_row wpb_row vc_row-fluid\"><div class=\"wpb_column vc_column_container vc_col-sm-12\"><div class=\"vc_column-inner\"><div class=\"wpb_wrapper\">\n\t<div class=\"wpb_text_column wpb_content_element\" >\n\t\t<div class=\"wpb_wrapper\">\n\t\t\t<p><script id=\"dchwidget\" src=\"https:\/\/www.discovercars.com\/wg.js\" async=\"\" data-dev-env=\"com\" data-location=\"\" data-lang=\"en\" data-utm-source=\"malina\" data-utm-medium=\"widget\" data-aff-code=\"a_aid\" data-autocomplete=\"on\" data-style-submit-bg-color=\"00A200\" data-style-submit-font-color=\"white\" data-style-form-bg-color=\"FAD130\" data-style-form-font-color=\"333\" data-style-submit-text=\"Search now\"><\/script><\/p>\n\n\t\t<\/div>\n\t<\/div>\n<\/div><\/div><\/div><\/div>\n<p>&nbsp;<\/p>\n<h2>Scoprite il noleggio auto Brooklyn NY: La convenienza di avere le proprie ruote<\/h2>\n<p><img loading=\"lazy\" decoding=\"async\" class=\"alignleft\" src=\"\/wp-content\/uploads\/images\/rent_car_488.png\" alt=\"noleggio auto brooklyn ny\" width=\"350\" height=\"350\" \/><\/p>\n<p>Quando visitate Brooklyn, avere la vostra auto a noleggio vi permette la flessibilit\u00e0 e la comodit\u00e0 di navigare attraverso la citt\u00e0 al vostro ritmo. Dall'esplorazione di famose attrazioni turistiche come Coney Island e Prospect Park alla scoperta di gemme nascoste in quartieri locali come Williamsburg e Dumbo, un'auto a noleggio a Brooklyn vi d\u00e0 la libert\u00e0 di creare il vostro itinerario.<\/p>\n<p>Noleggiare un'auto a Brooklyn vi permette anche di evitare gli affollati mezzi pubblici o le costose tariffe dei taxi. Con un'auto a noleggio di rental-car.company, potete spostarvi facilmente da una destinazione all'altra senza dovervi preoccupare degli orari o dei prezzi maggiorati.<\/p>\n<h3>I migliori quartieri di Brooklyn che vale la pena esplorare con la vostra auto a noleggio<\/h3>\n<p>- Williamsburg: Conosciuto per la sua atmosfera hipster, questo quartiere vanta ristoranti alla moda, negozi boutique e arte di strada.<br \/>\n- Dumbo: abbreviazione di \"Down Under the Manhattan Bridge Overpass\" (sotto il ponte di Manhattan), questo quartiere offre una vista mozzafiato sullo skyline di Manhattan, oltre a caff\u00e8 e gallerie pittoresche.<br \/>\n- Park Slope: Un quartiere adatto alle famiglie con belle case in brownstone e molti spazi verdi come Prospect Park.<br \/>\n- Bay Ridge: Situato all'estremit\u00e0 meridionale di Brooklyn, questo quartiere ha una forte influenza mediorientale con deliziose opzioni gastronomiche.<br \/>\n- Greenpoint: Un crogiolo di culture dove si pu\u00f2 trovare l'autentica cucina polacca accanto a bar e boutique alla moda.<\/p>\n<h4>I vantaggi di noleggiare un'auto a Brooklyn<\/h4>\n<p>- Flessibilit\u00e0 di esplorare al proprio ritmo.<br \/>\n- Evitare i mezzi pubblici affollati.<br \/>\n- Comodo per viaggiare tra i quartieri o le citt\u00e0 vicine come Manhattan.<br \/>\n- Pi\u00f9 conveniente rispetto al taxi.<\/p>\n<h4>Contro del noleggio di un'auto a Brooklyn<\/h4>\n<p>- Trovare parcheggio pu\u00f2 essere difficile e costoso in alcune zone.<br \/>\n- Il traffico pu\u00f2 essere intenso nelle ore di punta, soprattutto sulle autostrade e sui ponti principali.<br \/>\n- I prezzi della benzina a New York sono generalmente pi\u00f9 alti della media nazionale.<\/p>\n<h4>Domande frequenti sul noleggio auto Brooklyn NY<\/h4>\n<p><img loading=\"lazy\" decoding=\"async\" class=\"alignright\" src=\"\/wp-content\/uploads\/images\/rent_car_600.png\" alt=\"noleggio auto brooklyn ny\" width=\"350\" height=\"350\" \/><\/p>\n<p>D: Di cosa ho bisogno per noleggiare un'auto a Brooklyn?<br \/>\nR: \u00c8 necessario avere una patente di guida valida, una carta di credito e un documento di assicurazione.<\/p>\n<p>D: Posso noleggiare un&#039;auto se ho meno di 25 anni?<br \/>\nR: S\u00ec, ma la maggior parte delle societ\u00e0 di autonoleggio pu\u00f2 richiedere un supplemento per i conducenti di et\u00e0 inferiore ai 25 anni.<\/p>\n<p>D: C'\u00e8 un pedaggio da pagare quando si attraversa Brooklyn?<br \/>\nR: S\u00ec, ci sono diversi ponti e gallerie che richiedono il pagamento di un pedaggio per entrare o uscire da Brooklyn. Assicuratevi di avere contanti a portata di mano o di usare un E-ZPass per comodit\u00e0.<\/p>\n<p>In conclusione, noleggiare un'auto a Brooklyn \u00e8 il modo migliore per esplorare questa vivace citt\u00e0. Con i suoi diversi quartieri e le sue infinite attrazioni, avere le proprie ruote vi d\u00e0 la libert\u00e0 di creare la vostra avventura. Prenotate oggi stesso il vostro noleggio auto a Brooklyn con rental-car.company e preparatevi a sperimentare tutto ci\u00f2 che questo vivace quartiere ha da offrire.<\/p>\n<\/div>","protected":false},"excerpt":{"rendered":"<p>The Best Way to Explore Brooklyn: Car Rental Brooklyn NY Brooklyn, one of the five boroughs of New York City, is a vibrant and diverse borough known for its cultural attractions, trendy neighborhoods, and bustling streets. With so much to see and do in this dynamic city, car rental brooklyn ny is the best way [&hellip;]<\/p>\n","protected":false},"author":1,"featured_media":3222,"parent":0,"menu_order":0,"comment_status":"closed","ping_status":"closed","template":"","meta":{"rs_blank_template":"","rs_page_bg_color":"","slide_template_v7":"","footnotes":""},"categories":[1],"tags":[],"class_list":["post-4114","page","type-page","status-publish","has-post-thumbnail","hentry","category-blog"],"_links":{"self":[{"href":"https:\/\/rental-car.company\/it\/wp-json\/wp\/v2\/pages\/4114","targetHints":{"allow":["GET"]}}],"collection":[{"href":"https:\/\/rental-car.company\/it\/wp-json\/wp\/v2\/pages"}],"about":[{"href":"https:\/\/rental-car.company\/it\/wp-json\/wp\/v2\/types\/page"}],"author":[{"embeddable":true,"href":"https:\/\/rental-car.company\/it\/wp-json\/wp\/v2\/users\/1"}],"replies":[{"embeddable":true,"href":"https:\/\/rental-car.company\/it\/wp-json\/wp\/v2\/comments?post=4114"}],"version-history":[{"count":0,"href":"https:\/\/rental-car.company\/it\/wp-json\/wp\/v2\/pages\/4114\/revisions"}],"wp:featuredmedia":[{"embeddable":true,"href":"https:\/\/rental-car.company\/it\/wp-json\/wp\/v2\/media\/3222"}],"wp:attachment":[{"href":"https:\/\/rental-car.company\/it\/wp-json\/wp\/v2\/media?parent=4114"}],"wp:term":[{"taxonomy":"category","embeddable":true,"href":"https:\/\/rental-car.company\/it\/wp-json\/wp\/v2\/categories?post=4114"},{"taxonomy":"post_tag","embeddable":true,"href":"https:\/\/rental-car.company\/it\/wp-json\/wp\/v2\/tags?post=4114"}],"curies":[{"name":"wp","href":"https:\/\/api.w.org\/{rel}","templated":true}]}}