{"id":4170,"date":"2024-08-06T02:05:22","date_gmt":"2024-08-06T02:05:22","guid":{"rendered":"https:\/\/rental-car.company\/?page_id=4170"},"modified":"2024-08-06T02:05:22","modified_gmt":"2024-08-06T02:05:22","slug":"impresa-souderton","status":"publish","type":"page","link":"https:\/\/rental-car.company\/it\/impresa-souderton\/","title":{"rendered":"Enterprise Souderton: Il vostro unico punto di riferimento per auto a noleggio di qualit\u00e0"},"content":{"rendered":"<div class=\"wpb-content-wrapper\"><div class=\"vc_row wpb_row vc_row-fluid\"><div class=\"wpb_column vc_column_container vc_col-sm-12\"><div class=\"vc_column-inner\"><div class=\"wpb_wrapper\">\n\t<div class=\"wpb_text_column wpb_content_element\" >\n\t\t<div class=\"wpb_wrapper\">\n\t\t\t<p><script id=\"dchwidget\" src=\"https:\/\/www.discovercars.com\/wg.js\" async=\"\" data-dev-env=\"com\" data-location=\"\" data-lang=\"en\" data-utm-source=\"malina\" data-utm-medium=\"widget\" data-aff-code=\"a_aid\" data-autocomplete=\"on\" data-style-submit-bg-color=\"00A200\" data-style-submit-font-color=\"white\" data-style-form-bg-color=\"FAD130\" data-style-form-font-color=\"333\" data-style-submit-text=\"Search now\"><\/script><\/p>\n\n\t\t<\/div>\n\t<\/div>\n<\/div><\/div><\/div><\/div>\n<p>&nbsp;<\/p>\n<h2>Provate il meglio con Enterprise Souderton<\/h2>\n<p><img loading=\"lazy\" decoding=\"async\" class=\"alignleft\" src=\"\/wp-content\/uploads\/images\/rent_car_393.png\" alt=\"impresa souderton\" width=\"350\" height=\"350\" \/><\/p>\n<p>Quando si tratta di noleggiare un'auto, un nome che spicca \u00e8 quello di Enterprise Souderton. Questa rinomata societ\u00e0 di autonoleggio offre un'ampia gamma di opzioni per i clienti che desiderano noleggiare un'auto per qualsiasi occasione. Che abbiate bisogno di un veicolo per un viaggio d'affari, una vacanza in famiglia o semplicemente per il trasporto quotidiano, Enterprise Souderton vi copre.<\/p>\n<p>Con oltre 60 anni di esperienza nel settore, Enterprise Souderton si \u00e8 affermata come marchio affidabile e fidato. Il suo impegno nel fornire un eccellente servizio clienti e veicoli di alta qualit\u00e0 l'ha resa una delle principali societ\u00e0 di autonoleggio del mercato.<\/p>\n<h3>La storia di Enterprise Souderton<\/h3>\n<p>La storia di Enterprise Souderton risale al 1957, quando fu fondata da Jack Taylor a St. Louis, nel Missouri. Con sole sette auto e una forte visione di fornire un servizio eccezionale, Taylor si propose di rivoluzionare il settore dell'autonoleggio. Oggi Enterprise Holdings Inc, la societ\u00e0 madre di Enterprise Rent-A-Car, opera in pi\u00f9 di 100 paesi e territori in tutto il mondo.<\/p>\n<h3>La flotta: Un'ampia gamma di opzioni<\/h3>\n<p>Uno dei maggiori vantaggi di scegliere Enterprise Souderton \u00e8 la variet\u00e0 della sua flotta. Offre di tutto, dalle auto economiche ai veicoli di lusso, a prezzi competitivi. Quindi, sia che abbiate bisogno di un'auto compatta o di un SUV per il vostro prossimo viaggio, potete trovarla da Enterprise Souderton.<\/p>\n<p>I loro veicoli, ben tenuti, sono dotati di tutte le caratteristiche e i servizi necessari a garantire il vostro comfort e la vostra sicurezza sulla strada. Inoltre, la loro flotta viene regolarmente aggiornata con nuovi modelli, in modo che possiate provare l'esperienza di guidare le auto pi\u00f9 recenti senza doverle acquistare.<\/p>\n<h4>Pro:<\/h4>\n<ul>\n<li>Ampia gamma di opzioni per i veicoli<\/li>\n<li>Prezzi competitivi<\/li>\n<li>Flotta ben mantenuta e aggiornata<\/li>\n<li>Servizio clienti eccellente<\/li>\n<li>Luoghi di ritiro e consegna convenienti<\/li>\n<\/ul>\n<h4>Contro:<\/h4>\n<ul>\n<li>Nessun noleggio di sola andata per i viaggi internazionali<\/li>\n<li>Copertura limitata in alcune aree rurali<\/li>\n<\/ul>\n<h3>Domande frequenti su Enterprise Souderton:<\/h3>\n<h4>D: Posso noleggiare un'auto da Enterprise Souderton senza carta di credito?<\/h4>\n<p>R: S\u00ec, \u00e8 possibile noleggiare un'auto utilizzando una carta di debito o contanti. Tuttavia, \u00e8 bene tenere presente che potrebbero essere applicate ulteriori trattenute sul conto per motivi di sicurezza.<\/p>\n<h4>D: Ho bisogno di un'assicurazione per noleggiare un'auto da Enterprise Souderton?<\/h4>\n<p>R: \u00c8 consigliabile avere un'assicurazione quando si noleggia un'auto. Se avete un'assicurazione personale o se siete coperti dalla compagnia della vostra carta di credito, questa pu\u00f2 essere estesa al vostro veicolo a noleggio. \u00c8 inoltre possibile acquistare l'assicurazione tramite Enterprise Souderton.<\/p>\n<h4>D: Posso aggiungere un ulteriore conducente al mio noleggio?<\/h4>\n<p><img loading=\"lazy\" decoding=\"async\" class=\"alignright\" src=\"\/wp-content\/uploads\/images\/rent_car_957.png\" alt=\"impresa souderton\" width=\"350\" height=\"350\" \/><\/p>\n<p>R: S\u00ec, \u00e8 possibile aggiungere un ulteriore conducente pagando un supplemento. Il conducente aggiuntivo deve soddisfare tutti i requisiti di et\u00e0 e di patente.<\/p>\n<p>In conclusione, se siete alla ricerca di un'esperienza di noleggio auto affidabile e senza problemi, non cercate oltre Enterprise Souderton. Grazie all'ampia gamma di opzioni, all'eccellente servizio clienti e ai prezzi competitivi, Enterprise Souderton \u00e8 la scelta ideale per molti clienti. Quindi perch\u00e9 aspettare? Noleggiate il vostro prossimo veicolo da Enterprise Souderton e godetevi il viaggio!<\/p>\n<\/div>","protected":false},"excerpt":{"rendered":"<p>&nbsp; Experience the Best with Enterprise Souderton When it comes to renting a car, one name that stands out is Enterprise Souderton. This renowned rental-car.company offers a wide range of options for customers looking to rent a car for any occasion. Whether you need a vehicle for a business trip, family vacation, or just for [&hellip;]<\/p>\n","protected":false},"author":1,"featured_media":3655,"parent":0,"menu_order":0,"comment_status":"closed","ping_status":"closed","template":"","meta":{"rs_blank_template":"","rs_page_bg_color":"","slide_template_v7":"","footnotes":""},"categories":[1],"tags":[],"class_list":["post-4170","page","type-page","status-publish","has-post-thumbnail","hentry","category-blog"],"_links":{"self":[{"href":"https:\/\/rental-car.company\/it\/wp-json\/wp\/v2\/pages\/4170","targetHints":{"allow":["GET"]}}],"collection":[{"href":"https:\/\/rental-car.company\/it\/wp-json\/wp\/v2\/pages"}],"about":[{"href":"https:\/\/rental-car.company\/it\/wp-json\/wp\/v2\/types\/page"}],"author":[{"embeddable":true,"href":"https:\/\/rental-car.company\/it\/wp-json\/wp\/v2\/users\/1"}],"replies":[{"embeddable":true,"href":"https:\/\/rental-car.company\/it\/wp-json\/wp\/v2\/comments?post=4170"}],"version-history":[{"count":0,"href":"https:\/\/rental-car.company\/it\/wp-json\/wp\/v2\/pages\/4170\/revisions"}],"wp:featuredmedia":[{"embeddable":true,"href":"https:\/\/rental-car.company\/it\/wp-json\/wp\/v2\/media\/3655"}],"wp:attachment":[{"href":"https:\/\/rental-car.company\/it\/wp-json\/wp\/v2\/media?parent=4170"}],"wp:term":[{"taxonomy":"category","embeddable":true,"href":"https:\/\/rental-car.company\/it\/wp-json\/wp\/v2\/categories?post=4170"},{"taxonomy":"post_tag","embeddable":true,"href":"https:\/\/rental-car.company\/it\/wp-json\/wp\/v2\/tags?post=4170"}],"curies":[{"name":"wp","href":"https:\/\/api.w.org\/{rel}","templated":true}]}}