{"id":4311,"date":"2024-08-07T06:07:55","date_gmt":"2024-08-07T06:07:55","guid":{"rendered":"https:\/\/rental-car.company\/?page_id=4311"},"modified":"2024-08-07T06:07:55","modified_gmt":"2024-08-07T06:07:55","slug":"noleggio-auto-shreveport","status":"publish","type":"page","link":"https:\/\/rental-car.company\/it\/noleggio-auto-shreveport\/","title":{"rendered":"Noleggio auto Shreveport - La guida definitiva"},"content":{"rendered":"<div class=\"wpb-content-wrapper\"><h2>Esplorate le migliori auto a noleggio di Shreveport per un viaggio indimenticabile<\/h2>\n<p>Se state programmando un viaggio a Shreveport, in Louisiana, vorrete sicuramente avere un mezzo di trasporto affidabile. \u00c8 qui che entrano in gioco le auto a noleggio. Con le auto a noleggio a Shreveport, potrete facilmente esplorare questa vivace citt\u00e0 e i suoi dintorni al vostro ritmo.<\/p>\n<div class=\"vc_row wpb_row vc_row-fluid\"><div class=\"wpb_column vc_column_container vc_col-sm-12\"><div class=\"vc_column-inner\"><div class=\"wpb_wrapper\">\n\t<div class=\"wpb_text_column wpb_content_element\" >\n\t\t<div class=\"wpb_wrapper\">\n\t\t\t<p><script id=\"dchwidget\" src=\"https:\/\/www.discovercars.com\/wg.js\" async=\"\" data-dev-env=\"com\" data-location=\"\" data-lang=\"en\" data-utm-source=\"malina\" data-utm-medium=\"widget\" data-aff-code=\"a_aid\" data-autocomplete=\"on\" data-style-submit-bg-color=\"00A200\" data-style-submit-font-color=\"white\" data-style-form-bg-color=\"FAD130\" data-style-form-font-color=\"333\" data-style-submit-text=\"Search now\"><\/script><\/p>\n\n\t\t<\/div>\n\t<\/div>\n<\/div><\/div><\/div><\/div>\n<p>&nbsp;<\/p>\n<h2>Scoprire il noleggio di auto a Shreveport<\/h2>\n<p><img loading=\"lazy\" decoding=\"async\" class=\"alignleft\" src=\"\/wp-content\/uploads\/images\/rent_car_783.png\" alt=\"noleggio auto shreveport\" width=\"350\" height=\"350\" \/><\/p>\n<p>Il noleggio auto a Shreveport \u00e8 una scelta popolare tra i viaggiatori in quanto offre comodit\u00e0, flessibilit\u00e0 e convenienza. Ci sono diverse societ\u00e0 che offrono auto a noleggio a Shreveport, come Hertz, Enterprise, Avis e Budget. Queste societ\u00e0 dispongono di un'ampia scelta di veicoli che vanno dalle auto economiche ai SUV di lusso, assicurando che ci sia qualcosa per ogni tipo di viaggiatore.<\/p>\n<h3>I vantaggi del noleggio di un'auto a Shreveport<\/h3>\n<p>- Convenienza: Noleggiando un'auto a Shreveport, non dovrete affidarvi ai mezzi pubblici o ai costosi servizi di taxi. Potrete semplicemente salire sulla vostra auto a noleggio e andare ovunque vogliate.<br \/>\n- Flessibilit\u00e0: Con la vostra auto a noleggio, potete creare il vostro itinerario ed esplorare la citt\u00e0 al vostro ritmo. Non sarete vincolati da orari o percorsi rigidi.<br \/>\n- Convenienza: Noleggiare un'auto pu\u00f2 spesso essere pi\u00f9 conveniente rispetto ad altri mezzi di trasporto, soprattutto se si viaggia con pi\u00f9 persone.<\/p>\n<h3>Gli svantaggi del noleggio di un'auto a Shreveport<\/h3>\n<p>- Costi aggiuntivi: Oltre alla tariffa base per l'auto a noleggio, potrebbero esserci costi aggiuntivi, come i costi di assicurazione o i supplementi.<br \/>\n- Problemi di parcheggio: Come ogni grande citt\u00e0, il parcheggio pu\u00f2 essere limitato e costoso in alcune zone di Shreveport. Assicuratevi di ricercare le opzioni di parcheggio prima di uscire.<br \/>\n- Guidare in una nuova citt\u00e0: Se non avete familiarit\u00e0 con le strade e il traffico di Shreveport, potrebbe essere necessario un po' di tempo per abituarsi a guidare in una nuova citt\u00e0.<\/p>\n<h4>Pro:<\/h4>\n<p>- Libert\u00e0 di esplorare al proprio ritmo<br \/>\n- Convenienza e flessibilit\u00e0<br \/>\n- Conveniente per i gruppi pi\u00f9 numerosi o per i viaggi pi\u00f9 lunghi<\/p>\n<h4>Contro:<\/h4>\n<p>- Costi e tariffe aggiuntive<br \/>\n- Problemi di parcheggio<br \/>\n- Adattarsi alla guida in una nuova citt\u00e0<\/p>\n<h3>Domande frequenti sul noleggio di auto a Shreveport<\/h3>\n<h4>D: Di cosa ho bisogno per noleggiare un'auto a Shreveport?<\/h4>\n<p>R: Per noleggiare un'auto a Shreveport, \u00e8 necessario avere una patente di guida valida, una carta di credito e un documento di assicurazione. Alcune societ\u00e0 di autonoleggio potrebbero avere ulteriori requisiti, quindi \u00e8 meglio informarsi prima.<\/p>\n<h4>D: C'\u00e8 un limite di et\u00e0 per noleggiare un'auto a Shreveport?<\/h4>\n<p>R: La maggior parte delle compagnie di autonoleggio richiede che i conducenti abbiano almeno 25 anni. Tuttavia, alcune compagnie possono consentire l'accesso a conducenti pi\u00f9 giovani con tariffe o restrizioni aggiuntive.<\/p>\n<h4>D: Posso aggiungere un conducente aggiuntivo alla mia auto a noleggio?<\/h4>\n<p><img loading=\"lazy\" decoding=\"async\" class=\"alignright\" src=\"\/wp-content\/uploads\/images\/rent_car_763.png\" alt=\"noleggio auto shreveport\" width=\"350\" height=\"350\" \/><\/p>\n<p>R: S\u00ec, la maggior parte delle compagnie di autonoleggio consente di aggiungere un ulteriore conducente pagando un supplemento. Assicuratevi di informare preventivamente la compagnia se prevedete di avere pi\u00f9 conducenti.<\/p>\n<h2>Noleggiate oggi stesso l'auto dei vostri sogni a Shreveport<\/h2>\n<p>Con la sua ricca storia, la vibrante cultura e il fascino del sud, Shreveport ha qualcosa per tutti. E con la comodit\u00e0 del noleggio auto Shreveport, esplorare questa citt\u00e0 unica non \u00e8 mai stato cos\u00ec facile. Quindi perch\u00e9 aspettare? Prenotate oggi stesso l'auto a noleggio dei vostri sogni e partite per un viaggio indimenticabile a Shreveport!<\/p>\n<\/div>","protected":false},"excerpt":{"rendered":"<p>Explore the Best Rental Cars in Shreveport for an Unforgettable Trip If you&#8217;re planning a trip to Shreveport, Louisiana, you&#8217;ll definitely want to have a reliable means of transportation. That&#8217;s where rental cars come in. With rental cars shreveport, you can easily explore this vibrant city and its surroundings at your own pace. &nbsp; Discover [&hellip;]<\/p>\n","protected":false},"author":1,"featured_media":3002,"parent":0,"menu_order":0,"comment_status":"closed","ping_status":"closed","template":"","meta":{"rs_blank_template":"","rs_page_bg_color":"","slide_template_v7":"","footnotes":""},"categories":[1],"tags":[],"class_list":["post-4311","page","type-page","status-publish","has-post-thumbnail","hentry","category-blog"],"_links":{"self":[{"href":"https:\/\/rental-car.company\/it\/wp-json\/wp\/v2\/pages\/4311","targetHints":{"allow":["GET"]}}],"collection":[{"href":"https:\/\/rental-car.company\/it\/wp-json\/wp\/v2\/pages"}],"about":[{"href":"https:\/\/rental-car.company\/it\/wp-json\/wp\/v2\/types\/page"}],"author":[{"embeddable":true,"href":"https:\/\/rental-car.company\/it\/wp-json\/wp\/v2\/users\/1"}],"replies":[{"embeddable":true,"href":"https:\/\/rental-car.company\/it\/wp-json\/wp\/v2\/comments?post=4311"}],"version-history":[{"count":0,"href":"https:\/\/rental-car.company\/it\/wp-json\/wp\/v2\/pages\/4311\/revisions"}],"wp:featuredmedia":[{"embeddable":true,"href":"https:\/\/rental-car.company\/it\/wp-json\/wp\/v2\/media\/3002"}],"wp:attachment":[{"href":"https:\/\/rental-car.company\/it\/wp-json\/wp\/v2\/media?parent=4311"}],"wp:term":[{"taxonomy":"category","embeddable":true,"href":"https:\/\/rental-car.company\/it\/wp-json\/wp\/v2\/categories?post=4311"},{"taxonomy":"post_tag","embeddable":true,"href":"https:\/\/rental-car.company\/it\/wp-json\/wp\/v2\/tags?post=4311"}],"curies":[{"name":"wp","href":"https:\/\/api.w.org\/{rel}","templated":true}]}}