{"id":4405,"date":"2024-08-08T02:07:31","date_gmt":"2024-08-08T02:07:31","guid":{"rendered":"https:\/\/rental-car.company\/?page_id=4405"},"modified":"2024-08-08T02:07:31","modified_gmt":"2024-08-08T02:07:31","slug":"noleggio-auto-leeds","status":"publish","type":"page","link":"https:\/\/rental-car.company\/it\/noleggio-auto-leeds\/","title":{"rendered":"Noleggio auto Leeds - La vostra guida definitiva"},"content":{"rendered":"<div class=\"wpb-content-wrapper\"><h2>Provate la convenienza del noleggio auto a Leeds<\/h2>\n<p>Avete in programma un viaggio nella vivace citt\u00e0 di Leeds? Non cercate oltre, perch\u00e9 il noleggio auto Leeds vi offre la massima comodit\u00e0 e libert\u00e0 di esplorare questa vivace citt\u00e0 e le aree circostanti. Con rental-car.company, potete trovare facilmente l'auto perfetta per le vostre esigenze a prezzi accessibili.<\/p>\n<div class=\"vc_row wpb_row vc_row-fluid\"><div class=\"wpb_column vc_column_container vc_col-sm-12\"><div class=\"vc_column-inner\"><div class=\"wpb_wrapper\">\n\t<div class=\"wpb_text_column wpb_content_element\" >\n\t\t<div class=\"wpb_wrapper\">\n\t\t\t<p><script id=\"dchwidget\" src=\"https:\/\/www.discovercars.com\/wg.js\" async=\"\" data-dev-env=\"com\" data-location=\"\" data-lang=\"en\" data-utm-source=\"malina\" data-utm-medium=\"widget\" data-aff-code=\"a_aid\" data-autocomplete=\"on\" data-style-submit-bg-color=\"00A200\" data-style-submit-font-color=\"white\" data-style-form-bg-color=\"FAD130\" data-style-form-font-color=\"333\" data-style-submit-text=\"Search now\"><\/script><\/p>\n\n\t\t<\/div>\n\t<\/div>\n<\/div><\/div><\/div><\/div>\n<p>&nbsp;<\/p>\n<h2>Scoprire il noleggio auto Leeds<\/h2>\n<p><img loading=\"lazy\" decoding=\"async\" class=\"alignleft\" src=\"\/wp-content\/uploads\/images\/rent_car_1166.png\" alt=\"noleggio auto leeds\" width=\"350\" height=\"350\" \/><\/p>\n<p>Leeds \u00e8 una destinazione popolare sia per i viaggiatori d'affari che per i turisti, grazie alla sua ricca storia, alle attrazioni culturali e alla vivace vita notturna. Noleggiare un'auto in questa citt\u00e0 vi permette di accedere facilmente a tutto ci\u00f2 che ha da offrire. Dall'esplorazione di punti di riferimento storici come Kirkstall Abbey e Harewood House alla terapia di vendita al dettaglio al Trinity Leeds o alla visita di luoghi sportivi iconici come l'Elland Road Stadium, avere un'auto a disposizione rende tutto comodo e senza problemi.<\/p>\n<p>Inoltre, grazie all'ampia gamma di veicoli disponibili per il noleggio di rental-car.company, tra cui berline, SUV e auto di lusso, potrete scegliere il veicolo perfetto per le vostre esigenze di viaggio. Che siate in viaggio da soli o con un gruppo di amici o familiari, c'\u00e8 un'auto per tutti.<\/p>\n<h3>I vantaggi del noleggio auto a Leeds<\/h3>\n<p>- Flessibilit\u00e0: Con un'auto a noleggio a vostra disposizione, avete il controllo completo del vostro itinerario. Potete pianificare la giornata in base ai vostri programmi senza dovervi affidare ai mezzi pubblici.<br \/>\n- Comfort: Viaggiare in tutta comodit\u00e0 \u00e8 essenziale quando si esplora una nuova citt\u00e0. Grazie ai comodi posti a sedere e a servizi come l'aria condizionata nella maggior parte delle auto a noleggio, potrete godervi ogni momento del vostro viaggio.<br \/>\n- Economico: Il noleggio di un'auto pu\u00f2 sembrare inizialmente costoso, ma diventa conveniente rispetto ad altre modalit\u00e0 di trasporto se si viaggia su lunghe distanze o con pi\u00f9 persone.<br \/>\n- Navigazione facile: Navigare in una citt\u00e0 sconosciuta pu\u00f2 essere impegnativo, ma con un sistema GPS a bordo della vostra auto a noleggio potrete orientarvi facilmente e raggiungere la vostra destinazione senza problemi.<br \/>\n- Sicurezza: La sicurezza vostra e dei vostri compagni di viaggio \u00e8 una priorit\u00e0 assoluta quando si viaggia. Con rental-car.company, tutte le auto vengono sottoposte a regolare manutenzione e sono dotate di dispositivi di sicurezza per garantire un viaggio sicuro.<\/p>\n<h3>Contro del noleggio auto Leeds<\/h3>\n<p>- Costi aggiuntivi: Anche se il noleggio di un'auto pu\u00f2 sembrare la soluzione perfetta per esplorare Leeds, ci sono costi aggiuntivi come l'assicurazione e il carburante che devono essere considerati.<br \/>\n- Parcheggio: Trovare parcheggio nel centro della citt\u00e0 pu\u00f2 essere a volte difficile, soprattutto nelle ore di punta. \u00c8 essenziale pianificare in anticipo o optare per alloggi con possibilit\u00e0 di parcheggio.<\/p>\n<h4>Domande frequenti<\/h4>\n<h4>D: Di quali documenti ho bisogno per noleggiare un'auto a Leeds?<\/h4>\n<p>R: Per noleggiare un'auto a Leeds \u00e8 necessario avere una patente di guida valida, una carta di credito per il pagamento e un documento d'identit\u00e0 (passaporto o carta d'identit\u00e0).<\/p>\n<h4>D: Posso noleggiare un&#039;auto se ho meno di 25 anni?<\/h4>\n<p>R: La maggior parte delle sedi di rental-car.company richiede che i noleggiatori abbiano almeno 25 anni; tuttavia, alcune sedi possono consentire ai noleggiatori di et\u00e0 compresa tra i 21 e i 24 anni di pagare un supplemento.<\/p>\n<h4>D: \u00c8 possibile restituire l'auto a noleggio al di fuori degli orari di ufficio?<\/h4>\n<p><img loading=\"lazy\" decoding=\"async\" class=\"alignright\" src=\"\/wp-content\/uploads\/images\/rent_car_1107.png\" alt=\"noleggio auto leeds\" width=\"350\" height=\"350\" \/><\/p>\n<p>R: S\u00ec, la maggior parte delle sedi delle societ\u00e0 di autonoleggio dispone di cassette di consegna dove \u00e8 possibile lasciare le chiavi dopo l'orario di ufficio. Tuttavia, si consiglia sempre di confermare questa opzione in anticipo.<\/p>\n<p>In conclusione, il noleggio di un'auto a Leeds offre convenienza, comfort e flessibilit\u00e0 durante l'esplorazione di questa dinamica citt\u00e0. Con prezzi accessibili e diverse opzioni di veicoli disponibili presso le sedi di rental-car.company in tutta la citt\u00e0, \u00e8 senza dubbio il modo migliore per viaggiare a Leeds. Prenotate oggi stesso la vostra auto a noleggio e approfittate del vostro viaggio in questa vivace citt\u00e0.<\/p>\n<\/div>","protected":false},"excerpt":{"rendered":"<p>Experience the Convenience of Car Rental Leeds Are you planning a trip to the vibrant city of Leeds? Look no further, as car rental Leeds offers you the ultimate convenience and freedom to explore this bustling city and its surrounding areas. With rental-car.company, you can easily find the perfect car for your needs at affordable [&hellip;]<\/p>\n","protected":false},"author":1,"featured_media":4407,"parent":0,"menu_order":0,"comment_status":"closed","ping_status":"closed","template":"","meta":{"rs_blank_template":"","rs_page_bg_color":"","slide_template_v7":"","footnotes":""},"categories":[1],"tags":[],"class_list":["post-4405","page","type-page","status-publish","has-post-thumbnail","hentry","category-blog"],"_links":{"self":[{"href":"https:\/\/rental-car.company\/it\/wp-json\/wp\/v2\/pages\/4405","targetHints":{"allow":["GET"]}}],"collection":[{"href":"https:\/\/rental-car.company\/it\/wp-json\/wp\/v2\/pages"}],"about":[{"href":"https:\/\/rental-car.company\/it\/wp-json\/wp\/v2\/types\/page"}],"author":[{"embeddable":true,"href":"https:\/\/rental-car.company\/it\/wp-json\/wp\/v2\/users\/1"}],"replies":[{"embeddable":true,"href":"https:\/\/rental-car.company\/it\/wp-json\/wp\/v2\/comments?post=4405"}],"version-history":[{"count":0,"href":"https:\/\/rental-car.company\/it\/wp-json\/wp\/v2\/pages\/4405\/revisions"}],"wp:featuredmedia":[{"embeddable":true,"href":"https:\/\/rental-car.company\/it\/wp-json\/wp\/v2\/media\/4407"}],"wp:attachment":[{"href":"https:\/\/rental-car.company\/it\/wp-json\/wp\/v2\/media?parent=4405"}],"wp:term":[{"taxonomy":"category","embeddable":true,"href":"https:\/\/rental-car.company\/it\/wp-json\/wp\/v2\/categories?post=4405"},{"taxonomy":"post_tag","embeddable":true,"href":"https:\/\/rental-car.company\/it\/wp-json\/wp\/v2\/tags?post=4405"}],"curies":[{"name":"wp","href":"https:\/\/api.w.org\/{rel}","templated":true}]}}