{"id":4605,"date":"2024-08-09T18:05:53","date_gmt":"2024-08-09T18:05:53","guid":{"rendered":"https:\/\/rental-car.company\/?page_id=4605"},"modified":"2024-08-09T18:05:53","modified_gmt":"2024-08-09T18:05:53","slug":"impresa-pahrump","status":"publish","type":"page","link":"https:\/\/rental-car.company\/it\/impresa-pahrump\/","title":{"rendered":"Enterprise Pahrump: Guida completa al noleggio di un'auto a Pahrump"},"content":{"rendered":"<div class=\"wpb-content-wrapper\"><h2>I vantaggi della scelta di Enterprise Pahrump per le vostre esigenze di noleggio auto<\/h2>\n<p>Quando si tratta di noleggiare un'auto nella citt\u00e0 di Pahrump, Nevada, ci sono molte opzioni disponibili. Tuttavia, una societ\u00e0 si distingue dalle altre: Enterprise Pahrump. Con una solida reputazione e un'ampia gamma di servizi, Enterprise Pahrump \u00e8 la scelta ideale sia per gli abitanti che per i turisti.<\/p>\n<div class=\"vc_row wpb_row vc_row-fluid\"><div class=\"wpb_column vc_column_container vc_col-sm-12\"><div class=\"vc_column-inner\"><div class=\"wpb_wrapper\">\n\t<div class=\"wpb_text_column wpb_content_element\" >\n\t\t<div class=\"wpb_wrapper\">\n\t\t\t<p><script id=\"dchwidget\" src=\"https:\/\/www.discovercars.com\/wg.js\" async=\"\" data-dev-env=\"com\" data-location=\"\" data-lang=\"en\" data-utm-source=\"malina\" data-utm-medium=\"widget\" data-aff-code=\"a_aid\" data-autocomplete=\"on\" data-style-submit-bg-color=\"00A200\" data-style-submit-font-color=\"white\" data-style-form-bg-color=\"FAD130\" data-style-form-font-color=\"333\" data-style-submit-text=\"Search now\"><\/script><\/p>\n\n\t\t<\/div>\n\t<\/div>\n<\/div><\/div><\/div><\/div>\n<p>&nbsp;<\/p>\n<h2>Scoprire Enterprise Pahrump<\/h2>\n<p><img loading=\"lazy\" decoding=\"async\" class=\"alignleft\" src=\"\/wp-content\/uploads\/images\/rent_car_287.png\" alt=\"impresa pahrump\" width=\"350\" height=\"350\" \/><\/p>\n<p>Enterprise Pahrump fa parte della societ\u00e0 di noleggio auto globale Enterprise Holdings Inc. Con oltre 9.000 sedi in tutto il mondo e una flotta di oltre 1,5 milioni di veicoli, Enterprise Holdings Inc. si \u00e8 affermata come uno dei nomi pi\u00f9 affidabili e fidati del settore.<\/p>\n<p>Oltre ai tradizionali servizi di noleggio auto, Enterprise offre anche il noleggio di camion, di veicoli di lusso e persino di auto esotiche grazie al marchio Exotic Car Collection by Enterprise.<\/p>\n<p>Presso la sede di Pahrump, potrete contare su un eccellente servizio clienti da parte del personale esperto che vi assister\u00e0 nella scelta del veicolo perfetto per le vostre esigenze. Che siate alla ricerca di un'auto compatta per i viaggi in solitaria o di un SUV per le avventure con la famiglia in citt\u00e0 o altrove, l'azienda ha tutto ci\u00f2 che fa per voi.<\/p>\n<h3>Affitti che si adattano al vostro budget<\/h3>\n<p>Uno dei principali vantaggi di scegliere Enterprise Pahrump \u00e8 rappresentato dalle sue tariffe convenienti. Offrono prezzi competitivi che si adattano a diversi budget senza sacrificare la qualit\u00e0 o il servizio. Inoltre, grazie ai frequenti sconti e alle offerte speciali disponibili sul loro sito web o attraverso partnership con altre aziende come rental-car.company, \u00e8 possibile risparmiare ulteriormente sui costi di noleggio.<\/p>\n<h3>Convenienza al massimo<\/h3>\n<p>Un altro motivo per cui molti clienti preferiscono noleggiare da Enterprise \u00e8 che il processo \u00e8 facile e veloce. Potete prenotare il veicolo desiderato online prima del vostro viaggio e sar\u00e0 pronto per essere ritirato quando arriverete nella loro sede di Pahrump. Inoltre, Enterprise offre un comodo servizio di ritiro e riconsegna, che facilita i clienti che non dispongono di un proprio mezzo di trasporto.<\/p>\n<h4>Pro e contro<\/h4>\n<p>Pro:<br \/>\n- Ampia gamma di veicoli tra cui scegliere<br \/>\n- Tariffe convenienti e sconti frequenti<br \/>\n- Servizio clienti eccellente<br \/>\n- Comoda procedura di prenotazione e servizi di ritiro\/consegna<\/p>\n<p>Contro:<br \/>\n- Luoghi limitati nella citt\u00e0 di Pahrump<\/p>\n<h4>FAQ<\/h4>\n<p><img loading=\"lazy\" decoding=\"async\" class=\"alignright\" src=\"\/wp-content\/uploads\/images\/rent_car_1193.png\" alt=\"impresa pahrump\" width=\"350\" height=\"350\" \/><\/p>\n<p>D: Quali tipi di veicoli sono disponibili per il noleggio presso Enterprise Pahrump?<br \/>\nR: Enterprise offre una variet\u00e0 di auto, camion, veicoli di lusso e auto esotiche attraverso il marchio Exotic Car Collection.<\/p>\n<p>D: Posso prenotare il mio noleggio online?<br \/>\nR: S\u00ec, potete facilmente prenotare il veicolo desiderato online attraverso il sito web di Enterprise.<\/p>\n<p>D: Offrono sconti o offerte speciali?<br \/>\nR: S\u00ec, Enterprise offre spesso promozioni e partnership con altre societ\u00e0 che offrono sconti sul noleggio.<\/p>\n<p>D: C'\u00e8 un'et\u00e0 minima per noleggiare un'auto presso Enterprise Pahrump?<br \/>\nR: L'et\u00e0 minima per noleggiare un'auto \u00e8 di 21 anni. Tuttavia, i conducenti di et\u00e0 compresa tra i 21 e i 24 anni possono essere soggetti a un supplemento per i minorenni.<\/p>\n<p>In conclusione, quando si tratta di noleggiare un'auto a Pahrump, Enterprise \u00e8 la scelta migliore. Con la sua ampia gamma di servizi e le sue tariffe convenienti, rende il noleggio di un veicolo facile e conveniente. Quindi, la prossima volta che pianificherete un viaggio a Pahrump o avrete bisogno di un veicolo temporaneo per qualsiasi motivo, prendete in considerazione la possibilit\u00e0 di scegliere enterprise pahrump da rental-car.company.<\/p>\n<\/div>","protected":false},"excerpt":{"rendered":"<p>The Benefits of Choosing Enterprise Pahrump for Your Car Rental Needs When it comes to renting a car in the town of Pahrump, Nevada, there are many options available. However, one company stands out above the rest &#8211; Enterprise Pahrump. With a strong reputation and a wide range of services, Enterprise Pahrump is the go-to [&hellip;]<\/p>\n","protected":false},"author":1,"featured_media":3235,"parent":0,"menu_order":0,"comment_status":"closed","ping_status":"closed","template":"","meta":{"rs_blank_template":"","rs_page_bg_color":"","slide_template_v7":"","footnotes":""},"categories":[1],"tags":[],"class_list":["post-4605","page","type-page","status-publish","has-post-thumbnail","hentry","category-blog"],"_links":{"self":[{"href":"https:\/\/rental-car.company\/it\/wp-json\/wp\/v2\/pages\/4605","targetHints":{"allow":["GET"]}}],"collection":[{"href":"https:\/\/rental-car.company\/it\/wp-json\/wp\/v2\/pages"}],"about":[{"href":"https:\/\/rental-car.company\/it\/wp-json\/wp\/v2\/types\/page"}],"author":[{"embeddable":true,"href":"https:\/\/rental-car.company\/it\/wp-json\/wp\/v2\/users\/1"}],"replies":[{"embeddable":true,"href":"https:\/\/rental-car.company\/it\/wp-json\/wp\/v2\/comments?post=4605"}],"version-history":[{"count":0,"href":"https:\/\/rental-car.company\/it\/wp-json\/wp\/v2\/pages\/4605\/revisions"}],"wp:featuredmedia":[{"embeddable":true,"href":"https:\/\/rental-car.company\/it\/wp-json\/wp\/v2\/media\/3235"}],"wp:attachment":[{"href":"https:\/\/rental-car.company\/it\/wp-json\/wp\/v2\/media?parent=4605"}],"wp:term":[{"taxonomy":"category","embeddable":true,"href":"https:\/\/rental-car.company\/it\/wp-json\/wp\/v2\/categories?post=4605"},{"taxonomy":"post_tag","embeddable":true,"href":"https:\/\/rental-car.company\/it\/wp-json\/wp\/v2\/tags?post=4605"}],"curies":[{"name":"wp","href":"https:\/\/api.w.org\/{rel}","templated":true}]}}