{"id":4737,"date":"2024-08-10T23:06:00","date_gmt":"2024-08-10T23:06:00","guid":{"rendered":"https:\/\/rental-car.company\/?page_id=4737"},"modified":"2024-08-10T23:06:00","modified_gmt":"2024-08-10T23:06:00","slug":"noleggio-auto-round-rock","status":"publish","type":"page","link":"https:\/\/rental-car.company\/it\/noleggio-auto-round-rock\/","title":{"rendered":"Noleggio auto Round Rock - Guida completa"},"content":{"rendered":"<div class=\"wpb-content-wrapper\"><h2>Noleggio auto a Round Rock: Tutto quello che c'\u00e8 da sapere<\/h2>\n<p>State programmando un viaggio a Round Rock, in Texas? Una delle prime cose da considerare \u00e8 il mezzo di trasporto. Sebbene siano disponibili opzioni di trasporto pubblico, il modo pi\u00f9 comodo ed efficiente per esplorare Round Rock \u00e8 il noleggio di un'auto. In questa guida vi spiegheremo tutto quello che c'\u00e8 da sapere sul noleggio auto a Round Rock.<\/p>\n<div class=\"vc_row wpb_row vc_row-fluid\"><div class=\"wpb_column vc_column_container vc_col-sm-12\"><div class=\"vc_column-inner\"><div class=\"wpb_wrapper\">\n\t<div class=\"wpb_text_column wpb_content_element\" >\n\t\t<div class=\"wpb_wrapper\">\n\t\t\t<p><script id=\"dchwidget\" src=\"https:\/\/www.discovercars.com\/wg.js\" async=\"\" data-dev-env=\"com\" data-location=\"\" data-lang=\"en\" data-utm-source=\"malina\" data-utm-medium=\"widget\" data-aff-code=\"a_aid\" data-autocomplete=\"on\" data-style-submit-bg-color=\"00A200\" data-style-submit-font-color=\"white\" data-style-form-bg-color=\"FAD130\" data-style-form-font-color=\"333\" data-style-submit-text=\"Search now\"><\/script><\/p>\n\n\t\t<\/div>\n\t<\/div>\n<\/div><\/div><\/div><\/div>\n<p>&nbsp;<\/p>\n<h2>Scoprire il noleggio auto a Round Rock<\/h2>\n<p><img loading=\"lazy\" decoding=\"async\" class=\"alignleft\" src=\"\/wp-content\/uploads\/images\/rent_car_1225.png\" alt=\"noleggio auto round rock\" width=\"350\" height=\"350\" \/><\/p>\n<p>Round Rock \u00e8 una citt\u00e0 situata a nord di Austin, nel Texas centrale. \u00c8 nota per la sua ricca storia, la sua vibrante cultura e le sue numerose attrazioni. Che siate qui per affari o per piacere, avere a disposizione un'auto a noleggio render\u00e0 il vostro soggiorno pi\u00f9 piacevole e senza problemi.<\/p>\n<p>Ci sono diverse opzioni per il noleggio auto a Round Rock, tra cui le principali catene internazionali e le compagnie locali. Tra le compagnie di autonoleggio pi\u00f9 popolari della zona figurano Enterprise, Hertz, Avis e Budget. \u00c8 possibile scegliere tra una variet\u00e0 di veicoli che vanno dalle auto economiche ai SUV di lusso.<\/p>\n<p>Quando si noleggia un'auto a Round Rock, \u00e8 importante considerare fattori quali il budget, i piani di viaggio e le preferenze personali. Assicuratevi di ricercare diverse societ\u00e0 di noleggio e di confrontare i prezzi prima di prendere una decisione.<\/p>\n<h3>I vantaggi del noleggio di un'auto a Round Rock<\/h3>\n<p>- Convenienza: Avere un veicolo proprio vi d\u00e0 la libert\u00e0 di esplorare Round Rock al vostro ritmo senza dipendere dagli orari dei mezzi pubblici.<br \/>\n- Economico: Noleggiare un'auto pu\u00f2 essere pi\u00f9 conveniente che prendere pi\u00f9 taxi o rideshares durante il soggiorno.<br \/>\n- Comfort: Con un'auto a noleggio, potete viaggiare comodamente con la vostra famiglia o i vostri amici senza preoccuparvi dei limiti di spazio.<br \/>\n- Accessibilit\u00e0: Un'auto a noleggio vi permette di accedere facilmente a tutte le zone di Round Rock, comprese le sue numerose attrazioni e le citt\u00e0 vicine come Austin.<br \/>\n- Flessibilit\u00e0: Potete personalizzare la vostra auto a noleggio in base alle vostre esigenze specifiche, sia che si tratti di un'auto compatta a basso consumo di carburante per la guida in citt\u00e0 o di un SUV spazioso per i viaggi in auto.<\/p>\n<h3>Gli svantaggi del noleggio di un'auto a Round Rock<\/h3>\n<p>- Costi aggiuntivi: Oltre al canone di noleggio, potreste dover pagare l'assicurazione, la benzina e i pedaggi.<br \/>\n- Limiti di parcheggio: Trovare parcheggio nelle zone del centro pu\u00f2 essere difficile e costoso.<br \/>\n- Guidare in un territorio sconosciuto: Se non siete abituati a guidare a Round Rock o in Texas in generale, potrebbe essere necessario un po' di tempo per abituarsi alle strade e al traffico.<\/p>\n<h4>Pro e contro<\/h4>\n<p><b>Pro:<\/b><br \/>\n- Convenienza<br \/>\n- Economicamente vantaggioso<br \/>\n- Comfort<br \/>\n- Accessibilit\u00e0<br \/>\n- Flessibilit\u00e0<\/p>\n<p><b>Contro:<\/b><br \/>\n- Costi aggiuntivi<br \/>\n- Limitazioni del parcheggio<br \/>\n- Guida in territorio sconosciuto<\/p>\n<h4>Domande frequenti sul noleggio auto a Round Rock<\/h4>\n<p><img loading=\"lazy\" decoding=\"async\" class=\"alignright\" src=\"\/wp-content\/uploads\/images\/rent_car_254.png\" alt=\"noleggio auto round rock\" width=\"350\" height=\"350\" \/><\/p>\n<p><b>D: Qual \u00e8 l'et\u00e0 minima richiesta per noleggiare un'auto a Round Rock?<\/b><br \/>\nR: L'et\u00e0 minima per noleggiare un'auto \u00e8 in genere 21 anni. Tuttavia, alcune societ\u00e0 di noleggio possono richiedere che i noleggiatori abbiano almeno 25 anni.<\/p>\n<p><b>D: Ho bisogno di un'assicurazione quando noleggio un'auto?<\/b><br \/>\nR: La maggior parte delle societ\u00e0 di noleggio offre opzioni di assicurazione a un costo aggiuntivo. Si consiglia di acquistare l'assicurazione per la propria protezione.<\/p>\n<p><b>D: Posso restituire l'auto a noleggio dopo l'orario di lavoro?<\/b><br \/>\nR: Molte societ\u00e0 di noleggio dispongono di cassette di consegna dove \u00e8 possibile lasciare le chiavi dopo l'orario di lavoro. \u00c8 meglio informarsi prima presso la societ\u00e0.<\/p>\n<p><b>D: Posso guidare la mia auto a noleggio fuori dallo Stato?<\/b><br \/>\nR: S\u00ec, ma \u00e8 importante informare preventivamente la societ\u00e0 di noleggio e assicurarsi che l'assicurazione copra i viaggi fuori dallo Stato.<\/p>\n<p>In conclusione, noleggiare un'auto \u00e8 un'opzione eccellente per esplorare Round Rock e le aree circostanti. Offre convenienza, flessibilit\u00e0 e accessibilit\u00e0 che possono migliorare la vostra esperienza di viaggio. Grazie a questa guida, sarete ben informati e preparati a prendere la decisione migliore per le vostre esigenze di noleggio auto a Round Rock. Buon viaggio!<\/p>\n<\/div>","protected":false},"excerpt":{"rendered":"<p>Round Rock Car Rentals: Everything You Need to Know Are you planning a trip to Round Rock, Texas? One of the first things you&#8217;ll need to consider is your mode of transportation. While there are public transportation options available, the most convenient and efficient way to explore Round Rock is by renting a car. In [&hellip;]<\/p>\n","protected":false},"author":1,"featured_media":3464,"parent":0,"menu_order":0,"comment_status":"closed","ping_status":"closed","template":"","meta":{"rs_blank_template":"","rs_page_bg_color":"","slide_template_v7":"","footnotes":""},"categories":[1],"tags":[],"class_list":["post-4737","page","type-page","status-publish","has-post-thumbnail","hentry","category-blog"],"_links":{"self":[{"href":"https:\/\/rental-car.company\/it\/wp-json\/wp\/v2\/pages\/4737","targetHints":{"allow":["GET"]}}],"collection":[{"href":"https:\/\/rental-car.company\/it\/wp-json\/wp\/v2\/pages"}],"about":[{"href":"https:\/\/rental-car.company\/it\/wp-json\/wp\/v2\/types\/page"}],"author":[{"embeddable":true,"href":"https:\/\/rental-car.company\/it\/wp-json\/wp\/v2\/users\/1"}],"replies":[{"embeddable":true,"href":"https:\/\/rental-car.company\/it\/wp-json\/wp\/v2\/comments?post=4737"}],"version-history":[{"count":0,"href":"https:\/\/rental-car.company\/it\/wp-json\/wp\/v2\/pages\/4737\/revisions"}],"wp:featuredmedia":[{"embeddable":true,"href":"https:\/\/rental-car.company\/it\/wp-json\/wp\/v2\/media\/3464"}],"wp:attachment":[{"href":"https:\/\/rental-car.company\/it\/wp-json\/wp\/v2\/media?parent=4737"}],"wp:term":[{"taxonomy":"category","embeddable":true,"href":"https:\/\/rental-car.company\/it\/wp-json\/wp\/v2\/categories?post=4737"},{"taxonomy":"post_tag","embeddable":true,"href":"https:\/\/rental-car.company\/it\/wp-json\/wp\/v2\/tags?post=4737"}],"curies":[{"name":"wp","href":"https:\/\/api.w.org\/{rel}","templated":true}]}}