{"id":4811,"date":"2024-08-11T15:05:19","date_gmt":"2024-08-11T15:05:19","guid":{"rendered":"https:\/\/rental-car.company\/?page_id=4811"},"modified":"2024-08-11T15:05:19","modified_gmt":"2024-08-11T15:05:19","slug":"noleggio-auto-a-cancun","status":"publish","type":"page","link":"https:\/\/rental-car.company\/it\/noleggio-auto-a-cancun\/","title":{"rendered":"Auto a noleggio a Cancun - Guida completa"},"content":{"rendered":"<div class=\"wpb-content-wrapper\"><h2>Esplorate il meglio di Cancun con le auto a noleggio<\/h2>\n<p>Se state programmando un viaggio a Cancun, in Messico, noleggiare un'auto \u00e8 uno dei modi migliori per esplorare questa splendida destinazione. Con le sue splendide spiagge, la vivace vita notturna e il ricco patrimonio culturale, a Cancun c'\u00e8 molto da vedere e da fare. E quale modo migliore di vivere tutto questo se non con la comodit\u00e0 e la libert\u00e0 della propria auto a noleggio?<\/p>\n<p>Su rental-car.company offriamo un'ampia gamma di auto a noleggio a Cancun che soddisfano ogni budget e stile di viaggio. Dalle auto compatte per chi viaggia da solo agli spaziosi SUV per famiglie o gruppi, abbiamo qualcosa per tutti. Allacciate le cinture e preparatevi a scoprire tutto ci\u00f2 che Cancun ha da offrire con la nostra guida completa sulle auto a noleggio a Cancun.<\/p>\n<div class=\"vc_row wpb_row vc_row-fluid\"><div class=\"wpb_column vc_column_container vc_col-sm-12\"><div class=\"vc_column-inner\"><div class=\"wpb_wrapper\">\n\t<div class=\"wpb_text_column wpb_content_element\" >\n\t\t<div class=\"wpb_wrapper\">\n\t\t\t<p><script id=\"dchwidget\" src=\"https:\/\/www.discovercars.com\/wg.js\" async=\"\" data-dev-env=\"com\" data-location=\"\" data-lang=\"en\" data-utm-source=\"malina\" data-utm-medium=\"widget\" data-aff-code=\"a_aid\" data-autocomplete=\"on\" data-style-submit-bg-color=\"00A200\" data-style-submit-font-color=\"white\" data-style-form-bg-color=\"FAD130\" data-style-form-font-color=\"333\" data-style-submit-text=\"Search now\"><\/script><\/p>\n\n\t\t<\/div>\n\t<\/div>\n<\/div><\/div><\/div><\/div>\n<p>&nbsp;<\/p>\n<h2>Scoprire le auto a noleggio a Cancun<\/h2>\n<p><img loading=\"lazy\" decoding=\"async\" class=\"alignleft\" src=\"\/wp-content\/uploads\/images\/rent_car_694.png\" alt=\"noleggio auto a cancun\" width=\"350\" height=\"350\" \/><\/p>\n<p>Con cos\u00ec tante opzioni disponibili, pu\u00f2 essere opprimente cercare di decidere quale tipo di auto a noleggio sia la migliore per il vostro viaggio. Per aiutarvi, ecco alcune scelte popolari tra i viaggiatori che visitano Cancun:<\/p>\n<h3>Auto economiche<\/h3>\n<p>Per i viaggiatori attenti al budget o per chi cerca un veicolo pi\u00f9 piccolo per muoversi facilmente in citt\u00e0, un'auto economica \u00e8 la scelta ideale. Queste auto sono efficienti dal punto di vista dei consumi e hanno un prezzo accessibile senza compromettere il comfort.<\/p>\n<h3>SUV<\/h3>\n<p>Se avete intenzione di esplorare non solo il centro di Cancun e volete un veicolo con pi\u00f9 spazio e potenza, allora un SUV \u00e8 l'opzione perfetta. Con molto spazio per i bagagli o per attrezzature come tavole da surf o mazze da golf, un SUV offre sia comfort che praticit\u00e0.<\/p>\n<h3>Auto di lusso<\/h3>\n<p>Per chi desidera un tocco di lusso durante la propria vacanza a Cancun, noleggiare un'auto di lusso \u00e8 la soluzione ideale. Che si tratti di un'elegante auto sportiva o di un SUV di fascia alta, guidare con stile migliorer\u00e0 la vostra esperienza complessiva della citt\u00e0.<\/p>\n<h4>Pro e contro<\/h4>\n<p>Pro:<br \/>\n- Libert\u00e0 di esplorare Cancun al proprio ritmo<br \/>\n- Convenienza e flessibilit\u00e0 in termini di piani di viaggio<br \/>\n- Pi\u00f9 conveniente che affidarsi ai taxi o ai mezzi di trasporto pubblico<br \/>\n- Possibilit\u00e0 di guidare diversi tipi di auto<\/p>\n<p>Contro:<br \/>\n- Il traffico pu\u00f2 essere caotico e imprevedibile a Cancun<br \/>\n- Il parcheggio pu\u00f2 essere difficile da trovare nelle zone turistiche pi\u00f9 popolari<br \/>\n- Le leggi di guida e i segnali stradali possono essere diversi da quelli del vostro paese d'origine.<\/p>\n<h4>FAQ<\/h4>\n<p><img loading=\"lazy\" decoding=\"async\" class=\"alignright\" src=\"\/wp-content\/uploads\/images\/rent_car_327.png\" alt=\"noleggio auto a cancun\" width=\"350\" height=\"350\" \/><\/p>\n<p>D: Di cosa ho bisogno per noleggiare un'auto a Cancun?<br \/>\nR: \u00c8 necessario avere una patente di guida valida, una carta di credito per il pagamento e un passaporto come documento di identit\u00e0.<\/p>\n<p>D: \u00c8 sicuro guidare a Cancun?<br \/>\nR: S\u00ec, la guida \u00e8 generalmente sicura a Cancun. Tuttavia, \u00e8 importante seguire le regole del traffico e prestare attenzione agli altri conducenti sulla strada.<\/p>\n<p>D: Ci sono restrizioni di et\u00e0 per noleggiare un'auto a Cancun?<br \/>\nR: S\u00ec, la maggior parte delle societ\u00e0 di noleggio richiede che i conducenti abbiano almeno 21 anni. Alcune possono anche avere un limite minimo di et\u00e0 di 25 anni.<\/p>\n<p>D: Posso guidare la mia auto a noleggio al di fuori di Cancun?<br \/>\nR: S\u00ec, \u00e8 possibile guidare l'auto a noleggio al di fuori dei confini della citt\u00e0. Basta informare preventivamente la societ\u00e0 di noleggio.<\/p>\n<p>In conclusione, noleggiare un'auto \u00e8 un modo eccellente per scoprire tutto ci\u00f2 che Cancun ha da offrire. Con opzioni per ogni budget e stile di viaggio, rental-car.company vi permette di trovare facilmente il veicolo perfetto per il vostro viaggio. Quindi perch\u00e9 aspettare? Prenotate subito la vostra auto a noleggio e preparatevi a vivere una vacanza indimenticabile!<\/p>\n<\/div>","protected":false},"excerpt":{"rendered":"<p>Explore the Best of Cancun with Rental Cars If you&#8217;re planning a trip to Cancun, Mexico, renting a car is one of the best ways to explore this beautiful destination. With its stunning beaches, lively nightlife, and rich cultural heritage, there&#8217;s so much to see and do in Cancun. And what better way to experience [&hellip;]<\/p>\n","protected":false},"author":1,"featured_media":4813,"parent":0,"menu_order":0,"comment_status":"closed","ping_status":"closed","template":"","meta":{"rs_blank_template":"","rs_page_bg_color":"","slide_template_v7":"","footnotes":""},"categories":[1],"tags":[],"class_list":["post-4811","page","type-page","status-publish","has-post-thumbnail","hentry","category-blog"],"_links":{"self":[{"href":"https:\/\/rental-car.company\/it\/wp-json\/wp\/v2\/pages\/4811","targetHints":{"allow":["GET"]}}],"collection":[{"href":"https:\/\/rental-car.company\/it\/wp-json\/wp\/v2\/pages"}],"about":[{"href":"https:\/\/rental-car.company\/it\/wp-json\/wp\/v2\/types\/page"}],"author":[{"embeddable":true,"href":"https:\/\/rental-car.company\/it\/wp-json\/wp\/v2\/users\/1"}],"replies":[{"embeddable":true,"href":"https:\/\/rental-car.company\/it\/wp-json\/wp\/v2\/comments?post=4811"}],"version-history":[{"count":0,"href":"https:\/\/rental-car.company\/it\/wp-json\/wp\/v2\/pages\/4811\/revisions"}],"wp:featuredmedia":[{"embeddable":true,"href":"https:\/\/rental-car.company\/it\/wp-json\/wp\/v2\/media\/4813"}],"wp:attachment":[{"href":"https:\/\/rental-car.company\/it\/wp-json\/wp\/v2\/media?parent=4811"}],"wp:term":[{"taxonomy":"category","embeddable":true,"href":"https:\/\/rental-car.company\/it\/wp-json\/wp\/v2\/categories?post=4811"},{"taxonomy":"post_tag","embeddable":true,"href":"https:\/\/rental-car.company\/it\/wp-json\/wp\/v2\/tags?post=4811"}],"curies":[{"name":"wp","href":"https:\/\/api.w.org\/{rel}","templated":true}]}}