{"id":4854,"date":"2024-08-11T23:06:57","date_gmt":"2024-08-11T23:06:57","guid":{"rendered":"https:\/\/rental-car.company\/?page_id=4854"},"modified":"2024-08-11T23:06:57","modified_gmt":"2024-08-11T23:06:57","slug":"noleggio-auto-macon-ga","status":"publish","type":"page","link":"https:\/\/rental-car.company\/it\/noleggio-auto-macon-ga\/","title":{"rendered":"Noleggio auto Macon GA - La vostra guida per esplorare l'Heartland della Georgia"},"content":{"rendered":"<div class=\"wpb-content-wrapper\"><div class=\"vc_row wpb_row vc_row-fluid\"><div class=\"wpb_column vc_column_container vc_col-sm-12\"><div class=\"vc_column-inner\"><div class=\"wpb_wrapper\">\n\t<div class=\"wpb_text_column wpb_content_element\" >\n\t\t<div class=\"wpb_wrapper\">\n\t\t\t<p><script id=\"dchwidget\" src=\"https:\/\/www.discovercars.com\/wg.js\" async=\"\" data-dev-env=\"com\" data-location=\"\" data-lang=\"en\" data-utm-source=\"malina\" data-utm-medium=\"widget\" data-aff-code=\"a_aid\" data-autocomplete=\"on\" data-style-submit-bg-color=\"00A200\" data-style-submit-font-color=\"white\" data-style-form-bg-color=\"FAD130\" data-style-form-font-color=\"333\" data-style-submit-text=\"Search now\"><\/script><\/p>\n\n\t\t<\/div>\n\t<\/div>\n<\/div><\/div><\/div><\/div>\n<p>&nbsp;<\/p>\n<h2>Scoprite il miglior noleggio auto che Macon GA ha da offrire<\/h2>\n<p><img loading=\"lazy\" decoding=\"async\" class=\"alignleft\" src=\"\/wp-content\/uploads\/images\/rent_car_312.png\" alt=\"noleggio auto macon ga\" width=\"350\" height=\"350\" \/><\/p>\n<p>State programmando un viaggio a Macon, in Georgia, e vi state chiedendo come fare per spostarvi? Non cercate oltre il noleggio auto Macon GA! Con un'auto a noleggio, avrete la libert\u00e0 e la flessibilit\u00e0 di esplorare questa affascinante citt\u00e0 al vostro ritmo. Dai monumenti storici alle avventure all'aria aperta, dalla deliziosa cucina del Sud alla musica dal vivo, a Macon ce n'\u00e8 per tutti i gusti.<\/p>\n<h3>Perch\u00e9 noleggiare un'auto a Macon?<\/h3>\n<p>Macon \u00e8 il cuore della Georgia, situata a un'ora e mezza a sud di Atlanta. Sebbene siano disponibili opzioni di trasporto pubblico, queste possono essere limitate e potrebbero non portarvi ovunque vogliate andare. Noleggiando un'auto a Macon, avrete la comodit\u00e0 di muovervi secondo i vostri orari senza affidarvi ai mezzi pubblici o ai costosi servizi di ride-sharing.<\/p>\n<h3>I vantaggi della scelta del noleggio auto Macon GA<\/h3>\n<p>Quando si tratta di scegliere una societ\u00e0 di autonoleggio a Macon, ci sono molte opzioni disponibili. Tuttavia, ecco alcuni vantaggi chiave che distinguono rental-car.company dagli altri:<\/p>\n<p>- Ampia scelta: Con rental-car.company potete scegliere tra un'ampia gamma di veicoli, tra cui auto economiche per chi viaggia con un budget limitato o auto di lusso per chi cerca qualcosa di pi\u00f9 raffinato.<br \/>\n- Prezzi convenienti: Su rental-car.company offriamo prezzi competitivi, in modo che possiate godervi il vostro viaggio senza spendere troppo.<br \/>\n- Convenienza: La nostra posizione nel centro di Macon consente ai visitatori di ritirare facilmente l'auto a noleggio al loro arrivo.<br \/>\n- Servizio clienti eccellente: Il nostro team si impegna a fornire un servizio clienti eccezionale e ad assicurarsi che i nostri clienti abbiano un'esperienza senza problemi con i loro noleggi.<\/p>\n<h4>Pro e contro<\/h4>\n<p>Pro:<br \/>\n- Libert\u00e0 e flessibilit\u00e0 di esplorare al proprio ritmo<br \/>\n- Pi\u00f9 conveniente che utilizzare costantemente i servizi di ride-sharing<br \/>\n- Comodit\u00e0 di avere un'auto a portata di mano<\/p>\n<p>Contro:<br \/>\n- Costi aggiuntivi come benzina, assicurazione e potenziali pedaggi.<br \/>\n- Il parcheggio potrebbe essere limitato in alcune aree<\/p>\n<h4>Domande frequenti sul noleggio auto Macon GA<\/h4>\n<p><img loading=\"lazy\" decoding=\"async\" class=\"alignright\" src=\"\/wp-content\/uploads\/images\/rent_car_1085.png\" alt=\"noleggio auto macon ga\" width=\"350\" height=\"350\" \/><\/p>\n<h5>D: Quanti anni devo avere per noleggiare un'auto a Macon?<\/h5>\n<p>R: L'et\u00e0 minima per noleggiare un'auto in Georgia \u00e8 di 21 anni. Tuttavia, i conducenti di et\u00e0 inferiore ai 25 anni possono essere soggetti a un supplemento.<\/p>\n<h5>D: Di quali documenti ho bisogno per noleggiare un'auto a Macon?<\/h5>\n<p>R: \u00c8 necessario avere una patente di guida valida, una carta di credito e una prova di assicurazione. Per i conducenti internazionali potrebbe essere necessario anche un permesso di guida internazionale.<\/p>\n<h5>D: Posso scegliere il tipo di auto che desidero?<\/h5>\n<p>R: S\u00ec! Con rental-car.company, potete selezionare la marca e il modello specifico dell'auto che desiderate in base alla disponibilit\u00e0.<\/p>\n<h3>Esplorate Macon con la vostra auto a noleggio<\/h3>\n<p>Ora che sapete perch\u00e9 noleggiare un'auto a Macon \u00e8 la scelta migliore per spostarsi, ecco alcuni luoghi imperdibili che potrete facilmente esplorare con il vostro noleggio:<\/p>\n<p>- Visitate il Tubman Museum e scoprite la storia e la cultura afroamericana.<br \/>\n- Passeggiate attraverso l'Ocmulgee National Monument e ammirate gli antichi tumuli dei nativi americani.<br \/>\n- Assaporate la cucina del sud in uno dei numerosi e deliziosi ristoranti del centro.<br \/>\n- Assistete a uno spettacolo alla Grand Opera House o al Douglass Theatre per ascoltare musica dal vivo e assistere a performance.<br \/>\n- Percorrete le strade panoramiche di campagna fino alle citt\u00e0 vicine, come Juliette o Gray, dove troverete negozi caratteristici e caff\u00e8 incantevoli.<\/p>\n<p>Con la vostra auto a noleggio di rental-car.company, avrete tutte queste esperienze a portata di mano. Quindi cosa state aspettando? Prenotate oggi stesso il vostro noleggio e iniziate a esplorare Macon, il cuore della Georgia!<\/p>\n<\/div>","protected":false},"excerpt":{"rendered":"<p>&nbsp; Discover the Best Car Rental Macon GA Has to Offer Are you planning a trip to Macon, Georgia and wondering how you&#8217;ll get around? Look no further than car rental Macon GA! With a rental car, you&#8217;ll have the freedom and flexibility to explore this charming city at your own pace. From historic landmarks [&hellip;]<\/p>\n","protected":false},"author":1,"featured_media":2493,"parent":0,"menu_order":0,"comment_status":"closed","ping_status":"closed","template":"","meta":{"rs_blank_template":"","rs_page_bg_color":"","slide_template_v7":"","footnotes":""},"categories":[1],"tags":[],"class_list":["post-4854","page","type-page","status-publish","has-post-thumbnail","hentry","category-blog"],"_links":{"self":[{"href":"https:\/\/rental-car.company\/it\/wp-json\/wp\/v2\/pages\/4854","targetHints":{"allow":["GET"]}}],"collection":[{"href":"https:\/\/rental-car.company\/it\/wp-json\/wp\/v2\/pages"}],"about":[{"href":"https:\/\/rental-car.company\/it\/wp-json\/wp\/v2\/types\/page"}],"author":[{"embeddable":true,"href":"https:\/\/rental-car.company\/it\/wp-json\/wp\/v2\/users\/1"}],"replies":[{"embeddable":true,"href":"https:\/\/rental-car.company\/it\/wp-json\/wp\/v2\/comments?post=4854"}],"version-history":[{"count":0,"href":"https:\/\/rental-car.company\/it\/wp-json\/wp\/v2\/pages\/4854\/revisions"}],"wp:featuredmedia":[{"embeddable":true,"href":"https:\/\/rental-car.company\/it\/wp-json\/wp\/v2\/media\/2493"}],"wp:attachment":[{"href":"https:\/\/rental-car.company\/it\/wp-json\/wp\/v2\/media?parent=4854"}],"wp:term":[{"taxonomy":"category","embeddable":true,"href":"https:\/\/rental-car.company\/it\/wp-json\/wp\/v2\/categories?post=4854"},{"taxonomy":"post_tag","embeddable":true,"href":"https:\/\/rental-car.company\/it\/wp-json\/wp\/v2\/tags?post=4854"}],"curies":[{"name":"wp","href":"https:\/\/api.w.org\/{rel}","templated":true}]}}