{"id":4881,"date":"2024-08-12T05:07:41","date_gmt":"2024-08-12T05:07:41","guid":{"rendered":"https:\/\/rental-car.company\/?page_id=4881"},"modified":"2024-08-12T05:07:41","modified_gmt":"2024-08-12T05:07:41","slug":"impresa-cleveland-tn","status":"publish","type":"page","link":"https:\/\/rental-car.company\/it\/impresa-cleveland-tn\/","title":{"rendered":"enterprise cleveland tn - Introduzione all'argomento"},"content":{"rendered":"<div class=\"wpb-content-wrapper\"><p>Enterprise Cleveland TN \u00e8 una popolare societ\u00e0 di autonoleggio che fornisce servizi affidabili ed efficienti ai residenti e ai visitatori di Cleveland, Tennessee. Con un'ampia gamma di veicoli tra cui scegliere e sedi convenienti in tutta la citt\u00e0, Enterprise \u00e8 diventata un'opzione di riferimento per molti privati e aziende che necessitano di soluzioni di trasporto.<\/p>\n<div class=\"vc_row wpb_row vc_row-fluid\"><div class=\"wpb_column vc_column_container vc_col-sm-12\"><div class=\"vc_column-inner\"><div class=\"wpb_wrapper\">\n\t<div class=\"wpb_text_column wpb_content_element\" >\n\t\t<div class=\"wpb_wrapper\">\n\t\t\t<p><script id=\"dchwidget\" src=\"https:\/\/www.discovercars.com\/wg.js\" async=\"\" data-dev-env=\"com\" data-location=\"\" data-lang=\"en\" data-utm-source=\"malina\" data-utm-medium=\"widget\" data-aff-code=\"a_aid\" data-autocomplete=\"on\" data-style-submit-bg-color=\"00A200\" data-style-submit-font-color=\"white\" data-style-form-bg-color=\"FAD130\" data-style-form-font-color=\"333\" data-style-submit-text=\"Search now\"><\/script><\/p>\n\n\t\t<\/div>\n\t<\/div>\n<\/div><\/div><\/div><\/div>\n<p>&nbsp;<\/p>\n<h2>Esperienza aziendale cleveland tn<\/h2>\n<p><img loading=\"lazy\" decoding=\"async\" class=\"alignleft\" src=\"\/wp-content\/uploads\/images\/rent_car_738.png\" alt=\"impresa cleveland tn\" width=\"350\" height=\"350\" \/><\/p>\n<p>Se state programmando un viaggio a Cleveland, TN o semplicemente avete bisogno di un'auto a noleggio per le vostre attivit\u00e0 quotidiane, Enterprise \u00e8 la scelta perfetta. La filiale di Cleveland offre un'ampia selezione di veicoli, tra cui berline, SUV, camion e furgoni. Potete scegliere tra le auto economiche per le opzioni pi\u00f9 economiche o optare per i veicoli di lusso se volete viaggiare con stile.<\/p>\n<p>Uno dei principali vantaggi del noleggio presso Enterprise \u00e8 l'eccellente servizio clienti. Il personale della sede di Cleveland \u00e8 cordiale, competente e sempre pronto ad aiutarvi a trovare il veicolo migliore per le vostre esigenze. Offrono inoltre opzioni di noleggio flessibili, come il noleggio di una sola tratta e il noleggio a lungo termine.<\/p>\n<h3>Noleggio per uso personale<\/h3>\n<p>Che siate in visita alla famiglia o stiate esplorando nuovi luoghi a Cleveland, TN, Enterprise vi copre con la sua ampia flotta di auto. Noleggiare da loro significa comodit\u00e0, in quanto potete ritirare il veicolo in qualsiasi momento durante l'orario di lavoro e riconsegnarlo in qualsiasi altra localit\u00e0 del Tennessee.<\/p>\n<p>Inoltre, ha diversi sconti disponibili per i clienti, come le offerte speciali per il fine settimana, le offerte last-minute e i premi fedelt\u00e0 che possono farvi risparmiare sul vostro prossimo noleggio.<\/p>\n<h3>Noleggio per uso professionale<\/h3>\n<p>Enterprise si rivolge anche alle aziende che necessitano di soluzioni di trasporto con i suoi programmi aziendali. Questi programmi offrono tariffe competitive per il noleggio a lungo termine e servizi personalizzati di gestione del conto. In questo modo \u00e8 pi\u00f9 facile per le aziende gestire le spese e avere accesso a veicoli di alta qualit\u00e0 ogni volta che ne hanno bisogno.<\/p>\n<p>Inoltre, Enterprise offre anche un comodo servizio di ritiro e riconsegna per i clienti aziendali, rendendo pi\u00f9 facile per i dipendenti arrivare a destinazione senza problemi.<\/p>\n<h4>Pro e contro<\/h4>\n<p>Pro:<br \/>\n- Ampia gamma di veicoli disponibili<br \/>\n- Servizio clienti eccellente<br \/>\n- Opzioni di noleggio flessibili<br \/>\n- Sconti e premi fedelt\u00e0<br \/>\n- Programmi aziendali per le imprese<\/p>\n<p>Contro:<br \/>\n- Luoghi limitati a Cleveland, TN rispetto ad altre citt\u00e0<br \/>\n- Per alcuni servizi possono essere applicati costi aggiuntivi <\/p>\n<h4>Domande frequenti (FAQ)<\/h4>\n<p><img loading=\"lazy\" decoding=\"async\" class=\"alignright\" src=\"\/wp-content\/uploads\/images\/rent_car_183.png\" alt=\"impresa cleveland tn\" width=\"350\" height=\"350\" \/><\/p>\n<p>D: Posso noleggiare un'auto da Enterprise se ho meno di 25 anni?<br \/>\nR: S\u00ec, Enterprise consente ai conducenti di et\u00e0 superiore ai 21 anni di noleggiare un'auto con un supplemento.<\/p>\n<p>D: Posso aggiungere un ulteriore conducente al mio contratto di noleggio?<br \/>\nR: S\u00ec, \u00e8 possibile aggiungere un ulteriore conducente senza costi aggiuntivi. Tutti gli altri autisti successivi comporteranno un costo aggiuntivo.<\/p>\n<p>D: Quali documenti devo portare con me al momento del ritiro dell'auto a noleggio?<br \/>\nR: Se non acquistate la copertura da Enterprise, dovete avere una patente di guida valida, una carta di credito o di debito e una prova di assicurazione.<\/p>\n<p>In conclusione, Enterprise Cleveland TN \u00e8 una societ\u00e0 di autonoleggio affidabile e rispettabile che offre servizi di prim'ordine sia per uso personale che per lavoro. Grazie alla sua variegata flotta di veicoli, alle opzioni flessibili e all'eccellente servizio clienti, \u00e8 diventata la scelta preferita di molti a Cleveland. La prossima volta che avrete bisogno di un'auto a noleggio in questa citt\u00e0, ricordatevi di scegliere Enterprise.<\/p>\n<\/div>","protected":false},"excerpt":{"rendered":"<p>Enterprise Cleveland TN is a popular car rental company that provides reliable and efficient services to residents and visitors in Cleveland, Tennessee. With a wide range of vehicles to choose from and convenient locations throughout the city, Enterprise has become a go-to option for many individuals and businesses in need of transportation solutions. &nbsp; Experience [&hellip;]<\/p>\n","protected":false},"author":1,"featured_media":2403,"parent":0,"menu_order":0,"comment_status":"closed","ping_status":"closed","template":"","meta":{"rs_blank_template":"","rs_page_bg_color":"","slide_template_v7":"","footnotes":""},"categories":[1],"tags":[],"class_list":["post-4881","page","type-page","status-publish","has-post-thumbnail","hentry","category-blog"],"_links":{"self":[{"href":"https:\/\/rental-car.company\/it\/wp-json\/wp\/v2\/pages\/4881","targetHints":{"allow":["GET"]}}],"collection":[{"href":"https:\/\/rental-car.company\/it\/wp-json\/wp\/v2\/pages"}],"about":[{"href":"https:\/\/rental-car.company\/it\/wp-json\/wp\/v2\/types\/page"}],"author":[{"embeddable":true,"href":"https:\/\/rental-car.company\/it\/wp-json\/wp\/v2\/users\/1"}],"replies":[{"embeddable":true,"href":"https:\/\/rental-car.company\/it\/wp-json\/wp\/v2\/comments?post=4881"}],"version-history":[{"count":0,"href":"https:\/\/rental-car.company\/it\/wp-json\/wp\/v2\/pages\/4881\/revisions"}],"wp:featuredmedia":[{"embeddable":true,"href":"https:\/\/rental-car.company\/it\/wp-json\/wp\/v2\/media\/2403"}],"wp:attachment":[{"href":"https:\/\/rental-car.company\/it\/wp-json\/wp\/v2\/media?parent=4881"}],"wp:term":[{"taxonomy":"category","embeddable":true,"href":"https:\/\/rental-car.company\/it\/wp-json\/wp\/v2\/categories?post=4881"},{"taxonomy":"post_tag","embeddable":true,"href":"https:\/\/rental-car.company\/it\/wp-json\/wp\/v2\/tags?post=4881"}],"curies":[{"name":"wp","href":"https:\/\/api.w.org\/{rel}","templated":true}]}}