{"id":4895,"date":"2024-08-12T08:05:38","date_gmt":"2024-08-12T08:05:38","guid":{"rendered":"https:\/\/rental-car.company\/?page_id=4895"},"modified":"2024-08-12T08:05:38","modified_gmt":"2024-08-12T08:05:38","slug":"noleggio-auto-a-minneapolis","status":"publish","type":"page","link":"https:\/\/rental-car.company\/it\/noleggio-auto-a-minneapolis\/","title":{"rendered":"Noleggio auto a Minneapolis - La guida definitiva"},"content":{"rendered":"<div class=\"wpb-content-wrapper\"><h2>Esplora le migliori offerte di noleggio auto a Minneapolis<\/h2>\n<p>Avete in programma un viaggio nella vivace citt\u00e0 di Minneapolis? Volete avere un mezzo di trasporto comodo durante il vostro soggiorno? Non cercate oltre il noleggio auto a Minneapolis! Questa vivace citt\u00e0 ha molto da offrire e il fatto di avere un'auto a noleggio vi permetter\u00e0 di esplorare tutti i suoi angoli e le sue zone a vostro piacimento. In questa guida definitiva, vi spiegheremo tutto quello che c'\u00e8 da sapere sul noleggio di un'auto a Minneapolis.<\/p>\n<div class=\"vc_row wpb_row vc_row-fluid\"><div class=\"wpb_column vc_column_container vc_col-sm-12\"><div class=\"vc_column-inner\"><div class=\"wpb_wrapper\">\n\t<div class=\"wpb_text_column wpb_content_element\" >\n\t\t<div class=\"wpb_wrapper\">\n\t\t\t<p><script id=\"dchwidget\" src=\"https:\/\/www.discovercars.com\/wg.js\" async=\"\" data-dev-env=\"com\" data-location=\"\" data-lang=\"en\" data-utm-source=\"malina\" data-utm-medium=\"widget\" data-aff-code=\"a_aid\" data-autocomplete=\"on\" data-style-submit-bg-color=\"00A200\" data-style-submit-font-color=\"white\" data-style-form-bg-color=\"FAD130\" data-style-form-font-color=\"333\" data-style-submit-text=\"Search now\"><\/script><\/p>\n\n\t\t<\/div>\n\t<\/div>\n<\/div><\/div><\/div><\/div>\n<p>&nbsp;<\/p>\n<h2>Scopri il noleggio auto a Minneapolis<\/h2>\n<p><img loading=\"lazy\" decoding=\"async\" class=\"alignleft\" src=\"\/wp-content\/uploads\/images\/rent_car_469.png\" alt=\"noleggio auto a minneapolis\" width=\"350\" height=\"350\" \/><\/p>\n<p>Minneapolis \u00e8 nota per i suoi bellissimi laghi, i suoi splendidi parchi e la sua cultura variegata. Con cos\u00ec tante cose da vedere e da fare, avere un'auto a noleggio render\u00e0 il vostro viaggio pi\u00f9 piacevole. Potete facilmente noleggiare un'auto all'aeroporto al vostro arrivo o in vari punti della citt\u00e0.<\/p>\n<p>Tra le societ\u00e0 di autonoleggio pi\u00f9 note a Minneapolis figurano Enterprise Rent-A-Car, Hertz Rent-A-Car, Avis Car Rental e Budget Rent-A-Car. Queste societ\u00e0 offrono un'ampia gamma di veicoli, dalle auto compatte ai SUV di lusso, garantendo un'opzione per ogni budget ed esigenza.<\/p>\n<p>Quando si sceglie una societ\u00e0 di autonoleggio, \u00e8 importante considerare fattori come il prezzo, la disponibilit\u00e0 del veicolo, la convenienza del luogo e le recensioni dei clienti. Assicuratevi anche di verificare la presenza di eventuali offerte speciali o sconti.<\/p>\n<h3>I vantaggi del noleggio auto a Minneapolis<\/h3>\n<ul>\n<li><strong>Convenienza:<\/strong> Avere una propria auto a noleggio vi d\u00e0 la libert\u00e0 di andare dove volete, quando volete.<\/li>\n<li><strong>Viaggio pi\u00f9 veloce:<\/strong> Poich\u00e9 i trasporti pubblici sono limitati in alcune zone della citt\u00e0, avere un'auto a noleggio permette di spostarsi pi\u00f9 rapidamente.<\/li>\n<li><strong>Economico:<\/strong> Noleggiare un'auto pu\u00f2 spesso essere pi\u00f9 conveniente che affidarsi ai taxi o ai servizi di ride-sharing, soprattutto se si prevede di viaggiare verso pi\u00f9 destinazioni.<\/li>\n<li><strong>Esplorare al proprio ritmo:<\/strong> Con un'auto a noleggio, potete prendervi tutto il tempo necessario per esplorare tutto ci\u00f2 che Minneapolis ha da offrire senza sentirvi affrettati.<\/li>\n<\/ul>\n<h3>I contro del noleggio auto a Minneapolis<\/h3>\n<ul>\n<li><strong>Traffico:<\/strong> Come ogni citt\u00e0, Minneapolis pu\u00f2 essere soggetta a traffico intenso nelle ore di punta, che pu\u00f2 influire sui tempi di viaggio.<\/li>\n<li><strong>Parcheggio a pagamento:<\/strong> In alcune zone della citt\u00e0 il parcheggio pu\u00f2 essere a pagamento, quindi assicuratevi di tenere conto di questi costi quando pianificate il vostro budget.<\/li>\n<li><strong>Trovare l'orientamento:<\/strong> Se non conoscete bene la citt\u00e0, orientarvi tra strade trafficate e poco conosciute pu\u00f2 essere una sfida.<\/li>\n<\/ul>\n<h4>Domande frequenti sul noleggio auto a Minneapolis<\/h4>\n<p><img loading=\"lazy\" decoding=\"async\" class=\"alignright\" src=\"\/wp-content\/uploads\/images\/rent_car_296.png\" alt=\"noleggio auto a minneapolis\" width=\"350\" height=\"350\" \/><\/p>\n<p><strong>D: Posso noleggiare un&#039;auto se ho meno di 25 anni?<\/strong><\/br><br \/>\nR: La maggior parte delle societ\u00e0 di autonoleggio richiede che i conducenti abbiano almeno 25 anni. Tuttavia, alcune compagnie consentono ai conducenti di et\u00e0 compresa tra i 21 e i 24 anni di noleggiare un'auto con un supplemento.<\/p>\n<p><strong>D: Ho bisogno di un'assicurazione quando noleggio un'auto?<\/strong><\/br><br \/>\nR: S\u00ec, \u00e8 obbligatorio avere un'assicurazione quando si noleggia un'auto. \u00c8 possibile acquistare la copertura attraverso la societ\u00e0 di noleggio o utilizzare la propria assicurazione auto personale.<\/p>\n<p><strong>D: Di che tipo di patente ho bisogno per noleggiare un'auto a Minneapolis?<\/strong><\/br><br \/>\nR: \u00c8 necessario avere una patente di guida valida del proprio Paese o un permesso di guida internazionale.<\/p>\n<p><strong>D: Ci sono restrizioni su dove posso guidare la mia auto a noleggio?<\/strong><\/br><br \/>\nR: La maggior parte delle compagnie di autonoleggio consente di guidare all'interno dello stato del Minnesota e degli stati limitrofi. Tuttavia, potrebbero esserci costi aggiuntivi o restrizioni per chi viaggia fuori dallo stato.<\/p>\n<p>In conclusione, noleggiare un'auto a Minneapolis \u00e8 un'opzione comoda e conveniente per esplorare questa splendida citt\u00e0. Con cos\u00ec tante societ\u00e0 di autonoleggio tra cui scegliere e una variet\u00e0 di veicoli disponibili, potrete facilmente trovare il mezzo di trasporto perfetto per il vostro viaggio. Ricordate solo di considerare i pro e i contro, di pianificare in anticipo e di godervi le vostre avventure a Minneapolis!<\/p>\n<\/div>","protected":false},"excerpt":{"rendered":"<p>Explore the Best Deals on Car Rental in Minneapolis Are you planning a trip to the vibrant city of Minneapolis? Do you want to have a convenient mode of transportation during your stay? Look no further than car rental in Minneapolis! This bustling city has so much to offer, and having your own rental car [&hellip;]<\/p>\n","protected":false},"author":1,"featured_media":4897,"parent":0,"menu_order":0,"comment_status":"closed","ping_status":"closed","template":"","meta":{"rs_blank_template":"","rs_page_bg_color":"","slide_template_v7":"","footnotes":""},"categories":[1],"tags":[],"class_list":["post-4895","page","type-page","status-publish","has-post-thumbnail","hentry","category-blog"],"_links":{"self":[{"href":"https:\/\/rental-car.company\/it\/wp-json\/wp\/v2\/pages\/4895","targetHints":{"allow":["GET"]}}],"collection":[{"href":"https:\/\/rental-car.company\/it\/wp-json\/wp\/v2\/pages"}],"about":[{"href":"https:\/\/rental-car.company\/it\/wp-json\/wp\/v2\/types\/page"}],"author":[{"embeddable":true,"href":"https:\/\/rental-car.company\/it\/wp-json\/wp\/v2\/users\/1"}],"replies":[{"embeddable":true,"href":"https:\/\/rental-car.company\/it\/wp-json\/wp\/v2\/comments?post=4895"}],"version-history":[{"count":0,"href":"https:\/\/rental-car.company\/it\/wp-json\/wp\/v2\/pages\/4895\/revisions"}],"wp:featuredmedia":[{"embeddable":true,"href":"https:\/\/rental-car.company\/it\/wp-json\/wp\/v2\/media\/4897"}],"wp:attachment":[{"href":"https:\/\/rental-car.company\/it\/wp-json\/wp\/v2\/media?parent=4895"}],"wp:term":[{"taxonomy":"category","embeddable":true,"href":"https:\/\/rental-car.company\/it\/wp-json\/wp\/v2\/categories?post=4895"},{"taxonomy":"post_tag","embeddable":true,"href":"https:\/\/rental-car.company\/it\/wp-json\/wp\/v2\/tags?post=4895"}],"curies":[{"name":"wp","href":"https:\/\/api.w.org\/{rel}","templated":true}]}}