{"id":4898,"date":"2024-08-12T09:06:28","date_gmt":"2024-08-12T09:06:28","guid":{"rendered":"https:\/\/rental-car.company\/?page_id=4898"},"modified":"2024-08-12T09:06:28","modified_gmt":"2024-08-12T09:06:28","slug":"impresa-covington-ga","status":"publish","type":"page","link":"https:\/\/rental-car.company\/it\/impresa-covington-ga\/","title":{"rendered":"Enterprise Covington GA: La vostra societ\u00e0 di noleggio auto di fiducia"},"content":{"rendered":"<div class=\"wpb-content-wrapper\"><h2>L'esperienza aziendale a Covington, GA<\/h2>\n<p>Quando si tratta di noleggiare un'auto nella vivace citt\u00e0 di Covington, GA, non c'\u00e8 scelta migliore di Enterprise. Con un'ampia gamma di veicoli e un eccellente servizio clienti, Enterprise \u00e8 diventata la societ\u00e0 di autonoleggio di riferimento sia per gli abitanti che per i turisti. Perch\u00e9 scegliere Enterprise a Covington? Scopriamolo.<\/p>\n<div class=\"vc_row wpb_row vc_row-fluid\"><div class=\"wpb_column vc_column_container vc_col-sm-12\"><div class=\"vc_column-inner\"><div class=\"wpb_wrapper\">\n\t<div class=\"wpb_text_column wpb_content_element\" >\n\t\t<div class=\"wpb_wrapper\">\n\t\t\t<p><script id=\"dchwidget\" src=\"https:\/\/www.discovercars.com\/wg.js\" async=\"\" data-dev-env=\"com\" data-location=\"\" data-lang=\"en\" data-utm-source=\"malina\" data-utm-medium=\"widget\" data-aff-code=\"a_aid\" data-autocomplete=\"on\" data-style-submit-bg-color=\"00A200\" data-style-submit-font-color=\"white\" data-style-form-bg-color=\"FAD130\" data-style-form-font-color=\"333\" data-style-submit-text=\"Search now\"><\/script><\/p>\n\n\t\t<\/div>\n\t<\/div>\n<\/div><\/div><\/div><\/div>\n<p>&nbsp;<\/p>\n<h2>Scoprire l'impresa a Covington, GA<\/h2>\n<p><img loading=\"lazy\" decoding=\"async\" class=\"alignleft\" src=\"\/wp-content\/uploads\/images\/rent_car_920.png\" alt=\"impresa covington ga\" width=\"350\" height=\"350\" \/><\/p>\n<p>Grazie alla sua comoda posizione vicino ad Atlanta e al suo affascinante fascino meridionale, non c'\u00e8 da stupirsi che Covington sia una destinazione popolare per i viaggiatori. E quando si tratta di spostarsi in questa vivace citt\u00e0, non c'\u00e8 scelta migliore che noleggiare un'auto da Enterprise.<\/p>\n<p>Situata al 10110 di Alcovy Road NE, questa particolare filiale di Enterprise offre un'ampia flotta di auto tra cui scegliere, dalle auto economiche ai SUV di lusso. Se avete bisogno di un veicolo per lavoro o per piacere, in questa sede troverete l'auto perfetta.<\/p>\n<p>Ma ci\u00f2 che distingue veramente questa filiale \u00e8 il suo eccezionale servizio clienti. Il personale di Enterprise \u00e8 noto per il suo atteggiamento amichevole e professionale, e si assicura che ogni cliente riceva esattamente ci\u00f2 di cui ha bisogno per rendere il suo viaggio privo di problemi.<\/p>\n<h3>Posizione comoda<\/h3>\n<p>Uno dei maggiori vantaggi di scegliere Enterprise a Covington \u00e8 la sua posizione privilegiata. Situata appena fuori dall'Interstate 20, \u00e8 facilmente raggiungibile da qualsiasi punto della citt\u00e0. Sia che voliate ad Atlanta e abbiate bisogno di un'auto all'arrivo, sia che stiate esplorando la campagna panoramica della Georgia, questa filiale vi copre.<\/p>\n<h3>Un'ampia gamma di veicoli<\/h3>\n<p>Come gi\u00e0 accennato, Enterprise offre un'ampia scelta di veicoli per soddisfare tutte le esigenze e le tasche. Dalle auto compatte come la Toyota Corolla ai minivan spaziosi come la Dodge Caravan, ce n'\u00e8 per tutti i gusti. E con una variet\u00e0 di marche e modelli, potete essere certi di trovare un'auto adatta alle vostre preferenze.<\/p>\n<h3>Prezzi convenienti<\/h3>\n<p>Con Enterprise, non dovrete spendere una fortuna per noleggiare un'auto a Covington. L'azienda offre tariffe competitive e vari sconti per i clienti fedeli, rendendola un'opzione conveniente per tutti i tipi di viaggiatori.<\/p>\n<h4>Pro e contro<\/h4>\n<p><b>Pro:<\/b><br \/>\n- Posizione privilegiata vicino all'Interstate 20<br \/>\n- Ampia gamma di veicoli tra cui scegliere<br \/>\n- Servizio clienti eccellente<br \/>\n- Prezzi convenienti<\/p>\n<p><b>Contro:<\/b><br \/>\n- Disponibilit\u00e0 limitata durante l'alta stagione<\/p>\n<h4>Domande frequenti<\/h4>\n<p><img loading=\"lazy\" decoding=\"async\" class=\"alignright\" src=\"\/wp-content\/uploads\/images\/rent_car_1515.png\" alt=\"impresa covington ga\" width=\"350\" height=\"350\" \/><\/p>\n<p>1. Ho bisogno di un'assicurazione quando noleggio un'auto da Enterprise?<br \/>\nS\u00ec, \u00e8 necessaria un'assicurazione quando si noleggia un'auto da Enterprise. Potete acquistare la loro assicurazione o utilizzare la vostra copertura.<\/p>\n<p>2. Posso restituire l'auto a noleggio in un altro luogo?<br \/>\nS\u00ec, Enterprise offre noleggi di sola andata in cui \u00e8 possibile riconsegnare l'auto in un altro luogo a un costo aggiuntivo.<\/p>\n<p>3. Qual \u00e8 l'et\u00e0 minima richiesta per noleggiare un'auto presso Enterprise a Covington?<br \/>\nL'et\u00e0 minima richiesta \u00e8 di 21 anni, senza costi aggiuntivi per i conducenti di et\u00e0 compresa tra 21 e 24 anni.<\/p>\n<p>In conclusione, se avete intenzione di visitare Covington, GA, assicuratevi di prendere in considerazione il noleggio di un'auto da Enterprise. Grazie alla sua comoda posizione, all'ampia gamma di veicoli e all'eccellente servizio clienti, non c'\u00e8 da stupirsi che questa filiale sia diventata la scelta migliore per il noleggio di auto in citt\u00e0. Quindi perch\u00e9 aspettare? Prenotate oggi stesso la vostra auto a noleggio e preparatevi a esplorare tutto ci\u00f2 che Covington ha da offrire!<\/p>\n<\/div>","protected":false},"excerpt":{"rendered":"<p>The Enterprise Experience in Covington, GA When it comes to renting a car in the bustling city of Covington, GA, there is no better choice than Enterprise. With a wide range of vehicles and excellent customer service, Enterprise has become the go-to rental car company for both locals and tourists alike. So why choose Enterprise [&hellip;]<\/p>\n","protected":false},"author":1,"featured_media":4900,"parent":0,"menu_order":0,"comment_status":"closed","ping_status":"closed","template":"","meta":{"rs_blank_template":"","rs_page_bg_color":"","slide_template_v7":"","footnotes":""},"categories":[1],"tags":[],"class_list":["post-4898","page","type-page","status-publish","has-post-thumbnail","hentry","category-blog"],"_links":{"self":[{"href":"https:\/\/rental-car.company\/it\/wp-json\/wp\/v2\/pages\/4898","targetHints":{"allow":["GET"]}}],"collection":[{"href":"https:\/\/rental-car.company\/it\/wp-json\/wp\/v2\/pages"}],"about":[{"href":"https:\/\/rental-car.company\/it\/wp-json\/wp\/v2\/types\/page"}],"author":[{"embeddable":true,"href":"https:\/\/rental-car.company\/it\/wp-json\/wp\/v2\/users\/1"}],"replies":[{"embeddable":true,"href":"https:\/\/rental-car.company\/it\/wp-json\/wp\/v2\/comments?post=4898"}],"version-history":[{"count":0,"href":"https:\/\/rental-car.company\/it\/wp-json\/wp\/v2\/pages\/4898\/revisions"}],"wp:featuredmedia":[{"embeddable":true,"href":"https:\/\/rental-car.company\/it\/wp-json\/wp\/v2\/media\/4900"}],"wp:attachment":[{"href":"https:\/\/rental-car.company\/it\/wp-json\/wp\/v2\/media?parent=4898"}],"wp:term":[{"taxonomy":"category","embeddable":true,"href":"https:\/\/rental-car.company\/it\/wp-json\/wp\/v2\/categories?post=4898"},{"taxonomy":"post_tag","embeddable":true,"href":"https:\/\/rental-car.company\/it\/wp-json\/wp\/v2\/tags?post=4898"}],"curies":[{"name":"wp","href":"https:\/\/api.w.org\/{rel}","templated":true}]}}