{"id":5074,"date":"2024-08-13T22:06:03","date_gmt":"2024-08-13T22:06:03","guid":{"rendered":"https:\/\/rental-car.company\/?page_id=5074"},"modified":"2024-08-13T22:06:03","modified_gmt":"2024-08-13T22:06:03","slug":"noleggio-auto-puerto-rico-san-juan","status":"publish","type":"page","link":"https:\/\/rental-car.company\/it\/noleggio-auto-puerto-rico-san-juan\/","title":{"rendered":"Noleggio auto Porto Rico San Juan - La vostra guida definitiva"},"content":{"rendered":"<div class=\"wpb-content-wrapper\"><h2>Scoprite la bellezza di Porto Rico con un'auto a noleggio a San Juan<\/h2>\n<p>Se state programmando un viaggio a Porto Rico, uno dei modi migliori per esplorare l'isola \u00e8 noleggiare un'auto a San Juan. Con la sua ricca storia, le sue bellissime spiagge e la sua vibrante cultura, Porto Rico ha qualcosa per tutti. E con un'auto a noleggio, potrete facilmente navigare in citt\u00e0 e oltre per scoprire tutto ci\u00f2 che questa gemma dei Caraibi ha da offrire.<\/p>\n<div class=\"vc_row wpb_row vc_row-fluid\"><div class=\"wpb_column vc_column_container vc_col-sm-12\"><div class=\"vc_column-inner\"><div class=\"wpb_wrapper\">\n\t<div class=\"wpb_text_column wpb_content_element\" >\n\t\t<div class=\"wpb_wrapper\">\n\t\t\t<p><script id=\"dchwidget\" src=\"https:\/\/www.discovercars.com\/wg.js\" async=\"\" data-dev-env=\"com\" data-location=\"\" data-lang=\"en\" data-utm-source=\"malina\" data-utm-medium=\"widget\" data-aff-code=\"a_aid\" data-autocomplete=\"on\" data-style-submit-bg-color=\"00A200\" data-style-submit-font-color=\"white\" data-style-form-bg-color=\"FAD130\" data-style-form-font-color=\"333\" data-style-submit-text=\"Search now\"><\/script><\/p>\n\n\t\t<\/div>\n\t<\/div>\n<\/div><\/div><\/div><\/div>\n<p>&nbsp;<\/p>\n<h2>Scoprire Puerto Rico Noleggio auto San Juan<\/h2>\n<p><img loading=\"lazy\" decoding=\"async\" class=\"alignleft\" src=\"\/wp-content\/uploads\/images\/rent_car_1368.png\" alt=\"noleggio auto puerto rico san juan\" width=\"350\" height=\"350\" \/><\/p>\n<p>Quando si tratta di trovare la societ\u00e0 di noleggio auto perfetta a San Juan, non cercate oltre rental-car.company. Con un'ampia selezione di veicoli a prezzi accessibili, rende facile per i viaggiatori noleggiare un'auto e mettersi in viaggio.<\/p>\n<p>Che siate alla ricerca di un'auto economica per i viaggi in solitaria o di un SUV per le avventure in famiglia, rental-car.company ha tutto ci\u00f2 che fa per voi. Inoltre, la loro comoda posizione a San Juan rende facile il ritiro dell'auto a noleggio all'arrivo in aeroporto o in qualsiasi altra localit\u00e0 dell'isola.<\/p>\n<h3>I vantaggi del noleggio di un'auto a San Juan<\/h3>\n<ul>\n<li><strong>Flessibilit\u00e0:<\/strong> Con la vostra auto a noleggio a San Juan, avete il controllo completo del vostro itinerario. Potete andare dove volete, quando volete, senza preoccuparvi degli orari dei trasporti pubblici o delle costose tariffe dei taxi.<\/li>\n<li><strong>Convenienza:<\/strong> Noleggiare un'auto \u00e8 spesso pi\u00f9 conveniente che affidarsi ai taxi o ai servizi di ride-sharing durante il vostro soggiorno a Porto Rico. Inoltre, grazie alle tariffe competitive di rental-car.company, potrete risparmiare ulteriormente sulle spese di trasporto.<\/li>\n<li><strong>Convenienza:<\/strong> Avere accesso a un veicolo proprio significa non dover trascinare pesanti valigie o borse sui mezzi pubblici. Potrete riporre facilmente i vostri effetti personali in auto e viaggiare pi\u00f9 comodamente da e verso il vostro alloggio.<\/li>\n<li><strong>Esplorazione:<\/strong> Con un'auto a noleggio, potrete avventurarvi oltre la citt\u00e0 di San Juan e scoprire altre gemme nascoste di Porto Rico. Dalle lussureggianti foreste pluviali alle incantevoli cittadine costiere, c'\u00e8 molto da vedere e da fare su questa splendida isola.<\/li>\n<\/ul>\n<h3>Gli svantaggi del noleggio di un'auto a San Juan<\/h3>\n<ul>\n<li><strong>Traffico:<\/strong> Come in tutte le grandi citt\u00e0, anche a San Juan il traffico pu\u00f2 essere intenso nelle ore di punta. \u00c8 importante pianificare gli itinerari di conseguenza e prevedere un tempo di percorrenza extra nelle ore di punta.<\/li>\n<li><strong>Parcheggio:<\/strong> Trovare parcheggio nelle zone pi\u00f9 popolari di San Juan pu\u00f2 essere difficile, soprattutto durante l'alta stagione turistica. Siate pronti a pagare il parcheggio o a utilizzare mezzi di trasporto alternativi, se necessario.<\/li>\n<li><strong>Condizioni stradali:<\/strong> Alcune strade di Porto Rico potrebbero non essere ben tenute come altre, soprattutto nelle zone pi\u00f9 rurali. \u00c8 importante guidare con prudenza ed essere consapevoli di ogni potenziale pericolo mentre si esplora l'isola.<\/li>\n<\/ul>\n<h4>Domande frequenti sul noleggio auto a Porto Rico San Juan<\/h4>\n<p><em>D: Ho bisogno di una patente di guida internazionale per noleggiare un'auto a Porto Rico?<\/em><\/p>\n<p>R: No, purch\u00e9 abbiate una patente di guida valida del vostro Paese o Stato di origine, potete noleggiare un'auto a Porto Rico.<\/p>\n<p><em>D: Qual \u00e8 l'et\u00e0 minima richiesta per noleggiare un'auto a San Juan?<\/em><\/p>\n<p>R: L'et\u00e0 minima \u00e8 generalmente di 21 anni, ma alcune compagnie di noleggio possono richiedere che il conducente abbia 25 anni o pi\u00f9. Assicuratevi di verificare con la societ\u00e0 di noleggio auto.i requisiti specifici di et\u00e0.<\/p>\n<p><em>D: Posso aggiungere conducenti aggiuntivi al mio contratto di autonoleggio?<\/em><\/p>\n<p>R: S\u00ec, \u00e8 possibile aggiungere altri conducenti al contratto di noleggio auto pagando un supplemento. Assicuratevi di fornire i nomi e i dati della patente di tutti i conducenti al momento della prenotazione.<\/p>\n<p><em>D: \u00c8 sicuro guidare a Porto Rico?<\/em><\/p>\n<p>R: Come per qualsiasi altra destinazione, \u00e8 importante usare cautela quando si guida a Porto Rico. Siate consapevoli di ci\u00f2 che vi circonda, seguite il codice della strada ed evitate di guidare di notte in zone poco conosciute.<\/p>\n<h4>In conclusione<\/h4>\n<p><img loading=\"lazy\" decoding=\"async\" class=\"alignright\" src=\"\/wp-content\/uploads\/images\/rent_car_441.png\" alt=\"noleggio auto puerto rico san juan\" width=\"350\" height=\"350\" \/><\/p>\n<p>Il noleggio auto di Porto Rico San Juan \u00e8 il modo perfetto per esplorare questa splendida isola al proprio ritmo. Con rental-car.company, potete facilmente noleggiare un'auto e partire per un'avventura indimenticabile a Porto Rico. Quindi perch\u00e9 aspettare? Prenotate oggi stesso la vostra auto a noleggio e preparatevi a scoprire tutto ci\u00f2 che questo paradiso caraibico ha da offrire!<\/p>\n<\/div>","protected":false},"excerpt":{"rendered":"<p>Experience the Beauty of Puerto Rico with a Car Rental in San Juan If you&#8217;re planning a trip to Puerto Rico, one of the best ways to explore the island is by renting a car in San Juan. With its rich history, beautiful beaches, and vibrant culture, Puerto Rico has something for everyone. And with [&hellip;]<\/p>\n","protected":false},"author":1,"featured_media":3534,"parent":0,"menu_order":0,"comment_status":"closed","ping_status":"closed","template":"","meta":{"rs_blank_template":"","rs_page_bg_color":"","slide_template_v7":"","footnotes":""},"categories":[1],"tags":[],"class_list":["post-5074","page","type-page","status-publish","has-post-thumbnail","hentry","category-blog"],"_links":{"self":[{"href":"https:\/\/rental-car.company\/it\/wp-json\/wp\/v2\/pages\/5074","targetHints":{"allow":["GET"]}}],"collection":[{"href":"https:\/\/rental-car.company\/it\/wp-json\/wp\/v2\/pages"}],"about":[{"href":"https:\/\/rental-car.company\/it\/wp-json\/wp\/v2\/types\/page"}],"author":[{"embeddable":true,"href":"https:\/\/rental-car.company\/it\/wp-json\/wp\/v2\/users\/1"}],"replies":[{"embeddable":true,"href":"https:\/\/rental-car.company\/it\/wp-json\/wp\/v2\/comments?post=5074"}],"version-history":[{"count":0,"href":"https:\/\/rental-car.company\/it\/wp-json\/wp\/v2\/pages\/5074\/revisions"}],"wp:featuredmedia":[{"embeddable":true,"href":"https:\/\/rental-car.company\/it\/wp-json\/wp\/v2\/media\/3534"}],"wp:attachment":[{"href":"https:\/\/rental-car.company\/it\/wp-json\/wp\/v2\/media?parent=5074"}],"wp:term":[{"taxonomy":"category","embeddable":true,"href":"https:\/\/rental-car.company\/it\/wp-json\/wp\/v2\/categories?post=5074"},{"taxonomy":"post_tag","embeddable":true,"href":"https:\/\/rental-car.company\/it\/wp-json\/wp\/v2\/tags?post=5074"}],"curies":[{"name":"wp","href":"https:\/\/api.w.org\/{rel}","templated":true}]}}