{"id":5076,"date":"2024-08-13T22:06:03","date_gmt":"2024-08-13T22:06:03","guid":{"rendered":"https:\/\/rental-car.company\/?page_id=5076"},"modified":"2024-08-13T22:06:03","modified_gmt":"2024-08-13T22:06:03","slug":"noleggio-auto-boise","status":"publish","type":"page","link":"https:\/\/rental-car.company\/it\/noleggio-auto-boise\/","title":{"rendered":"Noleggio auto Boise: La guida definitiva"},"content":{"rendered":"<div class=\"wpb-content-wrapper\"><h2>Noleggiare un'auto a Boise: Cosa c'\u00e8 da sapere<\/h2>\n<p>Boise, la capitale dell'Idaho, \u00e8 una citt\u00e0 vivace con molte cose da esplorare. Dai giri panoramici tra le montagne all'esplorazione del vivace centro citt\u00e0, il noleggio di un'auto a Boise vi dar\u00e0 la libert\u00e0 e la flessibilit\u00e0 di sfruttare al meglio il vostro viaggio. In questa guida vi illustreremo tutto quello che c'\u00e8 da sapere sul noleggio di un'auto a Boise.<\/p>\n<div class=\"vc_row wpb_row vc_row-fluid\"><div class=\"wpb_column vc_column_container vc_col-sm-12\"><div class=\"vc_column-inner\"><div class=\"wpb_wrapper\">\n\t<div class=\"wpb_text_column wpb_content_element\" >\n\t\t<div class=\"wpb_wrapper\">\n\t\t\t<p><script id=\"dchwidget\" src=\"https:\/\/www.discovercars.com\/wg.js\" async=\"\" data-dev-env=\"com\" data-location=\"\" data-lang=\"en\" data-utm-source=\"malina\" data-utm-medium=\"widget\" data-aff-code=\"a_aid\" data-autocomplete=\"on\" data-style-submit-bg-color=\"00A200\" data-style-submit-font-color=\"white\" data-style-form-bg-color=\"FAD130\" data-style-form-font-color=\"333\" data-style-submit-text=\"Search now\"><\/script><\/p>\n\n\t\t<\/div>\n\t<\/div>\n<\/div><\/div><\/div><\/div>\n<p>&nbsp;<\/p>\n<h2>Scoprire gli autonoleggi a Boise<\/h2>\n<p><img loading=\"lazy\" decoding=\"async\" class=\"alignleft\" src=\"\/wp-content\/uploads\/images\/rent_car_301.png\" alt=\"noleggio auto boise\" width=\"350\" height=\"350\" \/><\/p>\n<p>Noleggiare un'auto a Boise \u00e8 facile e conveniente grazie alle numerose societ\u00e0 di autonoleggio disponibili in tutta la citt\u00e0. Una delle migliori opzioni per il noleggio di auto a Boise \u00e8 <organization>Societ\u00e0 di noleggio auto<\/organization>. Con pi\u00f9 sedi in tutta la citt\u00e0 e un'ampia selezione di veicoli, sono una scelta eccellente per chi cerca un noleggio auto affidabile e conveniente a Boise.<\/p>\n<h3>Tipi di veicoli disponibili<\/h3>\n<p><organization>Societ\u00e0 di noleggio auto<\/organization> offre una variet\u00e0 di veicoli che vanno dalle auto economiche ai SUV di lusso. Sia che siate in viaggio da soli o in gruppo, presso il nostro sito ce n'\u00e8 per tutti i gusti. <organization>Societ\u00e0 di noleggio auto<\/organization>. Inoltre, se si intende soggiornare a Boise per un periodo prolungato, sono disponibili anche opzioni per affitti a lungo termine.<\/p>\n<h3>Facile processo di prenotazione<\/h3>\n<p>Prenotare un'auto a noleggio con <organization>Societ\u00e0 di noleggio auto<\/organization> \u00e8 senza problemi. Potete prenotare facilmente il vostro veicolo online o chiamando il numero verde del servizio clienti. L'azienda offre inoltre un'assistenza clienti 24 ore su 24, 7 giorni su 7, in caso di domande o dubbi durante il periodo di noleggio.<\/p>\n<h3>Prezzi convenienti<\/h3>\n<p>Uno dei maggiori vantaggi del noleggio da <organization>Societ\u00e0 di noleggio auto<\/organization> \u00e8 il prezzo competitivo. Offrono tariffe convenienti senza sacrificare la qualit\u00e0 o il servizio. Inoltre, spesso hanno promozioni e sconti speciali che possono farvi risparmiare ancora di pi\u00f9 sul noleggio.<\/p>\n<h4>Pro e contro<\/h4>\n<p>Pro:<br \/>\n- Ampia selezione di veicoli tra cui scegliere<br \/>\n- Sedi convenienti in tutta Boise<br \/>\n- Facile processo di prenotazione<br \/>\n- Prezzi convenienti<\/p>\n<p>Contro:<br \/>\n- Opzioni limitate per i veicoli di lusso<br \/>\n- Per i conducenti di et\u00e0 inferiore ai 25 anni possono essere applicati costi aggiuntivi.<\/p>\n<h4>Domande frequenti<\/h4>\n<p><img loading=\"lazy\" decoding=\"async\" class=\"alignright\" src=\"\/wp-content\/uploads\/images\/rent_car_871.png\" alt=\"noleggio auto boise\" width=\"350\" height=\"350\" \/><\/p>\n<p>D: Di cosa ho bisogno per noleggiare un'auto a Boise?<br \/>\nR: Per noleggiare un'auto a Boise \u00e8 necessario avere una patente di guida valida, una carta di credito e una prova di assicurazione.<\/p>\n<p>D: C'\u00e8 un limite di et\u00e0 per noleggiare un'auto?<br \/>\nR: La maggior parte delle compagnie di autonoleggio richiede che i conducenti abbiano almeno 25 anni. Tuttavia, alcune possono consentire l'accesso a conducenti pi\u00f9 giovani con un supplemento di prezzo.<\/p>\n<p>D: Posso restituire l'auto in un luogo diverso?<br \/>\nR: S\u00ec, <organization>Societ\u00e0 di noleggio auto<\/organization> offre noleggi di sola andata in cui \u00e8 possibile restituire il veicolo in un'altra localit\u00e0 pagando un supplemento.<\/p>\n<p>In conclusione, noleggiare un'auto a Boise \u00e8 il modo migliore per sperimentare appieno tutto ci\u00f2 che questa splendida citt\u00e0 ha da offrire. Con <organization>Societ\u00e0 di noleggio auto<\/organization>potrete godere della comodit\u00e0 e della libert\u00e0 di avere un mezzo di trasporto proprio, risparmiando sul vostro viaggio. Prenotate oggi stesso il vostro noleggio e preparatevi a vivere un'avventura indimenticabile a Boise!<\/p>\n<\/div>","protected":false},"excerpt":{"rendered":"<p>Renting a Car in Boise: What You Need to Know Boise, the capital of Idaho, is a bustling city with plenty to explore. From scenic drives through the mountains to exploring the vibrant downtown area, having a car rental in Boise will give you the freedom and flexibility to make the most of your trip. [&hellip;]<\/p>\n","protected":false},"author":1,"featured_media":5078,"parent":0,"menu_order":0,"comment_status":"closed","ping_status":"closed","template":"","meta":{"rs_blank_template":"","rs_page_bg_color":"","slide_template_v7":"","footnotes":""},"categories":[1],"tags":[],"class_list":["post-5076","page","type-page","status-publish","has-post-thumbnail","hentry","category-blog"],"_links":{"self":[{"href":"https:\/\/rental-car.company\/it\/wp-json\/wp\/v2\/pages\/5076","targetHints":{"allow":["GET"]}}],"collection":[{"href":"https:\/\/rental-car.company\/it\/wp-json\/wp\/v2\/pages"}],"about":[{"href":"https:\/\/rental-car.company\/it\/wp-json\/wp\/v2\/types\/page"}],"author":[{"embeddable":true,"href":"https:\/\/rental-car.company\/it\/wp-json\/wp\/v2\/users\/1"}],"replies":[{"embeddable":true,"href":"https:\/\/rental-car.company\/it\/wp-json\/wp\/v2\/comments?post=5076"}],"version-history":[{"count":0,"href":"https:\/\/rental-car.company\/it\/wp-json\/wp\/v2\/pages\/5076\/revisions"}],"wp:featuredmedia":[{"embeddable":true,"href":"https:\/\/rental-car.company\/it\/wp-json\/wp\/v2\/media\/5078"}],"wp:attachment":[{"href":"https:\/\/rental-car.company\/it\/wp-json\/wp\/v2\/media?parent=5076"}],"wp:term":[{"taxonomy":"category","embeddable":true,"href":"https:\/\/rental-car.company\/it\/wp-json\/wp\/v2\/categories?post=5076"},{"taxonomy":"post_tag","embeddable":true,"href":"https:\/\/rental-car.company\/it\/wp-json\/wp\/v2\/tags?post=5076"}],"curies":[{"name":"wp","href":"https:\/\/api.w.org\/{rel}","templated":true}]}}