{"id":5175,"date":"2024-08-14T19:05:41","date_gmt":"2024-08-14T19:05:41","guid":{"rendered":"https:\/\/rental-car.company\/?page_id=5175"},"modified":"2024-08-14T19:05:41","modified_gmt":"2024-08-14T19:05:41","slug":"noleggio-auto-orange-county","status":"publish","type":"page","link":"https:\/\/rental-car.company\/it\/noleggio-auto-orange-county\/","title":{"rendered":"Auto a noleggio Orange County: La guida definitiva"},"content":{"rendered":"<div class=\"wpb-content-wrapper\"><div class=\"vc_row wpb_row vc_row-fluid\"><div class=\"wpb_column vc_column_container vc_col-sm-12\"><div class=\"vc_column-inner\"><div class=\"wpb_wrapper\">\n\t<div class=\"wpb_text_column wpb_content_element\" >\n\t\t<div class=\"wpb_wrapper\">\n\t\t\t<p><script id=\"dchwidget\" src=\"https:\/\/www.discovercars.com\/wg.js\" async=\"\" data-dev-env=\"com\" data-location=\"\" data-lang=\"en\" data-utm-source=\"malina\" data-utm-medium=\"widget\" data-aff-code=\"a_aid\" data-autocomplete=\"on\" data-style-submit-bg-color=\"00A200\" data-style-submit-font-color=\"white\" data-style-form-bg-color=\"FAD130\" data-style-form-font-color=\"333\" data-style-submit-text=\"Search now\"><\/script><\/p>\n\n\t\t<\/div>\n\t<\/div>\n<\/div><\/div><\/div><\/div>\n<p>&nbsp;<\/p>\n<h2>Esplora le migliori auto a noleggio a Orange County<\/h2>\n<p><img loading=\"lazy\" decoding=\"async\" class=\"alignleft\" src=\"\/wp-content\/uploads\/images\/rent_car_1316.png\" alt=\"noleggio auto orange county\" width=\"350\" height=\"350\" \/><\/p>\n<p>Benvenuti nella bellissima e soleggiata Orange County, in California! Se state programmando un viaggio in questa pittoresca destinazione, avrete bisogno di un mezzo di trasporto affidabile per spostarvi ed esplorare tutto ci\u00f2 che questa contea ha da offrire. E quale modo migliore per farlo se non con un'auto a noleggio? In questa guida vi spiegheremo tutto quello che c'\u00e8 da sapere sulle auto a noleggio a Orange County.<\/p>\n<h3>Perch\u00e9 noleggiare un'auto a Orange County?<\/h3>\n<p>Orange County \u00e8 nota per le sue splendide spiagge, gli iconici parchi a tema e la vivace vita cittadina. Con cos\u00ec tante cose da vedere e da fare, avere un'auto a noleggio vi d\u00e0 la libert\u00e0 e la flessibilit\u00e0 di esplorare al vostro ritmo. Non dovrete pi\u00f9 affidarvi ai mezzi pubblici o ai costosi servizi di ride-sharing: con un'auto a noleggio potrete spostarvi facilmente da un'attrazione all'altra senza alcun problema.<\/p>\n<p>Un altro ottimo motivo per noleggiare un'auto a Orange County \u00e8 la comodit\u00e0 che offre. Potete ritirare il vostro veicolo in una qualsiasi delle filiali di rental-car.company presenti in tutta la contea. Inoltre, grazie alla nostra ampia gamma di veicoli disponibili per il noleggio, potrete scegliere l'auto perfetta per le vostre esigenze e il vostro budget.<\/p>\n<h3>I vantaggi di noleggiare un'auto da rental-car.company<\/h3>\n<p>Noi di rental-car.company siamo orgogliosi di fornire un servizio di prim'ordine e veicoli di qualit\u00e0 a tutti i nostri clienti. Ecco alcuni dei vantaggi che potete aspettarvi quando noleggiate un'auto da noi:<\/p>\n<p>- Ampia scelta di veicoli: Abbiamo a disposizione diverse opzioni che vanno dalle auto economiche per chi viaggia con un budget limitato ai lussuosi SUV per chi cerca un comfort extra.<br \/>\n- Prezzi convenienti: Offriamo tariffe competitive che non vi faranno perdere nulla.<br \/>\n- Facile processo di prenotazione: Il nostro sistema di prenotazione online \u00e8 semplice e facile da usare.<br \/>\n- Un eccellente servizio clienti: Il nostro personale cordiale \u00e8 sempre pronto ad assistervi per qualsiasi domanda o dubbio.<br \/>\n- Periodi di noleggio flessibili: Che abbiate bisogno di un'auto per un giorno, una settimana o addirittura un mese, siamo a vostra disposizione.<\/p>\n<h4>I vantaggi di noleggiare un'auto a Orange County<\/h4>\n<p>- Libert\u00e0 di esplorare al proprio ritmo<br \/>\n- Convenienza e flessibilit\u00e0<br \/>\n- Prezzi convenienti<br \/>\n- Ampia gamma di veicoli tra cui scegliere<\/p>\n<h4>Contro del noleggio di un'auto a Orange County<\/h4>\n<p><img loading=\"lazy\" decoding=\"async\" class=\"alignright\" src=\"\/wp-content\/uploads\/images\/rent_car_1116.png\" alt=\"noleggio auto orange county\" width=\"350\" height=\"350\" \/><\/p>\n<p>- Il traffico pu\u00f2 essere intenso durante le stagioni turistiche di punta<br \/>\n- Il costo del parcheggio pu\u00f2 aumentare a seconda del luogo in cui ci si reca.<\/p>\n<h3>Domande frequenti (FAQ)<\/h3>\n<p>D: Di cosa ho bisogno per noleggiare un'auto a Orange County?<br \/>\nR: \u00c8 necessario avere una patente di guida valida e una carta di credito a nome del conducente.<\/p>\n<p>D: Qual \u00e8 l'et\u00e0 minima richiesta per noleggiare un'auto?<br \/>\nR: L'et\u00e0 minima \u00e8 di 21 anni. Tuttavia, i conducenti di et\u00e0 inferiore ai 25 anni possono essere soggetti a tariffe aggiuntive.<\/p>\n<p>D: L'assicurazione \u00e8 inclusa nel noleggio dell'auto?<br \/>\nR: Le nostre auto a noleggio sono dotate di una copertura assicurativa di base. La copertura aggiuntiva pu\u00f2 essere acquistata a un costo aggiuntivo.<\/p>\n<p>D: Posso restituire l'auto a noleggio in qualsiasi luogo?<br \/>\nR: S\u00ec, \u00e8 possibile restituire il veicolo presso una qualsiasi filiale della societ\u00e0 di autonoleggio in tutta la contea di Orange.<\/p>\n<p>In conclusione, noleggiare un'auto a Orange County \u00e8 il modo migliore per vivere appieno tutto ci\u00f2 che questa splendida destinazione ha da offrire. Con i prezzi accessibili, i luoghi convenienti e l'eccellente servizio di rental-car.company, non si pu\u00f2 sbagliare. Prenotate oggi stesso la vostra auto a noleggio e preparatevi a un viaggio indimenticabile a Orange County!<\/p>\n<\/div>","protected":false},"excerpt":{"rendered":"<p>&nbsp; Explore the Best Rental Cars in Orange County Welcome to the beautiful and sunny Orange County, California! If you&#8217;re planning a trip to this picturesque destination, you&#8217;ll need reliable transportation to get around and explore all that this county has to offer. And what better way to do so than with a rental car? [&hellip;]<\/p>\n","protected":false},"author":1,"featured_media":5177,"parent":0,"menu_order":0,"comment_status":"closed","ping_status":"closed","template":"","meta":{"rs_blank_template":"","rs_page_bg_color":"","slide_template_v7":"","footnotes":""},"categories":[1],"tags":[],"class_list":["post-5175","page","type-page","status-publish","has-post-thumbnail","hentry","category-blog"],"_links":{"self":[{"href":"https:\/\/rental-car.company\/it\/wp-json\/wp\/v2\/pages\/5175","targetHints":{"allow":["GET"]}}],"collection":[{"href":"https:\/\/rental-car.company\/it\/wp-json\/wp\/v2\/pages"}],"about":[{"href":"https:\/\/rental-car.company\/it\/wp-json\/wp\/v2\/types\/page"}],"author":[{"embeddable":true,"href":"https:\/\/rental-car.company\/it\/wp-json\/wp\/v2\/users\/1"}],"replies":[{"embeddable":true,"href":"https:\/\/rental-car.company\/it\/wp-json\/wp\/v2\/comments?post=5175"}],"version-history":[{"count":0,"href":"https:\/\/rental-car.company\/it\/wp-json\/wp\/v2\/pages\/5175\/revisions"}],"wp:featuredmedia":[{"embeddable":true,"href":"https:\/\/rental-car.company\/it\/wp-json\/wp\/v2\/media\/5177"}],"wp:attachment":[{"href":"https:\/\/rental-car.company\/it\/wp-json\/wp\/v2\/media?parent=5175"}],"wp:term":[{"taxonomy":"category","embeddable":true,"href":"https:\/\/rental-car.company\/it\/wp-json\/wp\/v2\/categories?post=5175"},{"taxonomy":"post_tag","embeddable":true,"href":"https:\/\/rental-car.company\/it\/wp-json\/wp\/v2\/tags?post=5175"}],"curies":[{"name":"wp","href":"https:\/\/api.w.org\/{rel}","templated":true}]}}