{"id":5178,"date":"2024-08-14T19:05:41","date_gmt":"2024-08-14T19:05:41","guid":{"rendered":"https:\/\/rental-car.company\/?page_id=5178"},"modified":"2024-08-14T19:05:41","modified_gmt":"2024-08-14T19:05:41","slug":"impresa-pulaski","status":"publish","type":"page","link":"https:\/\/rental-car.company\/it\/impresa-pulaski\/","title":{"rendered":"Enterprise Pulaski: Servizi di noleggio auto affidabili"},"content":{"rendered":"<div class=\"wpb-content-wrapper\"><h2>Esplorate la gamma di servizi di Enterprise Pulaski<\/h2>\n<p>Se state programmando un viaggio a Pulaski, Tennessee, e avete bisogno di una societ\u00e0 di autonoleggio affidabile, non cercate oltre Enterprise Pulaski. Con oltre 60 anni di esperienza nel settore, Enterprise \u00e8 diventata un nome di fiducia per la fornitura di servizi di autonoleggio di alto livello.<\/p>\n<h3>Sedi convenienti e opzioni di flotta<\/h3>\n<p>Enterprise Pulaski ha diverse sedi distribuite in tutta la citt\u00e0, che rendono facile per i clienti accedere ai suoi servizi. Sia che arriviate all'aeroporto internazionale di Nashville sia che abbiate bisogno di un'auto a noleggio dal centro di Pulaski, Enterprise vi copre.<\/p>\n<p>Inoltre, Enterprise offre un'ampia gamma di veicoli tra cui scegliere, tra cui berline, SUV, camion e furgoni. Questa variet\u00e0 assicura che i clienti possano trovare il veicolo perfetto per le loro esigenze e il loro budget.<\/p>\n<h3>Tariffe convenienti e piani di noleggio flessibili<\/h3>\n<p>Uno dei principali vantaggi di scegliere Enterprise Pulaski \u00e8 rappresentato dalle sue tariffe convenienti. L'azienda offre prezzi competitivi che comprendono la copertura assicurativa e l'assistenza stradale. Inoltre, sono disponibili vari sconti e promozioni sia per il noleggio a breve che a lungo termine.<\/p>\n<p>Inoltre, Enterprise offre piani di noleggio flessibili che consentono ai clienti di noleggiare al giorno o alla settimana in base ai loro programmi di viaggio. Offre anche noleggi di sola andata, che possono essere convenienti per coloro che hanno luoghi di consegna diversi.<\/p>\n<h4>Pro:<\/h4>\n<ul>\n<li>\u00c8 disponibile un'ampia gamma di opzioni per i veicoli.<\/li>\n<li>Sedi convenienti in tutta Pulaski.<\/li>\n<li>Tariffe convenienti con sconti e promozioni.<\/li>\n<li>Piani di noleggio flessibili, anche di sola andata.<\/li>\n<li>Copertura assicurativa e assistenza stradale incluse.<\/li>\n<\/ul>\n<h4>Contro:<\/h4>\n<p><img loading=\"lazy\" decoding=\"async\" class=\"alignright\" src=\"\/wp-content\/uploads\/images\/rent_car_246.png\" alt=\"impresa pulaski\" width=\"350\" height=\"350\" \/><\/p>\n<ul>\n<li>La selezione pu\u00f2 essere limitata durante le stagioni di punta.<\/li>\n<li>Per i conducenti di et\u00e0 inferiore ai 25 anni possono essere applicati costi aggiuntivi.<\/li>\n<\/ul>\n<div class=\"vc_row wpb_row vc_row-fluid\"><div class=\"wpb_column vc_column_container vc_col-sm-12\"><div class=\"vc_column-inner\"><div class=\"wpb_wrapper\">\n\t<div class=\"wpb_text_column wpb_content_element\" >\n\t\t<div class=\"wpb_wrapper\">\n\t\t\t<p><script id=\"dchwidget\" src=\"https:\/\/www.discovercars.com\/wg.js\" async=\"\" data-dev-env=\"com\" data-location=\"\" data-lang=\"en\" data-utm-source=\"malina\" data-utm-medium=\"widget\" data-aff-code=\"a_aid\" data-autocomplete=\"on\" data-style-submit-bg-color=\"00A200\" data-style-submit-font-color=\"white\" data-style-form-bg-color=\"FAD130\" data-style-form-font-color=\"333\" data-style-submit-text=\"Search now\"><\/script><\/p>\n\n\t\t<\/div>\n\t<\/div>\n<\/div><\/div><\/div><\/div>\n<p>&nbsp;<\/p>\n<h2>FAQ su Enterprise Pulaski<\/h2>\n<p><img loading=\"lazy\" decoding=\"async\" class=\"alignleft\" src=\"\/wp-content\/uploads\/images\/rent_car_356.png\" alt=\"impresa pulaski\" width=\"350\" height=\"350\" \/><\/p>\n<h3>Quali sono i requisiti di et\u00e0 per noleggiare un'auto da Enterprise Pulaski?<\/h3>\n<p>L'et\u00e0 minima per noleggiare un'auto da Enterprise Pulaski \u00e8 di 21 anni. Tuttavia, i conducenti di et\u00e0 compresa tra i 21 e i 24 anni possono essere soggetti a costi aggiuntivi.<\/p>\n<h3>Ho bisogno di un'assicurazione per noleggiare un'auto da Enterprise Pulaski?<\/h3>\n<p>No, la copertura assicurativa \u00e8 inclusa nel prezzo di noleggio. Tuttavia, i clienti hanno la possibilit\u00e0 di acquistare una copertura aggiuntiva per una maggiore protezione.<\/p>\n<h3>Posso restituire la mia auto a noleggio in un luogo diverso?<\/h3>\n<p>S\u00ec, Enterprise offre noleggi di sola andata che consentono ai clienti di riconsegnare l'auto a noleggio in un altro luogo. Potrebbero essere applicati costi aggiuntivi.<\/p>\n<h3>C'\u00e8 un limite di chilometraggio per le auto a noleggio presso Enterprise Pulaski?<\/h3>\n<p>La maggior parte dei noleggi prevede un chilometraggio illimitato. Tuttavia, alcuni veicoli speciali o noleggi a lungo termine possono avere restrizioni sul chilometraggio.<\/p>\n<p>In conclusione, quando si tratta di servizi di autonoleggio affidabili e convenienti a Pulaski, Tennessee, Enterprise Pulaski \u00e8 una scelta eccellente. Con le sue sedi comode e i suoi piani flessibili, Enterprise Pulaski rende facile per i clienti esplorare questa affascinante citt\u00e0 e le aree circostanti senza preoccuparsi del trasporto. Quindi perch\u00e9 aspettare? Noleggiate il vostro prossimo veicolo da Enterprise Pulaski e sperimentate oggi stesso i suoi servizi eccezionali!<\/p>\n<\/div>","protected":false},"excerpt":{"rendered":"<p>Explore Enterprise Pulaski&#8217;s Range of Services If you are planning a trip to Pulaski, Tennessee, and in need of a reliable rental car company, then look no further than Enterprise Pulaski. With over 60 years of experience in the industry, Enterprise has become a trusted name for providing top-notch car rental services. Convenient Locations and [&hellip;]<\/p>\n","protected":false},"author":1,"featured_media":3426,"parent":0,"menu_order":0,"comment_status":"closed","ping_status":"closed","template":"","meta":{"rs_blank_template":"","rs_page_bg_color":"","slide_template_v7":"","footnotes":""},"categories":[1],"tags":[],"class_list":["post-5178","page","type-page","status-publish","has-post-thumbnail","hentry","category-blog"],"_links":{"self":[{"href":"https:\/\/rental-car.company\/it\/wp-json\/wp\/v2\/pages\/5178","targetHints":{"allow":["GET"]}}],"collection":[{"href":"https:\/\/rental-car.company\/it\/wp-json\/wp\/v2\/pages"}],"about":[{"href":"https:\/\/rental-car.company\/it\/wp-json\/wp\/v2\/types\/page"}],"author":[{"embeddable":true,"href":"https:\/\/rental-car.company\/it\/wp-json\/wp\/v2\/users\/1"}],"replies":[{"embeddable":true,"href":"https:\/\/rental-car.company\/it\/wp-json\/wp\/v2\/comments?post=5178"}],"version-history":[{"count":0,"href":"https:\/\/rental-car.company\/it\/wp-json\/wp\/v2\/pages\/5178\/revisions"}],"wp:featuredmedia":[{"embeddable":true,"href":"https:\/\/rental-car.company\/it\/wp-json\/wp\/v2\/media\/3426"}],"wp:attachment":[{"href":"https:\/\/rental-car.company\/it\/wp-json\/wp\/v2\/media?parent=5178"}],"wp:term":[{"taxonomy":"category","embeddable":true,"href":"https:\/\/rental-car.company\/it\/wp-json\/wp\/v2\/categories?post=5178"},{"taxonomy":"post_tag","embeddable":true,"href":"https:\/\/rental-car.company\/it\/wp-json\/wp\/v2\/tags?post=5178"}],"curies":[{"name":"wp","href":"https:\/\/api.w.org\/{rel}","templated":true}]}}