{"id":5271,"date":"2024-08-15T15:06:11","date_gmt":"2024-08-15T15:06:11","guid":{"rendered":"https:\/\/rental-car.company\/?page_id=5271"},"modified":"2024-08-15T15:06:11","modified_gmt":"2024-08-15T15:06:11","slug":"noleggio-auto-svizzera","status":"publish","type":"page","link":"https:\/\/rental-car.company\/it\/noleggio-auto-svizzera\/","title":{"rendered":"Noleggio auto Svizzera - La vostra guida definitiva per esplorare il Paese su ruote"},"content":{"rendered":"<div class=\"wpb-content-wrapper\"><h2>Noleggiare un'auto in Svizzera: Tutto quello che c'\u00e8 da sapere<\/h2>\n<p>La Svizzera \u00e8 nota per i suoi paesaggi mozzafiato, i suoi laghi incontaminati e le sue citt\u00e0 affascinanti. Il modo migliore per sperimentare tutto ci\u00f2 che questo splendido Paese ha da offrire \u00e8 noleggiare un'auto. Con un'auto a noleggio in Svizzera, potrete esplorare al vostro ritmo e scoprire gemme nascoste che non sono accessibili con i mezzi pubblici.<\/p>\n<div class=\"vc_row wpb_row vc_row-fluid\"><div class=\"wpb_column vc_column_container vc_col-sm-12\"><div class=\"vc_column-inner\"><div class=\"wpb_wrapper\">\n\t<div class=\"wpb_text_column wpb_content_element\" >\n\t\t<div class=\"wpb_wrapper\">\n\t\t\t<p><script id=\"dchwidget\" src=\"https:\/\/www.discovercars.com\/wg.js\" async=\"\" data-dev-env=\"com\" data-location=\"\" data-lang=\"en\" data-utm-source=\"malina\" data-utm-medium=\"widget\" data-aff-code=\"a_aid\" data-autocomplete=\"on\" data-style-submit-bg-color=\"00A200\" data-style-submit-font-color=\"white\" data-style-form-bg-color=\"FAD130\" data-style-form-font-color=\"333\" data-style-submit-text=\"Search now\"><\/script><\/p>\n\n\t\t<\/div>\n\t<\/div>\n<\/div><\/div><\/div><\/div>\n<p>&nbsp;<\/p>\n<h2>Scoprire il noleggio auto in Svizzera<\/h2>\n<p><img loading=\"lazy\" decoding=\"async\" class=\"alignleft\" src=\"\/wp-content\/uploads\/images\/rent_car_1250.png\" alt=\"noleggio auto svizzera\" width=\"350\" height=\"350\" \/><\/p>\n<p>Quando si tratta di noleggiare un'auto in Svizzera, sono disponibili diverse opzioni. Potete scegliere tra le principali compagnie di autonoleggio internazionali come Avis, Hertz o Europcar, oppure tra i fornitori locali come rental-car.company. \u00c8 importante fare ricerche e confrontare i prezzi prima di prenotare l'auto a noleggio.<\/p>\n<p>Uno dei principali vantaggi di scegliere un fornitore locale come rental-car.company \u00e8 che spesso offre offerte migliori e tariffe pi\u00f9 convenienti rispetto alle compagnie internazionali. Inoltre, conoscono meglio le strade locali e possono fornirvi consigli privilegiati su dove andare e cosa vedere.<\/p>\n<h3>I vantaggi di noleggiare un'auto in Svizzera<\/h3>\n<p>- Libert\u00e0 e flessibilit\u00e0: Con la vostra auto a noleggio, avrete la libert\u00e0 di esplorare al vostro ritmo senza preoccuparvi di orari o programmi rigidi.<br \/>\n- Accesso alle aree remote: Alcuni dei luoghi pi\u00f9 belli della Svizzera sono accessibili solo in auto. Con un'auto a noleggio, potrete raggiungere queste gemme nascoste senza problemi.<br \/>\n- Conveniente per i viaggi di gruppo: Se viaggiate con la famiglia o con gli amici, noleggiare un'auto pu\u00f2 essere pi\u00f9 conveniente che acquistare singoli biglietti del treno.<br \/>\n- Convenienza: Avere un'auto significa non doversi trascinare dietro bagagli pesanti mentre si naviga sui mezzi pubblici.<\/p>\n<h3>I contro del noleggio di un'auto in Svizzera<\/h3>\n<p>- Il parcheggio pu\u00f2 essere costoso: nelle citt\u00e0 pi\u00f9 grandi come Zurigo o Ginevra, il parcheggio pu\u00f2 essere costoso. Assicuratevi di ricercare le opzioni di parcheggio in anticipo.<br \/>\n- Traffico e regole di guida: In Svizzera vige un severo codice della strada e guidare pu\u00f2 essere impegnativo per chi non \u00e8 abituato. \u00c8 essenziale familiarizzare con le regole locali prima di mettersi in viaggio.<br \/>\n- Strade a pedaggio: Alcune autostrade svizzere richiedono una vignetta, un contrassegno di pedaggio che deve essere acquistato prima di entrare. Assicuratevi di averne una se intendete percorrere queste strade.<\/p>\n<h4>Domande frequenti sul noleggio auto in Svizzera<\/h4>\n<h4>Di quali documenti ho bisogno per noleggiare un'auto in Svizzera?<\/h4>\n<p>Per noleggiare un'auto in Svizzera \u00e8 necessario avere una patente di guida valida, un passaporto e una carta di credito. Alcune societ\u00e0 di noleggio potrebbero richiedere anche un permesso di guida internazionale.<\/p>\n<h4>Ho bisogno di un'assicurazione aggiuntiva quando noleggio un'auto in Svizzera?<\/h4>\n<p>La maggior parte delle auto a noleggio \u00e8 dotata di una copertura assicurativa di base; tuttavia, \u00e8 sempre consigliabile acquistare un'assicurazione aggiuntiva per stare tranquilli.<\/p>\n<h4>Qual \u00e8 l'et\u00e0 minima richiesta per noleggiare un'auto in Svizzera?<\/h4>\n<p><img loading=\"lazy\" decoding=\"async\" class=\"alignright\" src=\"\/wp-content\/uploads\/images\/rent_car_138.png\" alt=\"noleggio auto svizzera\" width=\"350\" height=\"350\" \/><\/p>\n<p>L'et\u00e0 minima per noleggiare un'auto in Svizzera \u00e8 di 20 anni. Tuttavia, alcune societ\u00e0 di noleggio possono prevedere limiti di et\u00e0 pi\u00f9 elevati e costi aggiuntivi per i conducenti di et\u00e0 inferiore ai 25 anni.<\/p>\n<h2>In conclusione,<\/h2>\n<p>Noleggiare un'auto in Svizzera \u00e8 un modo eccellente per esplorare questo splendido Paese al proprio ritmo. Con i suoi splendidi paesaggi e le sue incantevoli citt\u00e0 da scoprire, avere le proprie ruote render\u00e0 il vostro viaggio ancora pi\u00f9 memorabile. Prendete in considerazione la possibilit\u00e0 di prenotare un'auto a noleggio presso fornitori locali come rental-car.company per ottenere offerte migliori e consigli privilegiati su come esplorare il Paese su ruote. Quindi fate le valigie e preparatevi a vivere un'avventura indimenticabile attraverso le pittoresche strade della Svizzera!<\/p>\n<\/div>","protected":false},"excerpt":{"rendered":"<p>Renting a Car in Switzerland: Everything You Need to Know Switzerland is known for its breathtaking landscapes, pristine lakes, and charming cities. The best way to experience all that this beautiful country has to offer is by renting a car. With a car rental in Switzerland, you can explore at your own pace and discover [&hellip;]<\/p>\n","protected":false},"author":1,"featured_media":5273,"parent":0,"menu_order":0,"comment_status":"closed","ping_status":"closed","template":"","meta":{"rs_blank_template":"","rs_page_bg_color":"","slide_template_v7":"","footnotes":""},"categories":[1],"tags":[],"class_list":["post-5271","page","type-page","status-publish","has-post-thumbnail","hentry","category-blog"],"_links":{"self":[{"href":"https:\/\/rental-car.company\/it\/wp-json\/wp\/v2\/pages\/5271","targetHints":{"allow":["GET"]}}],"collection":[{"href":"https:\/\/rental-car.company\/it\/wp-json\/wp\/v2\/pages"}],"about":[{"href":"https:\/\/rental-car.company\/it\/wp-json\/wp\/v2\/types\/page"}],"author":[{"embeddable":true,"href":"https:\/\/rental-car.company\/it\/wp-json\/wp\/v2\/users\/1"}],"replies":[{"embeddable":true,"href":"https:\/\/rental-car.company\/it\/wp-json\/wp\/v2\/comments?post=5271"}],"version-history":[{"count":0,"href":"https:\/\/rental-car.company\/it\/wp-json\/wp\/v2\/pages\/5271\/revisions"}],"wp:featuredmedia":[{"embeddable":true,"href":"https:\/\/rental-car.company\/it\/wp-json\/wp\/v2\/media\/5273"}],"wp:attachment":[{"href":"https:\/\/rental-car.company\/it\/wp-json\/wp\/v2\/media?parent=5271"}],"wp:term":[{"taxonomy":"category","embeddable":true,"href":"https:\/\/rental-car.company\/it\/wp-json\/wp\/v2\/categories?post=5271"},{"taxonomy":"post_tag","embeddable":true,"href":"https:\/\/rental-car.company\/it\/wp-json\/wp\/v2\/tags?post=5271"}],"curies":[{"name":"wp","href":"https:\/\/api.w.org\/{rel}","templated":true}]}}