{"id":5293,"date":"2024-08-15T19:05:18","date_gmt":"2024-08-15T19:05:18","guid":{"rendered":"https:\/\/rental-car.company\/?page_id=5293"},"modified":"2024-08-15T19:05:18","modified_gmt":"2024-08-15T19:05:18","slug":"aeroporto-di-pie-dimpresa","status":"publish","type":"page","link":"https:\/\/rental-car.company\/it\/aeroporto-di-pie-dimpresa\/","title":{"rendered":"Enterprise Pie Aeroporto: La vostra guida definitiva al noleggio auto"},"content":{"rendered":"<div class=\"wpb-content-wrapper\"><h2>Enterprise Pie Aeroporto: Un'opzione conveniente per il noleggio auto<\/h2>\n<p>Quando si viaggia, uno degli aspetti pi\u00f9 importanti \u00e8 il trasporto. Che si tratti di un viaggio di lavoro o di piacere, avere un mezzo di trasporto affidabile \u00e8 fondamentale. E quando si tratta di aeroporti, trovare un modo comodo ed efficiente per spostarsi \u00e8 essenziale. \u00c8 qui che entra in gioco Enterprise Pie Airport.<\/p>\n<p>Situato a St. Petersburg, in Florida, Enterprise Pie Airport \u00e8 una scelta popolare per i viaggiatori che cercano un'esperienza di noleggio auto senza problemi. Grazie alla sua comoda posizione e all'ampia scelta di veicoli, Enterprise Pie Airport \u00e8 diventata l'opzione preferita da molti viaggiatori.<\/p>\n<div class=\"vc_row wpb_row vc_row-fluid\"><div class=\"wpb_column vc_column_container vc_col-sm-12\"><div class=\"vc_column-inner\"><div class=\"wpb_wrapper\">\n\t<div class=\"wpb_text_column wpb_content_element\" >\n\t\t<div class=\"wpb_wrapper\">\n\t\t\t<p><script id=\"dchwidget\" src=\"https:\/\/www.discovercars.com\/wg.js\" async=\"\" data-dev-env=\"com\" data-location=\"\" data-lang=\"en\" data-utm-source=\"malina\" data-utm-medium=\"widget\" data-aff-code=\"a_aid\" data-autocomplete=\"on\" data-style-submit-bg-color=\"00A200\" data-style-submit-font-color=\"white\" data-style-form-bg-color=\"FAD130\" data-style-form-font-color=\"333\" data-style-submit-text=\"Search now\"><\/script><\/p>\n\n\t\t<\/div>\n\t<\/div>\n<\/div><\/div><\/div><\/div>\n<p>&nbsp;<\/p>\n<h2>Scoprire l'Enterprise Pie Airport<\/h2>\n<p><img loading=\"lazy\" decoding=\"async\" class=\"alignleft\" src=\"\/wp-content\/uploads\/images\/rent_car_33.png\" alt=\"aeroporto di pie&#039; d&#039;impresa\" width=\"350\" height=\"350\" \/><\/p>\n<p>Come gi\u00e0 accennato, l'aeroporto Enterprise Pie si trova a St. Petersburg, in Florida, e serve l'area della baia di Tampa. Offre un facile accesso a destinazioni turistiche popolari come Clearwater Beach e il centro di St. Petersburg.<\/p>\n<p>L'aeroporto offre una variet\u00e0 di opzioni di noleggio auto, dalle auto compatte ai SUV e persino ai veicoli di lusso. In questo modo i clienti possono scegliere il veicolo perfetto per le loro esigenze e il loro budget.<\/p>\n<p>Oltre all'ampia scelta di veicoli, Enterprise Pie Airport offre anche vari servizi, come le opzioni di ritiro e riconsegna nell'area locale, il supporto del servizio clienti 24 ore su 24, 7 giorni su 7 e termini di noleggio flessibili.<\/p>\n<h3>Noleggio con Enterprise Pie Airport<\/h3>\n<p>Il noleggio di un'auto con Enterprise Pie Airport \u00e8 una procedura semplice che pu\u00f2 essere effettuata online o presso la sede all'interno del terminal dell'aeroporto.<\/p>\n<p>Per noleggiare un'auto online, \u00e8 sufficiente visitare il sito web o scaricare l'applicazione mobile. \u00c8 quindi possibile selezionare la data e l'ora di ritiro desiderate e il tipo di veicolo preferito. Una volta completata la prenotazione, riceverete un'e-mail di conferma con tutti i dettagli necessari.<\/p>\n<p>Se preferite noleggiare direttamente al terminal dell'aeroporto, recatevi allo sportello Enterprise all'arrivo in aeroporto. Il personale cordiale e competente vi assister\u00e0 nella scelta del veicolo giusto e nel completamento della procedura di noleggio.<\/p>\n<h3>Parole chiave correlate per Enterprise Pie Airport<\/h3>\n<p>- Noleggiare un'auto all'aeroporto di Enterprise Pie<br \/>\n- Opzioni di noleggio auto presso Enterprise Pie Airport<br \/>\n- Noleggio auto conveniente all'aeroporto di Enterprise Pie<br \/>\n- Noleggio auto a prezzi convenienti presso l'aeroporto di Enterprise Pie<\/p>\n<h4>Pro e contro<\/h4>\n<p>Pro:<br \/>\n- Posizione conveniente a St. Petersburg, Florida<br \/>\n- Ampia selezione di veicoli tra cui scegliere<br \/>\n- Condizioni di noleggio flessibili e assistenza clienti 24\/7<\/p>\n<p>Contro:<br \/>\n- Opzioni di ritiro e consegna limitate al di fuori dell'area locale<\/p>\n<h4>Domande e risposte su Enterprise Pie Airport<\/h4>\n<p><img loading=\"lazy\" decoding=\"async\" class=\"alignright\" src=\"\/wp-content\/uploads\/images\/rent_car_600.png\" alt=\"aeroporto di pie&#039; d&#039;impresa\" width=\"350\" height=\"350\" \/><\/p>\n<p>D: Posso noleggiare un'auto da Enterprise Pie Airport se ho meno di 25 anni?<br \/>\nR: S\u00ec, ma potrebbe esserci un costo aggiuntivo per i conducenti di et\u00e0 inferiore ai 25 anni.<\/p>\n<p>D: Ho bisogno di un'assicurazione per noleggiare un'auto da Enterprise Pie Airport?<br \/>\nR: S\u00ec, potete acquistare l'assicurazione tramite loro o fornire la vostra prova di copertura.<\/p>\n<p>D: \u00c8 possibile prolungare il periodo di noleggio con Enterprise Pie Airport?<br \/>\nR: S\u00ec, \u00e8 possibile prolungare il periodo di noleggio contattando il servizio clienti o visitando il sito web\/app.<\/p>\n<p>D: Posso restituire la mia auto a noleggio in un luogo diverso?<br \/>\nR: S\u00ec, purch\u00e9 sia all'interno dell'area locale, \u00e8 possibile organizzare la consegna in un luogo diverso con un costo aggiuntivo.<\/p>\n<p>In conclusione, se state viaggiando a St. Petersburg o nella zona di Tampa Bay e avete bisogno di un trasporto affidabile, non cercate oltre l'Enterprise Pie Airport. Grazie alla sua comoda posizione e all'ampia gamma di veicoli disponibili, noleggiare un'auto non \u00e8 mai stato cos\u00ec facile. Prenotate il vostro prossimo viaggio con fiducia e comodit\u00e0 con Enterprise Pie Airport.<\/p>\n<\/div>","protected":false},"excerpt":{"rendered":"<p>Enterprise Pie Airport: A Convenient Option for Car Rentals When it comes to traveling, one of the most important aspects is transportation. Whether you are traveling for business or pleasure, having a reliable mode of transportation is crucial. And when it comes to airports, finding a convenient and efficient way to get around is essential. [&hellip;]<\/p>\n","protected":false},"author":1,"featured_media":5295,"parent":0,"menu_order":0,"comment_status":"closed","ping_status":"closed","template":"","meta":{"rs_blank_template":"","rs_page_bg_color":"","slide_template_v7":"","footnotes":""},"categories":[1],"tags":[],"class_list":["post-5293","page","type-page","status-publish","has-post-thumbnail","hentry","category-blog"],"_links":{"self":[{"href":"https:\/\/rental-car.company\/it\/wp-json\/wp\/v2\/pages\/5293","targetHints":{"allow":["GET"]}}],"collection":[{"href":"https:\/\/rental-car.company\/it\/wp-json\/wp\/v2\/pages"}],"about":[{"href":"https:\/\/rental-car.company\/it\/wp-json\/wp\/v2\/types\/page"}],"author":[{"embeddable":true,"href":"https:\/\/rental-car.company\/it\/wp-json\/wp\/v2\/users\/1"}],"replies":[{"embeddable":true,"href":"https:\/\/rental-car.company\/it\/wp-json\/wp\/v2\/comments?post=5293"}],"version-history":[{"count":0,"href":"https:\/\/rental-car.company\/it\/wp-json\/wp\/v2\/pages\/5293\/revisions"}],"wp:featuredmedia":[{"embeddable":true,"href":"https:\/\/rental-car.company\/it\/wp-json\/wp\/v2\/media\/5295"}],"wp:attachment":[{"href":"https:\/\/rental-car.company\/it\/wp-json\/wp\/v2\/media?parent=5293"}],"wp:term":[{"taxonomy":"category","embeddable":true,"href":"https:\/\/rental-car.company\/it\/wp-json\/wp\/v2\/categories?post=5293"},{"taxonomy":"post_tag","embeddable":true,"href":"https:\/\/rental-car.company\/it\/wp-json\/wp\/v2\/tags?post=5293"}],"curies":[{"name":"wp","href":"https:\/\/api.w.org\/{rel}","templated":true}]}}