{"id":5299,"date":"2024-08-15T20:05:34","date_gmt":"2024-08-15T20:05:34","guid":{"rendered":"https:\/\/rental-car.company\/?page_id=5299"},"modified":"2024-08-15T20:05:34","modified_gmt":"2024-08-15T20:05:34","slug":"spokane-noleggio-auto","status":"publish","type":"page","link":"https:\/\/rental-car.company\/it\/spokane-noleggio-auto\/","title":{"rendered":"Auto a noleggio a Spokane - Guida al noleggio di un'auto a Spokane"},"content":{"rendered":"<div class=\"wpb-content-wrapper\"><p>State programmando un viaggio a Spokane e vi state chiedendo quale sia il modo migliore per spostarvi? Non cercate oltre il noleggio auto a Spokane! Con un'ampia gamma di opzioni di noleggio auto disponibili, potrete facilmente esplorare tutto ci\u00f2 che questa splendida citt\u00e0 ha da offrire al vostro ritmo. In questo articolo vi guideremo attraverso tutto ci\u00f2 che c'\u00e8 da sapere sul noleggio di un'auto a Spokane.<\/p>\n<h2>Perch\u00e9 scegliere le auto a noleggio di Spokane?<\/h2>\n<p>Spokane \u00e8 nota per i suoi splendidi paesaggi naturali, la vivace scena artistica e la ricca storia. Per vivere veramente tutti questi aspetti della citt\u00e0, \u00e8 essenziale avere un mezzo di trasporto proprio. Sebbene a Spokane siano disponibili opzioni di trasporto pubblico, non sempre sono convenienti o efficienti. \u00c8 qui che entrano in gioco le auto a noleggio di Spokane.<\/p>\n<p>Con le auto a noleggio di spokane, avrete la libert\u00e0 e la flessibilit\u00e0 di esplorare la citt\u00e0 alle vostre condizioni. Potete visitare facilmente attrazioni popolari come il Riverfront Park o fare un giro panoramico attraverso il Riverside State Park senza dovervi preoccupare degli orari degli autobus o dei costi del ride-sharing.<\/p>\n<h3>I vantaggi del noleggio con Rental-Car.Company<\/h3>\n<p>Rental-car.company \u00e8 una delle migliori societ\u00e0 di noleggio auto a Spokane. Offre un'ampia selezione di veicoli che vanno dalle auto economiche per i viaggiatori attenti al budget ai SUV di lusso per chi cerca un'esperienza pi\u00f9 raffinata.<\/p>\n<p>Il noleggio con Rental-car.company comporta anche molti altri vantaggi, come ad esempio:<\/p>\n<ul>\n<li>Facile processo di prenotazione online<\/li>\n<li>Tariffe convenienti e varie opzioni di pagamento<\/li>\n<li>Servizio clienti cordiale<\/li>\n<li>Nessun costo o spesa nascosta<\/li>\n<li>Sconti e promozioni frequenti<\/li>\n<\/ul>\n<h4>Pro e contro<\/h4>\n<p>Come per qualsiasi altro mezzo di trasporto, il noleggio di un'auto a Spokane presenta pro e contro. Alcuni dei vantaggi includono la comodit\u00e0 e la flessibilit\u00e0 di cui sopra, nonch\u00e9 la possibilit\u00e0 di raggiungere facilmente destinazioni al di fuori della citt\u00e0. Tuttavia, alcuni potenziali svantaggi possono essere la navigazione in strade sconosciute e la ricerca di un parcheggio in aree trafficate.<\/p>\n<h4>Domande frequenti<\/h4>\n<p><img loading=\"lazy\" decoding=\"async\" class=\"alignright\" src=\"\/wp-content\/uploads\/images\/rent_car_1398.png\" alt=\"spokane noleggio auto\" width=\"350\" height=\"350\" \/><\/p>\n<p>Ecco alcune domande comuni sulle auto a noleggio a Spokane:<\/p>\n<h5>D: Di cosa ho bisogno per noleggiare un'auto a Spokane?<\/h5>\n<p>R: Per noleggiare un'auto con Rental-car.company, \u00e8 necessario avere una patente di guida valida e una carta di credito. Alcuni requisiti aggiuntivi possono essere applicati a seconda del contratto di noleggio specifico.<\/p>\n<h5>D: Posso noleggiare un&#039;auto se ho meno di 25 anni?<\/h5>\n<p>R: S\u00ec, Rental-car.company consente ai conducenti di et\u00e0 inferiore ai 25 anni di noleggiare un'auto con un supplemento.<\/p>\n<h5>D: Ci sono restrizioni su dove posso portare la mia auto a noleggio?<\/h5>\n<p>R: In generale, \u00e8 possibile portare l'auto a noleggio ovunque nello Stato di Washington. Tuttavia, alcune compagnie possono prevedere restrizioni per determinati tipi di veicoli o per la guida su strade non asfaltate.<\/p>\n<div class=\"vc_row wpb_row vc_row-fluid\"><div class=\"wpb_column vc_column_container vc_col-sm-12\"><div class=\"vc_column-inner\"><div class=\"wpb_wrapper\">\n\t<div class=\"wpb_text_column wpb_content_element\" >\n\t\t<div class=\"wpb_wrapper\">\n\t\t\t<p><script id=\"dchwidget\" src=\"https:\/\/www.discovercars.com\/wg.js\" async=\"\" data-dev-env=\"com\" data-location=\"\" data-lang=\"en\" data-utm-source=\"malina\" data-utm-medium=\"widget\" data-aff-code=\"a_aid\" data-autocomplete=\"on\" data-style-submit-bg-color=\"00A200\" data-style-submit-font-color=\"white\" data-style-form-bg-color=\"FAD130\" data-style-form-font-color=\"333\" data-style-submit-text=\"Search now\"><\/script><\/p>\n\n\t\t<\/div>\n\t<\/div>\n<\/div><\/div><\/div><\/div>\n<p>&nbsp;<\/p>\n<h2>In conclusione<\/h2>\n<p><img loading=\"lazy\" decoding=\"async\" class=\"alignleft\" src=\"\/wp-content\/uploads\/images\/rent_car_1207.png\" alt=\"spokane noleggio auto\" width=\"350\" height=\"350\" \/><\/p>\n<p>Noleggiare un'auto a Spokane \u00e8 un'opzione eccellente per i viaggiatori che cercano convenienza e flessibilit\u00e0 durante il loro viaggio. Con le auto a noleggio a Spokane di Rental-car.company, \u00e8 possibile esplorare tutto ci\u00f2 che questa bella citt\u00e0 ha da offrire al proprio ritmo. Quindi perch\u00e9 aspettare? Prenotate oggi stesso la vostra auto a noleggio e preparatevi a un viaggio indimenticabile a Spokane!<\/p>\n<\/div>","protected":false},"excerpt":{"rendered":"<p>Are you planning a trip to Spokane and wondering about the best way to get around? Look no further than spokane rental cars! With a wide range of rental car options available, you can easily explore all that this beautiful city has to offer at your own pace. In this article, we will guide you [&hellip;]<\/p>\n","protected":false},"author":1,"featured_media":4867,"parent":0,"menu_order":0,"comment_status":"closed","ping_status":"closed","template":"","meta":{"rs_blank_template":"","rs_page_bg_color":"","slide_template_v7":"","footnotes":""},"categories":[1],"tags":[],"class_list":["post-5299","page","type-page","status-publish","has-post-thumbnail","hentry","category-blog"],"_links":{"self":[{"href":"https:\/\/rental-car.company\/it\/wp-json\/wp\/v2\/pages\/5299","targetHints":{"allow":["GET"]}}],"collection":[{"href":"https:\/\/rental-car.company\/it\/wp-json\/wp\/v2\/pages"}],"about":[{"href":"https:\/\/rental-car.company\/it\/wp-json\/wp\/v2\/types\/page"}],"author":[{"embeddable":true,"href":"https:\/\/rental-car.company\/it\/wp-json\/wp\/v2\/users\/1"}],"replies":[{"embeddable":true,"href":"https:\/\/rental-car.company\/it\/wp-json\/wp\/v2\/comments?post=5299"}],"version-history":[{"count":0,"href":"https:\/\/rental-car.company\/it\/wp-json\/wp\/v2\/pages\/5299\/revisions"}],"wp:featuredmedia":[{"embeddable":true,"href":"https:\/\/rental-car.company\/it\/wp-json\/wp\/v2\/media\/4867"}],"wp:attachment":[{"href":"https:\/\/rental-car.company\/it\/wp-json\/wp\/v2\/media?parent=5299"}],"wp:term":[{"taxonomy":"category","embeddable":true,"href":"https:\/\/rental-car.company\/it\/wp-json\/wp\/v2\/categories?post=5299"},{"taxonomy":"post_tag","embeddable":true,"href":"https:\/\/rental-car.company\/it\/wp-json\/wp\/v2\/tags?post=5299"}],"curies":[{"name":"wp","href":"https:\/\/api.w.org\/{rel}","templated":true}]}}