{"id":5389,"date":"2024-08-16T16:08:49","date_gmt":"2024-08-16T16:08:49","guid":{"rendered":"https:\/\/rental-car.company\/?page_id=5389"},"modified":"2024-08-16T16:08:49","modified_gmt":"2024-08-16T16:08:49","slug":"noleggio-auto-jackson-ms","status":"publish","type":"page","link":"https:\/\/rental-car.company\/it\/noleggio-auto-jackson-ms\/","title":{"rendered":"Noleggio auto Jackson MS: la vostra guida per esplorare il Magnolia State con facilit\u00e0"},"content":{"rendered":"<div class=\"wpb-content-wrapper\"><h2>Provate la convenienza del noleggio auto a Jackson MS<\/h2>\n<p>Quando si pianifica un viaggio in Mississippi, una delle prime cose che spesso vengono in mente \u00e8 come ci si sposta. Sebbene siano disponibili opzioni di trasporto pubblico, nulla batte la comodit\u00e0 e la flessibilit\u00e0 di avere una propria auto a noleggio. Questo \u00e8 particolarmente vero in una citt\u00e0 come Jackson, dove ci sono molte attrazioni sparse in tutta l'area. Con un'auto a noleggio a Jackson, potrete facilmente esplorare tutto ci\u00f2 che questa vivace citt\u00e0 del sud ha da offrire.<\/p>\n<div class=\"vc_row wpb_row vc_row-fluid\"><div class=\"wpb_column vc_column_container vc_col-sm-12\"><div class=\"vc_column-inner\"><div class=\"wpb_wrapper\">\n\t<div class=\"wpb_text_column wpb_content_element\" >\n\t\t<div class=\"wpb_wrapper\">\n\t\t\t<p><script id=\"dchwidget\" src=\"https:\/\/www.discovercars.com\/wg.js\" async=\"\" data-dev-env=\"com\" data-location=\"\" data-lang=\"en\" data-utm-source=\"malina\" data-utm-medium=\"widget\" data-aff-code=\"a_aid\" data-autocomplete=\"on\" data-style-submit-bg-color=\"00A200\" data-style-submit-font-color=\"white\" data-style-form-bg-color=\"FAD130\" data-style-form-font-color=\"333\" data-style-submit-text=\"Search now\"><\/script><\/p>\n\n\t\t<\/div>\n\t<\/div>\n<\/div><\/div><\/div><\/div>\n<p>&nbsp;<\/p>\n<h2>Scoprire il noleggio di auto a Jackson MS<\/h2>\n<p><img loading=\"lazy\" decoding=\"async\" class=\"alignleft\" src=\"\/wp-content\/uploads\/images\/rent_car_770.png\" alt=\"noleggio auto jackson ms\" width=\"350\" height=\"350\" \/><\/p>\n<p>Il noleggio auto jackson ms offre un'ampia variet\u00e0 di veicoli per soddisfare le vostre esigenze e il vostro budget. Dalle auto compatte per chi viaggia da solo o in coppia, agli spaziosi SUV per le famiglie o i gruppi pi\u00f9 numerosi, ce n'\u00e8 per tutti i gusti. Inoltre, grazie ai prezzi competitivi e ai comodi punti di ritiro in tutta la citt\u00e0, noleggiare un'auto a Jackson non \u00e8 mai stato cos\u00ec facile.<\/p>\n<h3>Esplorate i siti storici e i musei<\/h3>\n<p>Jackson ha una ricca storia come una delle citt\u00e0 chiave durante il Movimento per i diritti civili. Approfittate della vostra auto a noleggio per visitare importanti punti di riferimento come il Medgar Evers Home Museum o il Tougaloo College Historic District. \u00c8 inoltre possibile conoscere il ruolo del Mississippi nel plasmare la musica americana in musei come il Grammy Museum Mississippi e il Delta Blues Museum.<\/p>\n<h3>Godetevi le avventure all'aperto<\/h3>\n<p>Con il suo clima mite e i suoi splendidi paesaggi, Jackson \u00e8 una destinazione ideale per gli amanti della vita all'aria aperta. Noleggiate un'auto da rental cars jackson ms e partite all'avventura in uno dei tanti parchi o sentieri nelle vicinanze, come il LeFleur's Bluff State Park o il Natchez Trace Parkway. Potrete anche trascorrere una giornata a pescare o andare in barca al Ross Barnett Reservoir.<\/p>\n<h3>Assaporare la cucina del sud<\/h3>\n<p>Nessun viaggio nel Sud \u00e8 completo senza aver assaggiato la deliziosa cucina meridionale. Con la vostra auto a noleggio, potrete facilmente esplorare la variegata scena gastronomica di Jackson. Dal tradizionale barbecue al soul food e tutto il resto, ce n'\u00e8 per tutti i palati. Non dimenticate di assaggiare i piatti locali preferiti, come il pesce gatto fritto o i gamberi e la polenta.<\/p>\n<h4>Pro e contro<\/h4>\n<p>Pro:<br \/>\n- La comodit\u00e0 e la flessibilit\u00e0 di avere un mezzo di trasporto proprio<br \/>\n- Ampia variet\u00e0 di veicoli tra cui scegliere a prezzi competitivi<br \/>\n- Punti di raccolta facili da raggiungere in tutta la citt\u00e0<\/p>\n<p>Contro:<br \/>\n- Costi aggiuntivi come assicurazione e gas<br \/>\n- Potenziale congestione del traffico durante le ore di punta<\/p>\n<h4>FAQ<\/h4>\n<p><img loading=\"lazy\" decoding=\"async\" class=\"alignright\" src=\"\/wp-content\/uploads\/images\/rent_car_502.png\" alt=\"noleggio auto jackson ms\" width=\"350\" height=\"350\" \/><\/p>\n<p>D: Quanti anni devo avere per noleggiare un'auto a Jackson?<br \/>\nR: L'et\u00e0 minima richiesta per noleggiare un'auto varia a seconda della compagnia, ma la maggior parte richiede che il conducente abbia almeno 21 anni.<\/p>\n<p>D: Posso aggiungere conducenti aggiuntivi al mio contratto di noleggio?<br \/>\nR: S\u00ec, la maggior parte delle societ\u00e0 di noleggio consente di aggiungere altri conducenti a pagamento.<\/p>\n<p>D: L'assicurazione \u00e8 inclusa nel prezzo del noleggio?<br \/>\nR: No, in genere l'assicurazione non \u00e8 inclusa nel prezzo del noleggio. Tuttavia, molte societ\u00e0 offrono opzioni assicurative a un costo aggiuntivo.<\/p>\n<p>In conclusione, noleggiare un'auto da Rental Cars Jackson MS \u00e8 un modo comodo e conveniente per esplorare tutto ci\u00f2 che Jackson ha da offrire. Con un mezzo di trasporto proprio, potrete facilmente visitare siti storici e musei, vivere avventure all'aria aperta e gustare la deliziosa cucina del sud. La prossima volta che programmate un viaggio nella capitale del Mississippi, prendete in considerazione l'idea di noleggiare un'auto per vivere un'esperienza indimenticabile.<\/p>\n<\/div>","protected":false},"excerpt":{"rendered":"<p>Experience the Convenience of Rental Cars in Jackson MS When planning a trip to Mississippi, one of the first things that often comes to mind is how you will get around. While there are public transportation options available, nothing beats the convenience and flexibility of having your own rental car. This is especially true in [&hellip;]<\/p>\n","protected":false},"author":1,"featured_media":4102,"parent":0,"menu_order":0,"comment_status":"closed","ping_status":"closed","template":"","meta":{"rs_blank_template":"","rs_page_bg_color":"","slide_template_v7":"","footnotes":""},"categories":[1],"tags":[],"class_list":["post-5389","page","type-page","status-publish","has-post-thumbnail","hentry","category-blog"],"_links":{"self":[{"href":"https:\/\/rental-car.company\/it\/wp-json\/wp\/v2\/pages\/5389","targetHints":{"allow":["GET"]}}],"collection":[{"href":"https:\/\/rental-car.company\/it\/wp-json\/wp\/v2\/pages"}],"about":[{"href":"https:\/\/rental-car.company\/it\/wp-json\/wp\/v2\/types\/page"}],"author":[{"embeddable":true,"href":"https:\/\/rental-car.company\/it\/wp-json\/wp\/v2\/users\/1"}],"replies":[{"embeddable":true,"href":"https:\/\/rental-car.company\/it\/wp-json\/wp\/v2\/comments?post=5389"}],"version-history":[{"count":0,"href":"https:\/\/rental-car.company\/it\/wp-json\/wp\/v2\/pages\/5389\/revisions"}],"wp:featuredmedia":[{"embeddable":true,"href":"https:\/\/rental-car.company\/it\/wp-json\/wp\/v2\/media\/4102"}],"wp:attachment":[{"href":"https:\/\/rental-car.company\/it\/wp-json\/wp\/v2\/media?parent=5389"}],"wp:term":[{"taxonomy":"category","embeddable":true,"href":"https:\/\/rental-car.company\/it\/wp-json\/wp\/v2\/categories?post=5389"},{"taxonomy":"post_tag","embeddable":true,"href":"https:\/\/rental-car.company\/it\/wp-json\/wp\/v2\/tags?post=5389"}],"curies":[{"name":"wp","href":"https:\/\/api.w.org\/{rel}","templated":true}]}}