{"id":5457,"date":"2024-08-17T06:12:40","date_gmt":"2024-08-17T06:12:40","guid":{"rendered":"https:\/\/rental-car.company\/?page_id=5457"},"modified":"2024-08-17T06:12:40","modified_gmt":"2024-08-17T06:12:40","slug":"noleggio-auto-maryland","status":"publish","type":"page","link":"https:\/\/rental-car.company\/it\/noleggio-auto-maryland\/","title":{"rendered":"Autonoleggi Maryland - La vostra guida per noleggiare un'auto nell'Old Line State"},"content":{"rendered":"<div class=\"wpb-content-wrapper\"><h2>Noleggiare un'auto in Maryland: Tutto quello che c'\u00e8 da sapere<\/h2>\n<p>Avete in programma un viaggio nel Maryland? Che si tratti di esplorare la vivace citt\u00e0 di Baltimora o di fare un giro panoramico in campagna, noleggiare un'auto \u00e8 il modo migliore per spostarsi e sperimentare tutto ci\u00f2 che questo affascinante Stato ha da offrire. In questa guida vi spiegheremo tutto quello che c'\u00e8 da sapere sul noleggio auto nel Maryland.<\/p>\n<div class=\"vc_row wpb_row vc_row-fluid\"><div class=\"wpb_column vc_column_container vc_col-sm-12\"><div class=\"vc_column-inner\"><div class=\"wpb_wrapper\">\n\t<div class=\"wpb_text_column wpb_content_element\" >\n\t\t<div class=\"wpb_wrapper\">\n\t\t\t<p><script id=\"dchwidget\" src=\"https:\/\/www.discovercars.com\/wg.js\" async=\"\" data-dev-env=\"com\" data-location=\"\" data-lang=\"en\" data-utm-source=\"malina\" data-utm-medium=\"widget\" data-aff-code=\"a_aid\" data-autocomplete=\"on\" data-style-submit-bg-color=\"00A200\" data-style-submit-font-color=\"white\" data-style-form-bg-color=\"FAD130\" data-style-form-font-color=\"333\" data-style-submit-text=\"Search now\"><\/script><\/p>\n\n\t\t<\/div>\n\t<\/div>\n<\/div><\/div><\/div><\/div>\n<p>&nbsp;<\/p>\n<h2>Scoprire gli autonoleggi nel Maryland<\/h2>\n<p><img loading=\"lazy\" decoding=\"async\" class=\"alignleft\" src=\"\/wp-content\/uploads\/images\/rent_car_949.png\" alt=\"noleggio auto maryland\" width=\"350\" height=\"350\" \/><\/p>\n<p>Quando si tratta di noleggiare un'auto, il Maryland offre molte opzioni ai viaggiatori. Dalle compagnie di noleggio pi\u00f9 famose come Hertz ed Enterprise alle aziende locali, ci sono molte scelte per noleggiare un'auto in questo stato.<\/p>\n<p>Uno dei maggiori vantaggi di noleggiare un'auto nel Maryland \u00e8 che vi d\u00e0 la libert\u00e0 e la flessibilit\u00e0 di esplorare al vostro ritmo. Poich\u00e9 i trasporti pubblici sono limitati al di fuori delle grandi citt\u00e0, avere un veicolo proprio vi permette di visitare destinazioni fuori dai sentieri battuti e di fare soste spontanee lungo il percorso.<\/p>\n<p>Inoltre, con la societ\u00e0 rental-car.company che offre prezzi competitivi e comode localit\u00e0 di ritiro in tutto lo Stato, trovare un trasporto conveniente e affidabile non \u00e8 mai stato cos\u00ec facile.<\/p>\n<h3>I vantaggi del noleggio di un'auto nel Maryland<\/h3>\n<p>- Convenienza: Con la vostra auto a noleggio, potete andare facilmente dal punto A al punto B senza dover dipendere dagli orari dei trasporti pubblici o dai servizi di ride-sharing.<br \/>\n- Flessibilit\u00e0: avere un veicolo proprio vi permette di creare il vostro itinerario e di apportare modifiche in movimento senza essere vincolati agli orari di autobus e treni.<br \/>\n- Comfort: Il noleggio di un'auto vi permette di controllare l'ambiente circostante, consentendovi di viaggiare in modo pi\u00f9 confortevole grazie all'aria condizionata o al riscaldamento, se necessario.<br \/>\n- Economico: Dividere i costi con gli amici o la famiglia pu\u00f2 spesso essere pi\u00f9 conveniente che pagare i singoli biglietti dei mezzi pubblici o dei servizi di ride-sharing.<\/p>\n<h3>Gli svantaggi del noleggio di un'auto nel Maryland<\/h3>\n<p>- Costo: A seconda della durata del noleggio e del tipo di veicolo scelto, il noleggio di un'auto pu\u00f2 essere pi\u00f9 costoso di altri mezzi di trasporto.<br \/>\n- Parcheggio: Trovare parcheggio in citt\u00e0 famose come Baltimora o Annapolis pu\u00f2 essere difficile e costoso.<br \/>\n- Assicurazione: Anche se le societ\u00e0 di noleggio offrono opzioni di assicurazione, queste possono sommarsi rapidamente e aumentare il costo complessivo del noleggio.<\/p>\n<h4>Pro:<\/h4>\n<p>- Libert\u00e0 di esplorare al proprio ritmo<br \/>\n- Flessibilit\u00e0 nel creare il proprio itinerario<br \/>\n- Trasporto comodo e conveniente<br \/>\n- Conveniente quando si divide con altri<\/p>\n<h4>Contro:<\/h4>\n<p><img loading=\"lazy\" decoding=\"async\" class=\"alignright\" src=\"\/wp-content\/uploads\/images\/rent_car_635.png\" alt=\"noleggio auto maryland\" width=\"350\" height=\"350\" \/><\/p>\n<p>- Costo pi\u00f9 elevato rispetto ad altre modalit\u00e0 di trasporto<br \/>\n- Difficolt\u00e0 a trovare parcheggio nelle grandi citt\u00e0<br \/>\n- Costi assicurativi aggiuntivi<\/p>\n<h2>Domande frequenti sul noleggio auto nel Maryland<\/h2>\n<h3>1. Di cosa ho bisogno per noleggiare un'auto nel Maryland?<\/h3>\n<p>Per noleggiare un'auto nel Maryland \u00e8 necessario avere una patente di guida valida, una carta di credito per il pagamento e l'assicurazione e un documento che attesti l'et\u00e0 (di solito 25 anni o pi\u00f9). Alcune societ\u00e0 di noleggio possono avere ulteriori requisiti, quindi \u00e8 meglio informarsi prima.<\/p>\n<h3>2. Posso usare la mia patente internazionale per noleggiare un'auto nel Maryland?<\/h3>\n<p>S\u00ec, purch\u00e9 sia valido e accompagnato dal passaporto. Tuttavia, alcune societ\u00e0 di noleggio possono avere restrizioni per alcuni Paesi o richiedere un permesso di guida internazionale.<\/p>\n<h3>3. Esiste un limite di et\u00e0 per noleggiare un'auto nel Maryland?<\/h3>\n<p>La maggior parte delle societ\u00e0 di noleggio richiede che i conducenti abbiano almeno 21 anni senza costi aggiuntivi. Tuttavia, i conducenti di et\u00e0 inferiore ai 25 anni possono incorrere in un costo aggiuntivo al giorno.<\/p>\n<h3>4. Ci sono strade a pedaggio o ponti di cui devo essere a conoscenza quando guido la mia auto a noleggio?<\/h3>\n<p>S\u00ec, nel Maryland ci sono diverse strade e ponti a pedaggio, tra cui il Chesapeake Bay Bridge e l'Intercounty Connector. Assicuratevi di avere contanti o un E-ZPass per il pagamento del pedaggio.<\/p>\n<h3>5. Posso noleggiare un'auto in una localit\u00e0 e restituirla in un'altra?<\/h3>\n<p>S\u00ec, la maggior parte delle societ\u00e0 di noleggio consente il noleggio di veicoli di sola andata all'interno dello Stato del Maryland, ma potrebbero essere applicati costi aggiuntivi.<\/p>\n<p>In conclusione, il noleggio di un'auto nel Maryland \u00e8 un'ottima opzione per i viaggiatori che desiderano esplorare questo splendido Stato. Grazie alle varie societ\u00e0 di noleggio che offrono prezzi competitivi e comodi punti di ritiro, spostarsi non \u00e8 mai stato cos\u00ec facile. Assicuratevi solo di considerare i pro e i contro prima di prendere una decisione e ricordate di rispettare tutte le leggi sul traffico mentre guidate sulle strade del Maryland. Buon viaggio!<\/p>\n<\/div>","protected":false},"excerpt":{"rendered":"<p>Rent a Car in Maryland: Everything You Need to Know Planning a trip to Maryland? Whether you&#8217;re exploring the bustling city of Baltimore or taking a scenic drive through the countryside, renting a car is the best way to get around and experience all that this charming state has to offer. In this guide, we&#8217;ll [&hellip;]<\/p>\n","protected":false},"author":1,"featured_media":4354,"parent":0,"menu_order":0,"comment_status":"closed","ping_status":"closed","template":"","meta":{"rs_blank_template":"","rs_page_bg_color":"","slide_template_v7":"","footnotes":""},"categories":[1],"tags":[],"class_list":["post-5457","page","type-page","status-publish","has-post-thumbnail","hentry","category-blog"],"_links":{"self":[{"href":"https:\/\/rental-car.company\/it\/wp-json\/wp\/v2\/pages\/5457","targetHints":{"allow":["GET"]}}],"collection":[{"href":"https:\/\/rental-car.company\/it\/wp-json\/wp\/v2\/pages"}],"about":[{"href":"https:\/\/rental-car.company\/it\/wp-json\/wp\/v2\/types\/page"}],"author":[{"embeddable":true,"href":"https:\/\/rental-car.company\/it\/wp-json\/wp\/v2\/users\/1"}],"replies":[{"embeddable":true,"href":"https:\/\/rental-car.company\/it\/wp-json\/wp\/v2\/comments?post=5457"}],"version-history":[{"count":0,"href":"https:\/\/rental-car.company\/it\/wp-json\/wp\/v2\/pages\/5457\/revisions"}],"wp:featuredmedia":[{"embeddable":true,"href":"https:\/\/rental-car.company\/it\/wp-json\/wp\/v2\/media\/4354"}],"wp:attachment":[{"href":"https:\/\/rental-car.company\/it\/wp-json\/wp\/v2\/media?parent=5457"}],"wp:term":[{"taxonomy":"category","embeddable":true,"href":"https:\/\/rental-car.company\/it\/wp-json\/wp\/v2\/categories?post=5457"},{"taxonomy":"post_tag","embeddable":true,"href":"https:\/\/rental-car.company\/it\/wp-json\/wp\/v2\/tags?post=5457"}],"curies":[{"name":"wp","href":"https:\/\/api.w.org\/{rel}","templated":true}]}}