{"id":5459,"date":"2024-08-17T07:08:45","date_gmt":"2024-08-17T07:08:45","guid":{"rendered":"https:\/\/rental-car.company\/?page_id=5459"},"modified":"2024-08-17T07:08:45","modified_gmt":"2024-08-17T07:08:45","slug":"noleggio-auto-akron-canton-aeroporto","status":"publish","type":"page","link":"https:\/\/rental-car.company\/it\/noleggio-auto-akron-canton-aeroporto\/","title":{"rendered":"Noleggio auto Akron Canton Aeroporto - La vostra guida per viaggiare senza problemi"},"content":{"rendered":"<div class=\"wpb-content-wrapper\"><p>Benvenuti nella bellissima citt\u00e0 di Akron, Ohio! Che siate qui per affari o per piacere, una cosa \u00e8 certa: avrete bisogno di un mezzo di trasporto affidabile per spostarvi. E quale modo migliore per esplorare la citt\u00e0 e le aree circostanti se non con un'auto a noleggio dall'aeroporto di Akron Canton?<\/p>\n<div class=\"vc_row wpb_row vc_row-fluid\"><div class=\"wpb_column vc_column_container vc_col-sm-12\"><div class=\"vc_column-inner\"><div class=\"wpb_wrapper\">\n\t<div class=\"wpb_text_column wpb_content_element\" >\n\t\t<div class=\"wpb_wrapper\">\n\t\t\t<p><script id=\"dchwidget\" src=\"https:\/\/www.discovercars.com\/wg.js\" async=\"\" data-dev-env=\"com\" data-location=\"\" data-lang=\"en\" data-utm-source=\"malina\" data-utm-medium=\"widget\" data-aff-code=\"a_aid\" data-autocomplete=\"on\" data-style-submit-bg-color=\"00A200\" data-style-submit-font-color=\"white\" data-style-form-bg-color=\"FAD130\" data-style-form-font-color=\"333\" data-style-submit-text=\"Search now\"><\/script><\/p>\n\n\t\t<\/div>\n\t<\/div>\n<\/div><\/div><\/div><\/div>\n<p>&nbsp;<\/p>\n<h2>Conveniente e senza stress: Noleggio auto all'aeroporto di Akron Canton<\/h2>\n<p><img loading=\"lazy\" decoding=\"async\" class=\"alignleft\" src=\"\/wp-content\/uploads\/images\/rent_car_1096.png\" alt=\"noleggio auto akron canton aeroporto\" width=\"350\" height=\"350\" \/><\/p>\n<p>L'aeroporto di Akron Canton \u00e8 l'aeroporto principale che serve sia Akron che Canton, situato a Green, Ohio. \u00c8 situato a soli 14 km a sud-est del centro di Akron e a 10 km a nord-ovest del centro di Canton. Con un'auto a noleggio dall'aeroporto, potrete raggiungere facilmente la vostra destinazione senza dover ricorrere ai mezzi pubblici o ai costosi taxi.<\/p>\n<h3>I vantaggi di noleggiare un'auto all'aeroporto di Akron Canton<\/h3>\n<ul>\n<li><strong>Viaggi pi\u00f9 veloci:<\/strong> Con un'auto a noleggio, potete evitare le lunghe attese dei mezzi pubblici o dei servizi di rideshare.<\/li>\n<li><strong>Flessibilit\u00e0:<\/strong> Avete la libert\u00e0 di esplorare al vostro ritmo e di visitare luoghi che potrebbero non essere facilmente accessibili con altri mezzi di trasporto.<\/li>\n<li><strong>Convenienza:<\/strong> Noleggiare un'auto vi permette di risparmiare su pi\u00f9 corse in taxi o tour.<\/li>\n<li><strong>Variet\u00e0:<\/strong> All'aeroporto di Akron Canton sono presenti diverse societ\u00e0 di autonoleggio affidabili che offrono un'ampia gamma di veicoli adatti a qualsiasi budget o esigenza di viaggio.<\/li>\n<\/ul>\n<h3>Il processo di noleggio di un'auto all'aeroporto di Akron Canton<\/h3>\n<p>Noleggiare un'auto all'aeroporto di Akron Canton \u00e8 facile e veloce. All'arrivo in aeroporto, recatevi ai banchi di noleggio auto situati nell'area di ritiro bagagli. Qui potrete confrontare i prezzi e scegliere tra una variet\u00e0 di veicoli offerti da societ\u00e0 come Enterprise, Hertz e Avis.<\/p>\n<p>Una volta scelta la compagnia di autonoleggio preferita, presentate la patente di guida e la carta di credito (o la carta di debito con i fondi necessari) all'agente di noleggio. Dovrete inoltre fornire una prova dell'assicurazione o acquistarla tramite la societ\u00e0 di noleggio. Dopo aver completato le pratiche necessarie, vi verranno consegnate le chiavi del veicolo.<\/p>\n<h4>I vantaggi di noleggiare un'auto all'aeroporto di Akron Canton<\/h4>\n<ul>\n<li>Posizione comoda all'interno dell'aeroporto<\/li>\n<li>Ampia scelta di veicoli di aziende rinomate<\/li>\n<li>Opzioni di viaggio flessibili a un prezzo accessibile<\/li>\n<li>Risparmio di tempo e denaro per il trasporto<\/li>\n<\/ul>\n<h4>I contro del noleggio di un'auto all'aeroporto di Akron Canton<\/h4>\n<ul>\n<li>Eventuali costi aggiuntivi per l'assicurazione o per i conducenti minorenni (sotto i 25 anni)<\/li>\n<li>Il traffico e il parcheggio possono essere problematici nelle aree pi\u00f9 trafficate<\/li>\n<li>Se i piani vengono modificati all'ultimo minuto, potrebbero essere applicate delle spese di cancellazione.<\/li>\n<li>Il costo del carburante non \u00e8 incluso nel prezzo del noleggio<\/li>\n<\/ul>\n<h4>Domande frequenti sul noleggio auto all'aeroporto di Akron Canton:<\/h4>\n<p><img loading=\"lazy\" decoding=\"async\" class=\"alignright\" src=\"\/wp-content\/uploads\/images\/rent_car_336.png\" alt=\"noleggio auto akron canton aeroporto\" width=\"350\" height=\"350\" \/><\/p>\n<h5>D: Qual \u00e8 l'et\u00e0 minima per noleggiare un'auto all'aeroporto di Akron Canton?<\/h5>\n<p>R: L'et\u00e0 minima per noleggiare un'auto all'aeroporto di Akron Canton \u00e8 di 21 anni. Tuttavia, i conducenti di et\u00e0 inferiore ai 25 anni possono incorrere in costi aggiuntivi.<\/p>\n<h5>D: Posso restituire la mia auto a noleggio al di fuori dell&#039;orario di lavoro?<\/h5>\n<p>R: S\u00ec, la maggior parte delle societ\u00e0 di autonoleggio dell'aeroporto di Akron Canton offre opzioni di riconsegna dopo l'orario di lavoro per una maggiore comodit\u00e0. Assicuratevi di confermarlo con la societ\u00e0 di noleggio prima di restituire l'auto.<\/p>\n<h5>D: Ho bisogno di un'assicurazione per noleggiare un'auto all'aeroporto di Akron Canton?<\/h5>\n<p>R: S\u00ec, \u00e8 necessario presentare una prova dell'assicurazione o acquistarla tramite la societ\u00e0 di noleggio. Questo per garantire che siate coperti in caso di incidenti o danni durante l'utilizzo dell'auto a noleggio.<\/p>\n<h5>D: Posso noleggiare un'auto all'aeroporto di Akron Canton con una carta di debito?<\/h5>\n<p>R: S\u00ec, la maggior parte delle societ\u00e0 di noleggio all'aeroporto di Akron Canton accetta le carte di debito, a condizione che si disponga di fondi sufficienti a coprire il costo del noleggio ed eventuali spese o depositi aggiuntivi.<\/p>\n<h1>Noleggiate un'auto dall'aeroporto di Akron Canton ed esplorate l'Ohio con facilit\u00e0<\/h1>\n<p>Grazie alla sua comoda posizione e all'ampia scelta di veicoli, noleggiare un'auto dall'aeroporto di Akron Canton \u00e8 senza dubbio il modo migliore per spostarsi in Ohio. Che siate in visita per affari o per piacere, avere un mezzo di trasporto proprio render\u00e0 il vostro viaggio piacevole e senza problemi. Quindi prenotate oggi stesso la vostra auto a noleggio e preparatevi a vivere un'esperienza indimenticabile ad Akron e non solo!<\/p>\n<\/div>","protected":false},"excerpt":{"rendered":"<p>Welcome to the beautiful city of Akron, Ohio! Whether you&#8217;re here for business or pleasure, one thing is for sure &#8211; you&#8217;ll need a reliable mode of transportation to get around. And what better way to explore the city and its surrounding areas than with a rental car from Akron Canton Airport? &nbsp; Convenient and [&hellip;]<\/p>\n","protected":false},"author":1,"featured_media":4729,"parent":0,"menu_order":0,"comment_status":"closed","ping_status":"closed","template":"","meta":{"rs_blank_template":"","rs_page_bg_color":"","slide_template_v7":"","footnotes":""},"categories":[1],"tags":[],"class_list":["post-5459","page","type-page","status-publish","has-post-thumbnail","hentry","category-blog"],"_links":{"self":[{"href":"https:\/\/rental-car.company\/it\/wp-json\/wp\/v2\/pages\/5459","targetHints":{"allow":["GET"]}}],"collection":[{"href":"https:\/\/rental-car.company\/it\/wp-json\/wp\/v2\/pages"}],"about":[{"href":"https:\/\/rental-car.company\/it\/wp-json\/wp\/v2\/types\/page"}],"author":[{"embeddable":true,"href":"https:\/\/rental-car.company\/it\/wp-json\/wp\/v2\/users\/1"}],"replies":[{"embeddable":true,"href":"https:\/\/rental-car.company\/it\/wp-json\/wp\/v2\/comments?post=5459"}],"version-history":[{"count":0,"href":"https:\/\/rental-car.company\/it\/wp-json\/wp\/v2\/pages\/5459\/revisions"}],"wp:featuredmedia":[{"embeddable":true,"href":"https:\/\/rental-car.company\/it\/wp-json\/wp\/v2\/media\/4729"}],"wp:attachment":[{"href":"https:\/\/rental-car.company\/it\/wp-json\/wp\/v2\/media?parent=5459"}],"wp:term":[{"taxonomy":"category","embeddable":true,"href":"https:\/\/rental-car.company\/it\/wp-json\/wp\/v2\/categories?post=5459"},{"taxonomy":"post_tag","embeddable":true,"href":"https:\/\/rental-car.company\/it\/wp-json\/wp\/v2\/tags?post=5459"}],"curies":[{"name":"wp","href":"https:\/\/api.w.org\/{rel}","templated":true}]}}