{"id":5461,"date":"2024-08-17T07:08:45","date_gmt":"2024-08-17T07:08:45","guid":{"rendered":"https:\/\/rental-car.company\/?page_id=5461"},"modified":"2024-08-17T07:08:45","modified_gmt":"2024-08-17T07:08:45","slug":"noleggio-auto-auckland","status":"publish","type":"page","link":"https:\/\/rental-car.company\/it\/noleggio-auto-auckland\/","title":{"rendered":"Noleggio auto Auckland - Il modo migliore per esplorare la citt\u00e0 pi\u00f9 grande della Nuova Zelanda"},"content":{"rendered":"<div class=\"wpb-content-wrapper\"><h2>Noleggio auto a Auckland - La vostra guida definitiva<\/h2>\n<p>Avete in programma un viaggio nella vivace citt\u00e0 di Auckland, in Nuova Zelanda? Se \u00e8 cos\u00ec, una cosa che dovete assolutamente prendere in considerazione \u00e8 il noleggio di un'auto. Con i suoi splendidi paesaggi, la vivace vita cittadina e le innumerevoli attrazioni, Auckland \u00e8 il luogo perfetto per un viaggio in auto. Con cos\u00ec tante cose da vedere e da fare, avere un mezzo proprio vi dar\u00e0 la libert\u00e0 e la flessibilit\u00e0 necessarie per esplorare davvero questa citt\u00e0 straordinaria.<\/p>\n<div class=\"vc_row wpb_row vc_row-fluid\"><div class=\"wpb_column vc_column_container vc_col-sm-12\"><div class=\"vc_column-inner\"><div class=\"wpb_wrapper\">\n\t<div class=\"wpb_text_column wpb_content_element\" >\n\t\t<div class=\"wpb_wrapper\">\n\t\t\t<p><script id=\"dchwidget\" src=\"https:\/\/www.discovercars.com\/wg.js\" async=\"\" data-dev-env=\"com\" data-location=\"\" data-lang=\"en\" data-utm-source=\"malina\" data-utm-medium=\"widget\" data-aff-code=\"a_aid\" data-autocomplete=\"on\" data-style-submit-bg-color=\"00A200\" data-style-submit-font-color=\"white\" data-style-form-bg-color=\"FAD130\" data-style-form-font-color=\"333\" data-style-submit-text=\"Search now\"><\/script><\/p>\n\n\t\t<\/div>\n\t<\/div>\n<\/div><\/div><\/div><\/div>\n<p>&nbsp;<\/p>\n<h2>Scoprire il noleggio auto di Auckland<\/h2>\n<p><img loading=\"lazy\" decoding=\"async\" class=\"alignleft\" src=\"\/wp-content\/uploads\/images\/rent_car_552.png\" alt=\"noleggio auto auckland\" width=\"350\" height=\"350\" \/><\/p>\n<p>Sia che arriviate in aereo o in treno, ad Auckland sono disponibili numerose opzioni di noleggio auto. Dalle grandi compagnie internazionali alle piccole aziende locali, c'\u00e8 qualcosa per ogni budget e preferenza. Tra le compagnie di autonoleggio pi\u00f9 famose di Auckland ci sono Avis, Hertz, Budget e Thrifty.<\/p>\n<p>Uno dei principali vantaggi di scegliere il noleggio auto a Auckland \u00e8 la comodit\u00e0. Con un'auto a noleggio a disposizione, si pu\u00f2 facilmente navigare per la citt\u00e0 al proprio ritmo senza dover fare affidamento sui mezzi pubblici o su costose corse in taxi. Questo \u00e8 particolarmente utile se si desidera esplorare le aree al di fuori del centro principale della citt\u00e0.<\/p>\n<p>Un altro grande vantaggio di noleggiare un'auto a Auckland \u00e8 che vi permette di pianificare il vostro itinerario e di visitare tutte le attrazioni da non perdere a vostro piacimento. Potrete fare un giro panoramico lungo la splendida costa o dirigervi verso l'interno in direzione delle lussureggianti foreste pluviali e delle montagne, tutto secondo i vostri programmi.<\/p>\n<h3>Pro:<\/h3>\n<ul>\n<li>Modalit\u00e0 di trasporto conveniente<\/li>\n<li>Libert\u00e0 e flessibilit\u00e0<\/li>\n<li>Possibilit\u00e0 di pianificare il proprio itinerario<\/li>\n<li>Opzioni convenienti per tutte le tasche<\/li>\n<li>Facilit\u00e0 di navigazione nella citt\u00e0<\/li>\n<\/ul>\n<h3>Contro:<\/h3>\n<ul>\n<li>Costo aggiuntivo al budget di viaggio<\/li>\n<li>Potenziale congestione del traffico nel centro citt\u00e0<\/li>\n<li>Necessit\u00e0 di familiarizzare con le leggi locali sulla guida e la segnaletica stradale<\/li>\n<\/ul>\n<h4>Domande frequenti sul noleggio auto a Auckland:<\/h4>\n<h4>D: Quanti anni devo avere per noleggiare un'auto a Auckland?<\/h4>\n<p>R: L'et\u00e0 minima richiesta per noleggiare un'auto a Auckland \u00e8 in genere compresa tra i 21 e i 25 anni, a seconda della societ\u00e0 di noleggio. Tuttavia, i conducenti di et\u00e0 inferiore ai 25 anni possono essere soggetti a costi aggiuntivi.<\/p>\n<h4>D: Ho bisogno di una patente internazionale per noleggiare un'auto a Auckland?<\/h4>\n<p>R: Se la vostra patente di guida non \u00e8 scritta in inglese, avrete bisogno di una patente internazionale e della patente originale del vostro Paese.<\/p>\n<h4>D: L'assicurazione \u00e8 inclusa quando si noleggia un'auto a Auckland?<\/h4>\n<p><img loading=\"lazy\" decoding=\"async\" class=\"alignright\" src=\"\/wp-content\/uploads\/images\/rent_car_1295.png\" alt=\"noleggio auto auckland\" width=\"350\" height=\"350\" \/><\/p>\n<p>R: La maggior parte delle societ\u00e0 di noleggio offre una copertura assicurativa di base come parte del canone di noleggio. Tuttavia, si consiglia di acquistare un'assicurazione aggiuntiva per una maggiore protezione.<\/p>\n<h2>Suggerimenti e trucchi per il noleggio auto a Auckland<\/h2>\n<p>Per sfruttare al meglio la vostra esperienza di noleggio auto ad Auckland, ecco alcuni consigli e suggerimenti utili:<\/p>\n<ul>\n<li>Prenotate l'auto a noleggio con largo anticipo per assicurarvi la disponibilit\u00e0 e ottenere tariffe pi\u00f9 basse.<\/li>\n<li>Se avete intenzione di guidare al di fuori di Auckland, assicuratevi di informare in anticipo la societ\u00e0 di noleggio in modo che possa fornirvi i permessi necessari.<\/li>\n<li>Prima di mettersi in viaggio, familiarizzate con le norme e i regolamenti stradali della Nuova Zelanda.<\/li>\n<li>Evitate di guidare nelle ore di punta (dalle 7 alle 9 e dalle 17 alle 19) perch\u00e9 il traffico pu\u00f2 essere congestionato.<\/li>\n<li>I parchimetri sono comuni in tutta la citt\u00e0, quindi assicuratevi di avere qualche spicciolo a portata di mano.<\/li>\n<li>Sfruttate le applicazioni GPS o di mappe per orientarvi facilmente in citt\u00e0.<\/li>\n<li>Fate il pieno di benzina prima di restituire l'auto a noleggio per evitare costi aggiuntivi.<\/li>\n<\/ul>\n<h2>Conclusione<\/h2>\n<p>In conclusione, il noleggio di un'auto a Auckland \u00e8 sicuramente da prendere in considerazione per il vostro viaggio. Offre convenienza, flessibilit\u00e0 e vi permette di sperimentare davvero tutto ci\u00f2 che questa straordinaria citt\u00e0 ha da offrire. Ricordate solo di pianificare in anticipo, di familiarizzare con le leggi locali sulla guida e di godervi il viaggio!<\/p>\n<\/div>","protected":false},"excerpt":{"rendered":"<p>Auckland Car Rentals &#8211; Your Ultimate Guide Are you planning a trip to the vibrant city of Auckland, New Zealand? If so, then one thing you definitely need to consider is car rental. With its beautiful landscapes, bustling city life and countless attractions, Auckland is the perfect place for a road trip. And with so [&hellip;]<\/p>\n","protected":false},"author":1,"featured_media":4580,"parent":0,"menu_order":0,"comment_status":"closed","ping_status":"closed","template":"","meta":{"rs_blank_template":"","rs_page_bg_color":"","slide_template_v7":"","footnotes":""},"categories":[1],"tags":[],"class_list":["post-5461","page","type-page","status-publish","has-post-thumbnail","hentry","category-blog"],"_links":{"self":[{"href":"https:\/\/rental-car.company\/it\/wp-json\/wp\/v2\/pages\/5461","targetHints":{"allow":["GET"]}}],"collection":[{"href":"https:\/\/rental-car.company\/it\/wp-json\/wp\/v2\/pages"}],"about":[{"href":"https:\/\/rental-car.company\/it\/wp-json\/wp\/v2\/types\/page"}],"author":[{"embeddable":true,"href":"https:\/\/rental-car.company\/it\/wp-json\/wp\/v2\/users\/1"}],"replies":[{"embeddable":true,"href":"https:\/\/rental-car.company\/it\/wp-json\/wp\/v2\/comments?post=5461"}],"version-history":[{"count":0,"href":"https:\/\/rental-car.company\/it\/wp-json\/wp\/v2\/pages\/5461\/revisions"}],"wp:featuredmedia":[{"embeddable":true,"href":"https:\/\/rental-car.company\/it\/wp-json\/wp\/v2\/media\/4580"}],"wp:attachment":[{"href":"https:\/\/rental-car.company\/it\/wp-json\/wp\/v2\/media?parent=5461"}],"wp:term":[{"taxonomy":"category","embeddable":true,"href":"https:\/\/rental-car.company\/it\/wp-json\/wp\/v2\/categories?post=5461"},{"taxonomy":"post_tag","embeddable":true,"href":"https:\/\/rental-car.company\/it\/wp-json\/wp\/v2\/tags?post=5461"}],"curies":[{"name":"wp","href":"https:\/\/api.w.org\/{rel}","templated":true}]}}