{"id":5577,"date":"2024-08-18T09:05:38","date_gmt":"2024-08-18T09:05:38","guid":{"rendered":"https:\/\/rental-car.company\/?page_id=5577"},"modified":"2024-08-18T09:05:38","modified_gmt":"2024-08-18T09:05:38","slug":"auto-a-noleggio-a-8-posti","status":"publish","type":"page","link":"https:\/\/rental-car.company\/it\/auto-a-noleggio-a-8-posti\/","title":{"rendered":"Auto a noleggio a 8 posti - Introduzione all'argomento"},"content":{"rendered":"<div class=\"wpb-content-wrapper\"><p>Quando si pianifica una vacanza in famiglia o un viaggio di gruppo, il trasporto \u00e8 un aspetto importante da considerare. \u00c8 essenziale trovare un veicolo che possa ospitare comodamente tutti e che offra anche spazio sufficiente per i bagagli e altri elementi essenziali. \u00c8 qui che si rivela utile un'auto a noleggio a 8 posti. Offre la soluzione perfetta per i gruppi e le famiglie pi\u00f9 numerose, consentendo loro di viaggiare insieme e di godersi il viaggio senza preoccuparsi dei problemi di trasporto.<\/p>\n<div class=\"vc_row wpb_row vc_row-fluid\"><div class=\"wpb_column vc_column_container vc_col-sm-12\"><div class=\"vc_column-inner\"><div class=\"wpb_wrapper\">\n\t<div class=\"wpb_text_column wpb_content_element\" >\n\t\t<div class=\"wpb_wrapper\">\n\t\t\t<p><script id=\"dchwidget\" src=\"https:\/\/www.discovercars.com\/wg.js\" async=\"\" data-dev-env=\"com\" data-location=\"\" data-lang=\"en\" data-utm-source=\"malina\" data-utm-medium=\"widget\" data-aff-code=\"a_aid\" data-autocomplete=\"on\" data-style-submit-bg-color=\"00A200\" data-style-submit-font-color=\"white\" data-style-form-bg-color=\"FAD130\" data-style-form-font-color=\"333\" data-style-submit-text=\"Search now\"><\/script><\/p>\n\n\t\t<\/div>\n\t<\/div>\n<\/div><\/div><\/div><\/div>\n<p>&nbsp;<\/p>\n<h2>Vantaggi del noleggio di un'auto a 8 posti<\/h2>\n<p><img loading=\"lazy\" decoding=\"async\" class=\"alignleft\" src=\"\/wp-content\/uploads\/images\/rent_car_1322.png\" alt=\"Auto a noleggio a 8 posti\" width=\"350\" height=\"350\" \/><\/p>\n<p>Un'auto a noleggio a 8 posti offre numerosi vantaggi che la rendono una scelta popolare tra i viaggiatori, soprattutto quelli con gruppi numerosi o famiglie. Alcuni dei principali vantaggi includono:<\/p>\n<p>- Ampio spazio: Con otto posti a sedere, questi veicoli offrono ai passeggeri un ampio spazio per distendersi e rilassarsi durante i lunghi viaggi.<\/p>\n<p>- Sedili confortevoli: I sedili sono stati progettati tenendo conto del comfort, per garantire a tutti un viaggio confortevole, indipendentemente dalla durata del viaggio.<\/p>\n<p>- Versatilit\u00e0: Un'auto a noleggio a 8 posti \u00e8 versatile e pu\u00f2 essere utilizzata per vari scopi, come vacanze in famiglia, viaggi di lavoro o gite di gruppo.<\/p>\n<p>- Economico: La suddivisione del costo tra pi\u00f9 passeggeri rende il noleggio di un'auto a 8 posti pi\u00f9 conveniente rispetto ad altri mezzi di trasporto come i taxi o i trasporti pubblici.<\/p>\n<h3>Efficienza del carburante<\/h3>\n<p>Una preoccupazione comune quando si noleggia un veicolo \u00e8 l'efficienza dei consumi. Tuttavia, molte moderne auto a noleggio a 8 posti sono progettate tenendo conto dell'efficienza dei consumi. Sono dotate di motori efficienti che consumano meno carburante pur garantendo una potenza sufficiente per una guida fluida.<\/p>\n<h3>Spazio per i bagagli<\/h3>\n<p>Un altro vantaggio di un'auto a noleggio a 8 posti \u00e8 l'ampio spazio per i bagagli. Questi veicoli sono dotati di bagagliai spaziosi che possono ospitare facilmente valigie, zaini e altri oggetti di viaggio senza compromettere il comfort dei passeggeri.<\/p>\n<h3>Facile da guidare<\/h3>\n<p>Alcune persone potrebbero esitare a noleggiare un'auto a 8 posti, pensando che possa essere difficile da guidare. Tuttavia, la maggior parte delle societ\u00e0 di noleggio offre veicoli con cambio automatico e caratteristiche moderne come i sensori di parcheggio, che li rendono facili da guidare per chiunque.<\/p>\n<h4>Pro e contro del noleggio di un'auto a noleggio a 8 posti<\/h4>\n<p>Pro:<\/p>\n<p>- Ampio spazio per passeggeri e bagagli<br \/>\n- Sedute confortevoli<br \/>\n- Versatile per diversi scopi<br \/>\n- Economico se suddiviso tra pi\u00f9 passeggeri<br \/>\n- Motori a basso consumo di carburante<\/p>\n<p>Contro:<\/p>\n<p>- Pu\u00f2 essere pi\u00f9 costoso rispetto alle auto a noleggio pi\u00f9 piccole<br \/>\n- Pu\u00f2 essere difficile da manovrare in spazi ristretti o su strade strette<\/p>\n<h4>Domande frequenti sulle auto a noleggio a 8 posti<\/h4>\n<p><img loading=\"lazy\" decoding=\"async\" class=\"alignright\" src=\"\/wp-content\/uploads\/images\/rent_car_1067.png\" alt=\"Auto a noleggio a 8 posti\" width=\"350\" height=\"350\" \/><\/p>\n<p>D: Quanti posti ha un'auto a noleggio a 8 posti?<br \/>\nR: Come suggerisce il nome, un'auto a noleggio a 8 posti ha un totale di otto posti.<\/p>\n<p>D: Posso far stare comodamente otto adulti in un'auto a noleggio a 8 posti?<br \/>\nR: Dipende dalle dimensioni e dalla corporatura degli adulti. Nella maggior parte dei casi, otto adulti di media statura possono stare comodamente.<\/p>\n<p>D: Ci sono restrizioni di et\u00e0 per il noleggio di un'auto a 8 posti?<br \/>\nR: S\u00ec, la maggior parte delle societ\u00e0 di noleggio ha un'et\u00e0 minima di 25 anni per il noleggio di veicoli pi\u00f9 grandi come gli 8 posti.<\/p>\n<p>D: Posso aggiungere conducenti aggiuntivi al mio contratto di noleggio?<br \/>\nR: S\u00ec, \u00e8 possibile aggiungere altri conducenti a pagamento. Tuttavia, questi devono soddisfare tutti i requisiti stabiliti dalla societ\u00e0 di noleggio.<\/p>\n<p>In conclusione, il noleggio di un'auto a 8 posti \u00e8 un'opzione comoda e conveniente per i gruppi pi\u00f9 numerosi o le famiglie che viaggiano insieme. Grazie all'ampio spazio e ai comodi posti a sedere, permette a tutti di godersi il viaggio senza preoccuparsi dei problemi di trasporto. La prossima volta che programmate un viaggio con i vostri cari o amici, prendete in considerazione l'idea di noleggiare un'auto a 8 posti per un'esperienza piacevole e senza stress.<\/p>\n<\/div>","protected":false},"excerpt":{"rendered":"<p>When planning a family vacation or a group trip, transportation is an important aspect to consider. It&#8217;s essential to find a vehicle that can comfortably accommodate everyone while also providing enough space for luggage and other essentials. This is where an 8 seater rental car comes in handy. It offers the perfect solution for larger [&hellip;]<\/p>\n","protected":false},"author":1,"featured_media":3232,"parent":0,"menu_order":0,"comment_status":"closed","ping_status":"closed","template":"","meta":{"rs_blank_template":"","rs_page_bg_color":"","slide_template_v7":"","footnotes":""},"categories":[1],"tags":[],"class_list":["post-5577","page","type-page","status-publish","has-post-thumbnail","hentry","category-blog"],"_links":{"self":[{"href":"https:\/\/rental-car.company\/it\/wp-json\/wp\/v2\/pages\/5577","targetHints":{"allow":["GET"]}}],"collection":[{"href":"https:\/\/rental-car.company\/it\/wp-json\/wp\/v2\/pages"}],"about":[{"href":"https:\/\/rental-car.company\/it\/wp-json\/wp\/v2\/types\/page"}],"author":[{"embeddable":true,"href":"https:\/\/rental-car.company\/it\/wp-json\/wp\/v2\/users\/1"}],"replies":[{"embeddable":true,"href":"https:\/\/rental-car.company\/it\/wp-json\/wp\/v2\/comments?post=5577"}],"version-history":[{"count":0,"href":"https:\/\/rental-car.company\/it\/wp-json\/wp\/v2\/pages\/5577\/revisions"}],"wp:featuredmedia":[{"embeddable":true,"href":"https:\/\/rental-car.company\/it\/wp-json\/wp\/v2\/media\/3232"}],"wp:attachment":[{"href":"https:\/\/rental-car.company\/it\/wp-json\/wp\/v2\/media?parent=5577"}],"wp:term":[{"taxonomy":"category","embeddable":true,"href":"https:\/\/rental-car.company\/it\/wp-json\/wp\/v2\/categories?post=5577"},{"taxonomy":"post_tag","embeddable":true,"href":"https:\/\/rental-car.company\/it\/wp-json\/wp\/v2\/tags?post=5577"}],"curies":[{"name":"wp","href":"https:\/\/api.w.org\/{rel}","templated":true}]}}