{"id":5606,"date":"2024-08-18T15:06:49","date_gmt":"2024-08-18T15:06:49","guid":{"rendered":"https:\/\/rental-car.company\/?page_id=5606"},"modified":"2024-08-18T15:06:49","modified_gmt":"2024-08-18T15:06:49","slug":"noleggio-auto-waikiki","status":"publish","type":"page","link":"https:\/\/rental-car.company\/it\/noleggio-auto-waikiki\/","title":{"rendered":"Noleggio auto Waikiki - La vostra guida definitiva per esplorare il Paradiso"},"content":{"rendered":"<div class=\"wpb-content-wrapper\"><h2>Noleggiare un'auto a Waikiki per un'avventura indimenticabile sull'isola<\/h2>\n<p>Avete in programma un viaggio nella splendida isola di Oahu? Non cercate oltre il noleggio auto waikiki per tutte le vostre esigenze di trasporto. Con cos\u00ec tante cose da vedere e da fare in questo paradiso tropicale, avere una propria auto a noleggio vi d\u00e0 la libert\u00e0 e la flessibilit\u00e0 di esplorare al vostro ritmo. Dalle splendide spiagge e dalle lussureggianti foreste pluviali alla vivace vita cittadina e ai siti storici, Waikiki ha tutto. Non perdetevi nessuna delle gemme nascoste dell'isola: noleggiate un'auto a Waikiki e partite per un'avventura indimenticabile.<\/p>\n<div class=\"vc_row wpb_row vc_row-fluid\"><div class=\"wpb_column vc_column_container vc_col-sm-12\"><div class=\"vc_column-inner\"><div class=\"wpb_wrapper\">\n\t<div class=\"wpb_text_column wpb_content_element\" >\n\t\t<div class=\"wpb_wrapper\">\n\t\t\t<p><script id=\"dchwidget\" src=\"https:\/\/www.discovercars.com\/wg.js\" async=\"\" data-dev-env=\"com\" data-location=\"\" data-lang=\"en\" data-utm-source=\"malina\" data-utm-medium=\"widget\" data-aff-code=\"a_aid\" data-autocomplete=\"on\" data-style-submit-bg-color=\"00A200\" data-style-submit-font-color=\"white\" data-style-form-bg-color=\"FAD130\" data-style-form-font-color=\"333\" data-style-submit-text=\"Search now\"><\/script><\/p>\n\n\t\t<\/div>\n\t<\/div>\n<\/div><\/div><\/div><\/div>\n<p>&nbsp;<\/p>\n<h2>Scoprire il noleggio auto a Waikiki<\/h2>\n<p><img loading=\"lazy\" decoding=\"async\" class=\"alignleft\" src=\"\/wp-content\/uploads\/images\/rent_car_565.png\" alt=\"noleggio auto waikiki\" width=\"350\" height=\"350\" \/><\/p>\n<p>Rental-car.company offre un'ampia variet\u00e0 di auto a noleggio a Waikiki, dalle auto compatte perfette per navigare nelle strade cittadine agli spaziosi SUV per le avventure in fuoristrada. Il nostro processo di noleggio \u00e8 semplice e conveniente: basta scegliere il veicolo desiderato, ritirarlo in una delle nostre comode sedi a Waikiki e mettersi in viaggio!<\/p>\n<p>Siamo consapevoli che ogni viaggiatore ha esigenze diverse, ed \u00e8 per questo che offriamo vari componenti aggiuntivi come sistemi di navigazione GPS, seggiolini per bambini e assistenza stradale a pagamento. Offriamo inoltre periodi di noleggio flessibili che vanno dal noleggio giornaliero al noleggio a lungo termine.<\/p>\n<p>Quando noleggiate con noi, potete essere certi che i nostri veicoli sono ben tenuti e sottoposti a regolare manutenzione. Inoltre, il nostro personale cordiale \u00e8 sempre disponibile ad assistervi per qualsiasi domanda o dubbio che possiate avere durante il vostro viaggio.<\/p>\n<h3>Parole chiave correlate: Noleggio auto a Waikiki<\/h3>\n<p>- Noleggiare un'auto alle Hawaii<br \/>\n- Noleggio auto a Oahu<br \/>\n- I migliori noleggi auto a Honolulu<\/p>\n<h4>Pro e contro<\/h4>\n<p>Pro:<br \/>\n- Libert\u00e0 e flessibilit\u00e0 di esplorare al proprio ritmo<br \/>\n- La comodit\u00e0 di avere un mezzo di trasporto proprio<br \/>\n- Accesso a gemme nascoste e luoghi fuori dai sentieri battuti<\/p>\n<p>Contro:<br \/>\n- Costo aggiuntivo per il noleggio e i componenti aggiuntivi<br \/>\n- Navigare su strade e traffico sconosciuti<\/p>\n<h4>FAQ<\/h4>\n<p><img loading=\"lazy\" decoding=\"async\" class=\"alignright\" src=\"\/wp-content\/uploads\/images\/rent_car_1127.png\" alt=\"noleggio auto waikiki\" width=\"350\" height=\"350\" \/><\/p>\n<p>D: Ho bisogno di una patente internazionale per noleggiare un'auto a Waikiki?<br \/>\nR: Se si possiede una patente di guida valida del proprio Paese, non \u00e8 necessaria una patente internazionale per noleggiare un'auto a Waikiki. Tuttavia, si consiglia sempre di verificare prima con la societ\u00e0 di noleggio.<\/p>\n<p>D: Qual \u00e8 l'et\u00e0 minima richiesta per noleggiare un'auto a Waikiki?<br \/>\nR: L'et\u00e0 minima richiesta varia a seconda della societ\u00e0 di noleggio, ma generalmente \u00e8 di 21 anni. Alcune compagnie possono anche applicare una tariffa aggiuntiva per i conducenti di et\u00e0 inferiore ai 25 anni.<\/p>\n<p>D: L'assicurazione \u00e8 inclusa nel mio noleggio?<br \/>\nR: La maggior parte delle societ\u00e0 di noleggio include la copertura assicurativa di base nei prezzi di noleggio. Tuttavia, si consiglia sempre di verificare con la societ\u00e0 le politiche specifiche e le opzioni di copertura.<\/p>\n<p>In conclusione, noleggiare un'auto a Waikiki \u00e8 il modo migliore per sperimentare appieno tutto ci\u00f2 che questa splendida isola ha da offrire. Con rental-car.company, potete facilmente trovare il veicolo perfetto per il vostro viaggio ed esplorare al vostro ritmo. Quindi perch\u00e9 aspettare? Prenotate oggi stesso la vostra auto a noleggio e preparatevi a vivere un'avventura indimenticabile in questo paradiso tropicale.<\/p>\n<\/div>","protected":false},"excerpt":{"rendered":"<p>Rent a Car in Waikiki for an Unforgettable Island Adventure Are you planning a trip to the beautiful island of Oahu? Look no further than rental car waikiki for all your transportation needs. With so much to see and do on this tropical paradise, having your own rental car gives you the freedom and flexibility [&hellip;]<\/p>\n","protected":false},"author":1,"featured_media":5146,"parent":0,"menu_order":0,"comment_status":"closed","ping_status":"closed","template":"","meta":{"rs_blank_template":"","rs_page_bg_color":"","slide_template_v7":"","footnotes":""},"categories":[1],"tags":[],"class_list":["post-5606","page","type-page","status-publish","has-post-thumbnail","hentry","category-blog"],"_links":{"self":[{"href":"https:\/\/rental-car.company\/it\/wp-json\/wp\/v2\/pages\/5606","targetHints":{"allow":["GET"]}}],"collection":[{"href":"https:\/\/rental-car.company\/it\/wp-json\/wp\/v2\/pages"}],"about":[{"href":"https:\/\/rental-car.company\/it\/wp-json\/wp\/v2\/types\/page"}],"author":[{"embeddable":true,"href":"https:\/\/rental-car.company\/it\/wp-json\/wp\/v2\/users\/1"}],"replies":[{"embeddable":true,"href":"https:\/\/rental-car.company\/it\/wp-json\/wp\/v2\/comments?post=5606"}],"version-history":[{"count":0,"href":"https:\/\/rental-car.company\/it\/wp-json\/wp\/v2\/pages\/5606\/revisions"}],"wp:featuredmedia":[{"embeddable":true,"href":"https:\/\/rental-car.company\/it\/wp-json\/wp\/v2\/media\/5146"}],"wp:attachment":[{"href":"https:\/\/rental-car.company\/it\/wp-json\/wp\/v2\/media?parent=5606"}],"wp:term":[{"taxonomy":"category","embeddable":true,"href":"https:\/\/rental-car.company\/it\/wp-json\/wp\/v2\/categories?post=5606"},{"taxonomy":"post_tag","embeddable":true,"href":"https:\/\/rental-car.company\/it\/wp-json\/wp\/v2\/tags?post=5606"}],"curies":[{"name":"wp","href":"https:\/\/api.w.org\/{rel}","templated":true}]}}