{"id":5618,"date":"2024-08-18T18:05:33","date_gmt":"2024-08-18T18:05:33","guid":{"rendered":"https:\/\/rental-car.company\/?page_id=5618"},"modified":"2024-08-18T18:05:33","modified_gmt":"2024-08-18T18:05:33","slug":"noleggio-auto-a-milwaukee","status":"publish","type":"page","link":"https:\/\/rental-car.company\/it\/noleggio-auto-a-milwaukee\/","title":{"rendered":"Noleggio auto a Milwaukee: Una guida completa"},"content":{"rendered":"<div class=\"wpb-content-wrapper\"><h2>Guida al noleggio auto a Milwaukee<\/h2>\n<p>Milwaukee, la pi\u00f9 grande citt\u00e0 del Wisconsin, \u00e8 una popolare destinazione turistica nota per la sua ricca storia, la sua vibrante cultura e le sue splendide bellezze naturali. Che siate in visita per affari o per piacere, avere un mezzo di trasporto affidabile \u00e8 essenziale per esplorare appieno tutto ci\u00f2 che questa citt\u00e0 ha da offrire. Sebbene siano disponibili diverse opzioni di trasporto pubblico, il noleggio di un'auto vi offre la libert\u00e0 e la flessibilit\u00e0 di creare il vostro itinerario e di viaggiare al vostro ritmo. In questo articolo daremo un'occhiata pi\u00f9 da vicino al noleggio auto a Milwaukee e a tutto ci\u00f2 che dovete sapere prima di prenotare il vostro noleggio.<\/p>\n<div class=\"vc_row wpb_row vc_row-fluid\"><div class=\"wpb_column vc_column_container vc_col-sm-12\"><div class=\"vc_column-inner\"><div class=\"wpb_wrapper\">\n\t<div class=\"wpb_text_column wpb_content_element\" >\n\t\t<div class=\"wpb_wrapper\">\n\t\t\t<p><script id=\"dchwidget\" src=\"https:\/\/www.discovercars.com\/wg.js\" async=\"\" data-dev-env=\"com\" data-location=\"\" data-lang=\"en\" data-utm-source=\"malina\" data-utm-medium=\"widget\" data-aff-code=\"a_aid\" data-autocomplete=\"on\" data-style-submit-bg-color=\"00A200\" data-style-submit-font-color=\"white\" data-style-form-bg-color=\"FAD130\" data-style-form-font-color=\"333\" data-style-submit-text=\"Search now\"><\/script><\/p>\n\n\t\t<\/div>\n\t<\/div>\n<\/div><\/div><\/div><\/div>\n<p>&nbsp;<\/p>\n<h2>Scopri gli autonoleggi a Milwaukee<\/h2>\n<p><img loading=\"lazy\" decoding=\"async\" class=\"alignleft\" src=\"\/wp-content\/uploads\/images\/rent_car_1418.png\" alt=\"noleggio auto a milwaukee\" width=\"350\" height=\"350\" \/><\/p>\n<p>A Milwaukee operano numerose societ\u00e0 di autonoleggio che offrono un'ampia gamma di veicoli per soddisfare esigenze e budget diversi. Dalle auto compatte per chi viaggia da solo agli spaziosi SUV per le famiglie o i gruppi pi\u00f9 numerosi, ce n'\u00e8 per tutti i gusti.<\/p>\n<p>Una delle compagnie di autonoleggio pi\u00f9 popolari a Milwaukee \u00e8 Enterprise Rent-A-Car. Con diverse sedi in tutta la citt\u00e0, compreso l'aeroporto internazionale General Mitchell (MKE), \u00e8 comodo per i viaggiatori che arrivano in aereo. L'azienda offre inoltre una variet\u00e0 di veicoli, dalle auto economiche alle berline di lusso.<\/p>\n<p>Un'altra azienda molto conosciuta \u00e8 Hertz Rent-A-Car, che ha diverse sedi in citt\u00e0 e all'aeroporto MKE. La loro flotta comprende auto ibride, ideali per chi cerca un'opzione ecologica.<\/p>\n<p>Se preferite noleggiare da aziende locali, prendete in considerazione Cream City Motors, che offre tariffe convenienti e un servizio personalizzato. L'azienda serve i clienti dal 1978 e dispone di un'ampia selezione di veicoli, tra cui camion e furgoni.<\/p>\n<h3>I vantaggi del noleggio di un'auto<\/h3>\n<ul>\n<li>Convenienza: Avere un veicolo proprio vi permette di viaggiare secondo i vostri orari senza dovervi affidare ai mezzi pubblici.<\/li>\n<li>Economico: Noleggiare un'auto pu\u00f2 essere pi\u00f9 conveniente rispetto ai taxi o ai servizi di ride-sharing, soprattutto se si prevede di viaggiare verso pi\u00f9 destinazioni.<\/li>\n<li>Esplorare al proprio ritmo: Con un'auto a noleggio, avete la libert\u00e0 di fermarvi ed esplorare qualsiasi luogo che catturi il vostro interesse lungo il percorso.<\/li>\n<li>Comfort e privacy: Avere un veicolo proprio vi offre la privacy e il comfort di viaggiare da soli o con gli accompagnatori che avete scelto.<\/li>\n<\/ul>\n<h3>I contro del noleggio di un'auto<\/h3>\n<ul>\n<li>Costi aggiuntivi: Oltre al canone di noleggio, possono esserci costi aggiuntivi come assicurazione, gas e pedaggi.<\/li>\n<li>Il parcheggio pu\u00f2 essere una sfida: Trovare parcheggio in aree trafficate pu\u00f2 essere difficile e costoso. \u00c8 importante pianificare in anticipo e ricercare le opzioni di parcheggio prima di arrivare a destinazione.<\/li>\n<li>Familiarizzare con le leggi locali sulla guida: Se non conoscete le leggi locali in materia di guida, \u00e8 importante che vi informiate prima di mettervi in viaggio. Questo include la comprensione dei limiti di velocit\u00e0, delle norme sul diritto di precedenza e delle regole di parcheggio.<\/li>\n<\/ul>\n<h4>Domande frequenti sul noleggio auto a Milwaukee<\/h4>\n<p><img loading=\"lazy\" decoding=\"async\" class=\"alignright\" src=\"\/wp-content\/uploads\/images\/rent_car_1048.png\" alt=\"noleggio auto a milwaukee\" width=\"350\" height=\"350\" \/><\/p>\n<p>D: Qual \u00e8 l'et\u00e0 minima richiesta per noleggiare un'auto a Milwaukee?<br \/>\nR: L'et\u00e0 minima per noleggiare un'auto a Milwaukee \u00e8 di 21 anni. Tuttavia, i conducenti di et\u00e0 compresa tra i 21 e i 24 anni possono incorrere in una tassa aggiuntiva per i giovani conducenti.<\/p>\n<p>D: Posso noleggiare un'auto con una carta di debito?<br \/>\nR: La maggior parte delle societ\u00e0 di noleggio richiede una carta di credito per il pagamento. Tuttavia, alcune accettano carte di debito, ma possono bloccare i fondi fino alla restituzione del veicolo.<\/p>\n<p>D: Posso restituire l'auto a noleggio in un luogo diverso?<br \/>\nR: S\u00ec, la maggior parte delle compagnie consente il noleggio a senso unico, in cui \u00e8 possibile ritirare il veicolo in una localit\u00e0 e riconsegnarlo in un'altra. Tuttavia, potrebbero essere applicati costi aggiuntivi.<\/p>\n<p>D: L'assicurazione \u00e8 inclusa nel prezzo del noleggio?<br \/>\nR: La copertura assicurativa di base \u00e8 solitamente inclusa nel prezzo del noleggio. Tuttavia, \u00e8 importante verificare con la compagnia scelta e considerare l'acquisto di una copertura aggiuntiva per la massima tranquillit\u00e0.<\/p>\n<p>In conclusione, noleggiare un'auto a Milwaukee \u00e8 un modo comodo ed economico per esplorare questa splendida citt\u00e0. Con le varie opzioni disponibili presso aziende affidabili, potete trovare il veicolo perfetto per le vostre esigenze e avere la libert\u00e0 di creare la vostra avventura. Ricordate solo di familiarizzare con le leggi locali sulla guida e di pianificare in anticipo il parcheggio. Buon viaggio!<\/p>\n<\/div>","protected":false},"excerpt":{"rendered":"<p>A Guide to Car Rentals in Milwaukee Milwaukee, the largest city in Wisconsin, is a popular tourist destination known for its rich history, vibrant culture, and stunning natural beauty. Whether you are visiting for business or pleasure, having a reliable mode of transportation is essential to fully explore all that this city has to offer. [&hellip;]<\/p>\n","protected":false},"author":1,"featured_media":5508,"parent":0,"menu_order":0,"comment_status":"closed","ping_status":"closed","template":"","meta":{"rs_blank_template":"","rs_page_bg_color":"","slide_template_v7":"","footnotes":""},"categories":[1],"tags":[],"class_list":["post-5618","page","type-page","status-publish","has-post-thumbnail","hentry","category-blog"],"_links":{"self":[{"href":"https:\/\/rental-car.company\/it\/wp-json\/wp\/v2\/pages\/5618","targetHints":{"allow":["GET"]}}],"collection":[{"href":"https:\/\/rental-car.company\/it\/wp-json\/wp\/v2\/pages"}],"about":[{"href":"https:\/\/rental-car.company\/it\/wp-json\/wp\/v2\/types\/page"}],"author":[{"embeddable":true,"href":"https:\/\/rental-car.company\/it\/wp-json\/wp\/v2\/users\/1"}],"replies":[{"embeddable":true,"href":"https:\/\/rental-car.company\/it\/wp-json\/wp\/v2\/comments?post=5618"}],"version-history":[{"count":0,"href":"https:\/\/rental-car.company\/it\/wp-json\/wp\/v2\/pages\/5618\/revisions"}],"wp:featuredmedia":[{"embeddable":true,"href":"https:\/\/rental-car.company\/it\/wp-json\/wp\/v2\/media\/5508"}],"wp:attachment":[{"href":"https:\/\/rental-car.company\/it\/wp-json\/wp\/v2\/media?parent=5618"}],"wp:term":[{"taxonomy":"category","embeddable":true,"href":"https:\/\/rental-car.company\/it\/wp-json\/wp\/v2\/categories?post=5618"},{"taxonomy":"post_tag","embeddable":true,"href":"https:\/\/rental-car.company\/it\/wp-json\/wp\/v2\/tags?post=5618"}],"curies":[{"name":"wp","href":"https:\/\/api.w.org\/{rel}","templated":true}]}}