{"id":5705,"date":"2024-08-19T13:05:27","date_gmt":"2024-08-19T13:05:27","guid":{"rendered":"https:\/\/rental-car.company\/?page_id=5705"},"modified":"2024-08-19T13:05:27","modified_gmt":"2024-08-19T13:05:27","slug":"impresa-aeroporto-di-siracusa","status":"publish","type":"page","link":"https:\/\/rental-car.company\/it\/impresa-aeroporto-di-siracusa\/","title":{"rendered":"Enterprise Syracuse Airport - La vostra soluzione di noleggio auto definitiva"},"content":{"rendered":"<div class=\"wpb-content-wrapper\"><h2>Enterprise Rent-A-Car all'aeroporto internazionale Hancock di Siracusa<\/h2>\n<p>Cercate un servizio di noleggio auto affidabile e conveniente all'aeroporto internazionale di Syracuse Hancock? Non cercate altro che Enterprise Rent-A-Car. Enterprise, una delle principali societ\u00e0 di autonoleggio al mondo, \u00e8 nota per il suo eccezionale servizio clienti e per l'ampia gamma di veicoli disponibili. Con una sede proprio in aeroporto, Enterprise rende facile ai viaggiatori noleggiare un'auto e mettersi in viaggio senza problemi.<\/p>\n<div class=\"vc_row wpb_row vc_row-fluid\"><div class=\"wpb_column vc_column_container vc_col-sm-12\"><div class=\"vc_column-inner\"><div class=\"wpb_wrapper\">\n\t<div class=\"wpb_text_column wpb_content_element\" >\n\t\t<div class=\"wpb_wrapper\">\n\t\t\t<p><script id=\"dchwidget\" src=\"https:\/\/www.discovercars.com\/wg.js\" async=\"\" data-dev-env=\"com\" data-location=\"\" data-lang=\"en\" data-utm-source=\"malina\" data-utm-medium=\"widget\" data-aff-code=\"a_aid\" data-autocomplete=\"on\" data-style-submit-bg-color=\"00A200\" data-style-submit-font-color=\"white\" data-style-form-bg-color=\"FAD130\" data-style-form-font-color=\"333\" data-style-submit-text=\"Search now\"><\/script><\/p>\n\n\t\t<\/div>\n\t<\/div>\n<\/div><\/div><\/div><\/div>\n<p>&nbsp;<\/p>\n<h2>Scoprire Enterprise Syracuse Airport<\/h2>\n<p><img loading=\"lazy\" decoding=\"async\" class=\"alignleft\" src=\"\/wp-content\/uploads\/images\/rent_car_1049.png\" alt=\"impresa aeroporto di siracusa\" width=\"350\" height=\"350\" \/><\/p>\n<p>All'Enterprise Syracuse Airport, i clienti possono scegliere tra un'ampia gamma di veicoli per soddisfare le loro esigenze. Dalle auto compatte ai SUV, dalle auto di lusso ai pick-up, ce n'\u00e8 per tutti i gusti. L'azienda offre tariffe competitive e sconti speciali per chi viaggia in aeroporto, rendendola un'opzione conveniente per chi ha bisogno di un'auto a noleggio.<\/p>\n<p>Oltre all'ampia scelta di veicoli, Enterprise offre anche vari servizi come sistemi di navigazione GPS, seggiolini per bambini e assistenza stradale. I clienti possono anche approfittare del loro programma di fidelizzazione che consente di guadagnare punti ad ogni noleggio che possono essere riscattati per noleggi futuri o altri premi.<\/p>\n<h3>Posizione comoda<\/h3>\n<p>Situato proprio all'ingresso del terminal dell'aeroporto, noleggiare un'auto da Enterprise non potrebbe essere pi\u00f9 facile. I viaggiatori possono semplicemente uscire dal terminal ed entrare nel parcheggio delle auto a noleggio senza doversi preoccupare di prendere navette o trovare mezzi di trasporto.<\/p>\n<h3>Servizio clienti cordiale<\/h3>\n<p>Una cosa che distingue Enterprise dalle altre societ\u00e0 di autonoleggio \u00e8 il suo eccezionale servizio clienti. Il personale dell'aeroporto di Siracusa \u00e8 cordiale e competente, sempre pronto ad assistere i clienti in caso di domande o dubbi.<\/p>\n<h3>Efficienza del carburante<\/h3>\n<p>Enterprise si \u00e8 impegnata a offrire veicoli pi\u00f9 efficienti dal punto di vista dei consumi, il che non solo contribuisce a ridurre le emissioni di anidride carbonica, ma anche a far risparmiare i clienti sul carburante. Questo \u00e8 particolarmente vantaggioso per chi ha in programma lunghi viaggi o spostamenti in citt\u00e0.<\/p>\n<h4>Pro<\/h4>\n<p>- Posizione comoda al terminal dell'aeroporto<br \/>\n- Ampia selezione di veicoli tra cui scegliere<br \/>\n- Tariffe competitive e sconti speciali per chi viaggia in aeroporto<br \/>\n- Servizio clienti eccellente<br \/>\n- Programma fedelt\u00e0 con premi e vantaggi<\/p>\n<h4>Contro<\/h4>\n<p>- Orario di funzionamento limitato (6.00 - 23.00)<br \/>\n- Tasse aggiuntive per le restituzioni tardive<br \/>\n- Disponibilit\u00e0 limitata di alcuni tipi di veicoli durante le ore di punta del viaggio<\/p>\n<h4>Domande frequenti<\/h4>\n<p><img loading=\"lazy\" decoding=\"async\" class=\"alignright\" src=\"\/wp-content\/uploads\/images\/rent_car_157.png\" alt=\"impresa aeroporto di siracusa\" width=\"350\" height=\"350\" \/><\/p>\n<p><strong>D: Posso noleggiare un'auto da Enterprise Syracuse Airport se ho meno di 25 anni?<\/strong><br \/>\nR: S\u00ec, Enterprise consente il noleggio a conducenti di et\u00e0 pari o superiore a 21 anni, tuttavia potrebbe essere applicato un supplemento per i minorenni.<\/p>\n<p><strong>D: Posso restituire l'auto a noleggio dopo l'orario di lavoro all'aeroporto di Siracusa?<\/strong><br \/>\nR: S\u00ec, i clienti possono restituire le auto a noleggio dopo l'orario di lavoro utilizzando la cassetta di consegna delle chiavi situata presso il lotto Enterprise.<\/p>\n<p><strong>D: Cosa succede se devo prolungare il periodo di noleggio?<\/strong><br \/>\nR: I clienti possono richiedere una proroga contattando il servizio clienti di Enterprise o visitando il sito web. Potrebbero essere applicati costi aggiuntivi.<\/p>\n<p>In conclusione, quando si tratta di noleggiare un'auto all'aeroporto internazionale di Syracuse Hancock, Enterprise \u00e8 la scelta migliore. Grazie alla sua posizione comoda, all'eccellente servizio clienti e all'ampia gamma di veicoli e servizi, offre tutto ci\u00f2 di cui si pu\u00f2 avere bisogno per un viaggio tranquillo e senza problemi. Prenotate oggi stesso la vostra auto a noleggio con Enterprise e godetevi il vostro viaggio senza preoccupazioni per il trasporto!<\/p>\n<\/div>","protected":false},"excerpt":{"rendered":"<p>Enterprise Rent-A-Car at Syracuse Hancock International Airport Looking for a reliable and convenient rental car service at Syracuse Hancock International Airport? Look no further than Enterprise Rent-A-Car. As one of the leading rental car companies in the world, Enterprise is known for its exceptional customer service and wide range of vehicle options. With a location [&hellip;]<\/p>\n","protected":false},"author":1,"featured_media":5707,"parent":0,"menu_order":0,"comment_status":"closed","ping_status":"closed","template":"","meta":{"rs_blank_template":"","rs_page_bg_color":"","slide_template_v7":"","footnotes":""},"categories":[1],"tags":[],"class_list":["post-5705","page","type-page","status-publish","has-post-thumbnail","hentry","category-blog"],"_links":{"self":[{"href":"https:\/\/rental-car.company\/it\/wp-json\/wp\/v2\/pages\/5705","targetHints":{"allow":["GET"]}}],"collection":[{"href":"https:\/\/rental-car.company\/it\/wp-json\/wp\/v2\/pages"}],"about":[{"href":"https:\/\/rental-car.company\/it\/wp-json\/wp\/v2\/types\/page"}],"author":[{"embeddable":true,"href":"https:\/\/rental-car.company\/it\/wp-json\/wp\/v2\/users\/1"}],"replies":[{"embeddable":true,"href":"https:\/\/rental-car.company\/it\/wp-json\/wp\/v2\/comments?post=5705"}],"version-history":[{"count":0,"href":"https:\/\/rental-car.company\/it\/wp-json\/wp\/v2\/pages\/5705\/revisions"}],"wp:featuredmedia":[{"embeddable":true,"href":"https:\/\/rental-car.company\/it\/wp-json\/wp\/v2\/media\/5707"}],"wp:attachment":[{"href":"https:\/\/rental-car.company\/it\/wp-json\/wp\/v2\/media?parent=5705"}],"wp:term":[{"taxonomy":"category","embeddable":true,"href":"https:\/\/rental-car.company\/it\/wp-json\/wp\/v2\/categories?post=5705"},{"taxonomy":"post_tag","embeddable":true,"href":"https:\/\/rental-car.company\/it\/wp-json\/wp\/v2\/tags?post=5705"}],"curies":[{"name":"wp","href":"https:\/\/api.w.org\/{rel}","templated":true}]}}