{"id":5719,"date":"2024-08-19T16:05:19","date_gmt":"2024-08-19T16:05:19","guid":{"rendered":"https:\/\/rental-car.company\/?page_id=5719"},"modified":"2024-08-19T16:05:19","modified_gmt":"2024-08-19T16:05:19","slug":"noleggio-auto-aeroporto-di-rapid-city","status":"publish","type":"page","link":"https:\/\/rental-car.company\/it\/noleggio-auto-aeroporto-di-rapid-city\/","title":{"rendered":"Noleggio auto aeroporto di Rapid City - La vostra guida per viaggiare in modo conveniente"},"content":{"rendered":"<div class=\"wpb-content-wrapper\"><h2>La convenienza del noleggio auto all'aeroporto di Rapid City<\/h2>\n<p>Se state pianificando un viaggio a Rapid City, nel South Dakota, \u00e8 probabile che voliate all'aeroporto regionale di Rapid City. Situato a soli 10 miglia dal centro della citt\u00e0, questo aeroporto \u00e8 un punto di ingresso popolare per i visitatori che desiderano esplorare la bellissima regione delle Black Hills. E quando si tratta di spostarsi durante il soggiorno, il noleggio auto all'aeroporto di Rapid City \u00e8 sicuramente la soluzione migliore.<\/p>\n<div class=\"vc_row wpb_row vc_row-fluid\"><div class=\"wpb_column vc_column_container vc_col-sm-12\"><div class=\"vc_column-inner\"><div class=\"wpb_wrapper\">\n\t<div class=\"wpb_text_column wpb_content_element\" >\n\t\t<div class=\"wpb_wrapper\">\n\t\t\t<p><script id=\"dchwidget\" src=\"https:\/\/www.discovercars.com\/wg.js\" async=\"\" data-dev-env=\"com\" data-location=\"\" data-lang=\"en\" data-utm-source=\"malina\" data-utm-medium=\"widget\" data-aff-code=\"a_aid\" data-autocomplete=\"on\" data-style-submit-bg-color=\"00A200\" data-style-submit-font-color=\"white\" data-style-form-bg-color=\"FAD130\" data-style-form-font-color=\"333\" data-style-submit-text=\"Search now\"><\/script><\/p>\n\n\t\t<\/div>\n\t<\/div>\n<\/div><\/div><\/div><\/div>\n<p>&nbsp;<\/p>\n<h2>Scoprire il noleggio auto all'aeroporto di Rapid City<\/h2>\n<p><img loading=\"lazy\" decoding=\"async\" class=\"alignleft\" src=\"\/wp-content\/uploads\/images\/rent_car_153.png\" alt=\"noleggio auto aeroporto di rapid city\" width=\"350\" height=\"350\" \/><\/p>\n<p>Quando noleggiate un'auto dall'aeroporto di Rapid City, avrete accesso a un'ampia selezione di veicoli delle migliori societ\u00e0 di noleggio come Enterprise, Hertz e Avis. Ci\u00f2 significa che potrete scegliere tra varie marche e modelli che si adattano alle vostre esigenze di viaggio e al vostro budget. Inoltre, grazie ai banchi di noleggio in loco, situati nell'area di ritiro bagagli del terminal dell'aeroporto, il ritiro dell'auto a noleggio \u00e8 rapido e senza problemi.<\/p>\n<h3>Vantaggi del noleggio auto all'aeroporto di Rapid City<\/h3>\n<p>- Convenienza: Appena atterrati all'aeroporto di Rapid City, potrete ritirare la vostra auto a noleggio e iniziare a esplorare la citt\u00e0 senza dover ricorrere ai mezzi pubblici o ai costosi taxi.<br \/>\n- Flessibilit\u00e0: Con un veicolo proprio, avete il controllo completo su dove e quando volete andare durante il vostro viaggio.<br \/>\n- Economico: Noleggiare un'auto pu\u00f2 essere spesso pi\u00f9 conveniente che utilizzare costantemente altri mezzi di trasporto durante il soggiorno.<br \/>\n- Comfort: Avere un veicolo confortevole con aria condizionata nei caldi mesi estivi del South Dakota render\u00e0 il viaggio molto pi\u00f9 piacevole.<\/p>\n<h3>Cose da sapere prima di noleggiare un'auto all'aeroporto di Rapid City<\/h3>\n<p>Prima di noleggiare un'auto all'aeroporto di Rapid City, ci sono alcune cose importanti da tenere a mente:<\/p>\n<p>- Per noleggiare un'auto in South Dakota \u00e8 necessario avere almeno 21 anni, una patente di guida valida e una carta di credito.<br \/>\n- Considerate l'acquisto di una copertura assicurativa aggiuntiva offerta dalla societ\u00e0 di noleggio per proteggere voi stessi e il veicolo in caso di incidenti o danni.<br \/>\n- Verificate eventuali restrizioni o tasse aggiuntive per l'attraversamento dei confini di stato, dato che il South Dakota si trova vicino al Wyoming e al Montana.<\/p>\n<h4>Pro e contro<\/h4>\n<p>Pro:<\/p>\n<p>- Facile accesso a un'ampia selezione di auto a noleggio delle migliori aziende<br \/>\n- Comode postazioni di prelievo e consegna in aeroporto<br \/>\n- Flessibilit\u00e0 e controllo dell'itinerario di viaggio<br \/>\n- Potenzialmente pi\u00f9 conveniente che affidarsi ad altre opzioni di trasporto<\/p>\n<p>Contro:<\/p>\n<p>- Tasse aggiuntive per i giovani conducenti di et\u00e0 inferiore ai 25 anni<br \/>\n- Potenziali costi aggiuntivi per la copertura assicurativa o per l'attraversamento dei confini statali<\/p>\n<h4>FAQ<\/h4>\n<p><img loading=\"lazy\" decoding=\"async\" class=\"alignright\" src=\"\/wp-content\/uploads\/images\/rent_car_1035.png\" alt=\"noleggio auto aeroporto di rapid city\" width=\"350\" height=\"350\" \/><\/p>\n<p>D: Posso restituire l'auto a noleggio in un luogo diverso?<\/p>\n<p>R: S\u00ec, la maggior parte delle societ\u00e0 di noleggio consente di restituire l'auto in un luogo diverso pagando un supplemento. Assicuratevi di verificare in anticipo con la societ\u00e0.<\/p>\n<p>D: \u00c8 necessario acquistare una copertura assicurativa quando si noleggia un'auto?<\/p>\n<p>R: Anche se non \u00e8 obbligatoria, \u00e8 altamente consigliata. In caso di incidenti o danni, avere un'assicurazione aggiuntiva pu\u00f2 garantire la tranquillit\u00e0 e salvare da potenziali oneri finanziari.<\/p>\n<p>D: Ci sono restrizioni di et\u00e0 per noleggiare un'auto all'aeroporto di Rapid City?<\/p>\n<p>R: S\u00ec, la maggior parte delle compagnie richiede che i noleggiatori abbiano almeno 21 anni e siano in possesso di una patente di guida valida e di una carta di credito. I conducenti di et\u00e0 inferiore ai 25 anni possono incorrere in costi aggiuntivi.<\/p>\n<p>In conclusione, la scelta del noleggio auto all'aeroporto di Rapid City pu\u00f2 migliorare notevolmente la vostra esperienza di viaggio a Rapid City. Grazie alla convenienza, alla flessibilit\u00e0 e ai potenziali vantaggi in termini di risparmio, il noleggio di un'auto vale sicuramente la pena di essere preso in considerazione durante il viaggio. Ricordate solo di fare una ricerca in anticipo e di seguire tutte le linee guida necessarie quando noleggiate un'auto all'aeroporto di Rapid City. Buon viaggio!<\/p>\n<\/div>","protected":false},"excerpt":{"rendered":"<p>The Convenience of Car Rental at Rapid City Airport If you&#8217;re planning a trip to Rapid City, South Dakota, you&#8217;ll likely be flying into the Rapid City Regional Airport. Located just 10 miles from the city center, this airport serves as a popular entry point for visitors looking to explore the beautiful Black Hills region. [&hellip;]<\/p>\n","protected":false},"author":1,"featured_media":5441,"parent":0,"menu_order":0,"comment_status":"closed","ping_status":"closed","template":"","meta":{"rs_blank_template":"","rs_page_bg_color":"","slide_template_v7":"","footnotes":""},"categories":[1],"tags":[],"class_list":["post-5719","page","type-page","status-publish","has-post-thumbnail","hentry","category-blog"],"_links":{"self":[{"href":"https:\/\/rental-car.company\/it\/wp-json\/wp\/v2\/pages\/5719","targetHints":{"allow":["GET"]}}],"collection":[{"href":"https:\/\/rental-car.company\/it\/wp-json\/wp\/v2\/pages"}],"about":[{"href":"https:\/\/rental-car.company\/it\/wp-json\/wp\/v2\/types\/page"}],"author":[{"embeddable":true,"href":"https:\/\/rental-car.company\/it\/wp-json\/wp\/v2\/users\/1"}],"replies":[{"embeddable":true,"href":"https:\/\/rental-car.company\/it\/wp-json\/wp\/v2\/comments?post=5719"}],"version-history":[{"count":0,"href":"https:\/\/rental-car.company\/it\/wp-json\/wp\/v2\/pages\/5719\/revisions"}],"wp:featuredmedia":[{"embeddable":true,"href":"https:\/\/rental-car.company\/it\/wp-json\/wp\/v2\/media\/5441"}],"wp:attachment":[{"href":"https:\/\/rental-car.company\/it\/wp-json\/wp\/v2\/media?parent=5719"}],"wp:term":[{"taxonomy":"category","embeddable":true,"href":"https:\/\/rental-car.company\/it\/wp-json\/wp\/v2\/categories?post=5719"},{"taxonomy":"post_tag","embeddable":true,"href":"https:\/\/rental-car.company\/it\/wp-json\/wp\/v2\/tags?post=5719"}],"curies":[{"name":"wp","href":"https:\/\/api.w.org\/{rel}","templated":true}]}}