{"id":5787,"date":"2024-08-20T06:05:35","date_gmt":"2024-08-20T06:05:35","guid":{"rendered":"https:\/\/rental-car.company\/?page_id=5787"},"modified":"2024-08-20T06:05:35","modified_gmt":"2024-08-20T06:05:35","slug":"noleggio-auto-detroit","status":"publish","type":"page","link":"https:\/\/rental-car.company\/it\/noleggio-auto-detroit\/","title":{"rendered":"Noleggio auto Detroit: Esplorare la Motor City con facilit\u00e0"},"content":{"rendered":"<div class=\"wpb-content-wrapper\"><h2>Noleggiare un'auto a Detroit: Tutto quello che c'\u00e8 da sapere<\/h2>\n<p>Quando si visita Detroit, una delle citt\u00e0 pi\u00f9 grandi e vivaci del Midwest, avere accesso a un mezzo di trasporto affidabile \u00e8 fondamentale. Sebbene siano disponibili molte opzioni di trasporto pubblico, il noleggio di un'auto a Detroit consente un modo pi\u00f9 comodo e flessibile per esplorare tutto ci\u00f2 che questa citt\u00e0 ha da offrire. Con la sua ricca storia, la cultura variegata e il vivace centro cittadino, non mancano le cose da vedere e da fare nella Motor City. In questo articolo vi spiegheremo tutto quello che c'\u00e8 da sapere sul noleggio di un'auto a Detroit.<\/p>\n<div class=\"vc_row wpb_row vc_row-fluid\"><div class=\"wpb_column vc_column_container vc_col-sm-12\"><div class=\"vc_column-inner\"><div class=\"wpb_wrapper\">\n\t<div class=\"wpb_text_column wpb_content_element\" >\n\t\t<div class=\"wpb_wrapper\">\n\t\t\t<p><script id=\"dchwidget\" src=\"https:\/\/www.discovercars.com\/wg.js\" async=\"\" data-dev-env=\"com\" data-location=\"\" data-lang=\"en\" data-utm-source=\"malina\" data-utm-medium=\"widget\" data-aff-code=\"a_aid\" data-autocomplete=\"on\" data-style-submit-bg-color=\"00A200\" data-style-submit-font-color=\"white\" data-style-form-bg-color=\"FAD130\" data-style-form-font-color=\"333\" data-style-submit-text=\"Search now\"><\/script><\/p>\n\n\t\t<\/div>\n\t<\/div>\n<\/div><\/div><\/div><\/div>\n<p>&nbsp;<\/p>\n<h2>Scoprire l'autonoleggio Detroit<\/h2>\n<p><img loading=\"lazy\" decoding=\"async\" class=\"alignleft\" src=\"\/wp-content\/uploads\/images\/rent_car_1482.png\" alt=\"noleggio auto detroit\" width=\"350\" height=\"350\" \/><\/p>\n<p>Noleggiare un'auto a Detroit \u00e8 facile grazie alle varie societ\u00e0 di autonoleggio presenti in citt\u00e0. Queste societ\u00e0 offrono un'ampia scelta di veicoli che vanno dalle auto compatte per chi viaggia da solo ai SUV pi\u00f9 grandi per le famiglie o i gruppi. Tra le societ\u00e0 di autonoleggio pi\u00f9 note a Detroit figurano Enterprise Rent-A-Car, Hertz Rent A Car, Avis Rent A Car, Budget Rent-A-Car e National Car Rental.<\/p>\n<p>Uno dei principali vantaggi di noleggiare un'auto a Detroit \u00e8 quello di avere la libert\u00e0 di esplorare oltre il centro citt\u00e0. Con il vostro veicolo a disposizione, potete facilmente avventurarvi nei sobborghi circostanti o anche fare gite di un giorno fuori citt\u00e0. In questo modo avrete l'opportunit\u00e0 di scoprire gemme nascoste e di sperimentare tutto ci\u00f2 che il Michigan ha da offrire.<\/p>\n<h3>Parole chiave correlate per 'Noleggio auto Detroit'<\/h3>\n<p>- Auto a noleggio economiche<br \/>\n- Le migliori offerte di noleggio auto<br \/>\n- Noleggio auto a prezzi accessibili<br \/>\n- Trasporto affidabile<br \/>\n- Esplora il Michigan<\/p>\n<h4>Pro e contro<\/h4>\n<p>Pro:<br \/>\n- Flessibilit\u00e0 e convenienza: Con la vostra auto a noleggio a disposizione, potete creare il vostro itinerario senza essere limitati dagli orari dei trasporti pubblici.<br \/>\n- Economico: A seconda della durata del soggiorno e del numero di persone che compongono il gruppo, il noleggio di un'auto pu\u00f2 spesso risultare pi\u00f9 conveniente che affidarsi ad altri mezzi di trasporto.<br \/>\n- Facile accesso alle aree circostanti: Detroit ha molti sobborghi e citt\u00e0 vicine che vale la pena esplorare, e avere un'auto a noleggio rende pi\u00f9 facile arrivarci.<\/p>\n<p>Contro:<br \/>\n- Traffico: Come in tutte le grandi citt\u00e0, il traffico pu\u00f2 essere un problema in alcuni momenti della giornata. \u00c8 importante pianificare di conseguenza e concedersi del tempo extra per gli spostamenti.<br \/>\n- Parcheggio: Il centro di Detroit pu\u00f2 essere impegnativo quando si tratta di trovare parcheggio. Preparatevi a pagare il parcheggio in alcune zone o a scegliere i mezzi pubblici.<\/p>\n<h4>FAQ<\/h4>\n<p><img loading=\"lazy\" decoding=\"async\" class=\"alignright\" src=\"\/wp-content\/uploads\/images\/rent_car_1423.png\" alt=\"noleggio auto detroit\" width=\"350\" height=\"350\" \/><\/p>\n<p>D: Quanti anni devo avere per noleggiare un'auto a Detroit?<br \/>\nR: L'et\u00e0 minima richiesta varia a seconda della compagnia di autonoleggio, ma in genere \u00e8 di 21 anni. Tuttavia, i conducenti di et\u00e0 inferiore ai 25 anni possono incorrere in costi aggiuntivi.<\/p>\n<p>D: Ho bisogno di un'assicurazione quando noleggio un'auto a Detroit?<br \/>\nR: S\u00ec, la maggior parte delle societ\u00e0 di autonoleggio richiede l'assicurazione. \u00c8 possibile acquistare la loro assicurazione o utilizzare la propria copertura personale.<\/p>\n<p>D: Ci sono strade a pedaggio a Detroit?<br \/>\nR: S\u00ec, ci sono diverse strade a pedaggio nell'area di Detroit. Alcune auto a noleggio possono essere dotate di un EZ Pass o di un sistema simile per facilitare il pagamento.<\/p>\n<p>D: Posso restituire l'auto a noleggio in un luogo diverso?<br \/>\nR: Dipende dalle politiche della societ\u00e0 di autonoleggio. Alcune possono consentire di restituire il veicolo in un luogo diverso pagando un supplemento.<\/p>\n<p>In conclusione, noleggiare un'auto a Detroit \u00e8 un modo eccellente per esplorare questa vivace citt\u00e0 e le aree circostanti. Grazie alle varie societ\u00e0 di noleggio che offrono opzioni convenienti e comodi punti di ritiro in tutta la citt\u00e0, spostarsi non \u00e8 mai stato cos\u00ec facile. Quindi perch\u00e9 aspettare? Prenotate oggi stesso il vostro noleggio auto a Detroit attraverso il nostro sito web rental-car.company e preparatevi a vivere un'esperienza indimenticabile nella Motor City!<\/p>\n<\/div>","protected":false},"excerpt":{"rendered":"<p>Renting a Car in Detroit: Everything You Need to Know When visiting Detroit, one of the largest and most vibrant cities in the Midwest, having access to a reliable form of transportation is crucial. While there are many public transportation options available, renting a car in Detroit allows for a more convenient and flexible way [&hellip;]<\/p>\n","protected":false},"author":1,"featured_media":3571,"parent":0,"menu_order":0,"comment_status":"closed","ping_status":"closed","template":"","meta":{"rs_blank_template":"","rs_page_bg_color":"","slide_template_v7":"","footnotes":""},"categories":[1],"tags":[],"class_list":["post-5787","page","type-page","status-publish","has-post-thumbnail","hentry","category-blog"],"_links":{"self":[{"href":"https:\/\/rental-car.company\/it\/wp-json\/wp\/v2\/pages\/5787","targetHints":{"allow":["GET"]}}],"collection":[{"href":"https:\/\/rental-car.company\/it\/wp-json\/wp\/v2\/pages"}],"about":[{"href":"https:\/\/rental-car.company\/it\/wp-json\/wp\/v2\/types\/page"}],"author":[{"embeddable":true,"href":"https:\/\/rental-car.company\/it\/wp-json\/wp\/v2\/users\/1"}],"replies":[{"embeddable":true,"href":"https:\/\/rental-car.company\/it\/wp-json\/wp\/v2\/comments?post=5787"}],"version-history":[{"count":0,"href":"https:\/\/rental-car.company\/it\/wp-json\/wp\/v2\/pages\/5787\/revisions"}],"wp:featuredmedia":[{"embeddable":true,"href":"https:\/\/rental-car.company\/it\/wp-json\/wp\/v2\/media\/3571"}],"wp:attachment":[{"href":"https:\/\/rental-car.company\/it\/wp-json\/wp\/v2\/media?parent=5787"}],"wp:term":[{"taxonomy":"category","embeddable":true,"href":"https:\/\/rental-car.company\/it\/wp-json\/wp\/v2\/categories?post=5787"},{"taxonomy":"post_tag","embeddable":true,"href":"https:\/\/rental-car.company\/it\/wp-json\/wp\/v2\/tags?post=5787"}],"curies":[{"name":"wp","href":"https:\/\/api.w.org\/{rel}","templated":true}]}}