{"id":5825,"date":"2024-08-20T14:05:49","date_gmt":"2024-08-20T14:05:49","guid":{"rendered":"https:\/\/rental-car.company\/?page_id=5825"},"modified":"2024-08-20T14:05:49","modified_gmt":"2024-08-20T14:05:49","slug":"noleggio-auto-a-sacramento","status":"publish","type":"page","link":"https:\/\/rental-car.company\/it\/noleggio-auto-a-sacramento\/","title":{"rendered":"Noleggio auto a Sacramento - Esplorare la citt\u00e0 a proprio piacimento"},"content":{"rendered":"<div class=\"wpb-content-wrapper\"><h2>Noleggiare un'auto a Sacramento: Il massimo della libert\u00e0<\/h2>\n<p>Sacramento, la capitale della California, \u00e8 una citt\u00e0 vivace che ha molto da offrire. Dalla sua ricca storia e cultura alla vivace vita notturna e gastronomica, qui ce n'\u00e8 per tutti i gusti. Tuttavia, navigare in questa citt\u00e0 tentacolare pu\u00f2 essere una sfida se non si dispone di un mezzo di trasporto proprio. \u00c8 qui che entra in gioco il noleggio auto a Sacramento, che vi offre la massima libert\u00e0 di esplorare la citt\u00e0 al vostro ritmo.<\/p>\n<div class=\"vc_row wpb_row vc_row-fluid\"><div class=\"wpb_column vc_column_container vc_col-sm-12\"><div class=\"vc_column-inner\"><div class=\"wpb_wrapper\">\n\t<div class=\"wpb_text_column wpb_content_element\" >\n\t\t<div class=\"wpb_wrapper\">\n\t\t\t<p><script id=\"dchwidget\" src=\"https:\/\/www.discovercars.com\/wg.js\" async=\"\" data-dev-env=\"com\" data-location=\"\" data-lang=\"en\" data-utm-source=\"malina\" data-utm-medium=\"widget\" data-aff-code=\"a_aid\" data-autocomplete=\"on\" data-style-submit-bg-color=\"00A200\" data-style-submit-font-color=\"white\" data-style-form-bg-color=\"FAD130\" data-style-form-font-color=\"333\" data-style-submit-text=\"Search now\"><\/script><\/p>\n\n\t\t<\/div>\n\t<\/div>\n<\/div><\/div><\/div><\/div>\n<p>&nbsp;<\/p>\n<h2>Scoprire gli autonoleggi a Sacramento<\/h2>\n<p><img loading=\"lazy\" decoding=\"async\" class=\"alignleft\" src=\"\/wp-content\/uploads\/images\/rent_car_137.png\" alt=\"noleggio auto a sacramento\" width=\"350\" height=\"350\" \/><\/p>\n<p>Quando si tratta di noleggiare un'auto a Sacramento, ci sono molte opzioni disponibili. Potete scegliere tra le principali compagnie di autonoleggio come Hertz, Enterprise e Avis, oppure optare per i servizi di noleggio locali che offrono tariffe competitive.<\/p>\n<p>Una scelta popolare tra i turisti \u00e8 l'aeroporto internazionale di Sacramento (SMF), che offre diverse societ\u00e0 di autonoleggio in loco per la massima comodit\u00e0. In questo modo i visitatori possono ritirare l'auto a noleggio appena arrivati e iniziare subito a esplorare la citt\u00e0.<\/p>\n<p>Se siete alla ricerca di opzioni pi\u00f9 convenienti, prendete in considerazione l'idea di controllare le societ\u00e0 di noleggio locali situate vicino a zone turistiche popolari come il centro o la citt\u00e0 vecchia di Sacramento. Queste piccole aziende hanno spesso tariffe pi\u00f9 basse e un servizio personalizzato.<\/p>\n<h3>Noleggio auto a Sacramento - Pro \/ Contro<\/h3>\n<p>Pro:<br \/>\n- Libert\u00e0 di esplorare: Avere un'auto a noleggio significa poter andare dove si vuole, quando si vuole, senza dover dipendere dai mezzi pubblici.<br \/>\n- Convenienza: Con un veicolo proprio a disposizione, non dovrete preoccuparvi di aspettare autobus o treni o di rispettare orari rigidi.<br \/>\n- Economico: Noleggiare un'auto pu\u00f2 essere pi\u00f9 conveniente rispetto ai taxi o ai servizi di ride-sharing se si prevede di visitare pi\u00f9 destinazioni durante il viaggio.<br \/>\n- Viaggio confortevole: Grazie all'aria condizionata e ai comodi sedili della maggior parte delle auto, il noleggio di un'auto vi permette di viaggiare in tutta comodit\u00e0, soprattutto nei caldi mesi estivi.<\/p>\n<p>Contro:<br \/>\n- Spese aggiuntive: Oltre al canone di noleggio, dovrete considerare anche le spese per la benzina, l'assicurazione e il parcheggio.<br \/>\n- Guidare in un territorio sconosciuto: Se non siete abituati a guidare in una grande citt\u00e0 come Sacramento, all'inizio pu\u00f2 essere un po' opprimente. Assicuratevi di familiarizzare con il codice stradale e la segnaletica locale prima di mettervi in viaggio.<br \/>\n- Trovare parcheggio: Sebbene la maggior parte degli hotel offra un parcheggio gratuito per i propri ospiti, trovare un parcheggio in strada o a pagamento pu\u00f2 essere una sfida durante le stagioni turistiche di punta.<\/p>\n<h3>Parole chiave relative a Noleggio auto Sacramento<\/h3>\n<p>- Noleggio auto a prezzi accessibili a Sacramento<br \/>\n- Le migliori offerte di noleggio auto a Sacramento<br \/>\n- Noleggio auto economiche a Sacramento<br \/>\n- Noleggiare un'auto per il vostro viaggio a Sacramento<\/p>\n<h4>Domande frequenti<\/h4>\n<p><img loading=\"lazy\" decoding=\"async\" class=\"alignright\" src=\"\/wp-content\/uploads\/images\/rent_car_1137.png\" alt=\"noleggio auto a sacramento\" width=\"350\" height=\"350\" \/><\/p>\n<p>D: Qual \u00e8 l'et\u00e0 minima richiesta per noleggiare un'auto a Sacramento?<br \/>\nR: L'et\u00e0 minima richiesta \u00e8 generalmente di 21 anni. Tuttavia, alcune societ\u00e0 di noleggio possono avere politiche diverse e richiedere che i conducenti abbiano almeno 25 anni.<\/p>\n<p>D: Posso usare la mia patente di guida straniera quando noleggio un'auto a Sacramento?<br \/>\nR: S\u00ec, purch\u00e9 sia valida e rilasciata dal vostro Paese d'origine. Tuttavia, \u00e8 sempre meglio verificare prima con la societ\u00e0 di noleggio specifica.<\/p>\n<p>D: L'assicurazione \u00e8 inclusa nel noleggio di un'auto?<br \/>\nR: La maggior parte delle societ\u00e0 di noleggio offre opzioni di assicurazione a pagamento. Si consiglia di acquistare l'assicurazione per stare tranquilli durante la guida.<\/p>\n<p>D: Posso restituire l'auto a noleggio in un luogo diverso?<br \/>\nR: S\u00ec, la maggior parte delle principali societ\u00e0 di noleggio consente la riconsegna in luoghi diversi all'interno della stessa citt\u00e0 o addirittura in citt\u00e0 diverse. Tuttavia, questo servizio pu\u00f2 comportare un costo aggiuntivo.<\/p>\n<p>In conclusione, noleggiare un'auto a Sacramento vi d\u00e0 la libert\u00e0 e la flessibilit\u00e0 di sperimentare veramente tutto ci\u00f2 che questa dinamica citt\u00e0 ha da offrire. Grazie alle numerose opzioni di noleggio disponibili e alla possibilit\u00e0 di personalizzare il vostro itinerario, potrete esplorare Sacramento alle vostre condizioni. Quindi perch\u00e9 aspettare? Prenotate oggi stesso il vostro noleggio auto a Sacramento e preparatevi a un viaggio indimenticabile.<\/p>\n<\/div>","protected":false},"excerpt":{"rendered":"<p>Renting a Car in Sacramento: The Ultimate Freedom Sacramento, the capital of California, is a vibrant city with plenty to offer. From its rich history and culture to its bustling food and nightlife scene, there&#8217;s something for everyone here. However, navigating through this sprawling city can be a challenge if you don&#8217;t have your own [&hellip;]<\/p>\n","protected":false},"author":1,"featured_media":2630,"parent":0,"menu_order":0,"comment_status":"closed","ping_status":"closed","template":"","meta":{"rs_blank_template":"","rs_page_bg_color":"","slide_template_v7":"","footnotes":""},"categories":[1],"tags":[],"class_list":["post-5825","page","type-page","status-publish","has-post-thumbnail","hentry","category-blog"],"_links":{"self":[{"href":"https:\/\/rental-car.company\/it\/wp-json\/wp\/v2\/pages\/5825","targetHints":{"allow":["GET"]}}],"collection":[{"href":"https:\/\/rental-car.company\/it\/wp-json\/wp\/v2\/pages"}],"about":[{"href":"https:\/\/rental-car.company\/it\/wp-json\/wp\/v2\/types\/page"}],"author":[{"embeddable":true,"href":"https:\/\/rental-car.company\/it\/wp-json\/wp\/v2\/users\/1"}],"replies":[{"embeddable":true,"href":"https:\/\/rental-car.company\/it\/wp-json\/wp\/v2\/comments?post=5825"}],"version-history":[{"count":0,"href":"https:\/\/rental-car.company\/it\/wp-json\/wp\/v2\/pages\/5825\/revisions"}],"wp:featuredmedia":[{"embeddable":true,"href":"https:\/\/rental-car.company\/it\/wp-json\/wp\/v2\/media\/2630"}],"wp:attachment":[{"href":"https:\/\/rental-car.company\/it\/wp-json\/wp\/v2\/media?parent=5825"}],"wp:term":[{"taxonomy":"category","embeddable":true,"href":"https:\/\/rental-car.company\/it\/wp-json\/wp\/v2\/categories?post=5825"},{"taxonomy":"post_tag","embeddable":true,"href":"https:\/\/rental-car.company\/it\/wp-json\/wp\/v2\/tags?post=5825"}],"curies":[{"name":"wp","href":"https:\/\/api.w.org\/{rel}","templated":true}]}}