{"id":5873,"date":"2024-08-21T01:05:22","date_gmt":"2024-08-21T01:05:22","guid":{"rendered":"https:\/\/rental-car.company\/?page_id=5873"},"modified":"2024-08-21T01:05:22","modified_gmt":"2024-08-21T01:05:22","slug":"impresa-piccolo-olmo","status":"publish","type":"page","link":"https:\/\/rental-car.company\/it\/impresa-piccolo-olmo\/","title":{"rendered":"Enterprise Little Elm - La guida definitiva per noleggiare un'auto in questa affascinante citt\u00e0"},"content":{"rendered":"<div class=\"wpb-content-wrapper\"><h2>Scoprite il meglio di Enterprise Little Elm con un'auto a noleggio<\/h2>\n<p>Se state programmando un viaggio nell'affascinante citt\u00e0 di Little Elm, in Texas, vi aspetta una bella sorpresa. Con la sua posizione pittoresca sul lago Lewisville e le numerose attivit\u00e0 all'aperto da praticare, Little Elm \u00e8 la destinazione perfetta per una fuga tranquilla. E quale modo migliore per esplorare questa pittoresca citt\u00e0 se non con un'auto a noleggio di Enterprise?<\/p>\n<p>Con diverse sedi comodamente situate in tutta la citt\u00e0, Enterprise Little Elm rende facile per i viaggiatori spostarsi e sperimentare tutto ci\u00f2 che questa bellissima zona ha da offrire. Quindi perch\u00e9 aspettare? Noleggiate oggi stesso la vostra auto e iniziate la vostra avventura in Enterprise Little Elm!<\/p>\n<div class=\"vc_row wpb_row vc_row-fluid\"><div class=\"wpb_column vc_column_container vc_col-sm-12\"><div class=\"vc_column-inner\"><div class=\"wpb_wrapper\">\n\t<div class=\"wpb_text_column wpb_content_element\" >\n\t\t<div class=\"wpb_wrapper\">\n\t\t\t<p><script id=\"dchwidget\" src=\"https:\/\/www.discovercars.com\/wg.js\" async=\"\" data-dev-env=\"com\" data-location=\"\" data-lang=\"en\" data-utm-source=\"malina\" data-utm-medium=\"widget\" data-aff-code=\"a_aid\" data-autocomplete=\"on\" data-style-submit-bg-color=\"00A200\" data-style-submit-font-color=\"white\" data-style-form-bg-color=\"FAD130\" data-style-form-font-color=\"333\" data-style-submit-text=\"Search now\"><\/script><\/p>\n\n\t\t<\/div>\n\t<\/div>\n<\/div><\/div><\/div><\/div>\n<p>&nbsp;<\/p>\n<h2>Scoprire Enterprise Little Elm<\/h2>\n<p><img loading=\"lazy\" decoding=\"async\" class=\"alignleft\" src=\"\/wp-content\/uploads\/images\/rent_car_1142.png\" alt=\"impresa piccolo olmo\" width=\"350\" height=\"350\" \/><\/p>\n<p>Che siate alla ricerca di un'auto compatta per i viaggi in solitaria o di un SUV per i viaggi in famiglia, Enterprise vi copre. La loro flotta comprende una variet\u00e0 di veicoli adatti a qualsiasi tipo di viaggio. Inoltre, grazie alle tariffe convenienti e all'eccellente servizio clienti, noleggiare da Enterprise \u00e8 sempre un'esperienza senza problemi.<\/p>\n<p>Ma non si tratta solo di andare dal punto A al punto B, bens\u00ec di godersi ogni momento del viaggio. E con la vostra auto a noleggio, potrete fare proprio questo nella piccola impresa di Olmo.<\/p>\n<p>Esplorate l'affascinante centro citt\u00e0 con i suoi negozi unici e i suoi ristoranti locali, oppure andate su uno dei numerosi sentieri escursionistici che circondano il lago Lewisville. Con la vostra auto a noleggio a portata di mano, non c'\u00e8 limite a dove la vostra avventura possa portarvi.<\/p>\n<h3>Affitto: i pro e i contro<\/h3>\n<p>Pro:<br \/>\n- Flessibilit\u00e0: avere un'auto a noleggio vi d\u00e0 la libert\u00e0 di esplorare al vostro ritmo senza dovervi affidare ai mezzi pubblici.<br \/>\n- Convenienza: Grazie alle molteplici sedi di enterprise little elm, ritirare e riconsegnare l'auto a noleggio \u00e8 facile.<br \/>\n- Comfort: Viaggiate in tutta comodit\u00e0 e stile con gli ultimi modelli e servizi offerti da Enterprise.<\/p>\n<p>Contro:<br \/>\n- Costo: Noleggiare un'auto pu\u00f2 essere costoso, soprattutto se si intende tenerla per un periodo di tempo prolungato.<br \/>\n- Assicurazione: Assicuratevi di leggere attentamente e comprendere le opzioni assicurative offerte da Enterprise prima di noleggiare l'auto.<\/p>\n<h3>FAQ sul noleggio auto<\/h3>\n<p><img loading=\"lazy\" decoding=\"async\" class=\"alignright\" src=\"\/wp-content\/uploads\/images\/rent_car_325.png\" alt=\"impresa piccolo olmo\" width=\"350\" height=\"350\" \/><\/p>\n<p>D: Qual \u00e8 l'et\u00e0 minima richiesta per noleggiare un'auto da Enterprise?<br \/>\nR: L'et\u00e0 minima per noleggiare un'auto da Enterprise \u00e8 di 21 anni. Tuttavia, potrebbero esserci costi aggiuntivi per i conducenti di et\u00e0 inferiore ai 25 anni.<\/p>\n<p>D: Posso restituire la mia auto a noleggio in un luogo diverso?<br \/>\nR: S\u00ec, \u00e8 possibile restituire l'auto a noleggio in qualsiasi sede Enterprise a Little Elm o in tutta la nazione. Potrebbero essere applicati costi aggiuntivi.<\/p>\n<p>D: Ho bisogno di una carta di credito per noleggiare un'auto?<br \/>\nR: S\u00ec, per noleggiare un'auto da Enterprise \u00e8 necessaria una carta di credito valida a vostro nome. Le carte di debito non sono accettate.<\/p>\n<p>D: Cosa succede se restituisco la mia auto a noleggio in ritardo?<br \/>\nR: Le restituzioni tardive possono comportare costi aggiuntivi. \u00c8 meglio contattare Enterprise in anticipo se si prevede un ritardo, in modo da poter prendere le disposizioni necessarie.<\/p>\n<p>In conclusione, noleggiare un'auto da enterprise little elm \u00e8 il modo perfetto per vivere appieno questa affascinante citt\u00e0 al proprio ritmo. Con la sua variet\u00e0 di veicoli e le sue comode sedi, Enterprise rende facile per i viaggiatori esplorare tutto ci\u00f2 che questa bellissima zona ha da offrire. Quindi non esitate: prenotate oggi stesso il vostro noleggio e preparatevi a vivere un'avventura indimenticabile in enterprise little elm!<\/p>\n<\/div>","protected":false},"excerpt":{"rendered":"<p>Experience the Best of Enterprise Little Elm with a Rental Car If you&#8217;re planning a trip to the charming city of Little Elm, Texas, then you&#8217;re in for a treat. With its picturesque location on Lewisville Lake and plenty of outdoor activities to enjoy, Little Elm is the perfect destination for a peaceful getaway. And [&hellip;]<\/p>\n","protected":false},"author":1,"featured_media":3134,"parent":0,"menu_order":0,"comment_status":"closed","ping_status":"closed","template":"","meta":{"rs_blank_template":"","rs_page_bg_color":"","slide_template_v7":"","footnotes":""},"categories":[1],"tags":[],"class_list":["post-5873","page","type-page","status-publish","has-post-thumbnail","hentry","category-blog"],"_links":{"self":[{"href":"https:\/\/rental-car.company\/it\/wp-json\/wp\/v2\/pages\/5873","targetHints":{"allow":["GET"]}}],"collection":[{"href":"https:\/\/rental-car.company\/it\/wp-json\/wp\/v2\/pages"}],"about":[{"href":"https:\/\/rental-car.company\/it\/wp-json\/wp\/v2\/types\/page"}],"author":[{"embeddable":true,"href":"https:\/\/rental-car.company\/it\/wp-json\/wp\/v2\/users\/1"}],"replies":[{"embeddable":true,"href":"https:\/\/rental-car.company\/it\/wp-json\/wp\/v2\/comments?post=5873"}],"version-history":[{"count":0,"href":"https:\/\/rental-car.company\/it\/wp-json\/wp\/v2\/pages\/5873\/revisions"}],"wp:featuredmedia":[{"embeddable":true,"href":"https:\/\/rental-car.company\/it\/wp-json\/wp\/v2\/media\/3134"}],"wp:attachment":[{"href":"https:\/\/rental-car.company\/it\/wp-json\/wp\/v2\/media?parent=5873"}],"wp:term":[{"taxonomy":"category","embeddable":true,"href":"https:\/\/rental-car.company\/it\/wp-json\/wp\/v2\/categories?post=5873"},{"taxonomy":"post_tag","embeddable":true,"href":"https:\/\/rental-car.company\/it\/wp-json\/wp\/v2\/tags?post=5873"}],"curies":[{"name":"wp","href":"https:\/\/api.w.org\/{rel}","templated":true}]}}