{"id":5893,"date":"2024-08-21T05:06:15","date_gmt":"2024-08-21T05:06:15","guid":{"rendered":"https:\/\/rental-car.company\/?page_id=5893"},"modified":"2024-08-21T05:06:15","modified_gmt":"2024-08-21T05:06:15","slug":"auto-a-noleggio-san-jose-costa-rica","status":"publish","type":"page","link":"https:\/\/rental-car.company\/it\/auto-a-noleggio-san-jose-costa-rica\/","title":{"rendered":"Auto a noleggio a San Jose Costa Rica - La vostra guida per esplorare il paese con convenienza"},"content":{"rendered":"<div class=\"wpb-content-wrapper\"><p>San Jose Costa Rica \u00e8 una popolare destinazione turistica, nota per le sue straordinarie bellezze naturali, la sua variegata fauna e la sua ricca cultura. Con cos\u00ec tante cose da esplorare in questo bellissimo Paese, avere a disposizione un'auto a noleggio pu\u00f2 rendere il vostro viaggio ancora pi\u00f9 conveniente e piacevole. In questo articolo parleremo di tutto quello che c'\u00e8 da sapere sui servizi di autonoleggio a San Jose Costa Rica.<\/p>\n<h2>Noleggiare un'auto a San Jose Costa Rica<\/h2>\n<p>Noleggiare un'auto a San Jose Costa Rica \u00e8 abbastanza facile e senza problemi. In citt\u00e0 sono presenti numerose societ\u00e0 di autonoleggio che offrono un'ampia gamma di veicoli tra cui scegliere. Potete optare per piccole auto economiche o lussuosi SUV, a seconda del vostro budget e delle vostre esigenze.<\/p>\n<p>Uno dei principali vantaggi del noleggio di un'auto a San Jose Costa Rica \u00e8 la flessibilit\u00e0 che offre. Potete facilmente esplorare diverse parti del Paese al vostro ritmo, senza dovervi affidare ai trasporti pubblici o alle visite guidate. Questo vi d\u00e0 la libert\u00e0 di creare il vostro itinerario e di scoprire gemme nascoste fuori dai sentieri battuti.<\/p>\n<div class=\"vc_row wpb_row vc_row-fluid\"><div class=\"wpb_column vc_column_container vc_col-sm-12\"><div class=\"vc_column-inner\"><div class=\"wpb_wrapper\">\n\t<div class=\"wpb_text_column wpb_content_element\" >\n\t\t<div class=\"wpb_wrapper\">\n\t\t\t<p><script id=\"dchwidget\" src=\"https:\/\/www.discovercars.com\/wg.js\" async=\"\" data-dev-env=\"com\" data-location=\"\" data-lang=\"en\" data-utm-source=\"malina\" data-utm-medium=\"widget\" data-aff-code=\"a_aid\" data-autocomplete=\"on\" data-style-submit-bg-color=\"00A200\" data-style-submit-font-color=\"white\" data-style-form-bg-color=\"FAD130\" data-style-form-font-color=\"333\" data-style-submit-text=\"Search now\"><\/script><\/p>\n\n\t\t<\/div>\n\t<\/div>\n<\/div><\/div><\/div><\/div>\n<p>&nbsp;<\/p>\n<h2>Scoprire l'auto a noleggio di San Jose Costa Rica<\/h2>\n<p><img loading=\"lazy\" decoding=\"async\" class=\"alignleft\" src=\"\/wp-content\/uploads\/images\/rent_car_1393.png\" alt=\"auto a noleggio san jose costa rica\" width=\"350\" height=\"350\" \/><\/p>\n<p>Ci sono diverse opzioni per noleggiare un'auto a San Jose Costa Rica, tra cui le principali catene internazionali come Hertz, Avis e Budget e compagnie locali come Adobe Rent-A-Car e Alamo Rent-A-Car.<\/p>\n<p>Adobe Rent-A-Car \u00e8 una delle compagnie di autonoleggio pi\u00f9 popolari di San Jose Costa Rica. Offre un servizio affidabile con tariffe convenienti e ha diverse sedi in tutta la citt\u00e0, compreso l'aeroporto internazionale Juan Santamaria.<\/p>\n<p>Alamo Rent-A-Car ha una forte presenza anche a San Jose Costa Rica con diverse sedi, tra cui una all'aeroporto internazionale Tobias Bolanos. Offre prezzi competitivi e un eccellente servizio clienti.<\/p>\n<h3>Parole chiave correlate per \"auto a noleggio san jose costa rica\".<\/h3>\n<p>- Noleggio auto in Costa Rica<br \/>\n- Noleggio auto San Jose Costa Rica<br \/>\n- Noleggia un'auto a San Jose<br \/>\n- Noleggio veicoli Costa Rica<\/p>\n<h4>Pro e contro del noleggio di un'auto a San Jose Costa Rica<\/h4>\n<p>Pro:<br \/>\n1. Convenienza: Avere un'auto a noleggio vi permette di esplorare il Paese al vostro ritmo e secondo i vostri orari.<\/p>\n<p>2. Flessibilit\u00e0: Con un'auto a noleggio, avete la libert\u00e0 di visitare destinazioni fuori dai sentieri battuti e di scoprire gemme nascoste che non sono accessibili con i mezzi pubblici.<\/p>\n<p>3. Economico: Noleggiare un'auto pu\u00f2 essere pi\u00f9 conveniente che affidarsi ai taxi o alle visite guidate, soprattutto se si viaggia in gruppo.<\/p>\n<p>4. Comodit\u00e0: Un'auto a noleggio vi offre il comfort e la privacy di avere un veicolo proprio mentre viaggiate.<\/p>\n<p>Contro:<br \/>\n1. Traffico e condizioni di guida: Il traffico a San Jose Costa Rica pu\u00f2 essere congestionato e caotico, soprattutto nelle ore di punta. \u00c8 importante essere prudenti alla guida e seguire tutte le regole del traffico.<\/p>\n<p>2. Opzioni di parcheggio limitate: Il parcheggio pu\u00f2 essere limitato nelle aree turistiche pi\u00f9 popolari, rendendo a volte difficile trovare un posto per la vostra auto a noleggio.<\/p>\n<p>3. Barriera linguistica: La maggior parte delle societ\u00e0 di noleggio locali potrebbe non avere personale che parla inglese, il che pu\u00f2 rendere difficile la comunicazione per chi non parla spagnolo.<\/p>\n<h4>Domande frequenti sul noleggio auto a San Jose Costa Rica<\/h4>\n<p><img loading=\"lazy\" decoding=\"async\" class=\"alignright\" src=\"\/wp-content\/uploads\/images\/rent_car_1161.png\" alt=\"auto a noleggio san jose costa rica\" width=\"350\" height=\"350\" \/><\/p>\n<p>D: Ho bisogno di una patente internazionale per noleggiare un'auto a San Jose Costa Rica?<br \/>\nR: No, purch\u00e9 abbiate una patente di guida valida del vostro Paese, potete noleggiare un'auto a San Jose Costa Rica.<\/p>\n<p>D: \u00c8 sicuro guidare a San Jose Costa Rica?<br \/>\nR: Sebbene la guida in qualsiasi paese straniero comporti una serie di rischi, a patto che si seguano le regole del traffico e si usi prudenza sulle strade, la guida a San Jose \u00e8 generalmente sicura.<\/p>\n<p>D: Qual \u00e8 l'et\u00e0 minima per noleggiare un'auto a San Jose Costa Rica?<br \/>\nR: L'et\u00e0 minima per noleggiare un'auto a San Jose Costa Rica \u00e8 solitamente di 21 anni, ma alcune compagnie possono richiedere che i conducenti abbiano 25 anni o pi\u00f9.<\/p>\n<p>D: Ci sono costi aggiuntivi per il noleggio di un'auto a San Jose Costa Rica?<br \/>\nR: S\u00ec, potrebbero esserci costi aggiuntivi come l'assicurazione, le tasse e i supplementi aeroportuali che non sono inclusi nel prezzo iniziale del noleggio.<\/p>\n<p>In conclusione, noleggiare un'auto a San Jose Costa Rica pu\u00f2 migliorare notevolmente la vostra esperienza di viaggio e darvi la libert\u00e0 di esplorare questo bellissimo Paese al vostro ritmo. Grazie alle molteplici opzioni di noleggio auto disponibili e alle tariffe convenienti, vale sicuramente la pena di prendere in considerazione il vostro prossimo viaggio in questo paradiso tropicale.<\/p>\n<\/div>","protected":false},"excerpt":{"rendered":"<p>San Jose Costa Rica is a popular tourist destination, known for its stunning natural beauty, diverse wildlife, and rich culture. With so much to explore in this beautiful country, having a rental car at your disposal can make your trip even more convenient and enjoyable. In this article, we will discuss all you need to [&hellip;]<\/p>\n","protected":false},"author":1,"featured_media":3999,"parent":0,"menu_order":0,"comment_status":"closed","ping_status":"closed","template":"","meta":{"rs_blank_template":"","rs_page_bg_color":"","slide_template_v7":"","footnotes":""},"categories":[1],"tags":[],"class_list":["post-5893","page","type-page","status-publish","has-post-thumbnail","hentry","category-blog"],"_links":{"self":[{"href":"https:\/\/rental-car.company\/it\/wp-json\/wp\/v2\/pages\/5893","targetHints":{"allow":["GET"]}}],"collection":[{"href":"https:\/\/rental-car.company\/it\/wp-json\/wp\/v2\/pages"}],"about":[{"href":"https:\/\/rental-car.company\/it\/wp-json\/wp\/v2\/types\/page"}],"author":[{"embeddable":true,"href":"https:\/\/rental-car.company\/it\/wp-json\/wp\/v2\/users\/1"}],"replies":[{"embeddable":true,"href":"https:\/\/rental-car.company\/it\/wp-json\/wp\/v2\/comments?post=5893"}],"version-history":[{"count":0,"href":"https:\/\/rental-car.company\/it\/wp-json\/wp\/v2\/pages\/5893\/revisions"}],"wp:featuredmedia":[{"embeddable":true,"href":"https:\/\/rental-car.company\/it\/wp-json\/wp\/v2\/media\/3999"}],"wp:attachment":[{"href":"https:\/\/rental-car.company\/it\/wp-json\/wp\/v2\/media?parent=5893"}],"wp:term":[{"taxonomy":"category","embeddable":true,"href":"https:\/\/rental-car.company\/it\/wp-json\/wp\/v2\/categories?post=5893"},{"taxonomy":"post_tag","embeddable":true,"href":"https:\/\/rental-car.company\/it\/wp-json\/wp\/v2\/tags?post=5893"}],"curies":[{"name":"wp","href":"https:\/\/api.w.org\/{rel}","templated":true}]}}