{"id":5941,"date":"2024-08-21T15:05:19","date_gmt":"2024-08-21T15:05:19","guid":{"rendered":"https:\/\/rental-car.company\/?page_id=5941"},"modified":"2024-08-21T15:05:19","modified_gmt":"2024-08-21T15:05:19","slug":"noleggio-auto-pensacola-fl","status":"publish","type":"page","link":"https:\/\/rental-car.company\/it\/noleggio-auto-pensacola-fl\/","title":{"rendered":"Noleggio auto Pensacola FL - La guida definitiva al noleggio di un'auto nello Stato del sole"},"content":{"rendered":"<div class=\"wpb-content-wrapper\"><div class=\"vc_row wpb_row vc_row-fluid\"><div class=\"wpb_column vc_column_container vc_col-sm-12\"><div class=\"vc_column-inner\"><div class=\"wpb_wrapper\">\n\t<div class=\"wpb_text_column wpb_content_element\" >\n\t\t<div class=\"wpb_wrapper\">\n\t\t\t<p><script id=\"dchwidget\" src=\"https:\/\/www.discovercars.com\/wg.js\" async=\"\" data-dev-env=\"com\" data-location=\"\" data-lang=\"en\" data-utm-source=\"malina\" data-utm-medium=\"widget\" data-aff-code=\"a_aid\" data-autocomplete=\"on\" data-style-submit-bg-color=\"00A200\" data-style-submit-font-color=\"white\" data-style-form-bg-color=\"FAD130\" data-style-form-font-color=\"333\" data-style-submit-text=\"Search now\"><\/script><\/p>\n\n\t\t<\/div>\n\t<\/div>\n<\/div><\/div><\/div><\/div>\n<p>&nbsp;<\/p>\n<h2>Scopri le migliori opzioni di noleggio auto a Pensacola FL<\/h2>\n<p><img loading=\"lazy\" decoding=\"async\" class=\"alignleft\" src=\"\/wp-content\/uploads\/images\/rent_car_1321.png\" alt=\"noleggio auto pensacola fl\" width=\"350\" height=\"350\" \/><\/p>\n<p>Pensacola, Florida, \u00e8 nota per le sue bellissime spiagge, i deliziosi frutti di mare e la sua ricca storia. Essendo una delle destinazioni di vacanza pi\u00f9 popolari del Sunshine State, non sorprende che ci siano molte opzioni di noleggio auto a disposizione dei visitatori per esplorare tutto ci\u00f2 che questa citt\u00e0 ha da offrire. In questo articolo, approfondiremo tutto ci\u00f2 che c'\u00e8 da sapere sul noleggio auto a Pensacola FL.<\/p>\n<h3>I vantaggi del noleggio di un'auto a Pensacola FL<\/h3>\n<p>Noleggiare un'auto a Pensacola FL offre numerosi vantaggi ai viaggiatori. Innanzitutto, avere un mezzo di trasporto proprio vi d\u00e0 la libert\u00e0 di esplorare la citt\u00e0 al vostro ritmo. Non dovrete affidarvi ai mezzi pubblici o a costose corse in taxi per spostarvi.<\/p>\n<p>Inoltre, noleggiare un'auto pu\u00f2 anche farvi risparmiare denaro. Nelle destinazioni turistiche pi\u00f9 popolari come Pensacola, i taxi e i servizi di ride-sharing possono far lievitare rapidamente i costi. Con un'auto a noleggio, avete la possibilit\u00e0 di scegliere un veicolo adatto al vostro budget e alle vostre esigenze.<\/p>\n<p>Infine, noleggiare un'auto vi permette di accedere a luoghi che potrebbero non essere facilmente raggiungibili con i mezzi pubblici. Dalle spiagge isolate alle piccole citt\u00e0 fuori dai sentieri battuti, avere un veicolo proprio vi permette di sperimentare veramente tutto ci\u00f2 che Pensacola ha da offrire.<\/p>\n<h3>Le migliori compagnie di autonoleggio a Pensacola FL<\/h3>\n<p>A Pensacola FL operano molte societ\u00e0 di autonoleggio affidabili come Enterprise Rent-A-Car, Hertz Car Rental, Budget Rent-A-Car e Avis Rent-A-Car. Queste societ\u00e0 offrono un'ampia gamma di veicoli, tra cui auto economiche per i viaggiatori attenti al budget e auto di lusso per chi cerca qualcosa di pi\u00f9 raffinato.<\/p>\n<p>\u00c8 importante confrontare i prezzi e leggere le recensioni prima di effettuare una prenotazione per assicurarsi di ottenere il miglior affare e servizio. Potete anche approfittare degli sconti e delle promozioni offerte dalle societ\u00e0 di autonoleggio, soprattutto durante l'alta stagione.<\/p>\n<h4>Pro e contro<\/h4>\n<p>Pro:<br \/>\n- Libert\u00e0 di esplorare al proprio ritmo<br \/>\n- Conveniente rispetto ad altre opzioni di trasporto<br \/>\n- Accesso a destinazioni fuori dai sentieri battuti<\/p>\n<p>Contro:<br \/>\n- Spese aggiuntive come assicurazione e gas<br \/>\n- Potenziale costo aggiuntivo se l'auto viene riconsegnata in ritardo o con danni<\/p>\n<h4>Domande frequenti (FAQ)<\/h4>\n<p><img loading=\"lazy\" decoding=\"async\" class=\"alignright\" src=\"\/wp-content\/uploads\/images\/rent_car_1057.png\" alt=\"noleggio auto pensacola fl\" width=\"350\" height=\"350\" \/><\/p>\n<p>D: Di quali documenti ho bisogno per noleggiare un'auto a Pensacola FL?<br \/>\nR: \u00c8 necessario avere una patente di guida valida, una carta di credito e un documento di assicurazione.<\/p>\n<p>D: C'\u00e8 un limite di et\u00e0 per noleggiare un'auto a Pensacola FL?<br \/>\nR: La maggior parte delle societ\u00e0 di autonoleggio richiede che i noleggiatori abbiano almeno 25 anni. Tuttavia, alcune compagnie possono noleggiare a conducenti di et\u00e0 compresa tra i 21 e i 24 anni con un supplemento.<\/p>\n<p>D: Posso restituire l'auto in un luogo diverso?<br \/>\nR: S\u00ec, la maggior parte delle compagnie di autonoleggio consente il noleggio di auto di sola andata a un costo aggiuntivo. Assicuratevi di verificare in anticipo con la compagnia.<\/p>\n<p>In conclusione, il noleggio di un'auto a Pensacola FL \u00e8 altamente consigliato a chiunque voglia sperimentare appieno tutto ci\u00f2 che questa splendida citt\u00e0 ha da offrire. Grazie alle numerose opzioni disponibili presso aziende affidabili, \u00e8 possibile trovare il veicolo perfetto per il proprio budget e le proprie esigenze. Quindi, andate avanti ed esplorate il Sunshine State alle vostre condizioni con un'auto a noleggio affidabile da una di queste aziende top a Pensacola FL.<\/p>\n<\/div>","protected":false},"excerpt":{"rendered":"<p>&nbsp; Discover the Best Car Rental Options in Pensacola FL Pensacola, Florida is known for its beautiful beaches, delicious seafood, and rich history. As one of the most popular vacation destinations in the Sunshine State, it&#8217;s no surprise that there are plenty of car rental options available for visitors to explore all that this city [&hellip;]<\/p>\n","protected":false},"author":1,"featured_media":2742,"parent":0,"menu_order":0,"comment_status":"closed","ping_status":"closed","template":"","meta":{"rs_blank_template":"","rs_page_bg_color":"","slide_template_v7":"","footnotes":""},"categories":[1],"tags":[],"class_list":["post-5941","page","type-page","status-publish","has-post-thumbnail","hentry","category-blog"],"_links":{"self":[{"href":"https:\/\/rental-car.company\/it\/wp-json\/wp\/v2\/pages\/5941","targetHints":{"allow":["GET"]}}],"collection":[{"href":"https:\/\/rental-car.company\/it\/wp-json\/wp\/v2\/pages"}],"about":[{"href":"https:\/\/rental-car.company\/it\/wp-json\/wp\/v2\/types\/page"}],"author":[{"embeddable":true,"href":"https:\/\/rental-car.company\/it\/wp-json\/wp\/v2\/users\/1"}],"replies":[{"embeddable":true,"href":"https:\/\/rental-car.company\/it\/wp-json\/wp\/v2\/comments?post=5941"}],"version-history":[{"count":0,"href":"https:\/\/rental-car.company\/it\/wp-json\/wp\/v2\/pages\/5941\/revisions"}],"wp:featuredmedia":[{"embeddable":true,"href":"https:\/\/rental-car.company\/it\/wp-json\/wp\/v2\/media\/2742"}],"wp:attachment":[{"href":"https:\/\/rental-car.company\/it\/wp-json\/wp\/v2\/media?parent=5941"}],"wp:term":[{"taxonomy":"category","embeddable":true,"href":"https:\/\/rental-car.company\/it\/wp-json\/wp\/v2\/categories?post=5941"},{"taxonomy":"post_tag","embeddable":true,"href":"https:\/\/rental-car.company\/it\/wp-json\/wp\/v2\/tags?post=5941"}],"curies":[{"name":"wp","href":"https:\/\/api.w.org\/{rel}","templated":true}]}}