{"id":6055,"date":"2024-08-22T17:05:20","date_gmt":"2024-08-22T17:05:20","guid":{"rendered":"https:\/\/rental-car.company\/?page_id=6055"},"modified":"2024-08-22T17:05:20","modified_gmt":"2024-08-22T17:05:20","slug":"noleggio-auto-west-palm-beach-2","status":"publish","type":"page","link":"https:\/\/rental-car.company\/it\/noleggio-auto-west-palm-beach-2\/","title":{"rendered":"Noleggio auto West Palm Beach - La vostra guida definitiva"},"content":{"rendered":"<div class=\"wpb-content-wrapper\"><p>Se state programmando un viaggio a West Palm Beach, in Florida, uno dei modi migliori per spostarsi ed esplorare tutto ci\u00f2 che questa splendida citt\u00e0 ha da offrire \u00e8 noleggiare un'auto. Noleggiare un'auto a West Palm Beach vi d\u00e0 la libert\u00e0 e la flessibilit\u00e0 di creare il vostro itinerario, di viaggiare al vostro ritmo e di vivere davvero la citt\u00e0 come un abitante del luogo. In questa guida vi illustreremo tutto quello che c'\u00e8 da sapere sul noleggio di un'auto a West Palm Beach.<\/p>\n<h2>Esplorate West Palm Beach con la societ\u00e0 di autonoleggio<\/h2>\n<p>Alla Rental Car Company siamo specializzati nel fornire auto a noleggio affidabili e convenienti ai viaggiatori che visitano West Palm Beach. La nostra flotta comprende una variet\u00e0 di veicoli, dalle auto compatte ai SUV, assicurando che abbiamo l'auto perfetta per le vostre esigenze e il vostro budget. Grazie alle nostre comode sedi in tutta la citt\u00e0, ritirare e riconsegnare l'auto a noleggio \u00e8 facile e senza problemi.<\/p>\n<div class=\"vc_row wpb_row vc_row-fluid\"><div class=\"wpb_column vc_column_container vc_col-sm-12\"><div class=\"vc_column-inner\"><div class=\"wpb_wrapper\">\n\t<div class=\"wpb_text_column wpb_content_element\" >\n\t\t<div class=\"wpb_wrapper\">\n\t\t\t<p><script id=\"dchwidget\" src=\"https:\/\/www.discovercars.com\/wg.js\" async=\"\" data-dev-env=\"com\" data-location=\"\" data-lang=\"en\" data-utm-source=\"malina\" data-utm-medium=\"widget\" data-aff-code=\"a_aid\" data-autocomplete=\"on\" data-style-submit-bg-color=\"00A200\" data-style-submit-font-color=\"white\" data-style-form-bg-color=\"FAD130\" data-style-form-font-color=\"333\" data-style-submit-text=\"Search now\"><\/script><\/p>\n\n\t\t<\/div>\n\t<\/div>\n<\/div><\/div><\/div><\/div>\n<p>&nbsp;<\/p>\n<h2>Scoprire Autonoleggio West Palm Beach<\/h2>\n<p><img loading=\"lazy\" decoding=\"async\" class=\"alignleft\" src=\"\/wp-content\/uploads\/images\/rent_car_1192.png\" alt=\"noleggio auto west palm beach\" width=\"350\" height=\"350\" \/><\/p>\n<h3>I vantaggi del noleggio di un'auto a West Palm Beach<\/h3>\n<p>Ci sono numerosi vantaggi nel noleggiare un'auto a West Palm Beach:<\/p>\n<ul>\n<li>Convenienza: Avere un mezzo di trasporto proprio vi permette di andare e venire a vostro piacimento senza dover ricorrere ai mezzi pubblici o a costosi servizi di taxi.<\/li>\n<li>Flessibilit\u00e0: Con un'auto a noleggio, potete creare il vostro programma ed esplorare al vostro ritmo senza essere limitati dagli itinerari dei gruppi turistici.<\/li>\n<li>Convenienza: Il noleggio di un'auto pu\u00f2 spesso essere pi\u00f9 conveniente di altri mezzi di trasporto quando si viaggia con pi\u00f9 persone o si visitano pi\u00f9 destinazioni.<\/li>\n<li>Comfort: Avere accesso all'aria condizionata durante le calde giornate della Florida o al calore durante le serate fredde pu\u00f2 migliorare notevolmente la vostra esperienza di viaggio.<\/li>\n<\/ul>\n<h3>Il processo di noleggio di un'auto a West Palm Beach<\/h3>\n<p>Noleggiare un'auto a West Palm Beach \u00e8 un processo semplice che pu\u00f2 essere completato in pochi passi:<\/p>\n<ol>\n<li>Scegliete la vostra compagnia di autonoleggio: Fate una ricerca e confrontate prezzi e recensioni per trovare la societ\u00e0 di autonoleggio pi\u00f9 adatta alle vostre esigenze.<\/li>\n<li>Effettuare una prenotazione: Una volta scelta la compagnia di autonoleggio, prenotate online o per telefono. Assicuratevi di fornire tutte le informazioni necessarie, come il luogo di ritiro e di consegna, le date e gli orari.<\/li>\n<li>Ritiro dell'auto: Il giorno della prenotazione, recatevi al punto di ritiro designato con tutta la documentazione necessaria (patente, carta di credito, ecc.) per ricevere l'auto a noleggio.<\/li>\n<li>Restituzione dell'auto: Quando restituite l'auto alla fine del viaggio, assicuratevi di fare il pieno di benzina e di riconsegnarla in tempo per evitare costi aggiuntivi.<\/li>\n<\/ol>\n<h4>I vantaggi del noleggio con una societ\u00e0 di autonoleggio<\/h4>\n<p><img loading=\"lazy\" decoding=\"async\" class=\"alignright\" src=\"\/wp-content\/uploads\/images\/rent_car_1356.png\" alt=\"noleggio auto west palm beach\" width=\"350\" height=\"350\" \/><\/p>\n<ul>\n<li>Tariffe convenienti<\/li>\n<li>Variet\u00e0 di veicoli disponibili<\/li>\n<li>Sedi convenienti in tutta West Palm Beach<\/li>\n<li>Servizio clienti cordiale<\/li\n><\/ul>\n<h4>Contro del noleggio con una societ\u00e0 di autonoleggio<\/h4\n><\/p>\n<ul\n><\/p>\n<li>Non sono disponibili servizi di prelievo o consegna dall'aeroporto<\/li\n>\n<ul>\n<h2>Domande frequenti sul noleggio di un'auto a West Palm Beach <\/h2>\n<h4>Di quali documenti ho bisogno per noleggiare un'auto?<\/h4\n><\/p>\n<p>Per noleggiare un'auto a West Palm Beach, \u00e8 necessario avere una patente di guida valida e una carta di credito. Alcune societ\u00e0 di noleggio possono richiedere ulteriori forme di identificazione o la prova dell'assicurazione.<\/p\n\n\n\n<h4>C'\u00e8 un requisito di et\u00e0 per noleggiare un'auto?<\/h4\n><\/p>\n<p>La maggior parte delle compagnie di autonoleggio richiede che i conducenti abbiano almeno 21 anni, anche se alcune possono avere un'et\u00e0 minima di 25 anni. I conducenti di et\u00e0 inferiore ai 25 anni possono incorrere in costi aggiuntivi.<\/p\n\n\n\n<h4>Ho bisogno di un'assicurazione quando noleggio un'auto?<\/h4\n><\/p>\n<p>Le compagnie di autonoleggio offrono in genere opzioni di assicurazione a pagamento. Tuttavia, anche l'assicurazione auto personale o la compagnia della carta di credito possono fornire una copertura per le auto a noleggio. Assicuratevi di verificare con il vostro assicuratore prima di rifiutare l'assicurazione per le auto a noleggio.<\/p\n\n\n\n<h4>Posso ritirare e riconsegnare la mia auto a noleggio in luoghi diversi?<\/h4\n><\/p>\n<p>Alcune societ\u00e0 di autonoleggio offrono la possibilit\u00e0 di ritirare e riconsegnare l'auto in luoghi diversi, ma ci\u00f2 pu\u00f2 comportare costi aggiuntivi. Assicuratevi di verificare in anticipo con la compagnia scelta.<\/p\n\n\n\n<p>Noleggiare un'auto a West Palm Beach \u00e8 un modo eccellente per sfruttare al meglio il vostro viaggio ed esplorare tutto ci\u00f2 che questa vivace citt\u00e0 ha da offrire. Con Rental Car Company, potrete usufruire di tariffe convenienti e servizi convenienti per un'esperienza di viaggio senza stress. Prenotate oggi stesso la vostra auto a noleggio e preparatevi a partire con stile!<\/p>","protected":false},"excerpt":{"rendered":"<p>If you&#8217;re planning a trip to West Palm Beach, Florida, one of the best ways to get around and explore all that this beautiful city has to offer is by renting a car. Renting a car in West Palm Beach gives you the freedom and flexibility to create your own itinerary, travel at your own [&hellip;]<\/p>\n","protected":false},"author":1,"featured_media":6057,"parent":0,"menu_order":0,"comment_status":"closed","ping_status":"closed","template":"","meta":{"rs_blank_template":"","rs_page_bg_color":"","slide_template_v7":"","footnotes":""},"categories":[1],"tags":[],"class_list":["post-6055","page","type-page","status-publish","has-post-thumbnail","hentry","category-blog"],"_links":{"self":[{"href":"https:\/\/rental-car.company\/it\/wp-json\/wp\/v2\/pages\/6055","targetHints":{"allow":["GET"]}}],"collection":[{"href":"https:\/\/rental-car.company\/it\/wp-json\/wp\/v2\/pages"}],"about":[{"href":"https:\/\/rental-car.company\/it\/wp-json\/wp\/v2\/types\/page"}],"author":[{"embeddable":true,"href":"https:\/\/rental-car.company\/it\/wp-json\/wp\/v2\/users\/1"}],"replies":[{"embeddable":true,"href":"https:\/\/rental-car.company\/it\/wp-json\/wp\/v2\/comments?post=6055"}],"version-history":[{"count":0,"href":"https:\/\/rental-car.company\/it\/wp-json\/wp\/v2\/pages\/6055\/revisions"}],"wp:featuredmedia":[{"embeddable":true,"href":"https:\/\/rental-car.company\/it\/wp-json\/wp\/v2\/media\/6057"}],"wp:attachment":[{"href":"https:\/\/rental-car.company\/it\/wp-json\/wp\/v2\/media?parent=6055"}],"wp:term":[{"taxonomy":"category","embeddable":true,"href":"https:\/\/rental-car.company\/it\/wp-json\/wp\/v2\/categories?post=6055"},{"taxonomy":"post_tag","embeddable":true,"href":"https:\/\/rental-car.company\/it\/wp-json\/wp\/v2\/tags?post=6055"}],"curies":[{"name":"wp","href":"https:\/\/api.w.org\/{rel}","templated":true}]}}