{"id":6067,"date":"2024-08-22T20:05:32","date_gmt":"2024-08-22T20:05:32","guid":{"rendered":"https:\/\/rental-car.company\/?page_id=6067"},"modified":"2024-08-22T20:05:32","modified_gmt":"2024-08-22T20:05:32","slug":"noleggio-auto-union-station","status":"publish","type":"page","link":"https:\/\/rental-car.company\/it\/noleggio-auto-union-station\/","title":{"rendered":"Noleggio auto Union Station: la guida definitiva"},"content":{"rendered":"<div class=\"wpb-content-wrapper\"><h2>Scoprite la convenienza del noleggio auto a Union Station<\/h2>\n<p>Avete in programma un viaggio in una nuova citt\u00e0 e avete bisogno di un mezzo di trasporto affidabile? Non cercate oltre il noleggio auto di Union Station. Situata nel cuore di molte grandi citt\u00e0, la Union Station \u00e8 uno snodo di trasporto popolare per i viaggiatori. Grazie alla sua posizione comoda e alla variet\u00e0 di opzioni di noleggio auto, non c'\u00e8 da stupirsi che molte persone scelgano di noleggiare le loro auto da qui.<\/p>\n<div class=\"vc_row wpb_row vc_row-fluid\"><div class=\"wpb_column vc_column_container vc_col-sm-12\"><div class=\"vc_column-inner\"><div class=\"wpb_wrapper\">\n\t<div class=\"wpb_text_column wpb_content_element\" >\n\t\t<div class=\"wpb_wrapper\">\n\t\t\t<p><script id=\"dchwidget\" src=\"https:\/\/www.discovercars.com\/wg.js\" async=\"\" data-dev-env=\"com\" data-location=\"\" data-lang=\"en\" data-utm-source=\"malina\" data-utm-medium=\"widget\" data-aff-code=\"a_aid\" data-autocomplete=\"on\" data-style-submit-bg-color=\"00A200\" data-style-submit-font-color=\"white\" data-style-form-bg-color=\"FAD130\" data-style-form-font-color=\"333\" data-style-submit-text=\"Search now\"><\/script><\/p>\n\n\t\t<\/div>\n\t<\/div>\n<\/div><\/div><\/div><\/div>\n<p>&nbsp;<\/p>\n<h2>Scoprire il noleggio auto di Union Station<\/h2>\n<p><img loading=\"lazy\" decoding=\"async\" class=\"alignleft\" src=\"\/wp-content\/uploads\/images\/rent_car_1495.png\" alt=\"noleggio auto union station\" width=\"350\" height=\"350\" \/><\/p>\n<p>Il noleggio auto di Union Station offre un'ampia gamma di veicoli per soddisfare le vostre esigenze specifiche. Che siate in viaggio da soli o in gruppo, c'\u00e8 un'opzione per tutti. Dalle auto compatte per manovrare facilmente nelle strade trafficate della citt\u00e0 agli spaziosi SUV per le vacanze in famiglia, alla Union Station potete trovare il veicolo perfetto.<\/p>\n<p>Uno dei principali vantaggi del noleggio in questa localit\u00e0 \u00e8 la sua accessibilit\u00e0. Molte delle principali societ\u00e0 di autonoleggio hanno uffici all'interno o nelle vicinanze della Union Station, il che rende facile ritirare e riconsegnare il veicolo prima o dopo il viaggio. Questo elimina la necessit\u00e0 di costosi trasferimenti dall'aeroporto o di affidarsi ai mezzi pubblici.<\/p>\n<h3>Il processo: Come funziona?<\/h3>\n<p>Noleggiare un'auto alla Union Station \u00e8 semplice e immediato. \u00c8 possibile prenotare il noleggio online in anticipo o recarsi sul posto (a seconda della disponibilit\u00e0). Una volta arrivati alla stazione, recatevi all'ufficio della societ\u00e0 di autonoleggio scelta e fornite i dettagli della prenotazione.<\/p>\n<p>Dopo aver completato tutti i documenti necessari e aver presentato una patente di guida e una carta di credito valide, vi verranno consegnate le chiavi del veicolo. A questo punto, non vi resta che partire ed esplorare la vostra destinazione a vostro piacimento.<\/p>\n<h3>Pro e contro<\/h3>\n<p>Pro:<br \/>\n- Posizione comoda nelle principali citt\u00e0<br \/>\n- Variet\u00e0 di veicoli disponibili<br \/>\n- Facile processo di ritiro e consegna<br \/>\n- Prezzi competitivi<\/p>\n<p>Contro:<br \/>\n- Opzioni di parcheggio limitate alla Union Station<br \/>\n- La disponibilit\u00e0 di veicoli pu\u00f2 essere limitata durante le stagioni di punta.<br \/>\n- Potrebbero essere applicati costi aggiuntivi per la consegna in un luogo diverso.<\/p>\n<h3>FAQ<\/h3>\n<p><img loading=\"lazy\" decoding=\"async\" class=\"alignright\" src=\"\/wp-content\/uploads\/images\/rent_car_14.png\" alt=\"noleggio auto union station\" width=\"350\" height=\"350\" \/><\/p>\n<p>D: Posso restituire la mia auto a noleggio in un luogo diverso?<br \/>\nR: S\u00ec, la maggior parte delle societ\u00e0 di autonoleggio consente di riconsegnare il veicolo in un altro luogo pagando un supplemento. Assicuratevi di verificare in anticipo con la societ\u00e0 scelta.<\/p>\n<p>D: L'assicurazione \u00e8 inclusa nel prezzo del noleggio?<br \/>\nR: No, in genere l'assicurazione non \u00e8 inclusa nel prezzo del noleggio. Potete scegliere di acquistare l'assicurazione tramite la societ\u00e0 di autonoleggio o di utilizzare la vostra assicurazione personale.<\/p>\n<p>D: Ci sono restrizioni di et\u00e0 per noleggiare un'auto da Union Station?<br \/>\nR: S\u00ec, la maggior parte delle compagnie richiede che i noleggiatori abbiano almeno 25 anni. Tuttavia, alcune compagnie possono autorizzare i conducenti pi\u00f9 giovani con un supplemento.<\/p>\n<p>In conclusione, l'autonoleggio Union Station offre convenienza e flessibilit\u00e0 ai viaggiatori che cercano un mezzo di trasporto affidabile durante il loro viaggio. Grazie alla sua posizione centrale e alla variet\u00e0 di opzioni di veicoli, non c'\u00e8 da stupirsi che molte persone scelgano questa come opzione di riferimento per il noleggio di un'auto nelle grandi citt\u00e0. Quindi, la prossima volta che state pianificando un viaggio, prendete in considerazione il noleggio presso la Union Station e sperimentate la facilit\u00e0 e il comfort che ha da offrire.<\/p>\n<\/div>","protected":false},"excerpt":{"rendered":"<p>Explore the Convenience of Union Station Car Rental Are you planning a trip to a new city and need a reliable mode of transportation? Look no further than Union Station car rental. Located in the heart of many major cities, Union Station is a popular transportation hub for travelers. With its convenient location and variety [&hellip;]<\/p>\n","protected":false},"author":1,"featured_media":2762,"parent":0,"menu_order":0,"comment_status":"closed","ping_status":"closed","template":"","meta":{"rs_blank_template":"","rs_page_bg_color":"","slide_template_v7":"","footnotes":""},"categories":[1],"tags":[],"class_list":["post-6067","page","type-page","status-publish","has-post-thumbnail","hentry","category-blog"],"_links":{"self":[{"href":"https:\/\/rental-car.company\/it\/wp-json\/wp\/v2\/pages\/6067","targetHints":{"allow":["GET"]}}],"collection":[{"href":"https:\/\/rental-car.company\/it\/wp-json\/wp\/v2\/pages"}],"about":[{"href":"https:\/\/rental-car.company\/it\/wp-json\/wp\/v2\/types\/page"}],"author":[{"embeddable":true,"href":"https:\/\/rental-car.company\/it\/wp-json\/wp\/v2\/users\/1"}],"replies":[{"embeddable":true,"href":"https:\/\/rental-car.company\/it\/wp-json\/wp\/v2\/comments?post=6067"}],"version-history":[{"count":0,"href":"https:\/\/rental-car.company\/it\/wp-json\/wp\/v2\/pages\/6067\/revisions"}],"wp:featuredmedia":[{"embeddable":true,"href":"https:\/\/rental-car.company\/it\/wp-json\/wp\/v2\/media\/2762"}],"wp:attachment":[{"href":"https:\/\/rental-car.company\/it\/wp-json\/wp\/v2\/media?parent=6067"}],"wp:term":[{"taxonomy":"category","embeddable":true,"href":"https:\/\/rental-car.company\/it\/wp-json\/wp\/v2\/categories?post=6067"},{"taxonomy":"post_tag","embeddable":true,"href":"https:\/\/rental-car.company\/it\/wp-json\/wp\/v2\/tags?post=6067"}],"curies":[{"name":"wp","href":"https:\/\/api.w.org\/{rel}","templated":true}]}}