{"id":6093,"date":"2024-08-23T02:05:58","date_gmt":"2024-08-23T02:05:58","guid":{"rendered":"https:\/\/rental-car.company\/?page_id=6093"},"modified":"2024-08-23T02:05:58","modified_gmt":"2024-08-23T02:05:58","slug":"noleggio-auto-warrington","status":"publish","type":"page","link":"https:\/\/rental-car.company\/it\/noleggio-auto-warrington\/","title":{"rendered":"Autonoleggio Warrington - La vostra guida definitiva"},"content":{"rendered":"<div class=\"wpb-content-wrapper\"><h2>Noleggiare un'auto a Warrington per comodit\u00e0 e flessibilit\u00e0<\/h2>\n<p>Se state pianificando un viaggio a Warrington, Regno Unito, una delle cose pi\u00f9 importanti da considerare \u00e8 il mezzo di trasporto. Anche se i trasporti pubblici possono essere un'opzione, non sempre sono i pi\u00f9 convenienti o flessibili. \u00c8 qui che entra in gioco il noleggio auto a Warrington.<\/p>\n<p>Con il noleggio auto a Warrington, avrete la libert\u00e0 di esplorare la citt\u00e0 e le aree circostanti al vostro ritmo. Non dovrete pi\u00f9 fare affidamento sugli orari degli autobus o dei treni e potrete fare deviazioni spontanee quando vorrete. In questa guida daremo un'occhiata pi\u00f9 da vicino al noleggio auto a Warrington e al motivo per cui \u00e8 la scelta migliore per il vostro prossimo viaggio.<\/p>\n<div class=\"vc_row wpb_row vc_row-fluid\"><div class=\"wpb_column vc_column_container vc_col-sm-12\"><div class=\"vc_column-inner\"><div class=\"wpb_wrapper\">\n\t<div class=\"wpb_text_column wpb_content_element\" >\n\t\t<div class=\"wpb_wrapper\">\n\t\t\t<p><script id=\"dchwidget\" src=\"https:\/\/www.discovercars.com\/wg.js\" async=\"\" data-dev-env=\"com\" data-location=\"\" data-lang=\"en\" data-utm-source=\"malina\" data-utm-medium=\"widget\" data-aff-code=\"a_aid\" data-autocomplete=\"on\" data-style-submit-bg-color=\"00A200\" data-style-submit-font-color=\"white\" data-style-form-bg-color=\"FAD130\" data-style-form-font-color=\"333\" data-style-submit-text=\"Search now\"><\/script><\/p>\n\n\t\t<\/div>\n\t<\/div>\n<\/div><\/div><\/div><\/div>\n<p>&nbsp;<\/p>\n<h2>Scoprire il noleggio auto Warrington - I vantaggi<\/h2>\n<p><img loading=\"lazy\" decoding=\"async\" class=\"alignleft\" src=\"\/wp-content\/uploads\/images\/rent_car_494.png\" alt=\"noleggio auto warrington\" width=\"350\" height=\"350\" \/><\/p>\n<p>Ci sono diversi vantaggi nello scegliere il noleggio auto a Warrington per i vostri viaggi. Ecco alcuni dei principali vantaggi:<\/p>\n<p>- Convenienza: Con l'autonoleggio Warrington, potete ritirare e riconsegnare il veicolo a noleggio nel luogo che pi\u00f9 vi aggrada. Ci\u00f2 significa che non dovrete preoccuparvi di andare e tornare da un ufficio di noleggio specifico.<br \/>\n- Flessibilit\u00e0: Come gi\u00e0 detto, avere un'auto a noleggio vi d\u00e0 la libert\u00e0 di esplorare senza essere limitati dagli orari dei trasporti pubblici.<br \/>\n- Economico: A seconda della durata del soggiorno a Warrington, noleggiare un'auto pu\u00f2 essere pi\u00f9 conveniente che utilizzare taxi o altri mezzi di trasporto.<br \/>\n- Comfort: Avere un proprio veicolo a noleggio consente un maggiore comfort durante il viaggio. Potete controllare fattori come la temperatura e la musica durante la guida.<br \/>\n- Facile accesso alle aree circostanti: Con un'auto a noleggio, potete visitare facilmente le citt\u00e0 o le attrazioni vicine che potrebbero non essere accessibili con i mezzi pubblici.<\/p>\n<h3>I vantaggi della scelta dell'autonoleggio Warrington<\/h3>\n<p>- Ampia scelta di veicoli: Con rental-car.company, potete scegliere tra una variet\u00e0 di veicoli adatti alle vostre esigenze e al vostro budget.<br \/>\n- Tariffe convenienti: Rental-car.company offre tariffe competitive per il noleggio auto a Warrington.<br \/>\n- Facile prenotazione online: Potete prenotare facilmente la vostra auto a noleggio online attraverso il nostro sito web, rendendo il processo rapido e conveniente.<br \/>\n- Assistenza clienti 24\/7: Il nostro servizio clienti \u00e8 disponibile 24 ore su 24, 7 giorni su 7, per assistervi in caso di domande o dubbi.<\/p>\n<h3>Contro della scelta dell'autonoleggio Warrington<\/h3>\n<p>- Spese aggiuntive: A seconda della societ\u00e0 di noleggio, possono essere previsti costi aggiuntivi come l'assicurazione o la restituzione tardiva. Assicuratevi di leggere attentamente i termini e le condizioni prima di prenotare.<br \/>\n- Traffico e parcheggi: Come ogni citt\u00e0, il traffico a Warrington pu\u00f2 essere intenso nelle ore di punta. Inoltre, trovare parcheggio pu\u00f2 essere una sfida in alcune aree.<\/p>\n<h4>Domande frequenti sul noleggio auto a Warrington<\/h4>\n<p><img loading=\"lazy\" decoding=\"async\" class=\"alignright\" src=\"\/wp-content\/uploads\/images\/rent_car_1211.png\" alt=\"noleggio auto warrington\" width=\"350\" height=\"350\" \/><\/p>\n<h5>D: Posso noleggiare un&#039;auto se ho meno di 25 anni?<\/h5>\n<p>R: La maggior parte delle compagnie di autonoleggio ha un'et\u00e0 minima di 25 anni. Tuttavia, alcune compagnie possono autorizzare i conducenti di et\u00e0 compresa tra i 21 e i 24 anni con un supplemento.<\/p>\n<h5>D: Ho bisogno di un'assicurazione quando noleggio un'auto a Warrington?<\/h5>\n<p>R: S\u00ec, la maggior parte delle societ\u00e0 di noleggio richiede un'assicurazione prima di noleggiare un veicolo. Se la vostra assicurazione personale non copre il noleggio, potete acquistare la copertura tramite la societ\u00e0 di noleggio.<\/p>\n<h5>D: Di quali documenti ho bisogno per noleggiare un'auto a Warrington?<\/h5>\n<p>R: \u00c8 necessario avere una patente di guida valida, una carta di credito per il pagamento e una prova di assicurazione (se si utilizza un'assicurazione personale).<\/p>\n<h2>In sintesi<\/h2>\n<p>Il noleggio auto a Warrington \u00e8 un'opzione comoda e flessibile per esplorare la citt\u00e0 e le aree circostanti. Con rental-car.company, avete accesso a un'ampia selezione di veicoli a tariffe convenienti. Anche se ci possono essere costi aggiuntivi e problemi come il traffico e il parcheggio, i vantaggi di avere una propria auto a noleggio superano di gran lunga gli svantaggi.<\/p>\n<p>Quindi, quando pianificate il vostro prossimo viaggio a Warrington, prendete in considerazione il noleggio di un'auto per un'esperienza piacevole e senza problemi. Prenotate oggi stesso online con rental-car.company e preparatevi a partire!<\/p>\n<\/div>","protected":false},"excerpt":{"rendered":"<p>Rent a Car in Warrington for Convenience and Flexibility If you are planning a trip to Warrington, UK, one of the most important things to consider is your mode of transportation. While public transport can be an option, it may not always be the most convenient or flexible option. This is where car hire in [&hellip;]<\/p>\n","protected":false},"author":1,"featured_media":6095,"parent":0,"menu_order":0,"comment_status":"closed","ping_status":"closed","template":"","meta":{"rs_blank_template":"","rs_page_bg_color":"","slide_template_v7":"","footnotes":""},"categories":[1],"tags":[],"class_list":["post-6093","page","type-page","status-publish","has-post-thumbnail","hentry","category-blog"],"_links":{"self":[{"href":"https:\/\/rental-car.company\/it\/wp-json\/wp\/v2\/pages\/6093","targetHints":{"allow":["GET"]}}],"collection":[{"href":"https:\/\/rental-car.company\/it\/wp-json\/wp\/v2\/pages"}],"about":[{"href":"https:\/\/rental-car.company\/it\/wp-json\/wp\/v2\/types\/page"}],"author":[{"embeddable":true,"href":"https:\/\/rental-car.company\/it\/wp-json\/wp\/v2\/users\/1"}],"replies":[{"embeddable":true,"href":"https:\/\/rental-car.company\/it\/wp-json\/wp\/v2\/comments?post=6093"}],"version-history":[{"count":0,"href":"https:\/\/rental-car.company\/it\/wp-json\/wp\/v2\/pages\/6093\/revisions"}],"wp:featuredmedia":[{"embeddable":true,"href":"https:\/\/rental-car.company\/it\/wp-json\/wp\/v2\/media\/6095"}],"wp:attachment":[{"href":"https:\/\/rental-car.company\/it\/wp-json\/wp\/v2\/media?parent=6093"}],"wp:term":[{"taxonomy":"category","embeddable":true,"href":"https:\/\/rental-car.company\/it\/wp-json\/wp\/v2\/categories?post=6093"},{"taxonomy":"post_tag","embeddable":true,"href":"https:\/\/rental-car.company\/it\/wp-json\/wp\/v2\/tags?post=6093"}],"curies":[{"name":"wp","href":"https:\/\/api.w.org\/{rel}","templated":true}]}}