{"id":6100,"date":"2024-08-23T03:05:18","date_gmt":"2024-08-23T03:05:18","guid":{"rendered":"https:\/\/rental-car.company\/?page_id=6100"},"modified":"2024-08-23T03:05:18","modified_gmt":"2024-08-23T03:05:18","slug":"noleggio-auto-temple-tx","status":"publish","type":"page","link":"https:\/\/rental-car.company\/it\/noleggio-auto-temple-tx\/","title":{"rendered":"Auto a noleggio Temple TX: la vostra guida per esplorare lo Stato della Stella Solitaria con stile"},"content":{"rendered":"<div class=\"wpb-content-wrapper\"><h2>Scoprite il meglio del Texas con le auto a noleggio di Temple TX<\/h2>\n<p>Quando si tratta di esplorare il grande Stato del Texas, non c'\u00e8 modo migliore di farlo che con un'auto a noleggio. E se avete intenzione di visitare l'affascinante citt\u00e0 di Temple, siete fortunati. Con le auto a noleggio temple tx, potrete navigare facilmente in questa vivace citt\u00e0 e non solo, senza sudare.<\/p>\n<div class=\"vc_row wpb_row vc_row-fluid\"><div class=\"wpb_column vc_column_container vc_col-sm-12\"><div class=\"vc_column-inner\"><div class=\"wpb_wrapper\">\n\t<div class=\"wpb_text_column wpb_content_element\" >\n\t\t<div class=\"wpb_wrapper\">\n\t\t\t<p><script id=\"dchwidget\" src=\"https:\/\/www.discovercars.com\/wg.js\" async=\"\" data-dev-env=\"com\" data-location=\"\" data-lang=\"en\" data-utm-source=\"malina\" data-utm-medium=\"widget\" data-aff-code=\"a_aid\" data-autocomplete=\"on\" data-style-submit-bg-color=\"00A200\" data-style-submit-font-color=\"white\" data-style-form-bg-color=\"FAD130\" data-style-form-font-color=\"333\" data-style-submit-text=\"Search now\"><\/script><\/p>\n\n\t\t<\/div>\n\t<\/div>\n<\/div><\/div><\/div><\/div>\n<p>&nbsp;<\/p>\n<h2>Scoprire le auto a noleggio Temple TX<\/h2>\n<p><img loading=\"lazy\" decoding=\"async\" class=\"alignleft\" src=\"\/wp-content\/uploads\/images\/rent_car_760.png\" alt=\"noleggio auto temple tx\" width=\"350\" height=\"350\" \/><\/p>\n<p>Temple \u00e8 una citt\u00e0 fiorente situata nel Texas centrale, nota per la sua ricca storia e la sua vibrante cultura. Dai monumenti storici alle attrazioni moderne, c'\u00e8 qualcosa per tutti i gusti in questa citt\u00e0 dinamica e diversificata. E con il noleggio auto temple tx, potrete facilmente scoprire tutto ci\u00f2 che Temple ha da offrire.<\/p>\n<p>Una delle principali attrazioni di Temple \u00e8 il Czech Heritage Museum and Genealogy Center. Con la vostra auto a noleggio da rental-car.company, potete facilmente raggiungere questo museo unico che celebra il patrimonio e la cultura ceca attraverso mostre ed eventi.<\/p>\n<p>Per gli amanti della vita all'aria aperta, il lago Belton \u00e8 una meta imperdibile. Questo splendido lago offre la possibilit\u00e0 di pescare, andare in barca, campeggiare e molto altro. Con la vostra auto a noleggio da rental-car.company, potete facilmente imballare la vostra attrezzatura e trascorrere una giornata in questo luogo pittoresco.<\/p>\n<p>E per chi \u00e8 alla ricerca di una terapia al dettaglio o di deliziosi punti di ristoro, non c'\u00e8 niente di meglio che il centro di Temple. Con la vostra auto a noleggio a portata di mano da rental-car.company, potrete esplorare tutti i negozi e i ristoranti che compongono questo vivace centro cittadino.<\/p>\n<h3>Perch\u00e9 noleggiare un'auto \u00e8 la scelta migliore<\/h3>\n<p>Il trasporto pubblico pu\u00f2 sembrare un'opzione conveniente per spostarsi a Temple,<br \/>\nspesso comporta limitazioni su dove e quando opera. Con un'auto a noleggio affidabile da<br \/>\nsociet\u00e0 di autonoleggio al vostro fianco,<br \/>\navrete la libert\u00e0 di esplorare al vostro ritmo e secondo i vostri programmi. Inoltre, con l'ulteriore comodit\u00e0 di poter ritirare e riconsegnare l'auto all'aeroporto di Temple o in altri luoghi convenienti, il noleggio di un'auto \u00e8 un'opzione senza problemi per i viaggiatori.<\/p>\n<h3>Pro e contro<\/h3>\n<p><b>Pro:<\/b><br \/>\n- Flessibilit\u00e0 e convenienza: Con un'auto a noleggio, avete la libert\u00e0 di andare dove volete, quando volete.<br \/>\n- Economico: Il noleggio di un'auto pu\u00f2 essere spesso pi\u00f9 conveniente rispetto all'utilizzo di altri mezzi di trasporto, soprattutto se avete intenzione di esplorare pi\u00f9 destinazioni.<br \/>\n- Comfort e privacy: Un'auto a noleggio offre un mezzo di trasporto comodo e riservato per voi e i vostri compagni di viaggio.<\/p>\n<p><b>Contro:<\/b><br \/>\n- Costi aggiuntivi: A seconda del tipo di auto a noleggio e della copertura assicurativa scelta, il noleggio di un'auto pu\u00f2 comportare costi aggiuntivi.<br \/>\n- Tariffe di parcheggio: In alcune zone, le tariffe per il parcheggio possono aumentare rapidamente. \u00c8 importante informarsi sulle possibilit\u00e0 di parcheggio prima di arrivare a destinazione.<br \/>\n- Responsabilit\u00e0 per i danni: Quando si noleggia un'auto, \u00e8 importante leggere attentamente il contratto di noleggio, poich\u00e9 si pu\u00f2 essere responsabili di eventuali danni che si verificano durante il periodo di noleggio.<\/p>\n<h4>Domande frequenti<\/h4>\n<p><img loading=\"lazy\" decoding=\"async\" class=\"alignright\" src=\"\/wp-content\/uploads\/images\/rent_car_704.png\" alt=\"noleggio auto temple tx\" width=\"350\" height=\"350\" \/><\/p>\n<p><b>D: Posso noleggiare un tipo specifico di veicolo a Temple?<\/b><br \/>\n<br \/>R: S\u00ec! Su rental-car.company offriamo una variet\u00e0 di veicoli, tra cui auto economiche, SUV, auto di lusso e altro ancora.<\/p>\n<p><b>D: C'\u00e8 un limite di et\u00e0 per noleggiare un'auto a Temple?<\/b><br \/>\n<br \/>R: S\u00ec. L'et\u00e0 minima per noleggiare un'auto in Texas \u00e8 di 21 anni. Tuttavia, i conducenti di et\u00e0 inferiore ai 25 anni possono incorrere in un costo aggiuntivo.<\/p>\n<p><b>D: Posso restituire la mia auto a noleggio in qualsiasi punto di Temple?<\/b><br \/>\n<br \/>R: S\u00ec! Offriamo diverse sedi convenienti in tutta Temple dove \u00e8 possibile ritirare o riconsegnare l'auto a noleggio.<\/p>\n<h2>Esplorate Temple e oltre con le auto a noleggio Temple TX<\/h2>\n<p>Non perdetevi tutte le incredibili attrazioni ed esperienze che Temple ha da offrire. Con il noleggio auto temple tx, potrete facilmente esplorare questa affascinante citt\u00e0 e non solo, sfruttando al massimo il vostro tempo nello Stato della Stella Solitaria. Quindi perch\u00e9 aspettare? Prenotate oggi stesso la vostra auto a noleggio da rental-car.company e preparatevi a vivere un'avventura indimenticabile a Temple!<\/p>\n<\/div>","protected":false},"excerpt":{"rendered":"<p>Experience the Best of Texas with Rental Cars Temple TX When it comes to exploring the great state of Texas, there&#8217;s no better way to do it than with a rental car. And if you&#8217;re planning on visiting the charming city of Temple, you&#8217;re in luck. With rental cars temple tx, you can easily navigate [&hellip;]<\/p>\n","protected":false},"author":1,"featured_media":4542,"parent":0,"menu_order":0,"comment_status":"closed","ping_status":"closed","template":"","meta":{"rs_blank_template":"","rs_page_bg_color":"","slide_template_v7":"","footnotes":""},"categories":[1],"tags":[],"class_list":["post-6100","page","type-page","status-publish","has-post-thumbnail","hentry","category-blog"],"_links":{"self":[{"href":"https:\/\/rental-car.company\/it\/wp-json\/wp\/v2\/pages\/6100","targetHints":{"allow":["GET"]}}],"collection":[{"href":"https:\/\/rental-car.company\/it\/wp-json\/wp\/v2\/pages"}],"about":[{"href":"https:\/\/rental-car.company\/it\/wp-json\/wp\/v2\/types\/page"}],"author":[{"embeddable":true,"href":"https:\/\/rental-car.company\/it\/wp-json\/wp\/v2\/users\/1"}],"replies":[{"embeddable":true,"href":"https:\/\/rental-car.company\/it\/wp-json\/wp\/v2\/comments?post=6100"}],"version-history":[{"count":0,"href":"https:\/\/rental-car.company\/it\/wp-json\/wp\/v2\/pages\/6100\/revisions"}],"wp:featuredmedia":[{"embeddable":true,"href":"https:\/\/rental-car.company\/it\/wp-json\/wp\/v2\/media\/4542"}],"wp:attachment":[{"href":"https:\/\/rental-car.company\/it\/wp-json\/wp\/v2\/media?parent=6100"}],"wp:term":[{"taxonomy":"category","embeddable":true,"href":"https:\/\/rental-car.company\/it\/wp-json\/wp\/v2\/categories?post=6100"},{"taxonomy":"post_tag","embeddable":true,"href":"https:\/\/rental-car.company\/it\/wp-json\/wp\/v2\/tags?post=6100"}],"curies":[{"name":"wp","href":"https:\/\/api.w.org\/{rel}","templated":true}]}}