{"id":6184,"date":"2024-08-23T23:05:25","date_gmt":"2024-08-23T23:05:25","guid":{"rendered":"https:\/\/rental-car.company\/?page_id=6184"},"modified":"2024-08-23T23:05:25","modified_gmt":"2024-08-23T23:05:25","slug":"noleggio-auto-esotiche-a-fort-lauderdale","status":"publish","type":"page","link":"https:\/\/rental-car.company\/it\/noleggio-auto-esotiche-a-fort-lauderdale\/","title":{"rendered":"Noleggio di auto esotiche a Fort Lauderdale - Scoprite il lusso e lo stile nello Stato del Sole"},"content":{"rendered":"<div class=\"wpb-content-wrapper\"><p>Il noleggio di un'auto \u00e8 un'opzione comoda e popolare per i viaggiatori, che hanno la libert\u00e0 di esplorare la loro destinazione al proprio ritmo. Per chi desidera aggiungere un tocco di lusso ed emozione al proprio viaggio, il noleggio di un'auto esotica \u00e8 la scelta perfetta. E quale posto migliore per farlo se non Fort Lauderdale, in Florida, conosciuta come la Venezia d'America per le sue splendide vie d'acqua e il clima soleggiato. In questo articolo esploreremo tutto ci\u00f2 che c'\u00e8 da sapere sul noleggio di auto esotiche a Fort Lauderdale.<\/p>\n<div class=\"vc_row wpb_row vc_row-fluid\"><div class=\"wpb_column vc_column_container vc_col-sm-12\"><div class=\"vc_column-inner\"><div class=\"wpb_wrapper\">\n\t<div class=\"wpb_text_column wpb_content_element\" >\n\t\t<div class=\"wpb_wrapper\">\n\t\t\t<p><script id=\"dchwidget\" src=\"https:\/\/www.discovercars.com\/wg.js\" async=\"\" data-dev-env=\"com\" data-location=\"\" data-lang=\"en\" data-utm-source=\"malina\" data-utm-medium=\"widget\" data-aff-code=\"a_aid\" data-autocomplete=\"on\" data-style-submit-bg-color=\"00A200\" data-style-submit-font-color=\"white\" data-style-form-bg-color=\"FAD130\" data-style-form-font-color=\"333\" data-style-submit-text=\"Search now\"><\/script><\/p>\n\n\t\t<\/div>\n\t<\/div>\n<\/div><\/div><\/div><\/div>\n<p>&nbsp;<\/p>\n<h2>Esperienza di noleggio di auto esotiche a Fort Lauderdale<\/h2>\n<p><img loading=\"lazy\" decoding=\"async\" class=\"alignleft\" src=\"\/wp-content\/uploads\/images\/rent_car_1265.png\" alt=\"noleggio auto esotiche a fort lauderdale\" width=\"350\" height=\"350\" \/><\/p>\n<p>Fort Lauderdale \u00e8 una citt\u00e0 che trasuda glamour e raffinatezza, il che la rende il luogo ideale per spostarsi a bordo di un veicolo di lusso di alta gamma. Con le sue splendide spiagge, i ristoranti alla moda e la vivace vita notturna, non c'\u00e8 modo migliore di sperimentare tutto ci\u00f2 che questa citt\u00e0 ha da offrire che al volante di un'auto esotica.<\/p>\n<p>Quando si tratta di noleggiare un'auto esotica a Fort Lauderdale, ci sono molte opzioni disponibili presso varie societ\u00e0 di noleggio come rental-car.company. Che siate alla ricerca di un'elegante auto sportiva o di un potente SUV, qui ce n'\u00e8 per tutti i gusti.<\/p>\n<h3>Esplorate Fort Lauderdale con stile<\/h3>\n<p>Uno dei maggiori vantaggi di noleggiare un'auto esotica a Fort Lauderdale \u00e8 quello di poter vivere tutte le sue bellezze guidando con stile. Immaginate di percorrere Ocean Drive con la capote abbassata in una luminosa giornata di sole o di fare un giro panoramico lungo l'autostrada A1A: entrambi percorsi iconici che sono ancora pi\u00f9 piacevoli se fatti a bordo di un'accattivante auto esotica.<\/p>\n<p>Tra i modelli pi\u00f9 popolari disponibili per il noleggio ci sono la Lamborghini Huracan Spyder, la Ferrari 488 GTB Spider e la Porsche 911 Carrera S Cabriolet: tutti garantiti per far girare la testa ovunque andiate.<\/p>\n<h3>Sentirsi una celebrit\u00e0<\/h3>\n<p>Un altro vantaggio del noleggio di un'auto esotica \u00e8 l'attenzione e l'ammirazione che riceverete dagli altri. Vi sentirete come una celebrit\u00e0 quando arriverete al vostro hotel o ristorante a bordo di un'auto di lusso. Non solo avrete l'aspetto giusto, ma potrete anche sperimentare cosa significhi guidare un'auto ad alte prestazioni, solitamente riservata ai ricchi e ai famosi.<\/p>\n<h3>Pro e contro<\/h3>\n<p>Pro:<br \/>\n- Scoprite il lusso e lo stile mentre esplorate Fort Lauderdale<br \/>\n- Scegliete tra una variet\u00e0 di modelli di auto esotiche<br \/>\n- Sentirsi come una celebrit\u00e0 con tutta l'attenzione e l'ammirazione che si prova<br \/>\n- Prestazioni e caratteristiche al top della gamma<\/p>\n<p>Contro:<br \/>\n- Costi di noleggio pi\u00f9 elevati rispetto alle auto normali<br \/>\n- Disponibilit\u00e0 limitata durante l'alta stagione turistica<br \/>\n- Pu\u00f2 essere richiesta una copertura assicurativa aggiuntiva<\/p>\n<h4>Domande frequenti<\/h4>\n<p><img loading=\"lazy\" decoding=\"async\" class=\"alignright\" src=\"\/wp-content\/uploads\/images\/rent_car_1411.png\" alt=\"noleggio auto esotiche a fort lauderdale\" width=\"350\" height=\"350\" \/><\/p>\n<p>D: Quanti anni devo avere per noleggiare un'auto esotica a Fort Lauderdale?<br \/>\nR: La maggior parte delle societ\u00e0 di noleggio richiede che i conducenti abbiano almeno 25 anni, anche se alcune possono consentire l'utilizzo di conducenti pi\u00f9 giovani con un supplemento di prezzo.<\/p>\n<p>D: Posso noleggiare un'auto esotica per un solo giorno?<br \/>\nR: S\u00ec, molte societ\u00e0 di noleggio offrono noleggi giornalieri per chi cerca un'esperienza a breve termine.<\/p>\n<p>D: Ho bisogno di una copertura assicurativa speciale per noleggiare un'auto esotica?<br \/>\nR: \u00c8 consigliabile avere una copertura assicurativa aggiuntiva quando si noleggia un'auto esotica a causa del suo alto valore. Alcune societ\u00e0 di noleggio possono offrire le proprie opzioni assicurative.<\/p>\n<p>D: Ci sono restrizioni su dove posso guidare l'auto esotica noleggiata?<br \/>\nR: Alcune societ\u00e0 di noleggio possono avere restrizioni sulla guida fuori strada o su determinati tipi di terreno. \u00c8 meglio verificare in anticipo con la societ\u00e0.<\/p>\n<p>In conclusione, il noleggio di auto esotiche a Fort Lauderdale \u00e8 un modo fantastico per elevare il vostro viaggio e vivere con stile tutto ci\u00f2 che questa vibrante citt\u00e0 ha da offrire. Grazie alle numerose opzioni disponibili presso societ\u00e0 di noleggio affidabili come rental-car.company, potrete scegliere l'auto dei vostri sogni e partire in tutta tranquillit\u00e0. Quindi, perch\u00e9 accontentarsi di una normale auto a noleggio quando potete noleggiarne una esotica e rendere il vostro viaggio a Fort Lauderdale davvero indimenticabile?<\/p>\n<\/div>","protected":false},"excerpt":{"rendered":"<p>Renting a car is a convenient and popular option for travelers, providing them with the freedom to explore their destination at their own pace. For those looking to add an extra touch of luxury and excitement to their trip, renting an exotic car is the perfect choice. And what better place to do it than [&hellip;]<\/p>\n","protected":false},"author":1,"featured_media":4644,"parent":0,"menu_order":0,"comment_status":"closed","ping_status":"closed","template":"","meta":{"rs_blank_template":"","rs_page_bg_color":"","slide_template_v7":"","footnotes":""},"categories":[1],"tags":[],"class_list":["post-6184","page","type-page","status-publish","has-post-thumbnail","hentry","category-blog"],"_links":{"self":[{"href":"https:\/\/rental-car.company\/it\/wp-json\/wp\/v2\/pages\/6184","targetHints":{"allow":["GET"]}}],"collection":[{"href":"https:\/\/rental-car.company\/it\/wp-json\/wp\/v2\/pages"}],"about":[{"href":"https:\/\/rental-car.company\/it\/wp-json\/wp\/v2\/types\/page"}],"author":[{"embeddable":true,"href":"https:\/\/rental-car.company\/it\/wp-json\/wp\/v2\/users\/1"}],"replies":[{"embeddable":true,"href":"https:\/\/rental-car.company\/it\/wp-json\/wp\/v2\/comments?post=6184"}],"version-history":[{"count":0,"href":"https:\/\/rental-car.company\/it\/wp-json\/wp\/v2\/pages\/6184\/revisions"}],"wp:featuredmedia":[{"embeddable":true,"href":"https:\/\/rental-car.company\/it\/wp-json\/wp\/v2\/media\/4644"}],"wp:attachment":[{"href":"https:\/\/rental-car.company\/it\/wp-json\/wp\/v2\/media?parent=6184"}],"wp:term":[{"taxonomy":"category","embeddable":true,"href":"https:\/\/rental-car.company\/it\/wp-json\/wp\/v2\/categories?post=6184"},{"taxonomy":"post_tag","embeddable":true,"href":"https:\/\/rental-car.company\/it\/wp-json\/wp\/v2\/tags?post=6184"}],"curies":[{"name":"wp","href":"https:\/\/api.w.org\/{rel}","templated":true}]}}