{"id":6245,"date":"2024-08-24T13:07:59","date_gmt":"2024-08-24T13:07:59","guid":{"rendered":"https:\/\/rental-car.company\/?page_id=6245"},"modified":"2024-08-24T13:07:59","modified_gmt":"2024-08-24T13:07:59","slug":"noleggio-auto-maryland-2","status":"publish","type":"page","link":"https:\/\/rental-car.company\/it\/noleggio-auto-maryland-2\/","title":{"rendered":"Noleggio auto Maryland - La vostra guida al noleggio di un'auto nell'Old Line State"},"content":{"rendered":"<div class=\"wpb-content-wrapper\"><h2>Noleggiare un'auto nel Maryland: Cosa c'\u00e8 da sapere<\/h2>\n<p>Noleggiare un'auto \u00e8 spesso il modo pi\u00f9 comodo ed efficiente per esplorare un nuovo luogo, e lo stato del Maryland non fa eccezione. Con i suoi bellissimi paesaggi, la sua ricca storia e le sue vivaci citt\u00e0, c'\u00e8 molto da vedere e da fare in questo stato della East Coast. Sia che stiate pianificando un viaggio in auto attraverso la campagna panoramica o che abbiate bisogno di un'auto per un viaggio di lavoro, il noleggio di un'auto nel Maryland vi offre la libert\u00e0 e la flessibilit\u00e0 necessarie per sfruttare al meglio il vostro viaggio.<\/p>\n<div class=\"vc_row wpb_row vc_row-fluid\"><div class=\"wpb_column vc_column_container vc_col-sm-12\"><div class=\"vc_column-inner\"><div class=\"wpb_wrapper\">\n\t<div class=\"wpb_text_column wpb_content_element\" >\n\t\t<div class=\"wpb_wrapper\">\n\t\t\t<p><script id=\"dchwidget\" src=\"https:\/\/www.discovercars.com\/wg.js\" async=\"\" data-dev-env=\"com\" data-location=\"\" data-lang=\"en\" data-utm-source=\"malina\" data-utm-medium=\"widget\" data-aff-code=\"a_aid\" data-autocomplete=\"on\" data-style-submit-bg-color=\"00A200\" data-style-submit-font-color=\"white\" data-style-form-bg-color=\"FAD130\" data-style-form-font-color=\"333\" data-style-submit-text=\"Search now\"><\/script><\/p>\n\n\t\t<\/div>\n\t<\/div>\n<\/div><\/div><\/div><\/div>\n<p>&nbsp;<\/p>\n<h2>Scoprire l'autonoleggio Maryland<\/h2>\n<p><img loading=\"lazy\" decoding=\"async\" class=\"alignleft\" src=\"\/wp-content\/uploads\/images\/rent_car_906.png\" alt=\"noleggio auto maryland\" width=\"350\" height=\"350\" \/><\/p>\n<p>Se volete noleggiare un'auto nel Maryland, ci sono diverse opzioni disponibili. Le principali societ\u00e0 di noleggio come Hertz, Enterprise, Avis e Budget hanno diverse sedi in tutto lo Stato. \u00c8 inoltre possibile trovare piccole societ\u00e0 di noleggio locali che possono offrire tariffe competitive.<\/p>\n<p>Quando cercate una societ\u00e0 di autonoleggio nel Maryland, considerate fattori come la convenienza del luogo, la disponibilit\u00e0 e la selezione dei veicoli, le opzioni di prezzo (come le tariffe giornaliere o settimanali), le spese aggiuntive (come l'assicurazione o il carburante) e le recensioni dei clienti.<\/p>\n<p>Alcune localit\u00e0 popolari per il noleggio di auto nel Maryland includono l'aeroporto internazionale di Baltimora-Washington (BWI) per i viaggiatori che arrivano nello Stato e le aree del centro delle principali citt\u00e0 come Baltimora e Annapolis.<\/p>\n<h3>I vantaggi del noleggio di un'auto nel Maryland<\/h3>\n<p>- Convenienza: Avere un mezzo di trasporto proprio vi permette di esplorare al vostro ritmo senza dipendere dagli orari dei mezzi pubblici.<br \/>\n- Flessibilit\u00e0: Con un'auto a noleggio a vostra disposizione, potete facilmente visitare pi\u00f9 destinazioni in un unico viaggio.<br \/>\n- Economico: A seconda dei vostri programmi di viaggio, il noleggio di un'auto pu\u00f2 essere pi\u00f9 conveniente rispetto ad altre forme di trasporto.<br \/>\n- Comfort: Avere un veicolo proprio significa poter controllare le impostazioni della temperatura e la scelta della musica mentre si \u00e8 in viaggio.<\/p>\n<h3>Cose da considerare quando si noleggia un'auto nel Maryland<\/h3>\n<p>- Limiti di et\u00e0: Nel Maryland, l'et\u00e0 minima per noleggiare un'auto \u00e8 di 21 anni, anche se alcune societ\u00e0 di noleggio possono richiedere che i conducenti abbiano almeno 25 anni.<br \/>\n- Copertura assicurativa: La maggior parte delle societ\u00e0 di noleggio offre opzioni assicurative, ma \u00e8 importante verificare anche con il proprio assicuratore se la polizza copre le auto a noleggio.<br \/>\n- Costi aggiuntivi: Informatevi su eventuali costi aggiuntivi che possono essere aggiunti al prezzo di base del noleggio, ad esempio per i conducenti minorenni o per la restituzione dell'auto con un serbatoio di benzina non pieno.<br \/>\n- Patente e carta di credito: Assicuratevi di avere una patente di guida valida e una carta di credito a vostro nome quando noleggiate un'auto nel Maryland.<\/p>\n<h4>Pro e contro<\/h4>\n<p>Pro:<br \/>\n- Opzione di trasporto comoda e flessibile<br \/>\n- Conveniente per i viaggi pi\u00f9 lunghi o per l'esplorazione di pi\u00f9 destinazioni<br \/>\n- Esperienza di viaggio confortevole e personalizzabile<\/p>\n<p>Contro:<br \/>\n- Le spese aggiuntive possono aumentare rapidamente<br \/>\n- I conducenti pi\u00f9 giovani possono essere soggetti a limitazioni di et\u00e0 o a tariffe pi\u00f9 elevate<br \/>\n- Potenziale di problemi imprevisti come incidenti o guasti<\/p>\n<h4>Domande frequenti (FAQ)<\/h4>\n<p><img loading=\"lazy\" decoding=\"async\" class=\"alignright\" src=\"\/wp-content\/uploads\/images\/rent_car_1127.png\" alt=\"noleggio auto maryland\" width=\"350\" height=\"350\" \/><\/p>\n<p>D: Posso noleggiare un'auto se ho meno di 25 anni?<br \/>\nR: Sebbene alcune societ\u00e0 di noleggio abbiano restrizioni sull'et\u00e0 per il noleggio di auto nel Maryland, molte autorizzano i conducenti a partire da 21 anni. Tuttavia, i conducenti pi\u00f9 giovani possono incorrere in costi aggiuntivi.<\/p>\n<p>D: Ho bisogno di una mia assicurazione quando noleggio un'auto?<br \/>\nR: La maggior parte delle societ\u00e0 di noleggio offre opzioni di assicurazione, ma \u00e8 sempre meglio verificare prima con il proprio assicuratore se si \u00e8 gi\u00e0 coperti.<\/p>\n<p>D: Ci sono strade a pedaggio nel Maryland?<br \/>\nR: S\u00ec, ci sono diverse strade a pedaggio in tutto lo Stato. Assicuratevi di pianificare in anticipo e di portare con voi contanti o un transponder E-ZPass se pensate di utilizzare queste strade durante il vostro viaggio.<\/p>\n<p>In conclusione, noleggiare un'auto nel Maryland pu\u00f2 essere un ottimo modo per esplorare tutto ci\u00f2 che questo Stato ha da offrire. Con un'attenta valutazione delle opzioni e alcune conoscenze di base su cosa aspettarsi, sarete sulla buona strada per un'esperienza di noleggio piacevole e senza problemi. Quindi non esitate: noleggiate un'auto nel Maryland e partite per un viaggio indimenticabile attraverso l'Old Line State.<\/p>\n<\/div>","protected":false},"excerpt":{"rendered":"<p>Renting a Car in Maryland: What You Need to Know Renting a car is often the most convenient and efficient way to explore a new place, and the state of Maryland is no exception. With its beautiful landscapes, rich history, and bustling cities, there is so much to see and do in this East Coast [&hellip;]<\/p>\n","protected":false},"author":1,"featured_media":6247,"parent":0,"menu_order":0,"comment_status":"closed","ping_status":"closed","template":"","meta":{"rs_blank_template":"","rs_page_bg_color":"","slide_template_v7":"","footnotes":""},"categories":[1],"tags":[],"class_list":["post-6245","page","type-page","status-publish","has-post-thumbnail","hentry","category-blog"],"_links":{"self":[{"href":"https:\/\/rental-car.company\/it\/wp-json\/wp\/v2\/pages\/6245","targetHints":{"allow":["GET"]}}],"collection":[{"href":"https:\/\/rental-car.company\/it\/wp-json\/wp\/v2\/pages"}],"about":[{"href":"https:\/\/rental-car.company\/it\/wp-json\/wp\/v2\/types\/page"}],"author":[{"embeddable":true,"href":"https:\/\/rental-car.company\/it\/wp-json\/wp\/v2\/users\/1"}],"replies":[{"embeddable":true,"href":"https:\/\/rental-car.company\/it\/wp-json\/wp\/v2\/comments?post=6245"}],"version-history":[{"count":0,"href":"https:\/\/rental-car.company\/it\/wp-json\/wp\/v2\/pages\/6245\/revisions"}],"wp:featuredmedia":[{"embeddable":true,"href":"https:\/\/rental-car.company\/it\/wp-json\/wp\/v2\/media\/6247"}],"wp:attachment":[{"href":"https:\/\/rental-car.company\/it\/wp-json\/wp\/v2\/media?parent=6245"}],"wp:term":[{"taxonomy":"category","embeddable":true,"href":"https:\/\/rental-car.company\/it\/wp-json\/wp\/v2\/categories?post=6245"},{"taxonomy":"post_tag","embeddable":true,"href":"https:\/\/rental-car.company\/it\/wp-json\/wp\/v2\/tags?post=6245"}],"curies":[{"name":"wp","href":"https:\/\/api.w.org\/{rel}","templated":true}]}}