{"id":6251,"date":"2024-08-24T14:05:34","date_gmt":"2024-08-24T14:05:34","guid":{"rendered":"https:\/\/rental-car.company\/?page_id=6251"},"modified":"2024-08-24T14:05:34","modified_gmt":"2024-08-24T14:05:34","slug":"noleggio-auto-lakeland","status":"publish","type":"page","link":"https:\/\/rental-car.company\/it\/noleggio-auto-lakeland\/","title":{"rendered":"Noleggio auto Lakeland - La vostra guida per esplorare con facilit\u00e0 la Florida centrale"},"content":{"rendered":"<div class=\"wpb-content-wrapper\"><p>Se state programmando un viaggio nella Florida centrale, uno dei modi migliori per spostarsi ed esplorare tutto ci\u00f2 che la regione ha da offrire \u00e8 noleggiare un'auto. E per chi visita Lakeland, non c'\u00e8 scelta migliore dell'autonoleggio lakeland. Grazie alla sua comoda posizione e all'ampia selezione di veicoli, rental-car.company \u00e8 la fonte ideale per noleggiare un'auto a Lakeland senza problemi.<\/p>\n<h2>Noleggio auto a Lakeland<\/h2>\n<p>Con cos\u00ec tante cose da vedere e da fare nella zona, avere un proprio mezzo di trasporto \u00e8 essenziale per sfruttare al meglio il viaggio. Fortunatamente, con i servizi di noleggio auto di rental-car.company, potete facilmente noleggiare un veicolo che soddisfi le vostre esigenze specifiche e il vostro budget.<\/p>\n<p>Che siate in viaggio da soli o in gruppo, rental-car.company offre una variet\u00e0 di auto a noleggio a Lakeland. Dalle auto compatte per manovrare agevolmente nelle strade cittadine agli spaziosi SUV per i viaggi in famiglia, presso la nostra sede di noleggio ce n'\u00e8 per tutti i gusti.<\/p>\n<h3>Parole chiave correlate: Noleggio auto a Lakeland<\/h3>\n<p>- Noleggio auto a prezzi accessibili a Lakeland<br \/>\n- Comode opzioni di ritiro e consegna dell'auto<br \/>\n- Opzioni di prenotazione flessibili<br \/>\n- Ampia scelta di veicoli<br \/>\n- Tariffe competitive <\/p>\n<h4>Pro:<\/h4>\n<p>- Facile accesso ai trasporti<br \/>\n- Pi\u00f9 libert\u00e0 e flessibilit\u00e0 durante il viaggio<br \/>\n- Opportunit\u00e0 di esplorare destinazioni fuori dai sentieri battuti<br \/>\n- Opzione economicamente vantaggiosa rispetto ad altre modalit\u00e0 di trasporto <\/p>\n<h4>Contro:<\/h4>\n<p>- Potrebbero essere applicate spese aggiuntive come il gas e l'assicurazione<br \/>\n - Richiede la conoscenza delle leggi locali sul traffico e del galateo di guida.<br \/>\n - Possibili tariffe di parcheggio presso le destinazioni turistiche pi\u00f9 popolari <\/p>\n<div class=\"vc_row wpb_row vc_row-fluid\"><div class=\"wpb_column vc_column_container vc_col-sm-12\"><div class=\"vc_column-inner\"><div class=\"wpb_wrapper\">\n\t<div class=\"wpb_text_column wpb_content_element\" >\n\t\t<div class=\"wpb_wrapper\">\n\t\t\t<p><script id=\"dchwidget\" src=\"https:\/\/www.discovercars.com\/wg.js\" async=\"\" data-dev-env=\"com\" data-location=\"\" data-lang=\"en\" data-utm-source=\"malina\" data-utm-medium=\"widget\" data-aff-code=\"a_aid\" data-autocomplete=\"on\" data-style-submit-bg-color=\"00A200\" data-style-submit-font-color=\"white\" data-style-form-bg-color=\"FAD130\" data-style-form-font-color=\"333\" data-style-submit-text=\"Search now\"><\/script><\/p>\n\n\t\t<\/div>\n\t<\/div>\n<\/div><\/div><\/div><\/div>\n<p>&nbsp;<\/p>\n<h2>Domande frequenti sul noleggio auto a Lakeland<\/h2>\n<p><img loading=\"lazy\" decoding=\"async\" class=\"alignleft\" src=\"\/wp-content\/uploads\/images\/rent_car_360.png\" alt=\"noleggio auto lakeland\" width=\"350\" height=\"350\" \/><\/p>\n<h4>Di cosa ho bisogno per noleggiare un'auto a Lakeland?<\/h4>\n<p>Per noleggiare un'auto a Lakeland, \u00e8 necessario avere una patente di guida valida, avere almeno 21 anni (alcune restrizioni possono essere applicate ai conducenti di et\u00e0 inferiore ai 25 anni) e disporre di una carta di credito.<\/p>\n<h4>Posso scegliere il tipo di auto che voglio noleggiare?<\/h4>\n<p>S\u00ec, rental-car.company offre un'ampia selezione di veicoli a noleggio a Lakeland. Potete scegliere tra auto compatte, berline, SUV e altro ancora, a seconda delle vostre esigenze e del vostro budget.<\/p>\n<h4>Cosa succede se devo prolungare il periodo di noleggio?<\/h4>\n<p><img loading=\"lazy\" decoding=\"async\" class=\"alignright\" src=\"\/wp-content\/uploads\/images\/rent_car_297.png\" alt=\"noleggio auto lakeland\" width=\"350\" height=\"350\" \/><\/p>\n<p>Se avete bisogno di prolungare il periodo di noleggio, contattate il nostro servizio clienti almeno 24 ore prima dell'orario di riconsegna previsto. Faremo del nostro meglio per soddisfare la vostra richiesta in base alla disponibilit\u00e0 del veicolo.<\/p>\n<h3>Parole chiave correlate: Esplorare la Florida centrale<\/h3>\n<p>- Attrazioni da non perdere nella Florida centrale<br \/>\n- Gemme nascoste nella regione<br \/>\n- Attivit\u00e0 e avventure all'aperto<br \/>\n- Eventi e festival popolari <\/p>\n<h2>Scoprire il noleggio auto Lakeland<\/h2>\n<p>Con il suo affascinante centro citt\u00e0, i bellissimi parchi sul lago e la vicinanza ai principali parchi a tema come Disney World e Universal Studios, Lakeland \u00e8 la base perfetta per esplorare la Florida centrale. E con il noleggio auto a Lakeland di rental-car.company, potrete spostarvi facilmente da una destinazione all'altra senza alcun problema.<\/p>\n<p>Durante il vostro soggiorno a Lakeland, non perdete l'occasione di visitare attrazioni popolari come il Polk Museum of Art o di fare una passeggiata intorno al lago Mirror. Per gli amanti della vita all'aria aperta, ci sono molte opzioni per fare escursioni o andare in barca nei vicini parchi statali come il Circle B Bar Reserve o il Lake Kissimmee State Park.<\/p>\n<p>Per chi \u00e8 alla ricerca di emozioni forti, basta guidare a poco pi\u00f9 di un'ora da Lakeland per visitare parchi a tema famosi come Disney World o Busch Gardens Tampa Bay. Con il vostro veicolo noleggiato da rental-car.company, avrete la libert\u00e0 di esplorare tutto ci\u00f2 che la Florida centrale ha da offrire al vostro ritmo.<\/p>\n<h3>Parole chiave correlate: Opzioni di noleggio auto a Lakeland<\/h3>\n<p>- Tariffe di noleggio auto convenienti<br \/>\n- Opzioni di noleggio a senso unico<br \/>\n- Noleggio auto di lusso<br \/>\n- Opzioni di equipaggiamento aggiuntive (ad es. GPS, seggiolini per bambini) <\/p>\n<h2>Prenota oggi il tuo noleggio auto a Lakeland<\/h2>\n<p>Siete pronti a pianificare il vostro viaggio nella Florida centrale? Prenotate oggi stesso il vostro noleggio auto a Lakeland con rental-car.company e godetevi una vacanza senza stress esplorando le principali attrazioni della regione. Grazie alla nostra comoda posizione e alle opzioni di prenotazione flessibili, vi consentiamo di partire facilmente e di creare ricordi indimenticabili durante il vostro soggiorno a Lakeland. Quindi cosa state aspettando? Noleggiate un'auto con noi e partite per un viaggio indimenticabile nella Florida centrale!<\/p>\n<\/div>","protected":false},"excerpt":{"rendered":"<p>If you&#8217;re planning a trip to Central Florida, one of the best ways to get around and explore all that the region has to offer is by renting a car. And for those visiting Lakeland, there&#8217;s no better choice than car rental lakeland. With its convenient location and wide selection of vehicles, rental-car.company is your [&hellip;]<\/p>\n","protected":false},"author":1,"featured_media":4420,"parent":0,"menu_order":0,"comment_status":"closed","ping_status":"closed","template":"","meta":{"rs_blank_template":"","rs_page_bg_color":"","slide_template_v7":"","footnotes":""},"categories":[1],"tags":[],"class_list":["post-6251","page","type-page","status-publish","has-post-thumbnail","hentry","category-blog"],"_links":{"self":[{"href":"https:\/\/rental-car.company\/it\/wp-json\/wp\/v2\/pages\/6251","targetHints":{"allow":["GET"]}}],"collection":[{"href":"https:\/\/rental-car.company\/it\/wp-json\/wp\/v2\/pages"}],"about":[{"href":"https:\/\/rental-car.company\/it\/wp-json\/wp\/v2\/types\/page"}],"author":[{"embeddable":true,"href":"https:\/\/rental-car.company\/it\/wp-json\/wp\/v2\/users\/1"}],"replies":[{"embeddable":true,"href":"https:\/\/rental-car.company\/it\/wp-json\/wp\/v2\/comments?post=6251"}],"version-history":[{"count":0,"href":"https:\/\/rental-car.company\/it\/wp-json\/wp\/v2\/pages\/6251\/revisions"}],"wp:featuredmedia":[{"embeddable":true,"href":"https:\/\/rental-car.company\/it\/wp-json\/wp\/v2\/media\/4420"}],"wp:attachment":[{"href":"https:\/\/rental-car.company\/it\/wp-json\/wp\/v2\/media?parent=6251"}],"wp:term":[{"taxonomy":"category","embeddable":true,"href":"https:\/\/rental-car.company\/it\/wp-json\/wp\/v2\/categories?post=6251"},{"taxonomy":"post_tag","embeddable":true,"href":"https:\/\/rental-car.company\/it\/wp-json\/wp\/v2\/tags?post=6251"}],"curies":[{"name":"wp","href":"https:\/\/api.w.org\/{rel}","templated":true}]}}