{"id":6295,"date":"2024-08-25T00:05:52","date_gmt":"2024-08-25T00:05:52","guid":{"rendered":"https:\/\/rental-car.company\/?page_id=6295"},"modified":"2024-08-25T00:05:52","modified_gmt":"2024-08-25T00:05:52","slug":"noleggio-auto-birmingham-al","status":"publish","type":"page","link":"https:\/\/rental-car.company\/it\/noleggio-auto-birmingham-al\/","title":{"rendered":"Noleggio auto Birmingham AL: La guida definitiva"},"content":{"rendered":"<div class=\"wpb-content-wrapper\"><div class=\"vc_row wpb_row vc_row-fluid\"><div class=\"wpb_column vc_column_container vc_col-sm-12\"><div class=\"vc_column-inner\"><div class=\"wpb_wrapper\">\n\t<div class=\"wpb_text_column wpb_content_element\" >\n\t\t<div class=\"wpb_wrapper\">\n\t\t\t<p><script id=\"dchwidget\" src=\"https:\/\/www.discovercars.com\/wg.js\" async=\"\" data-dev-env=\"com\" data-location=\"\" data-lang=\"en\" data-utm-source=\"malina\" data-utm-medium=\"widget\" data-aff-code=\"a_aid\" data-autocomplete=\"on\" data-style-submit-bg-color=\"00A200\" data-style-submit-font-color=\"white\" data-style-form-bg-color=\"FAD130\" data-style-form-font-color=\"333\" data-style-submit-text=\"Search now\"><\/script><\/p>\n\n\t\t<\/div>\n\t<\/div>\n<\/div><\/div><\/div><\/div>\n<p>&nbsp;<\/p>\n<h2>Scoprite la convenienza di noleggiare un'auto a Birmingham, AL<\/h2>\n<p><img loading=\"lazy\" decoding=\"async\" class=\"alignleft\" src=\"\/wp-content\/uploads\/images\/rent_car_374.png\" alt=\"Noleggio auto birmingham al\" width=\"350\" height=\"350\" \/><\/p>\n<p>State programmando un viaggio a Birmingham, in Alabama, e vi state chiedendo come fare per spostarvi in citt\u00e0? Non cercate altro che noleggiare un'auto a Birmingham. Con il suo vivace centro citt\u00e0 e le attrazioni vicine come il Barber Vintage Motorsports Museum e il Vulcan Park &amp; Museum, avere un mezzo di trasporto proprio \u00e8 essenziale per esplorare tutto ci\u00f2 che questa gemma del sud ha da offrire.<\/p>\n<p>Su rental-car.company \u00e8 facile noleggiare un'auto a Birmingham, AL. La nostra ampia selezione di veicoli e le nostre comode sedi in tutta la citt\u00e0 ci rendono la scelta ideale per i visitatori che cercano un mezzo di trasporto affidabile durante il loro soggiorno. Scopriamo perch\u00e9 noleggiare un'auto a Birmingham \u00e8 la soluzione migliore.<\/p>\n<h3>Vantaggi del noleggio di un'auto a Birmingham<\/h3>\n<p>- Flessibilit\u00e0: Quando noleggiate un'auto a Birmingham, avete la libert\u00e0 di esplorare al vostro ritmo senza dipendere dagli orari dei trasporti pubblici o dai servizi di ride-sharing.<br \/>\n- Convenienza: Grazie alle numerose sedi di noleggio in tutta la citt\u00e0, il ritiro e la riconsegna del veicolo sono facili da gestire.<br \/>\n- Economico: Noleggiare un'auto pu\u00f2 farvi risparmiare rispetto all'utilizzo costante di servizi di ride-sharing o taxi durante il vostro soggiorno.<br \/>\n- Viaggi confortevoli: Avere un veicolo proprio vi permette di viaggiare comodamente con la famiglia o gli amici senza preoccuparvi di entrare in un unico veicolo.<br \/>\n- Facile accesso alle aree circostanti: Con la vostra auto a noleggio, \u00e8 facile fare gite di un giorno fuori Birmingham ed esplorare citt\u00e0 vicine come Montgomery o Tuscaloosa.<\/p>\n<h3>Tipi di veicoli disponibili per il noleggio<\/h3>\n<p>Su rental-car.company offriamo una serie di veicoli a noleggio che soddisfano diverse esigenze e preferenze. Che siate in viaggio da soli o in gruppo, abbiamo qualcosa per tutti.<\/p>\n<p>- Auto economiche: Perfette per chi viaggia da solo o in coppia, le nostre auto economiche sono efficienti dal punto di vista dei consumi e del budget.<br \/>\n- SUV: se avete intenzione di fare un po' di fuoristrada o avete bisogno di spazio extra per i bagagli, i nostri SUV sono la scelta giusta.<br \/>\n- Auto di lusso: Lasciatevi notare con la nostra selezione di veicoli di lusso, perfetti per viaggi d'affari o occasioni speciali.<br \/>\n- Minivan: viaggiate con un gruppo numeroso? I nostri minivan offrono spazio e comfort per tutti.<\/p>\n<h4>I vantaggi di noleggiare un'auto a Birmingham<\/h4>\n<p>- Flessibilit\u00e0 di esplorare al proprio ritmo<br \/>\n- Luoghi di ritiro e consegna convenienti<br \/>\n- Conveniente rispetto ad altre opzioni di trasporto<br \/>\n- Viaggiare comodamente con amici e familiari<br \/>\n- Facile accesso alle aree circostanti<\/p>\n<h4>Contro del noleggio di un'auto a Birmingham<\/h4>\n<p><img loading=\"lazy\" decoding=\"async\" class=\"alignright\" src=\"\/wp-content\/uploads\/images\/rent_car_475.png\" alt=\"Noleggio auto birmingham al\" width=\"350\" height=\"350\" \/><\/p>\n<p>- Costi aggiuntivi per la copertura assicurativa<br \/>\n- Eventuali tariffe di parcheggio nelle aree del centro citt\u00e0<\/p>\n<h3>Domande frequenti<\/h3>\n<p>D: Quanti anni devo avere per noleggiare un'auto a Birmingham?<br \/>\nR: \u00c8 necessario avere 21 anni e possedere una patente di guida valida e una carta di credito. Alcune societ\u00e0 di noleggio possono avere requisiti di et\u00e0 pi\u00f9 elevati.<\/p>\n<p>D: Posso utilizzare la mia assicurazione quando noleggio un'auto?<br \/>\nR: La maggior parte delle societ\u00e0 di noleggio richiede l'acquisto della loro copertura assicurativa. Tuttavia, alcune possono accettare la vostra assicurazione personale, purch\u00e9 soddisfi i loro requisiti.<\/p>\n<p>D: Ci sono costi aggiuntivi quando si noleggia un'auto?<br \/>\nR: Oltre al costo base del noleggio, possono essere previsti costi aggiuntivi come tasse, supplementi aeroportuali o tasse per i conducenti minorenni. \u00c8 importante leggere attentamente i termini e le condizioni prima di prenotare.<\/p>\n<p>Ora che sapete tutto sul noleggio auto a Birmingham, AL, \u00e8 il momento di prenotare il vostro veicolo e iniziare a esplorare questa vivace citt\u00e0. Su rental-car.company, il nostro sistema di prenotazione online \u00e8 facile da usare. Quindi perch\u00e9 aspettare? Prenotate oggi stesso la vostra auto a noleggio e preparatevi a un viaggio indimenticabile a Birmingham, in Alabama.<\/p>\n<\/div>","protected":false},"excerpt":{"rendered":"<p>&nbsp; Discover the Convenience of Renting a Car in Birmingham, AL Are you planning a trip to Birmingham, Alabama and wondering how you&#8217;ll get around the city? Look no further than renting a car in Birmingham. With its bustling city center and nearby attractions like the Barber Vintage Motorsports Museum and Vulcan Park &#038; Museum, [&hellip;]<\/p>\n","protected":false},"author":1,"featured_media":3694,"parent":0,"menu_order":0,"comment_status":"closed","ping_status":"closed","template":"","meta":{"rs_blank_template":"","rs_page_bg_color":"","slide_template_v7":"","footnotes":""},"categories":[1],"tags":[],"class_list":["post-6295","page","type-page","status-publish","has-post-thumbnail","hentry","category-blog"],"_links":{"self":[{"href":"https:\/\/rental-car.company\/it\/wp-json\/wp\/v2\/pages\/6295","targetHints":{"allow":["GET"]}}],"collection":[{"href":"https:\/\/rental-car.company\/it\/wp-json\/wp\/v2\/pages"}],"about":[{"href":"https:\/\/rental-car.company\/it\/wp-json\/wp\/v2\/types\/page"}],"author":[{"embeddable":true,"href":"https:\/\/rental-car.company\/it\/wp-json\/wp\/v2\/users\/1"}],"replies":[{"embeddable":true,"href":"https:\/\/rental-car.company\/it\/wp-json\/wp\/v2\/comments?post=6295"}],"version-history":[{"count":0,"href":"https:\/\/rental-car.company\/it\/wp-json\/wp\/v2\/pages\/6295\/revisions"}],"wp:featuredmedia":[{"embeddable":true,"href":"https:\/\/rental-car.company\/it\/wp-json\/wp\/v2\/media\/3694"}],"wp:attachment":[{"href":"https:\/\/rental-car.company\/it\/wp-json\/wp\/v2\/media?parent=6295"}],"wp:term":[{"taxonomy":"category","embeddable":true,"href":"https:\/\/rental-car.company\/it\/wp-json\/wp\/v2\/categories?post=6295"},{"taxonomy":"post_tag","embeddable":true,"href":"https:\/\/rental-car.company\/it\/wp-json\/wp\/v2\/tags?post=6295"}],"curies":[{"name":"wp","href":"https:\/\/api.w.org\/{rel}","templated":true}]}}