{"id":6328,"date":"2024-08-25T07:07:28","date_gmt":"2024-08-25T07:07:28","guid":{"rendered":"https:\/\/rental-car.company\/?page_id=6328"},"modified":"2024-08-25T07:07:28","modified_gmt":"2024-08-25T07:07:28","slug":"noleggio-auto-aeroporto-di-dubai","status":"publish","type":"page","link":"https:\/\/rental-car.company\/it\/noleggio-auto-aeroporto-di-dubai\/","title":{"rendered":"Noleggio auto Dubai Aeroporto - La vostra guida definitiva"},"content":{"rendered":"<div class=\"wpb-content-wrapper\"><h2>Il modo migliore per esplorare Dubai - Noleggio auto Dubai Aeroporto<\/h2>\n<p>Dubai \u00e8 una citt\u00e0 vibrante e vivace, nota per il suo stile di vita lussuoso, i suoi iconici grattacieli e le sue splendide spiagge. Con cos\u00ec tante cose da vedere e da fare in questa citt\u00e0, avere un'auto a disposizione \u00e8 il modo migliore per esplorare tutto ci\u00f2 che ha da offrire. E quale modo migliore di noleggiare un'auto se non all'aeroporto stesso? \u00c8 qui che entra in gioco rental-car.company, che offre servizi di noleggio auto all'aeroporto di Dubai convenienti e senza problemi.<\/p>\n<div class=\"vc_row wpb_row vc_row-fluid\"><div class=\"wpb_column vc_column_container vc_col-sm-12\"><div class=\"vc_column-inner\"><div class=\"wpb_wrapper\">\n\t<div class=\"wpb_text_column wpb_content_element\" >\n\t\t<div class=\"wpb_wrapper\">\n\t\t\t<p><script id=\"dchwidget\" src=\"https:\/\/www.discovercars.com\/wg.js\" async=\"\" data-dev-env=\"com\" data-location=\"\" data-lang=\"en\" data-utm-source=\"malina\" data-utm-medium=\"widget\" data-aff-code=\"a_aid\" data-autocomplete=\"on\" data-style-submit-bg-color=\"00A200\" data-style-submit-font-color=\"white\" data-style-form-bg-color=\"FAD130\" data-style-form-font-color=\"333\" data-style-submit-text=\"Search now\"><\/script><\/p>\n\n\t\t<\/div>\n\t<\/div>\n<\/div><\/div><\/div><\/div>\n<p>&nbsp;<\/p>\n<h2>Scoprire il noleggio auto all'aeroporto di Dubai<\/h2>\n<p><img loading=\"lazy\" decoding=\"async\" class=\"alignleft\" src=\"\/wp-content\/uploads\/images\/rent_car_152.png\" alt=\"noleggio auto aeroporto di dubai\" width=\"350\" height=\"350\" \/><\/p>\n<p>Noi di rental-car.company comprendiamo l'importanza di avere un mezzo di trasporto affidabile quando si viaggia. Ecco perch\u00e9 offriamo servizi di autonoleggio di alto livello all'aeroporto di Dubai, rendendo pi\u00f9 facile l'inizio del viaggio non appena atterrati. La nostra flotta comprende una variet\u00e0 di veicoli, dalle auto economiche alle berline di lusso, per garantire che ci sia qualcosa per ogni budget e preferenza.<\/p>\n<p>Con il nostro comodo sistema di prenotazione online, potete facilmente prenotare il veicolo che preferite prima ancora di arrivare a Dubai. Una volta atterrati all'aeroporto, il nostro personale cordiale vi aspetter\u00e0 nell'area di ritiro designata con il veicolo scelto pronto a partire.<\/p>\n<h3>Convenienza e flessibilit\u00e0<\/h3>\n<p>Uno dei maggiori vantaggi del noleggio di un'auto dall'aeroporto di Dubai \u00e8 la comodit\u00e0. Non dovrete preoccuparvi di organizzare il trasporto o di aspettare in lunghe code per i taxi o i mezzi pubblici. Con la vostra auto a noleggio, avrete la libert\u00e0 e la flessibilit\u00e0 di esplorare la citt\u00e0 alle vostre condizioni.<\/p>\n<h3>Tariffe convenienti<\/h3>\n<p>Noi di rental-car.company siamo orgogliosi di offrire tariffe competitive senza compromettere la qualit\u00e0. I nostri prezzi sono trasparenti, senza spese o costi nascosti, per garantirvi la massima tranquillit\u00e0 durante il viaggio.<\/p>\n<h3>Ampia gamma di opzioni per i veicoli<\/h3>\n<p>Che siate in viaggio da soli, con la famiglia o in un gruppo numeroso, abbiamo una variet\u00e0 di veicoli in grado di soddisfare le vostre esigenze. Dalle auto compatte per esplorare la citt\u00e0 agli spaziosi SUV per le avventure off-road, abbiamo tutto. Potete scegliere il veicolo perfetto che si adatta ai vostri piani di viaggio e al vostro budget.<\/p>\n<h4>Pro e contro<\/h4>\n<p>Pro:<br \/>\n- Comodit\u00e0 di ritiro e riconsegna dell'auto a noleggio all'aeroporto di Dubai<br \/>\n- Ampia gamma di opzioni di veicoli tra cui scegliere<br \/>\n- Tariffe convenienti senza costi nascosti<br \/>\n- Flessibilit\u00e0 e libert\u00e0 di esplorare la citt\u00e0 al proprio ritmo<\/p>\n<p>Contro:<br \/>\n- Durante le stagioni di punta, i tempi di attesa per il prelievo e la consegna in aeroporto potrebbero essere pi\u00f9 lunghi.<br \/>\n- Potrebbero essere applicati costi aggiuntivi per restituzioni tardive o danni al veicolo.<\/p>\n<h4>Domande frequenti<\/h4>\n<p><img loading=\"lazy\" decoding=\"async\" class=\"alignright\" src=\"\/wp-content\/uploads\/images\/rent_car_434.png\" alt=\"noleggio auto aeroporto di dubai\" width=\"350\" height=\"350\" \/><\/p>\n<p>D: Ho bisogno di una patente internazionale per noleggiare un'auto a Dubai?<br \/>\nR: S\u00ec, \u00e8 necessario avere una patente di guida internazionale insieme a quella del proprio Paese.<\/p>\n<p>D: Esiste un'et\u00e0 minima per noleggiare un'auto a Dubai?<br \/>\nR: S\u00ec, per noleggiare un'auto a Dubai \u00e8 necessario avere almeno 21 anni. Alcune compagnie possono richiedere che i conducenti abbiano 25 anni o pi\u00f9.<\/p>\n<p>D: Ci sono restrizioni su dove posso portare la mia auto a noleggio?<br \/>\nR: La maggior parte delle societ\u00e0 di noleggio consente di guidare i propri veicoli solo all'interno degli EAU. Tuttavia, alcune possono permettere di viaggiare oltre confine previa autorizzazione e pagando un supplemento.<\/p>\n<p>D: Posso aggiungere un ulteriore conducente al mio contratto di noleggio?<br \/>\nR: S\u00ec, la maggior parte delle compagnie consente di aggiungere un ulteriore autista pagando un supplemento.<\/p>\n<p>In conclusione, noleggiare un'auto dall'aeroporto di Dubai tramite rental-car.company \u00e8 il modo migliore per esplorare questa vivace citt\u00e0. Grazie a comodi servizi di ritiro e riconsegna, tariffe competitive e un'ampia gamma di opzioni di veicoli, ci assicuriamo che il vostro viaggio a Dubai sia agevole e piacevole. Prenotate subito la vostra auto a noleggio e preparatevi a scoprire tutto ci\u00f2 che Dubai ha da offrire!<\/p>\n<\/div>","protected":false},"excerpt":{"rendered":"<p>The Best Way to Explore Dubai &#8211; Car Rental Dubai Airport Dubai is a vibrant and bustling city, known for its luxurious lifestyle, iconic skyscrapers, and stunning beaches. With so much to see and do in this city, having a car at your disposal is the best way to explore all that it has to [&hellip;]<\/p>\n","protected":false},"author":1,"featured_media":5588,"parent":0,"menu_order":0,"comment_status":"closed","ping_status":"closed","template":"","meta":{"rs_blank_template":"","rs_page_bg_color":"","slide_template_v7":"","footnotes":""},"categories":[1],"tags":[],"class_list":["post-6328","page","type-page","status-publish","has-post-thumbnail","hentry","category-blog"],"_links":{"self":[{"href":"https:\/\/rental-car.company\/it\/wp-json\/wp\/v2\/pages\/6328","targetHints":{"allow":["GET"]}}],"collection":[{"href":"https:\/\/rental-car.company\/it\/wp-json\/wp\/v2\/pages"}],"about":[{"href":"https:\/\/rental-car.company\/it\/wp-json\/wp\/v2\/types\/page"}],"author":[{"embeddable":true,"href":"https:\/\/rental-car.company\/it\/wp-json\/wp\/v2\/users\/1"}],"replies":[{"embeddable":true,"href":"https:\/\/rental-car.company\/it\/wp-json\/wp\/v2\/comments?post=6328"}],"version-history":[{"count":0,"href":"https:\/\/rental-car.company\/it\/wp-json\/wp\/v2\/pages\/6328\/revisions"}],"wp:featuredmedia":[{"embeddable":true,"href":"https:\/\/rental-car.company\/it\/wp-json\/wp\/v2\/media\/5588"}],"wp:attachment":[{"href":"https:\/\/rental-car.company\/it\/wp-json\/wp\/v2\/media?parent=6328"}],"wp:term":[{"taxonomy":"category","embeddable":true,"href":"https:\/\/rental-car.company\/it\/wp-json\/wp\/v2\/categories?post=6328"},{"taxonomy":"post_tag","embeddable":true,"href":"https:\/\/rental-car.company\/it\/wp-json\/wp\/v2\/tags?post=6328"}],"curies":[{"name":"wp","href":"https:\/\/api.w.org\/{rel}","templated":true}]}}