{"id":6396,"date":"2024-08-25T23:06:45","date_gmt":"2024-08-25T23:06:45","guid":{"rendered":"https:\/\/rental-car.company\/?page_id=6396"},"modified":"2024-08-25T23:06:45","modified_gmt":"2024-08-25T23:06:45","slug":"noleggio-auto-illinois","status":"publish","type":"page","link":"https:\/\/rental-car.company\/it\/noleggio-auto-illinois\/","title":{"rendered":"Noleggio auto Illinois - Guida al noleggio di un'auto nella Terra di Lincoln"},"content":{"rendered":"<div class=\"wpb-content-wrapper\"><h2>Noleggiare un'auto in Illinois: Cosa c'\u00e8 da sapere<\/h2>\n<p>Noleggiare un'auto \u00e8 una parte essenziale di qualsiasi esperienza di viaggio, e quando si tratta di esplorare il variegato stato dell'Illinois, non \u00e8 diverso. Sia che stiate pianificando un viaggio a Chicago, sia che stiate attraversando citt\u00e0 rurali o visitando parenti e amici, avere un'auto a noleggio pu\u00f2 fornirvi la libert\u00e0 e la comodit\u00e0 di cui avete bisogno per trarre il massimo dal vostro viaggio.<\/p>\n<div class=\"vc_row wpb_row vc_row-fluid\"><div class=\"wpb_column vc_column_container vc_col-sm-12\"><div class=\"vc_column-inner\"><div class=\"wpb_wrapper\">\n\t<div class=\"wpb_text_column wpb_content_element\" >\n\t\t<div class=\"wpb_wrapper\">\n\t\t\t<p><script id=\"dchwidget\" src=\"https:\/\/www.discovercars.com\/wg.js\" async=\"\" data-dev-env=\"com\" data-location=\"\" data-lang=\"en\" data-utm-source=\"malina\" data-utm-medium=\"widget\" data-aff-code=\"a_aid\" data-autocomplete=\"on\" data-style-submit-bg-color=\"00A200\" data-style-submit-font-color=\"white\" data-style-form-bg-color=\"FAD130\" data-style-form-font-color=\"333\" data-style-submit-text=\"Search now\"><\/script><\/p>\n\n\t\t<\/div>\n\t<\/div>\n<\/div><\/div><\/div><\/div>\n<p>&nbsp;<\/p>\n<h2>Scoprire il noleggio auto Illinois<\/h2>\n<p><img loading=\"lazy\" decoding=\"async\" class=\"alignleft\" src=\"\/wp-content\/uploads\/images\/rent_car_768.png\" alt=\"Noleggio auto illinois\" width=\"350\" height=\"350\" \/><\/p>\n<p>Quando si tratta di noleggiare un'auto in Illinois, ci sono molte opzioni disponibili. Dalle grandi citt\u00e0 come Chicago e Springfield alle citt\u00e0 pi\u00f9 piccole come Rockford e Peoria, ci sono numerose societ\u00e0 di autonoleggio sparse in tutto lo stato. Tra le compagnie di autonoleggio pi\u00f9 note vi sono Enterprise, Hertz, Avis, Budget e Alamo.<\/p>\n<p>Un vantaggio del noleggio di un'auto in Illinois \u00e8 che spesso \u00e8 possibile ritirare il veicolo in una localit\u00e0 e riconsegnarlo in un'altra. Questo facilita i viaggiatori che vogliono esplorare diverse zone dello Stato senza dover tornare indietro.<\/p>\n<p>Un altro vantaggio \u00e8 che molte compagnie di autonoleggio offrono una variet\u00e0 di opzioni di veicoli che vanno dalle auto compatte per la guida in citt\u00e0 ai SUV per esplorare le zone rurali. \u00c8 inoltre possibile scegliere tra cambio manuale o automatico, a seconda delle proprie preferenze.<\/p>\n<h3>Parole chiave correlate:<\/h3>\n<p>- Noleggio auto in Illinois<br \/>\n- Noleggio auto a IL<br \/>\n- Servizi di autonoleggio IL<\/p>\n<h4>Pro:<\/h4>\n<p>- Comoda opzione di trasporto per esplorare le varie zone dell'Illinois<br \/>\n- Flessibilit\u00e0 con i luoghi di ritiro e consegna<br \/>\n- Variet\u00e0 di scelte di veicoli disponibili<br \/>\n- Opzione per il cambio manuale o automatico<\/p>\n<h4>Contro:<\/h4>\n<p>- I costi aggiuntivi, come la copertura assicurativa, possono aumentare le spese complessive.<br \/>\n- Disponibilit\u00e0 limitata durante le stagioni di punta<br \/>\n- Potenziale addebito di spese aggiuntive in caso di restituzione del veicolo in ritardo o con danni<\/p>\n<h4>Domande frequenti:<\/h4>\n<p><img loading=\"lazy\" decoding=\"async\" class=\"alignright\" src=\"\/wp-content\/uploads\/images\/rent_car_1315.png\" alt=\"Noleggio auto illinois\" width=\"350\" height=\"350\" \/><\/p>\n<p>D: Di cosa ho bisogno per noleggiare un'auto in Illinois?<br \/>\nR: Per noleggiare un'auto in Illinois, in genere \u00e8 necessario avere una patente di guida valida, una carta di credito e una prova dell'assicurazione.<\/p>\n<p>D: C'\u00e8 un requisito di et\u00e0 per noleggiare un'auto in Illinois?<br \/>\nR: La maggior parte delle compagnie di autonoleggio richiede che i conducenti abbiano almeno 21 anni. Tuttavia, alcune possono prevedere una tariffa aggiuntiva per i conducenti di et\u00e0 inferiore ai 25 anni.<\/p>\n<p>D: Posso aggiungere conducenti aggiuntivi al mio contratto di autonoleggio?<br \/>\nR: S\u00ec, di solito \u00e8 possibile aggiungere uno o pi\u00f9 conducenti supplementari al contratto di noleggio pagando un supplemento. Basta assicurarsi che soddisfino i requisiti stabiliti dalla societ\u00e0 di noleggio.<\/p>\n<p>D: Devo restituire l'auto a noleggio con il pieno di benzina?<br \/>\nR: S\u00ec, la maggior parte delle societ\u00e0 di noleggio richiede di restituire il veicolo con il pieno di benzina. In caso contrario, potrebbero addebitarvi il rifornimento a una tariffa pi\u00f9 alta.<\/p>\n<h3>Parole chiave correlate:<\/h3>\n<p>- Noleggio auto a basso costo in Illinois<br \/>\n- Noleggi di sola andata in IL<br \/>\n- Affitti a lungo termine in IL<\/p>\n<p>In conclusione, il noleggio di un'auto in Illinois pu\u00f2 essere un'opzione eccellente per i viaggiatori che desiderano esplorare lo Stato al proprio ritmo. Grazie alle varie opzioni disponibili e alla comodit\u00e0 dei punti di ritiro e riconsegna, non c'\u00e8 da stupirsi che il noleggio di auto sia diventato sempre pi\u00f9 popolare tra i turisti e gli abitanti del luogo. Assicuratevi solo di pianificare in anticipo e di considerare tutti i costi potenziali prima di effettuare la prenotazione. Buon viaggio!<\/p>\n<\/div>","protected":false},"excerpt":{"rendered":"<p>Renting a Car in Illinois: What You Need to Know Renting a car is an essential part of any travel experience, and when it comes to exploring the diverse state of Illinois, it&#8217;s no different. Whether you&#8217;re planning a trip to Chicago, road tripping through rural towns, or visiting family and friends, having a rental [&hellip;]<\/p>\n","protected":false},"author":1,"featured_media":5403,"parent":0,"menu_order":0,"comment_status":"closed","ping_status":"closed","template":"","meta":{"rs_blank_template":"","rs_page_bg_color":"","slide_template_v7":"","footnotes":""},"categories":[1],"tags":[],"class_list":["post-6396","page","type-page","status-publish","has-post-thumbnail","hentry","category-blog"],"_links":{"self":[{"href":"https:\/\/rental-car.company\/it\/wp-json\/wp\/v2\/pages\/6396","targetHints":{"allow":["GET"]}}],"collection":[{"href":"https:\/\/rental-car.company\/it\/wp-json\/wp\/v2\/pages"}],"about":[{"href":"https:\/\/rental-car.company\/it\/wp-json\/wp\/v2\/types\/page"}],"author":[{"embeddable":true,"href":"https:\/\/rental-car.company\/it\/wp-json\/wp\/v2\/users\/1"}],"replies":[{"embeddable":true,"href":"https:\/\/rental-car.company\/it\/wp-json\/wp\/v2\/comments?post=6396"}],"version-history":[{"count":0,"href":"https:\/\/rental-car.company\/it\/wp-json\/wp\/v2\/pages\/6396\/revisions"}],"wp:featuredmedia":[{"embeddable":true,"href":"https:\/\/rental-car.company\/it\/wp-json\/wp\/v2\/media\/5403"}],"wp:attachment":[{"href":"https:\/\/rental-car.company\/it\/wp-json\/wp\/v2\/media?parent=6396"}],"wp:term":[{"taxonomy":"category","embeddable":true,"href":"https:\/\/rental-car.company\/it\/wp-json\/wp\/v2\/categories?post=6396"},{"taxonomy":"post_tag","embeddable":true,"href":"https:\/\/rental-car.company\/it\/wp-json\/wp\/v2\/tags?post=6396"}],"curies":[{"name":"wp","href":"https:\/\/api.w.org\/{rel}","templated":true}]}}