{"id":6445,"date":"2024-08-26T10:05:28","date_gmt":"2024-08-26T10:05:28","guid":{"rendered":"https:\/\/rental-car.company\/?page_id=6445"},"modified":"2024-08-26T10:05:28","modified_gmt":"2024-08-26T10:05:28","slug":"viale-della-sicurezza-aziendale","status":"publish","type":"page","link":"https:\/\/rental-car.company\/it\/viale-della-sicurezza-aziendale\/","title":{"rendered":"Blvd di sicurezza aziendale - Protezione delle risorse aziendali"},"content":{"rendered":"<div class=\"wpb-content-wrapper\"><div class=\"vc_row wpb_row vc_row-fluid\"><div class=\"wpb_column vc_column_container vc_col-sm-12\"><div class=\"vc_column-inner\"><div class=\"wpb_wrapper\">\n\t<div class=\"wpb_text_column wpb_content_element\" >\n\t\t<div class=\"wpb_wrapper\">\n\t\t\t<p><script id=\"dchwidget\" src=\"https:\/\/www.discovercars.com\/wg.js\" async=\"\" data-dev-env=\"com\" data-location=\"\" data-lang=\"en\" data-utm-source=\"malina\" data-utm-medium=\"widget\" data-aff-code=\"a_aid\" data-autocomplete=\"on\" data-style-submit-bg-color=\"00A200\" data-style-submit-font-color=\"white\" data-style-form-bg-color=\"FAD130\" data-style-form-font-color=\"333\" data-style-submit-text=\"Search now\"><\/script><\/p>\n\n\t\t<\/div>\n\t<\/div>\n<\/div><\/div><\/div><\/div>\n<p>&nbsp;<\/p>\n<h2>Garantire il Blvd di sicurezza Enterprise per la vostra societ\u00e0 di autonoleggio<\/h2>\n<p><img loading=\"lazy\" decoding=\"async\" class=\"alignleft\" src=\"\/wp-content\/uploads\/images\/rent_car_845.png\" alt=\"viale della sicurezza aziendale\" width=\"350\" height=\"350\" \/><\/p>\n<p>Quando si tratta di gestire un'azienda di autonoleggio di successo, proteggere i propri beni \u00e8 fondamentale. Uno dei modi pi\u00f9 efficaci per farlo \u00e8 l'implementazione di solide misure di sicurezza aziendale. \u00c8 qui che entra in gioco Enterprise Security Blvd.<\/p>\n<p>Situata nel cuore della Silicon Valley, Enterprise Security Blvd \u00e8 un centro di tecnologia e innovazione all'avanguardia nel mondo della sicurezza informatica. Questa strada ospita alcuni dei pi\u00f9 grandi nomi della sicurezza aziendale, il che la rende una destinazione ideale per le aziende che desiderano migliorare i propri protocolli di sicurezza.<\/p>\n<p>Ma cos'\u00e8 esattamente l'Enterprise Security Blvd e come pu\u00f2 essere utile alla vostra societ\u00e0 di autonoleggio? Scopriamo di pi\u00f9 su questo importante luogo e su come pu\u00f2 aiutare a proteggere la vostra azienda.<\/p>\n<h3>L'importanza di una forte sicurezza aziendale<\/h3>\n<p>Nell'odierna era digitale, le aziende sono costantemente minacciate da attacchi informatici e violazioni di dati. Questi possono comportare perdite finanziarie significative, danni alla reputazione e ripercussioni legali. Per un'azienda di autonoleggio che tratta informazioni sensibili sui clienti, come i dati delle carte di credito e i dati di identificazione personale, \u00e8 fondamentale disporre di solide misure di sicurezza aziendali.<\/p>\n<p>La sicurezza aziendale si riferisce ai processi e alle tecnologie utilizzate per proteggere le risorse digitali di un'azienda da accessi o attacchi non autorizzati. Comprende diversi livelli di protezione, tra cui firewall, software di crittografia, sistemi di rilevamento delle intrusioni e altro ancora.<\/p>\n<p>Implementando solide misure di sicurezza aziendale, non solo salvaguardate la vostra attivit\u00e0, ma proteggete anche le informazioni sensibili dei vostri clienti.<\/p>\n<h3>I vantaggi del Blvd di sicurezza aziendale<\/h3>\n<p>Enterprise Security Blvd offre numerosi vantaggi alle aziende che desiderano migliorare le proprie misure di sicurezza informatica. Alcuni di questi includono:<\/p>\n<p>- Accesso a esperti di prim'ordine: Con alcuni dei pi\u00f9 grandi nomi della sicurezza aziendale situati in questa strada, le aziende hanno accesso a esperti di prim'ordine che possono fornire preziose intuizioni e indicazioni sulla creazione di solidi protocolli di sicurezza.<br \/>\n- Tecnologia all'avanguardia: Enterprise Security Blvd \u00e8 un centro di innovazione e tecnologia all'avanguardia nel mondo della sicurezza informatica. Grazie alla vicinanza a questi progressi, le aziende possono anticipare le potenziali minacce e proteggere i propri beni in modo pi\u00f9 efficace.<br \/>\n- Opportunit\u00e0 di networking: Essere circondati da altre aziende ed esperti del settore offre opportunit\u00e0 di networking e di condivisione delle conoscenze. Questo pu\u00f2 essere utile per rimanere aggiornati sulle ultime tendenze e sulle migliori pratiche in materia di sicurezza.<\/p>\n<h4>Pro e contro<\/h4>\n<p>Pro:<br \/>\n- Accesso ai migliori esperti<br \/>\n- Tecnologia all'avanguardia<br \/>\n- Opportunit\u00e0 di networking<\/p>\n<p>Contro:<br \/>\n- L'elevato costo della vita nella Silicon Valley pu\u00f2 rendere difficile per le aziende pi\u00f9 piccole stabilire una presenza su Enterprise Security Blvd.<\/p>\n<h4>Domande frequenti<\/h4>\n<p><img loading=\"lazy\" decoding=\"async\" class=\"alignright\" src=\"\/wp-content\/uploads\/images\/rent_car_1285.png\" alt=\"viale della sicurezza aziendale\" width=\"350\" height=\"350\" \/><\/p>\n<p>D: Come posso stabilire una presenza su Enterprise Security Blvd?<br \/>\nR: Anche se pu\u00f2 essere difficile per le aziende pi\u00f9 piccole a causa dell'alto costo della vita, la collaborazione con una delle imprese esistenti o l'utilizzo di spazi per uffici virtuali sono opzioni da considerare.<\/p>\n<p>D: \u00c8 necessario che la mia societ\u00e0 di autonoleggio abbia una presenza fisica in Enterprise Security Blvd?<br \/>\nR: No, non \u00e8 necessario. Tuttavia, l'ubicazione nelle vicinanze o la collaborazione con imprese di questa strada possono comunque garantire l'accesso ai migliori esperti e alle tecnologie pi\u00f9 avanzate.<\/p>\n<p>D: Ci sono misure di sicurezza specifiche consigliate alle societ\u00e0 di autonoleggio?<br \/>\nR: S\u00ec, le societ\u00e0 di autonoleggio dovrebbero implementare firewall robusti, software di crittografia, sistemi di rilevamento delle intrusioni e controlli di sicurezza regolari come parte dei loro protocolli di sicurezza aziendale.<\/p>\n<p>In conclusione, Enterprise Security Blvd offre numerosi vantaggi alle societ\u00e0 di autonoleggio che desiderano migliorare le proprie misure di sicurezza aziendale. Grazie all'accesso ai migliori esperti e alla tecnologia all'avanguardia, questa strada \u00e8 il luogo ideale per le aziende che vogliono proteggere i propri beni dalle minacce informatiche. Prendete in considerazione la possibilit\u00e0 di stabilire una presenza in questa strada o di collaborare con una delle sue imprese per elevare gli sforzi di sicurezza informatica della vostra azienda.<\/p>\n<\/div>","protected":false},"excerpt":{"rendered":"<p>&nbsp; Securing Enterprise Security Blvd for Your Rental Car Company When it comes to running a successful rental car company, protecting your assets is crucial. One of the most effective ways to do so is by implementing strong enterprise security measures. This is where Enterprise Security Blvd comes in. Located in the heart of Silicon [&hellip;]<\/p>\n","protected":false},"author":1,"featured_media":3301,"parent":0,"menu_order":0,"comment_status":"closed","ping_status":"closed","template":"","meta":{"rs_blank_template":"","rs_page_bg_color":"","slide_template_v7":"","footnotes":""},"categories":[1],"tags":[],"class_list":["post-6445","page","type-page","status-publish","has-post-thumbnail","hentry","category-blog"],"_links":{"self":[{"href":"https:\/\/rental-car.company\/it\/wp-json\/wp\/v2\/pages\/6445","targetHints":{"allow":["GET"]}}],"collection":[{"href":"https:\/\/rental-car.company\/it\/wp-json\/wp\/v2\/pages"}],"about":[{"href":"https:\/\/rental-car.company\/it\/wp-json\/wp\/v2\/types\/page"}],"author":[{"embeddable":true,"href":"https:\/\/rental-car.company\/it\/wp-json\/wp\/v2\/users\/1"}],"replies":[{"embeddable":true,"href":"https:\/\/rental-car.company\/it\/wp-json\/wp\/v2\/comments?post=6445"}],"version-history":[{"count":0,"href":"https:\/\/rental-car.company\/it\/wp-json\/wp\/v2\/pages\/6445\/revisions"}],"wp:featuredmedia":[{"embeddable":true,"href":"https:\/\/rental-car.company\/it\/wp-json\/wp\/v2\/media\/3301"}],"wp:attachment":[{"href":"https:\/\/rental-car.company\/it\/wp-json\/wp\/v2\/media?parent=6445"}],"wp:term":[{"taxonomy":"category","embeddable":true,"href":"https:\/\/rental-car.company\/it\/wp-json\/wp\/v2\/categories?post=6445"},{"taxonomy":"post_tag","embeddable":true,"href":"https:\/\/rental-car.company\/it\/wp-json\/wp\/v2\/tags?post=6445"}],"curies":[{"name":"wp","href":"https:\/\/api.w.org\/{rel}","templated":true}]}}