{"id":6447,"date":"2024-08-26T10:05:28","date_gmt":"2024-08-26T10:05:28","guid":{"rendered":"https:\/\/rental-car.company\/?page_id=6447"},"modified":"2024-08-26T10:05:28","modified_gmt":"2024-08-26T10:05:28","slug":"noleggio-auto-aeroporto-missoula","status":"publish","type":"page","link":"https:\/\/rental-car.company\/it\/noleggio-auto-aeroporto-missoula\/","title":{"rendered":"Noleggio auto Missoula Aeroporto - La Guida Completa"},"content":{"rendered":"<div class=\"wpb-content-wrapper\"><h2>Noleggio auto all'aeroporto di Missoula: Il modo migliore per esplorare lo Stato del Tesoro<\/h2>\n<p>Se state programmando un viaggio nel Montana, il bellissimo Stato del Tesoro, l'aeroporto di Missoula sar\u00e0 probabilmente il vostro punto di arrivo. Seconda citt\u00e0 pi\u00f9 grande del Montana, Missoula \u00e8 una destinazione popolare sia per i viaggiatori d'affari che per i turisti. E quale modo migliore per esplorare questo splendido Stato se non quello di noleggiare un'auto all'aeroporto stesso?<\/p>\n<div class=\"vc_row wpb_row vc_row-fluid\"><div class=\"wpb_column vc_column_container vc_col-sm-12\"><div class=\"vc_column-inner\"><div class=\"wpb_wrapper\">\n\t<div class=\"wpb_text_column wpb_content_element\" >\n\t\t<div class=\"wpb_wrapper\">\n\t\t\t<p><script id=\"dchwidget\" src=\"https:\/\/www.discovercars.com\/wg.js\" async=\"\" data-dev-env=\"com\" data-location=\"\" data-lang=\"en\" data-utm-source=\"malina\" data-utm-medium=\"widget\" data-aff-code=\"a_aid\" data-autocomplete=\"on\" data-style-submit-bg-color=\"00A200\" data-style-submit-font-color=\"white\" data-style-form-bg-color=\"FAD130\" data-style-form-font-color=\"333\" data-style-submit-text=\"Search now\"><\/script><\/p>\n\n\t\t<\/div>\n\t<\/div>\n<\/div><\/div><\/div><\/div>\n<p>&nbsp;<\/p>\n<h2>Scoprire il noleggio auto dell'aeroporto di Missoula<\/h2>\n<p><img loading=\"lazy\" decoding=\"async\" class=\"alignleft\" src=\"\/wp-content\/uploads\/images\/rent_car_428.png\" alt=\"noleggio auto aeroporto missoula\" width=\"350\" height=\"350\" \/><\/p>\n<p>All'aeroporto di Missoula sono presenti diverse societ\u00e0 di autonoleggio che offrono i loro servizi a chi desidera noleggiare un veicolo. Tra queste ci sono marchi famosi come Hertz, Avis, Enterprise e Budget. Tuttavia, ci sono anche opzioni locali come Dollar Rent-A-Car e Thrifty Car Rental.<\/p>\n<p>Quando scegliete la vostra compagnia di autonoleggio all'aeroporto di Missoula, assicuratevi di considerare fattori come i prezzi, la disponibilit\u00e0 dei veicoli e le recensioni dei clienti. \u00c8 sempre meglio prenotare l'auto in anticipo, in modo da assicurarsi il veicolo preferito e ottenere la migliore offerta possibile.<\/p>\n<h3>Opzioni di noleggio all'aeroporto di Missoula<\/h3>\n<p>Le opzioni per noleggiare un'auto all'aeroporto di Missoula non mancano. Potete scegliere tra auto compatte per chi viaggia da solo o per le coppie con un budget limitato, oppure optare per veicoli pi\u00f9 grandi come SUV o minivan se viaggiate con la famiglia o gli amici.<\/p>\n<p>Alcune societ\u00e0 di noleggio offrono persino auto di lusso per chi vuole esplorare il Montana con stile. La maggior parte delle auto \u00e8 dotata di funzioni come i sistemi di navigazione GPS e la radio satellitare che possono rendere il viaggio ancora pi\u00f9 piacevole.<\/p>\n<h3>I pro e i contro del noleggio di un'auto all'aeroporto di Missoula<\/h3>\n<p>Pro:<br \/>\n- Convenienza: Noleggiando un'auto in aeroporto, non dovrete preoccuparvi di organizzare il trasporto fino al vostro alloggio.<br \/>\n- Flessibilit\u00e0: Con un'auto a noleggio, potete esplorare Missoula e le aree circostanti al vostro ritmo senza essere limitati dagli orari dei mezzi pubblici.<br \/>\n- Economico: Noleggiare un'auto pu\u00f2 essere un'opzione conveniente rispetto al noleggio di taxi o all'utilizzo di servizi di ride-sharing per tutta la durata del viaggio.<\/p>\n<p>Contro:<br \/>\n- Costi aggiuntivi: Alcune societ\u00e0 di noleggio possono addebitare costi aggiuntivi per servizi come il conducente aggiuntivo o la copertura assicurativa.<br \/>\n- Disponibilit\u00e0 limitata durante le stagioni di punta: Durante i periodi di maggiore affluenza, le auto a noleggio possono essere molto richieste e potreste dover pagare prezzi pi\u00f9 alti o accontentarvi di un veicolo meno desiderabile.<\/p>\n<h4>Domande frequenti (FAQ)<\/h4>\n<p><img loading=\"lazy\" decoding=\"async\" class=\"alignright\" src=\"\/wp-content\/uploads\/images\/rent_car_546.png\" alt=\"noleggio auto aeroporto missoula\" width=\"350\" height=\"350\" \/><\/p>\n<p>D: Posso noleggiare un'auto all'aeroporto di Missoula anche se ho meno di 25 anni?<br \/>\nR: S\u00ec, la maggior parte delle societ\u00e0 di noleggio all'aeroporto di Missoula consente ai conducenti di et\u00e0 superiore ai 21 anni di noleggiare un'auto. Tuttavia, i minori di 25 anni potrebbero dover pagare un supplemento.<\/p>\n<p>D: Posso restituire l'auto a noleggio in un altro luogo?<br \/>\nR: S\u00ec, alcune societ\u00e0 di noleggio offrono noleggi di sola andata in cui \u00e8 possibile restituire il veicolo in un luogo diverso. Tuttavia, questo pu\u00f2 comportare un costo aggiuntivo.<\/p>\n<p>D: Ci sono mezzi di trasporto pubblici disponibili dall'aeroporto di Missoula?<br \/>\nR: S\u00ec, ci sono servizi di navetta e autobus pubblici che operano dall'aeroporto. Tuttavia, noleggiare un'auto \u00e8 ancora l'opzione pi\u00f9 conveniente per esplorare il Montana.<\/p>\n<p>In conclusione, il noleggio di un'auto all'aeroporto di Missoula \u00e8 sicuramente da prendere in considerazione se avete intenzione di esplorare il Montana. Grazie alle varie opzioni disponibili e alla comodit\u00e0 che offre, \u00e8 il modo migliore per sfruttare al meglio il vostro viaggio. Assicuratevi solo di fare le vostre ricerche e di prenotare in anticipo per ottenere la migliore offerta possibile!<\/p>\n<\/div>","protected":false},"excerpt":{"rendered":"<p>Missoula Airport Rent a Car: The Best Way to Explore the Treasure State If you&#8217;re planning a trip to Montana, the beautiful Treasure State, then Missoula Airport is most likely your point of arrival. As the second largest city in Montana, Missoula is a popular destination for both business and leisure travelers. And what better [&hellip;]<\/p>\n","protected":false},"author":1,"featured_media":3357,"parent":0,"menu_order":0,"comment_status":"closed","ping_status":"closed","template":"","meta":{"rs_blank_template":"","rs_page_bg_color":"","slide_template_v7":"","footnotes":""},"categories":[1],"tags":[],"class_list":["post-6447","page","type-page","status-publish","has-post-thumbnail","hentry","category-blog"],"_links":{"self":[{"href":"https:\/\/rental-car.company\/it\/wp-json\/wp\/v2\/pages\/6447","targetHints":{"allow":["GET"]}}],"collection":[{"href":"https:\/\/rental-car.company\/it\/wp-json\/wp\/v2\/pages"}],"about":[{"href":"https:\/\/rental-car.company\/it\/wp-json\/wp\/v2\/types\/page"}],"author":[{"embeddable":true,"href":"https:\/\/rental-car.company\/it\/wp-json\/wp\/v2\/users\/1"}],"replies":[{"embeddable":true,"href":"https:\/\/rental-car.company\/it\/wp-json\/wp\/v2\/comments?post=6447"}],"version-history":[{"count":0,"href":"https:\/\/rental-car.company\/it\/wp-json\/wp\/v2\/pages\/6447\/revisions"}],"wp:featuredmedia":[{"embeddable":true,"href":"https:\/\/rental-car.company\/it\/wp-json\/wp\/v2\/media\/3357"}],"wp:attachment":[{"href":"https:\/\/rental-car.company\/it\/wp-json\/wp\/v2\/media?parent=6447"}],"wp:term":[{"taxonomy":"category","embeddable":true,"href":"https:\/\/rental-car.company\/it\/wp-json\/wp\/v2\/categories?post=6447"},{"taxonomy":"post_tag","embeddable":true,"href":"https:\/\/rental-car.company\/it\/wp-json\/wp\/v2\/tags?post=6447"}],"curies":[{"name":"wp","href":"https:\/\/api.w.org\/{rel}","templated":true}]}}