{"id":6451,"date":"2024-08-26T11:07:47","date_gmt":"2024-08-26T11:07:47","guid":{"rendered":"https:\/\/rental-car.company\/?page_id=6451"},"modified":"2024-08-26T11:07:47","modified_gmt":"2024-08-26T11:07:47","slug":"noleggio-auto-greensboro-nc","status":"publish","type":"page","link":"https:\/\/rental-car.company\/it\/noleggio-auto-greensboro-nc\/","title":{"rendered":"Auto a noleggio Greensboro NC: la vostra guida per esplorare la citt\u00e0 con facilit\u00e0"},"content":{"rendered":"<div class=\"wpb-content-wrapper\"><div class=\"vc_row wpb_row vc_row-fluid\"><div class=\"wpb_column vc_column_container vc_col-sm-12\"><div class=\"vc_column-inner\"><div class=\"wpb_wrapper\">\n\t<div class=\"wpb_text_column wpb_content_element\" >\n\t\t<div class=\"wpb_wrapper\">\n\t\t\t<p><script id=\"dchwidget\" src=\"https:\/\/www.discovercars.com\/wg.js\" async=\"\" data-dev-env=\"com\" data-location=\"\" data-lang=\"en\" data-utm-source=\"malina\" data-utm-medium=\"widget\" data-aff-code=\"a_aid\" data-autocomplete=\"on\" data-style-submit-bg-color=\"00A200\" data-style-submit-font-color=\"white\" data-style-form-bg-color=\"FAD130\" data-style-form-font-color=\"333\" data-style-submit-text=\"Search now\"><\/script><\/p>\n\n\t\t<\/div>\n\t<\/div>\n<\/div><\/div><\/div><\/div>\n<p>&nbsp;<\/p>\n<h2>Esplorate Greensboro con auto a noleggio Greensboro NC<\/h2>\n<p><img loading=\"lazy\" decoding=\"async\" class=\"alignleft\" src=\"\/wp-content\/uploads\/images\/rent_car_330.png\" alt=\"noleggio auto greensboro nc\" width=\"350\" height=\"350\" \/><\/p>\n<p>Avete in programma un viaggio a Greensboro, nella Carolina del Nord? Non cercate oltre il noleggio auto Greensboro nc per tutte le vostre esigenze di trasporto. Che siate in visita per affari o per piacere, avere un mezzo di trasporto affidabile e conveniente \u00e8 essenziale per vivere appieno tutto ci\u00f2 che questa vivace citt\u00e0 ha da offrire.<\/p>\n<p>Con le auto a noleggio di Greensboro nc, potrete navigare facilmente in citt\u00e0 e visitare attrazioni popolari come il Greensboro Science Center, l'International Civil Rights Center &amp; Museum o la storica Blandwood Mansion. Non importa dove vi porter\u00e0 il vostro itinerario, noleggiare un'auto lo render\u00e0 pi\u00f9 facile e piacevole.<\/p>\n<h3>Perch\u00e9 noleggiare da Rental-Car.Company?<\/h3>\n<p>Quando si tratta di noleggiare un'auto a Greensboro, rental-car.company \u00e8 la vostra fonte di riferimento. Con un'ampia selezione di veicoli a prezzi convenienti, vi permette di trovare facilmente l'auto perfetta per il vostro viaggio. Inoltre, il comodo sistema di prenotazione online vi permette di prenotare il vostro veicolo in pochi clic.<\/p>\n<p>Grazie all'ampia gamma di opzioni offerte da rental-car.company, che comprende auto compatte, SUV e veicoli di lusso delle migliori marche come Ford e Toyota, ce n'\u00e8 per tutti i gusti. \u00c8 inoltre possibile scegliere tra diverse dimensioni e stili a seconda delle proprie esigenze di viaggio.<\/p>\n<h3>I pro e i contro del noleggio di un'auto a Greensboro<\/h3>\n<p>Come per ogni decisione, ci sono pro e contro da considerare quando si noleggia un'auto a Greensboro.<\/p>\n<p>Pro:<br \/>\n- Convenienza: Avere accesso a un veicolo proprio vi d\u00e0 la libert\u00e0 di esplorare al vostro ritmo senza dipendere dagli orari dei trasporti pubblici.<br \/>\n- Economico: A seconda di quanto tempo resterete a Greensboro e di quanto terreno pensate di coprire durante la vostra visita, noleggiare un'auto pu\u00f2 essere pi\u00f9 conveniente che utilizzare costantemente taxi o servizi di ride-sharing.<br \/>\n- Comfort: Con un'auto a noleggio, potete viaggiare in tutta comodit\u00e0 e disporre dell'aria condizionata durante i caldi mesi estivi.<\/p>\n<p>Contro:<br \/>\n- Costi aggiuntivi: Oltre al canone di noleggio, possono esserci costi aggiuntivi come l'assicurazione, le tasse e le spese per i servizi aggiuntivi come i sistemi GPS o i seggiolini auto.<br \/>\n- Parcheggio a pagamento: A seconda del luogo che si intende visitare a Greensboro, potrebbero esserci delle tariffe per il parcheggio che si sommano rapidamente.<br \/>\n- Guidare in aree sconosciute: Se non avete familiarit\u00e0 con la guida in una nuova citt\u00e0, potrebbe essere necessario un po' di tempo per abituarsi a navigare nelle strade di Greensboro.<\/p>\n<h3>Domande frequenti sul noleggio di auto Greensboro NC<\/h3>\n<p>D: Di cosa ho bisogno per noleggiare un'auto da rental-car.company?<br \/>\nR: \u00c8 necessario avere una patente di guida valida e una carta di credito per il pagamento. Alcuni requisiti aggiuntivi possono variare in base all'et\u00e0 e al tipo di veicolo noleggiato.<\/p>\n<p>D: Posso restituire l'auto a noleggio in un luogo diverso?<br \/>\nR: S\u00ec, rental-car.company offre noleggi di sola andata che consentono di riconsegnare il veicolo in un luogo diverso da quello in cui \u00e8 stato ritirato. Potrebbero essere applicati costi aggiuntivi.<\/p>\n<p>D: L'assicurazione \u00e8 inclusa nel noleggio?<br \/>\nR: No, l'assicurazione non \u00e8 inclusa nel prezzo del noleggio. Tuttavia, rental-car.company offre diverse opzioni di assicurazione a un costo aggiuntivo.<\/p>\n<p>D: Cosa succede se restituisco la mia auto a noleggio in ritardo?<br \/>\nR: Le restituzioni tardive sono soggette a un costo aggiuntivo per ora. \u00c8 importante comunicare in anticipo all'azienda eventuali cambiamenti o ritardi.<\/p>\n<h4>Pensieri finali<\/h4>\n<p><img loading=\"lazy\" decoding=\"async\" class=\"alignright\" src=\"\/wp-content\/uploads\/images\/rent_car_441.png\" alt=\"noleggio auto greensboro nc\" width=\"350\" height=\"350\" \/><\/p>\n<p>Esplorare Greensboro non \u00e8 mai stato cos\u00ec facile con il noleggio auto greensboro nc di rental-car.company. Grazie ai prezzi convenienti e al comodo sistema di prenotazione, il noleggio di un'auto migliorer\u00e0 il vostro viaggio e vi permetter\u00e0 di sperimentare appieno tutto ci\u00f2 che questa dinamica citt\u00e0 ha da offrire. Ricordate solo di valutare i pro e i contro e di pianificare in anticipo per ottenere il massimo dalla vostra esperienza di noleggio auto. Buon viaggio!<\/p>\n<\/div>","protected":false},"excerpt":{"rendered":"<p>&nbsp; Explore Greensboro with Rental Cars Greensboro NC Are you planning a trip to Greensboro, North Carolina? Look no further than rental cars greensboro nc for all your transportation needs. Whether you&#8217;re visiting for business or pleasure, having a reliable and convenient mode of transportation is essential to fully experiencing everything this vibrant city has [&hellip;]<\/p>\n","protected":false},"author":1,"featured_media":2876,"parent":0,"menu_order":0,"comment_status":"closed","ping_status":"closed","template":"","meta":{"rs_blank_template":"","rs_page_bg_color":"","slide_template_v7":"","footnotes":""},"categories":[1],"tags":[],"class_list":["post-6451","page","type-page","status-publish","has-post-thumbnail","hentry","category-blog"],"_links":{"self":[{"href":"https:\/\/rental-car.company\/it\/wp-json\/wp\/v2\/pages\/6451","targetHints":{"allow":["GET"]}}],"collection":[{"href":"https:\/\/rental-car.company\/it\/wp-json\/wp\/v2\/pages"}],"about":[{"href":"https:\/\/rental-car.company\/it\/wp-json\/wp\/v2\/types\/page"}],"author":[{"embeddable":true,"href":"https:\/\/rental-car.company\/it\/wp-json\/wp\/v2\/users\/1"}],"replies":[{"embeddable":true,"href":"https:\/\/rental-car.company\/it\/wp-json\/wp\/v2\/comments?post=6451"}],"version-history":[{"count":0,"href":"https:\/\/rental-car.company\/it\/wp-json\/wp\/v2\/pages\/6451\/revisions"}],"wp:featuredmedia":[{"embeddable":true,"href":"https:\/\/rental-car.company\/it\/wp-json\/wp\/v2\/media\/2876"}],"wp:attachment":[{"href":"https:\/\/rental-car.company\/it\/wp-json\/wp\/v2\/media?parent=6451"}],"wp:term":[{"taxonomy":"category","embeddable":true,"href":"https:\/\/rental-car.company\/it\/wp-json\/wp\/v2\/categories?post=6451"},{"taxonomy":"post_tag","embeddable":true,"href":"https:\/\/rental-car.company\/it\/wp-json\/wp\/v2\/tags?post=6451"}],"curies":[{"name":"wp","href":"https:\/\/api.w.org\/{rel}","templated":true}]}}