{"id":6556,"date":"2024-08-27T12:05:33","date_gmt":"2024-08-27T12:05:33","guid":{"rendered":"https:\/\/rental-car.company\/?page_id=6556"},"modified":"2024-08-27T12:05:33","modified_gmt":"2024-08-27T12:05:33","slug":"impresa-milford-ct","status":"publish","type":"page","link":"https:\/\/rental-car.company\/it\/impresa-milford-ct\/","title":{"rendered":"Enterprise Milford CT: la vostra societ\u00e0 di autonoleggio di riferimento"},"content":{"rendered":"<div class=\"wpb-content-wrapper\"><h2>Provate l'esperienza di Enterprise Milford CT per un noleggio auto conveniente e affidabile<\/h2>\n<p>Avete bisogno di un'auto a noleggio a Milford, CT? Non cercate oltre Enterprise. Con oltre 60 anni di attivit\u00e0 nel settore dell'autonoleggio, Enterprise si \u00e8 affermata come azienda affidabile e fidata per tutte le vostre esigenze di trasporto. Dalle vacanze in famiglia ai viaggi d'affari, Enterprise Milford CT vi copre.<\/p>\n<div class=\"vc_row wpb_row vc_row-fluid\"><div class=\"wpb_column vc_column_container vc_col-sm-12\"><div class=\"vc_column-inner\"><div class=\"wpb_wrapper\">\n\t<div class=\"wpb_text_column wpb_content_element\" >\n\t\t<div class=\"wpb_wrapper\">\n\t\t\t<p><script id=\"dchwidget\" src=\"https:\/\/www.discovercars.com\/wg.js\" async=\"\" data-dev-env=\"com\" data-location=\"\" data-lang=\"en\" data-utm-source=\"malina\" data-utm-medium=\"widget\" data-aff-code=\"a_aid\" data-autocomplete=\"on\" data-style-submit-bg-color=\"00A200\" data-style-submit-font-color=\"white\" data-style-form-bg-color=\"FAD130\" data-style-form-font-color=\"333\" data-style-submit-text=\"Search now\"><\/script><\/p>\n\n\t\t<\/div>\n\t<\/div>\n<\/div><\/div><\/div><\/div>\n<p>&nbsp;<\/p>\n<h2>Scoprire l'impresa Milford CT<\/h2>\n<p><img loading=\"lazy\" decoding=\"async\" class=\"alignleft\" src=\"\/wp-content\/uploads\/images\/rent_car_1292.png\" alt=\"impresa milford ct\" width=\"350\" height=\"350\" \/><\/p>\n<p>Situata in posizione strategica nel cuore del centro di Milford, questa filiale di Enterprise offre un'ampia selezione di veicoli tra cui scegliere. Che abbiate bisogno di un'auto compatta per le strade della citt\u00e0 o di un SUV per esplorare la campagna circostante, Enterprise ha tutto. Inoltre, grazie alle tariffe convenienti e al servizio clienti di prim'ordine, noleggiare da Enterprise \u00e8 sempre un'esperienza piacevole.<\/p>\n<h3>Posizione e orari convenienti<\/h3>\n<p>Situata su Bridgeport Avenue, appena fuori dall'uscita 35 della I-95, questa filiale \u00e8 facilmente raggiungibile da qualsiasi punto della citt\u00e0. L'ufficio \u00e8 aperto dal luned\u00ec al venerd\u00ec dalle 7:30 alle 18:00 e il sabato dalle 9:00 alle 12:00, il che lo rende comodo sia per i noleggi nei giorni feriali che nei weekend.<\/p>\n<h3>Variet\u00e0 di veicoli<\/h3>\n<p>Presso Enterprise Milford CT potrete trovare un veicolo adatto alle vostre esigenze specifiche. L'azienda offre di tutto, dalle auto economiche alle berline di lusso, per soddisfare i diversi budget e preferenze. Potete anche noleggiare camion per traslochi se avete bisogno di aiuto per il trasferimento o il trasporto di oggetti di grandi dimensioni.<\/p>\n<h3>Servizio clienti cordiale<\/h3>\n<p>Il team di questa filiale \u00e8 orgoglioso di fornire un eccellente servizio al cliente. Il personale cordiale vi assister\u00e0 nella scelta del veicolo giusto per il vostro viaggio e risponder\u00e0 a qualsiasi domanda o dubbio che possiate avere lungo il percorso.<\/p>\n<h4>Pro e contro<\/h4>\n<p>Pro:<br \/>\n- Posizione e orari convenienti<br \/>\n- Ampia scelta di veicoli<br \/>\n- Tariffe convenienti<br \/>\n- Personale cordiale e disponibile<\/p>\n<p>Contro:<br \/>\n- Orari limitati nel fine settimana<br \/>\n- Nessuna opzione di consegna dopo l'orario di lavoro<\/p>\n<h4>FAQ<\/h4>\n<p><img loading=\"lazy\" decoding=\"async\" class=\"alignright\" src=\"\/wp-content\/uploads\/images\/rent_car_320.png\" alt=\"impresa milford ct\" width=\"350\" height=\"350\" \/><\/p>\n<p>D: Posso ritirare e riconsegnare l'auto a noleggio in luoghi diversi?<br \/>\nR: S\u00ec, Enterprise offre noleggi di sola andata per rendere il viaggio pi\u00f9 conveniente.<\/p>\n<p>D: Ho bisogno di una carta di credito per noleggiare un'auto da Enterprise Milford CT?<br \/>\nR: S\u00ec, per tutti i noleggi \u00e8 richiesta una carta di credito. Tuttavia, le carte di debito sono accettate con la prova del biglietto di andata e ritorno.<\/p>\n<p>D: Cosa succede se devo prolungare il periodo di noleggio?<br \/>\nR: Potete facilmente prolungare il periodo di noleggio contattando la filiale o tramite l'app mobile Enterprise. Potrebbero essere applicati costi aggiuntivi.<\/p>\n<p>In conclusione, se avete bisogno di un'auto a noleggio affidabile e conveniente a Milford CT, non cercate oltre Enterprise. Grazie alla sua posizione comoda, all'ampia scelta di veicoli e al servizio clienti di prim'ordine, potete fidarvi di Enterprise per rendere il vostro viaggio senza problemi. Prenotate oggi stesso il vostro prossimo noleggio con Enterprise Milford CT!<\/p>\n<\/div>","protected":false},"excerpt":{"rendered":"<p>Experience Enterprise Milford CT for Affordable and Reliable Car Rentals Are you in need of a rental car in Milford, CT? Look no further than Enterprise. With over 60 years in the car rental industry, Enterprise has established itself as a trusted and reliable company for all your transportation needs. From family vacations to business [&hellip;]<\/p>\n","protected":false},"author":1,"featured_media":3490,"parent":0,"menu_order":0,"comment_status":"closed","ping_status":"closed","template":"","meta":{"rs_blank_template":"","rs_page_bg_color":"","slide_template_v7":"","footnotes":""},"categories":[1],"tags":[],"class_list":["post-6556","page","type-page","status-publish","has-post-thumbnail","hentry","category-blog"],"_links":{"self":[{"href":"https:\/\/rental-car.company\/it\/wp-json\/wp\/v2\/pages\/6556","targetHints":{"allow":["GET"]}}],"collection":[{"href":"https:\/\/rental-car.company\/it\/wp-json\/wp\/v2\/pages"}],"about":[{"href":"https:\/\/rental-car.company\/it\/wp-json\/wp\/v2\/types\/page"}],"author":[{"embeddable":true,"href":"https:\/\/rental-car.company\/it\/wp-json\/wp\/v2\/users\/1"}],"replies":[{"embeddable":true,"href":"https:\/\/rental-car.company\/it\/wp-json\/wp\/v2\/comments?post=6556"}],"version-history":[{"count":0,"href":"https:\/\/rental-car.company\/it\/wp-json\/wp\/v2\/pages\/6556\/revisions"}],"wp:featuredmedia":[{"embeddable":true,"href":"https:\/\/rental-car.company\/it\/wp-json\/wp\/v2\/media\/3490"}],"wp:attachment":[{"href":"https:\/\/rental-car.company\/it\/wp-json\/wp\/v2\/media?parent=6556"}],"wp:term":[{"taxonomy":"category","embeddable":true,"href":"https:\/\/rental-car.company\/it\/wp-json\/wp\/v2\/categories?post=6556"},{"taxonomy":"post_tag","embeddable":true,"href":"https:\/\/rental-car.company\/it\/wp-json\/wp\/v2\/tags?post=6556"}],"curies":[{"name":"wp","href":"https:\/\/api.w.org\/{rel}","templated":true}]}}